{"id":8109,"date":"2018-08-18T14:23:22","date_gmt":"2018-08-18T14:23:22","guid":{"rendered":"https:\/\/gozu.zone\/?post_type=product&#038;p=8109"},"modified":"2024-05-14T18:26:16","modified_gmt":"2024-05-14T18:26:16","slug":"age-of-towers-the-winx-extension","status":"publish","type":"product","link":"https:\/\/gozu.zone\/?product=age-of-towers-the-winx-extension","title":{"rendered":"Age of Towers &#8211; the winx &#8211; extension"},"content":{"rendered":"<div>\n<div>\n<p>L\u2019Universit\u00e9 de la Magie de C\u00e9lestia, la capitale de l\u2019Ordre c\u00e9leste, en a marre d\u2019attendre ses cristaux magiques. Elle envoie donc une d\u00e9l\u00e9gation pour exploiter elle-m\u00eame la montagne. La conf\u00e9d\u00e9ration des sorci\u00e8res volantes, les Winx, s\u2019est propos\u00e9e et installe donc ses quartiers dans les cieux \u00e0 proximit\u00e9 du sommet du mont Ilyria, pensant \u00eatre \u00e0 l\u2019abri des monstres \u2026 Rat\u00e9, ils ont m\u00eame embauch\u00e9 Ted, le fameux g\u00e9ant d\u00e9voreur de cochons !<\/p>\n<p><strong>Cette extension ajoute un nouveau joueur et tout le mat\u00e9riel n\u00e9cessaire ainsi qu\u2019un mini-boss !<\/strong><\/p>\n<\/div>\n<div>\n<p>&nbsp;<\/p>\n<\/div>\n<\/div>\n<div class=\"disclaimer material\">\n<h3>Contenu du jeu : Age of Towers &#8211; the winx<\/h3>\n<ul>\n<li>le mat\u00e9riel complet pour un nouveau\u00a0joueur (y compris le set de monstre de la bo\u00eete de base et les cartes Qu\u00eates li\u00e9es \u00e0 son h\u00e9ros)<\/li>\n<li>6 pions mini-boss<\/li>\n<li>1 mini Boss avec son plateau<\/li>\n<li>1 carte Impr\u00e9vu pour le mini-boss<\/li>\n<li>\u00a01 feuillet de r\u00e8gles<\/li>\n<\/ul>\n<\/div>\n","protected":false},"excerpt":{"rendered":"<p>Cette extension ajoute un nouveau joueur et tout le mat\u00e9riel n\u00e9cessaire ainsi qu\u2019un mini-boss !<\/p>\n<ul>\n<li><strong>\u00c2ge<\/strong> : 14 ans et +<\/li>\n<li><strong>Dur\u00e9e<\/strong> : 60 min<\/li>\n<li><strong>Joueurs<\/strong> : 1 \u00e0 5<\/li>\n<\/ul>\n","protected":false},"featured_media":8110,"comment_status":"open","ping_status":"closed","template":"","meta":{"_acf_changed":false},"product_brand":[],"product_cat":[324,327,323,494,333],"product_tag":[352,398,408,607],"class_list":{"0":"post-8109","1":"product","2":"type-product","3":"status-publish","4":"has-post-thumbnail","6":"product_cat-experts","7":"product_cat-extensions","8":"product_cat-jeux","9":"product_cat-jeux-de-societe","10":"product_cat-par-types","11":"product_tag-fantastique","12":"product_tag-medieval","13":"product_tag-parcours","14":"product_tag-workers","15":"product_shipping_class-livraisonstandard_colis","17":"first","18":"instock","19":"sale","20":"taxable","21":"shipping-taxable","22":"purchasable","23":"product-type-simple"},"acf":[],"yoast_head":"<!-- This site is optimized with the Yoast SEO plugin v25.3 - https:\/\/yoast.com\/wordpress\/plugins\/seo\/ -->\n<title>Acheter Age of Towers - the winx - extension - GOZU ZONE - Jeux et Accessoires<\/title>\n<meta name=\"robots\" content=\"index, follow, max-snippet:-1, max-image-preview:large, max-video-preview:-1\" \/>\n<link rel=\"canonical\" href=\"https:\/\/gozu.zone\/?product=age-of-towers-the-winx-extension\" \/>\n<meta property=\"og:locale\" content=\"fr_FR\" \/>\n<meta property=\"og:type\" content=\"article\" \/>\n<meta property=\"og:title\" content=\"Acheter Age of Towers - the winx - extension - GOZU ZONE - Jeux et Accessoires\" \/>\n<meta property=\"og:description\" content=\"Cette extension ajoute un nouveau joueur et tout le mat\u00e9riel n\u00e9cessaire ainsi qu\u2019un mini-boss !   \u00c2ge : 14 ans et +  Dur\u00e9e : 60 min  Joueurs : 1 \u00e0 5\" \/>\n<meta property=\"og:url\" content=\"https:\/\/gozu.zone\/?product=age-of-towers-the-winx-extension\" \/>\n<meta property=\"og:site_name\" content=\"GOZU ZONE\" \/>\n<meta property=\"article:publisher\" content=\"https:\/\/www.facebook.com\/gozuzone\/\" \/>\n<meta property=\"article:modified_time\" content=\"2024-05-14T18:26:16+00:00\" \/>\n<meta property=\"og:image\" content=\"https:\/\/gozu.zone\/wp-content\/uploads\/2018\/08\/les-winx-extension-age-of-towers.jpg\" \/>\n\t<meta property=\"og:image:width\" content=\"450\" \/>\n\t<meta property=\"og:image:height\" content=\"450\" \/>\n\t<meta property=\"og:image:type\" content=\"image\/jpeg\" \/>\n<meta name=\"twitter:card\" content=\"summary_large_image\" \/>\n<meta name=\"twitter:site\" content=\"@gozuzone\" \/>\n<meta name=\"twitter:label1\" content=\"Dur\u00e9e de lecture estim\u00e9e\" \/>\n\t<meta name=\"twitter:data1\" content=\"1 minute\" \/>\n<script type=\"application\/ld+json\" class=\"yoast-schema-graph\">{\"@context\":\"https:\/\/schema.org\",\"@graph\":[{\"@type\":\"WebPage\",\"@id\":\"https:\/\/gozu.zone\/?product=age-of-towers-the-winx-extension\",\"url\":\"https:\/\/gozu.zone\/?product=age-of-towers-the-winx-extension\",\"name\":\"Acheter Age of Towers - the winx - extension - GOZU ZONE - Jeux et Accessoires\",\"isPartOf\":{\"@id\":\"https:\/\/gozu.zone\/#website\"},\"primaryImageOfPage\":{\"@id\":\"https:\/\/gozu.zone\/?product=age-of-towers-the-winx-extension#primaryimage\"},\"image\":{\"@id\":\"https:\/\/gozu.zone\/?product=age-of-towers-the-winx-extension#primaryimage\"},\"thumbnailUrl\":\"https:\/\/gozu.zone\/wp-content\/uploads\/2018\/08\/les-winx-extension-age-of-towers.jpg\",\"datePublished\":\"2018-08-18T14:23:22+00:00\",\"dateModified\":\"2024-05-14T18:26:16+00:00\",\"breadcrumb\":{\"@id\":\"https:\/\/gozu.zone\/?product=age-of-towers-the-winx-extension#breadcrumb\"},\"inLanguage\":\"fr-FR\",\"potentialAction\":[{\"@type\":\"ReadAction\",\"target\":[\"https:\/\/gozu.zone\/?product=age-of-towers-the-winx-extension\"]}]},{\"@type\":\"ImageObject\",\"inLanguage\":\"fr-FR\",\"@id\":\"https:\/\/gozu.zone\/?product=age-of-towers-the-winx-extension#primaryimage\",\"url\":\"https:\/\/gozu.zone\/wp-content\/uploads\/2018\/08\/les-winx-extension-age-of-towers.jpg\",\"contentUrl\":\"https:\/\/gozu.zone\/wp-content\/uploads\/2018\/08\/les-winx-extension-age-of-towers.jpg\",\"width\":450,\"height\":450},{\"@type\":\"BreadcrumbList\",\"@id\":\"https:\/\/gozu.zone\/?product=age-of-towers-the-winx-extension#breadcrumb\",\"itemListElement\":[{\"@type\":\"ListItem\",\"position\":1,\"name\":\"Accueil\",\"item\":\"https:\/\/gozu.zone\/\"},{\"@type\":\"ListItem\",\"position\":2,\"name\":\"BOUTIQUE\",\"item\":\"https:\/\/gozu.zone\/?page_id=308\"},{\"@type\":\"ListItem\",\"position\":3,\"name\":\"Age of Towers &#8211; the winx &#8211; extension\"}]},{\"@type\":\"WebSite\",\"@id\":\"https:\/\/gozu.zone\/#website\",\"url\":\"https:\/\/gozu.zone\/\",\"name\":\"GOZU ZONE\",\"description\":\"Toujours plus pour vos jeux\",\"potentialAction\":[{\"@type\":\"SearchAction\",\"target\":{\"@type\":\"EntryPoint\",\"urlTemplate\":\"https:\/\/gozu.zone\/?s={search_term_string}\"},\"query-input\":{\"@type\":\"PropertyValueSpecification\",\"valueRequired\":true,\"valueName\":\"search_term_string\"}}],\"inLanguage\":\"fr-FR\"}]}<\/script>\n<!-- \/ Yoast SEO plugin. -->","yoast_head_json":{"title":"Acheter Age of Towers - the winx - extension - GOZU ZONE - Jeux et Accessoires","robots":{"index":"index","follow":"follow","max-snippet":"max-snippet:-1","max-image-preview":"max-image-preview:large","max-video-preview":"max-video-preview:-1"},"canonical":"https:\/\/gozu.zone\/?product=age-of-towers-the-winx-extension","og_locale":"fr_FR","og_type":"article","og_title":"Acheter Age of Towers - the winx - extension - GOZU ZONE - Jeux et Accessoires","og_description":"Cette extension ajoute un nouveau joueur et tout le mat\u00e9riel n\u00e9cessaire ainsi qu\u2019un mini-boss !   \u00c2ge : 14 ans et +  Dur\u00e9e : 60 min  Joueurs : 1 \u00e0 5","og_url":"https:\/\/gozu.zone\/?product=age-of-towers-the-winx-extension","og_site_name":"GOZU ZONE","article_publisher":"https:\/\/www.facebook.com\/gozuzone\/","article_modified_time":"2024-05-14T18:26:16+00:00","og_image":[{"width":450,"height":450,"url":"https:\/\/gozu.zone\/wp-content\/uploads\/2018\/08\/les-winx-extension-age-of-towers.jpg","type":"image\/jpeg"}],"twitter_card":"summary_large_image","twitter_site":"@gozuzone","twitter_misc":{"Dur\u00e9e de lecture estim\u00e9e":"1 minute"},"schema":{"@context":"https:\/\/schema.org","@graph":[{"@type":"WebPage","@id":"https:\/\/gozu.zone\/?product=age-of-towers-the-winx-extension","url":"https:\/\/gozu.zone\/?product=age-of-towers-the-winx-extension","name":"Acheter Age of Towers - the winx - extension - GOZU ZONE - Jeux et Accessoires","isPartOf":{"@id":"https:\/\/gozu.zone\/#website"},"primaryImageOfPage":{"@id":"https:\/\/gozu.zone\/?product=age-of-towers-the-winx-extension#primaryimage"},"image":{"@id":"https:\/\/gozu.zone\/?product=age-of-towers-the-winx-extension#primaryimage"},"thumbnailUrl":"https:\/\/gozu.zone\/wp-content\/uploads\/2018\/08\/les-winx-extension-age-of-towers.jpg","datePublished":"2018-08-18T14:23:22+00:00","dateModified":"2024-05-14T18:26:16+00:00","breadcrumb":{"@id":"https:\/\/gozu.zone\/?product=age-of-towers-the-winx-extension#breadcrumb"},"inLanguage":"fr-FR","potentialAction":[{"@type":"ReadAction","target":["https:\/\/gozu.zone\/?product=age-of-towers-the-winx-extension"]}]},{"@type":"ImageObject","inLanguage":"fr-FR","@id":"https:\/\/gozu.zone\/?product=age-of-towers-the-winx-extension#primaryimage","url":"https:\/\/gozu.zone\/wp-content\/uploads\/2018\/08\/les-winx-extension-age-of-towers.jpg","contentUrl":"https:\/\/gozu.zone\/wp-content\/uploads\/2018\/08\/les-winx-extension-age-of-towers.jpg","width":450,"height":450},{"@type":"BreadcrumbList","@id":"https:\/\/gozu.zone\/?product=age-of-towers-the-winx-extension#breadcrumb","itemListElement":[{"@type":"ListItem","position":1,"name":"Accueil","item":"https:\/\/gozu.zone\/"},{"@type":"ListItem","position":2,"name":"BOUTIQUE","item":"https:\/\/gozu.zone\/?page_id=308"},{"@type":"ListItem","position":3,"name":"Age of Towers &#8211; the winx &#8211; extension"}]},{"@type":"WebSite","@id":"https:\/\/gozu.zone\/#website","url":"https:\/\/gozu.zone\/","name":"GOZU ZONE","description":"Toujours plus pour vos jeux","potentialAction":[{"@type":"SearchAction","target":{"@type":"EntryPoint","urlTemplate":"https:\/\/gozu.zone\/?s={search_term_string}"},"query-input":{"@type":"PropertyValueSpecification","valueRequired":true,"valueName":"search_term_string"}}],"inLanguage":"fr-FR"}]}},"_links":{"self":[{"href":"https:\/\/gozu.zone\/index.php?rest_route=\/wp\/v2\/product\/8109","targetHints":{"allow":["GET"]}}],"collection":[{"href":"https:\/\/gozu.zone\/index.php?rest_route=\/wp\/v2\/product"}],"about":[{"href":"https:\/\/gozu.zone\/index.php?rest_route=\/wp\/v2\/types\/product"}],"replies":[{"embeddable":true,"href":"https:\/\/gozu.zone\/index.php?rest_route=%2Fwp%2Fv2%2Fcomments&post=8109"}],"wp:featuredmedia":[{"embeddable":true,"href":"https:\/\/gozu.zone\/index.php?rest_route=\/wp\/v2\/media\/8110"}],"wp:attachment":[{"href":"https:\/\/gozu.zone\/index.php?rest_route=%2Fwp%2Fv2%2Fmedia&parent=8109"}],"wp:term":[{"taxonomy":"product_brand","embeddable":true,"href":"https:\/\/gozu.zone\/index.php?rest_route=%2Fwp%2Fv2%2Fproduct_brand&post=8109"},{"taxonomy":"product_cat","embeddable":true,"href":"https:\/\/gozu.zone\/index.php?rest_route=%2Fwp%2Fv2%2Fproduct_cat&post=8109"},{"taxonomy":"product_tag","embeddable":true,"href":"https:\/\/gozu.zone\/index.php?rest_route=%2Fwp%2Fv2%2Fproduct_tag&post=8109"}],"curies":[{"name":"wp","href":"https:\/\/api.w.org\/{rel}","templated":true}]}}