{"id":8118,"date":"2018-08-18T14:58:30","date_gmt":"2018-08-18T14:58:30","guid":{"rendered":"https:\/\/gozu.zone\/?post_type=product&#038;p=8118"},"modified":"2024-05-14T18:26:13","modified_gmt":"2024-05-14T18:26:13","slug":"zombie-tsunami-ultimate-set-ks","status":"publish","type":"product","link":"https:\/\/gozu.zone\/?product=zombie-tsunami-ultimate-set-ks","title":{"rendered":"Zombie Tsunami &#8211; Ultimate Set KS"},"content":{"rendered":"<div>\n<div>\n<p><a href=\"http:\/\/pro.gozu.zone\/wp-content\/uploads\/2018\/08\/logo_zt.png\"><img loading=\"lazy\" decoding=\"async\" class=\"aligncenter wp-image-8113\" src=\"http:\/\/pro.gozu.zone\/wp-content\/uploads\/2018\/08\/logo_zt.png\" alt=\"\" width=\"389\" height=\"213\" srcset=\"https:\/\/gozu.zone\/wp-content\/uploads\/2018\/08\/logo_zt.png 724w, https:\/\/gozu.zone\/wp-content\/uploads\/2018\/08\/logo_zt-510x279.png 510w, https:\/\/gozu.zone\/wp-content\/uploads\/2018\/08\/logo_zt-300x164.png 300w, https:\/\/gozu.zone\/wp-content\/uploads\/2018\/08\/logo_zt-570x312.png 570w\" sizes=\"auto, (max-width: 389px) 100vw, 389px\" \/><\/a><\/p>\n<div>Zombie Tsunami est l&rsquo;adaptation du jeu mobile du m\u00eame nom ayant plus de 200 millions de t\u00e9l\u00e9chargements et 3 millions de joueurs journaliers!<\/div>\n<div><\/div>\n<div>Zombie Tsunami est un jeu d&rsquo;ambiance se jouant de 3 \u00e0 6 joueurs en moins de 30 minutes. Chaque joueur m\u00e8ne une horde de zombies assaillant la ville.<\/div>\n<div>Ils devront collaborer mais aussi se trahir afin d&rsquo;arriver les premiers \u00e0 la victoire!<\/div>\n<div><\/div>\n<div>Cet Ultimate Set KS contient l&rsquo;extension 7\u00e8me joueur, tous les Stretch Goals d\u00e9bloqu\u00e9s lors de la campagne Kickstarter ainsi qu&rsquo;une couverture de boite alternative.<\/div>\n<div><\/div>\n<div><strong>Edition Limit\u00e9e<\/strong><\/div>\n<\/div>\n<\/div>\n","protected":false},"excerpt":{"rendered":"<p>Cet Ultimate Set KS de Zombie Tsunami contient l&rsquo;extension 7\u00e8me joueur, tous les Stretch Goals d\u00e9bloqu\u00e9s lors de la campagne Kickstarter ainsi qu&rsquo;une couverture de boite alternative.<\/p>\n<ul>\n<li><strong>\u00c2ge<\/strong> : 10 ans et +<\/li>\n<li><strong>Dur\u00e9e<\/strong> : 30 min<\/li>\n<li><strong>Joueurs<\/strong> : 3 \u00e0 7<\/li>\n<\/ul>\n","protected":false},"featured_media":8119,"comment_status":"open","ping_status":"closed","template":"","meta":{"_acf_changed":false},"product_brand":[],"product_cat":[327,323,494,333,339],"product_tag":[350,177,436,452],"class_list":{"0":"post-8118","1":"product","2":"type-product","3":"status-publish","4":"has-post-thumbnail","6":"product_cat-extensions","7":"product_cat-jeux","8":"product_cat-jeux-de-societe","9":"product_cat-par-types","10":"product_cat-petits","11":"product_tag-bluff","12":"product_tag-cartes","13":"product_tag-des","14":"product_tag-equipe","15":"product_shipping_class-livraisonstandard_colis","17":"first","18":"instock","19":"taxable","20":"shipping-taxable","21":"purchasable","22":"product-type-simple"},"acf":[],"yoast_head":"<!-- This site is optimized with the Yoast SEO plugin v25.3 - https:\/\/yoast.com\/wordpress\/plugins\/seo\/ -->\n<title>Acheter Zombie Tsunami - Ultimate Set KS - GOZU ZONE - Jeux et Accessoires<\/title>\n<meta name=\"robots\" content=\"index, follow, max-snippet:-1, max-image-preview:large, max-video-preview:-1\" \/>\n<link rel=\"canonical\" href=\"https:\/\/gozu.zone\/?product=zombie-tsunami-ultimate-set-ks\" \/>\n<meta property=\"og:locale\" content=\"fr_FR\" \/>\n<meta property=\"og:type\" content=\"article\" \/>\n<meta property=\"og:title\" content=\"Acheter Zombie Tsunami - Ultimate Set KS - GOZU ZONE - Jeux et Accessoires\" \/>\n<meta property=\"og:description\" content=\"Cet Ultimate Set KS de Zombie Tsunami contient l&#039;extension 7\u00e8me joueur, tous les Stretch Goals d\u00e9bloqu\u00e9s lors de la campagne Kickstarter ainsi qu&#039;une couverture de boite alternative.   \u00c2ge : 10 ans et +  Dur\u00e9e : 30 min  Joueurs : 3 \u00e0 7\" \/>\n<meta property=\"og:url\" content=\"https:\/\/gozu.zone\/?product=zombie-tsunami-ultimate-set-ks\" \/>\n<meta property=\"og:site_name\" content=\"GOZU ZONE\" \/>\n<meta property=\"article:publisher\" content=\"https:\/\/www.facebook.com\/gozuzone\/\" \/>\n<meta property=\"article:modified_time\" content=\"2024-05-14T18:26:13+00:00\" \/>\n<meta property=\"og:image\" content=\"https:\/\/gozu.zone\/wp-content\/uploads\/2018\/08\/zombie-tsunami-ultimate-set-ks.jpg\" \/>\n\t<meta property=\"og:image:width\" content=\"500\" \/>\n\t<meta property=\"og:image:height\" content=\"500\" \/>\n\t<meta property=\"og:image:type\" content=\"image\/jpeg\" \/>\n<meta name=\"twitter:card\" content=\"summary_large_image\" \/>\n<meta name=\"twitter:site\" content=\"@gozuzone\" \/>\n<script type=\"application\/ld+json\" class=\"yoast-schema-graph\">{\"@context\":\"https:\/\/schema.org\",\"@graph\":[{\"@type\":\"WebPage\",\"@id\":\"https:\/\/gozu.zone\/?product=zombie-tsunami-ultimate-set-ks\",\"url\":\"https:\/\/gozu.zone\/?product=zombie-tsunami-ultimate-set-ks\",\"name\":\"Acheter Zombie Tsunami - Ultimate Set KS - GOZU ZONE - Jeux et Accessoires\",\"isPartOf\":{\"@id\":\"https:\/\/gozu.zone\/#website\"},\"primaryImageOfPage\":{\"@id\":\"https:\/\/gozu.zone\/?product=zombie-tsunami-ultimate-set-ks#primaryimage\"},\"image\":{\"@id\":\"https:\/\/gozu.zone\/?product=zombie-tsunami-ultimate-set-ks#primaryimage\"},\"thumbnailUrl\":\"https:\/\/gozu.zone\/wp-content\/uploads\/2018\/08\/zombie-tsunami-ultimate-set-ks.jpg\",\"datePublished\":\"2018-08-18T14:58:30+00:00\",\"dateModified\":\"2024-05-14T18:26:13+00:00\",\"breadcrumb\":{\"@id\":\"https:\/\/gozu.zone\/?product=zombie-tsunami-ultimate-set-ks#breadcrumb\"},\"inLanguage\":\"fr-FR\",\"potentialAction\":[{\"@type\":\"ReadAction\",\"target\":[\"https:\/\/gozu.zone\/?product=zombie-tsunami-ultimate-set-ks\"]}]},{\"@type\":\"ImageObject\",\"inLanguage\":\"fr-FR\",\"@id\":\"https:\/\/gozu.zone\/?product=zombie-tsunami-ultimate-set-ks#primaryimage\",\"url\":\"https:\/\/gozu.zone\/wp-content\/uploads\/2018\/08\/zombie-tsunami-ultimate-set-ks.jpg\",\"contentUrl\":\"https:\/\/gozu.zone\/wp-content\/uploads\/2018\/08\/zombie-tsunami-ultimate-set-ks.jpg\",\"width\":500,\"height\":500},{\"@type\":\"BreadcrumbList\",\"@id\":\"https:\/\/gozu.zone\/?product=zombie-tsunami-ultimate-set-ks#breadcrumb\",\"itemListElement\":[{\"@type\":\"ListItem\",\"position\":1,\"name\":\"Accueil\",\"item\":\"https:\/\/gozu.zone\/\"},{\"@type\":\"ListItem\",\"position\":2,\"name\":\"BOUTIQUE\",\"item\":\"https:\/\/gozu.zone\/?page_id=308\"},{\"@type\":\"ListItem\",\"position\":3,\"name\":\"Zombie Tsunami &#8211; Ultimate Set KS\"}]},{\"@type\":\"WebSite\",\"@id\":\"https:\/\/gozu.zone\/#website\",\"url\":\"https:\/\/gozu.zone\/\",\"name\":\"GOZU ZONE\",\"description\":\"Toujours plus pour vos jeux\",\"potentialAction\":[{\"@type\":\"SearchAction\",\"target\":{\"@type\":\"EntryPoint\",\"urlTemplate\":\"https:\/\/gozu.zone\/?s={search_term_string}\"},\"query-input\":{\"@type\":\"PropertyValueSpecification\",\"valueRequired\":true,\"valueName\":\"search_term_string\"}}],\"inLanguage\":\"fr-FR\"}]}<\/script>\n<!-- \/ Yoast SEO plugin. -->","yoast_head_json":{"title":"Acheter Zombie Tsunami - Ultimate Set KS - GOZU ZONE - Jeux et Accessoires","robots":{"index":"index","follow":"follow","max-snippet":"max-snippet:-1","max-image-preview":"max-image-preview:large","max-video-preview":"max-video-preview:-1"},"canonical":"https:\/\/gozu.zone\/?product=zombie-tsunami-ultimate-set-ks","og_locale":"fr_FR","og_type":"article","og_title":"Acheter Zombie Tsunami - Ultimate Set KS - GOZU ZONE - Jeux et Accessoires","og_description":"Cet Ultimate Set KS de Zombie Tsunami contient l'extension 7\u00e8me joueur, tous les Stretch Goals d\u00e9bloqu\u00e9s lors de la campagne Kickstarter ainsi qu'une couverture de boite alternative.   \u00c2ge : 10 ans et +  Dur\u00e9e : 30 min  Joueurs : 3 \u00e0 7","og_url":"https:\/\/gozu.zone\/?product=zombie-tsunami-ultimate-set-ks","og_site_name":"GOZU ZONE","article_publisher":"https:\/\/www.facebook.com\/gozuzone\/","article_modified_time":"2024-05-14T18:26:13+00:00","og_image":[{"width":500,"height":500,"url":"https:\/\/gozu.zone\/wp-content\/uploads\/2018\/08\/zombie-tsunami-ultimate-set-ks.jpg","type":"image\/jpeg"}],"twitter_card":"summary_large_image","twitter_site":"@gozuzone","schema":{"@context":"https:\/\/schema.org","@graph":[{"@type":"WebPage","@id":"https:\/\/gozu.zone\/?product=zombie-tsunami-ultimate-set-ks","url":"https:\/\/gozu.zone\/?product=zombie-tsunami-ultimate-set-ks","name":"Acheter Zombie Tsunami - Ultimate Set KS - GOZU ZONE - Jeux et Accessoires","isPartOf":{"@id":"https:\/\/gozu.zone\/#website"},"primaryImageOfPage":{"@id":"https:\/\/gozu.zone\/?product=zombie-tsunami-ultimate-set-ks#primaryimage"},"image":{"@id":"https:\/\/gozu.zone\/?product=zombie-tsunami-ultimate-set-ks#primaryimage"},"thumbnailUrl":"https:\/\/gozu.zone\/wp-content\/uploads\/2018\/08\/zombie-tsunami-ultimate-set-ks.jpg","datePublished":"2018-08-18T14:58:30+00:00","dateModified":"2024-05-14T18:26:13+00:00","breadcrumb":{"@id":"https:\/\/gozu.zone\/?product=zombie-tsunami-ultimate-set-ks#breadcrumb"},"inLanguage":"fr-FR","potentialAction":[{"@type":"ReadAction","target":["https:\/\/gozu.zone\/?product=zombie-tsunami-ultimate-set-ks"]}]},{"@type":"ImageObject","inLanguage":"fr-FR","@id":"https:\/\/gozu.zone\/?product=zombie-tsunami-ultimate-set-ks#primaryimage","url":"https:\/\/gozu.zone\/wp-content\/uploads\/2018\/08\/zombie-tsunami-ultimate-set-ks.jpg","contentUrl":"https:\/\/gozu.zone\/wp-content\/uploads\/2018\/08\/zombie-tsunami-ultimate-set-ks.jpg","width":500,"height":500},{"@type":"BreadcrumbList","@id":"https:\/\/gozu.zone\/?product=zombie-tsunami-ultimate-set-ks#breadcrumb","itemListElement":[{"@type":"ListItem","position":1,"name":"Accueil","item":"https:\/\/gozu.zone\/"},{"@type":"ListItem","position":2,"name":"BOUTIQUE","item":"https:\/\/gozu.zone\/?page_id=308"},{"@type":"ListItem","position":3,"name":"Zombie Tsunami &#8211; Ultimate Set KS"}]},{"@type":"WebSite","@id":"https:\/\/gozu.zone\/#website","url":"https:\/\/gozu.zone\/","name":"GOZU ZONE","description":"Toujours plus pour vos jeux","potentialAction":[{"@type":"SearchAction","target":{"@type":"EntryPoint","urlTemplate":"https:\/\/gozu.zone\/?s={search_term_string}"},"query-input":{"@type":"PropertyValueSpecification","valueRequired":true,"valueName":"search_term_string"}}],"inLanguage":"fr-FR"}]}},"_links":{"self":[{"href":"https:\/\/gozu.zone\/index.php?rest_route=\/wp\/v2\/product\/8118","targetHints":{"allow":["GET"]}}],"collection":[{"href":"https:\/\/gozu.zone\/index.php?rest_route=\/wp\/v2\/product"}],"about":[{"href":"https:\/\/gozu.zone\/index.php?rest_route=\/wp\/v2\/types\/product"}],"replies":[{"embeddable":true,"href":"https:\/\/gozu.zone\/index.php?rest_route=%2Fwp%2Fv2%2Fcomments&post=8118"}],"wp:featuredmedia":[{"embeddable":true,"href":"https:\/\/gozu.zone\/index.php?rest_route=\/wp\/v2\/media\/8119"}],"wp:attachment":[{"href":"https:\/\/gozu.zone\/index.php?rest_route=%2Fwp%2Fv2%2Fmedia&parent=8118"}],"wp:term":[{"taxonomy":"product_brand","embeddable":true,"href":"https:\/\/gozu.zone\/index.php?rest_route=%2Fwp%2Fv2%2Fproduct_brand&post=8118"},{"taxonomy":"product_cat","embeddable":true,"href":"https:\/\/gozu.zone\/index.php?rest_route=%2Fwp%2Fv2%2Fproduct_cat&post=8118"},{"taxonomy":"product_tag","embeddable":true,"href":"https:\/\/gozu.zone\/index.php?rest_route=%2Fwp%2Fv2%2Fproduct_tag&post=8118"}],"curies":[{"name":"wp","href":"https:\/\/api.w.org\/{rel}","templated":true}]}}