{"id":8171,"date":"2018-08-19T12:38:32","date_gmt":"2018-08-19T12:38:32","guid":{"rendered":"https:\/\/gozu.zone\/?post_type=product&#038;p=8171"},"modified":"2024-05-14T18:26:01","modified_gmt":"2024-05-14T18:26:01","slug":"reworld","status":"publish","type":"product","link":"https:\/\/gozu.zone\/?product=reworld","title":{"rendered":"Reworld"},"content":{"rendered":"<p>Dans <strong>Reworld<\/strong>, les joueurs tentent de fa\u00e7onner une plan\u00e8te nouvellement d\u00e9couverte et, pour faire cela, ils doivent utiliser des robots de terraformation pour cr\u00e9er de nouvelles villes et des navettes pour fournir les en mat\u00e9riaux.<\/p>\n<div><\/div>\n<div>\n<div>En termes de jeux, jusqu&rsquo;\u00e0\u00a0 cinq joueurs remplissent les cinq niveaux de leur vaisseau spatial avec des tuiles comportant des robots, des navettes, des navires et des satellites. Chaque tour, vingt de ces tuiles sont plac\u00e9es au hasard autour du p\u00e9rim\u00e8tre d&rsquo;un grand vaisseau, et chaque joueur re\u00e7oit une main de cartes. Sur un tour, un joueur peut jouer une ou plusieurs cartes pour r\u00e9clamer une tuile suivant certaines r\u00e8gles. Par ex, si aucune des tuiles adjacentes \u00e0 la tuile souhait\u00e9e n&rsquo;a \u00e9t\u00e9 revendiqu\u00e9e, le joueur peut d\u00e9poser une carte \u00e0 c\u00f4t\u00e9 de cette tuile, la r\u00e9clamer, puis la placer dans l&rsquo;espace le plus \u00e0 gauche du niveau du vaisseau spatial correspondant au nombre de la carte jou\u00e9e. Si vous jouez \u00e0 4, par exemple, vous devez placer cette tuile dans la position la plus \u00e0 gauche de votre quatri\u00e8me niveau.<\/div>\n<div><\/div>\n<div>Les joueurs gagnent des points pendant la premi\u00e8re moiti\u00e9 du jeu pour avoir ramass\u00e9 des robots et avoir encore des cartes en main. Au cours de la deuxi\u00e8me moiti\u00e9, les joueurs marquent pour d\u00e9ployer des satellites et pour atteindre les objectifs fix\u00e9s au d\u00e9but du jeu, par ex : Avoir une ville avec huit tuiles, vider un niveau sur votre vaisseau spatial, avoir un certain nombre de boucliers, etc.Quiconque marque le plus de points gagne!<\/div>\n<\/div>\n","protected":false},"excerpt":{"rendered":"<ul>\n<li><strong>\u00c2ge<\/strong> : 12 ans et +<\/li>\n<li><strong>Dur\u00e9e<\/strong> : 1 \u00e0 2h<\/li>\n<li><strong>Joueurs<\/strong> : 2\u00a0\u00e0 4<\/li>\n<\/ul>\n","protected":false},"featured_media":8172,"comment_status":"open","ping_status":"closed","template":"","meta":{"_acf_changed":false},"product_brand":[],"product_cat":[323,494,361,333],"product_tag":[566],"class_list":{"0":"post-8171","1":"product","2":"type-product","3":"status-publish","4":"has-post-thumbnail","6":"product_cat-jeux","7":"product_cat-jeux-de-societe","8":"product_cat-familiaux","9":"product_cat-par-types","10":"product_tag-science-fiction","11":"product_shipping_class-livraisonstandard_colis","13":"first","14":"instock","15":"sale","16":"taxable","17":"shipping-taxable","18":"purchasable","19":"product-type-simple"},"acf":[],"yoast_head":"<!-- This site is optimized with the Yoast SEO plugin v25.3 - https:\/\/yoast.com\/wordpress\/plugins\/seo\/ -->\n<title>Acheter Reworld - GOZU ZONE - Jeux et Accessoires<\/title>\n<meta name=\"robots\" content=\"index, follow, max-snippet:-1, max-image-preview:large, max-video-preview:-1\" \/>\n<link rel=\"canonical\" href=\"https:\/\/gozu.zone\/?product=reworld\" \/>\n<meta property=\"og:locale\" content=\"fr_FR\" \/>\n<meta property=\"og:type\" content=\"article\" \/>\n<meta property=\"og:title\" content=\"Acheter Reworld - GOZU ZONE - Jeux et Accessoires\" \/>\n<meta property=\"og:description\" content=\"\u00c2ge : 12 ans et +  Dur\u00e9e : 1 \u00e0 2h  Joueurs : 2\u00a0\u00e0 4\" \/>\n<meta property=\"og:url\" content=\"https:\/\/gozu.zone\/?product=reworld\" \/>\n<meta property=\"og:site_name\" content=\"GOZU ZONE\" \/>\n<meta property=\"article:publisher\" content=\"https:\/\/www.facebook.com\/gozuzone\/\" \/>\n<meta property=\"article:modified_time\" content=\"2024-05-14T18:26:01+00:00\" \/>\n<meta property=\"og:image\" content=\"https:\/\/gozu.zone\/wp-content\/uploads\/2018\/08\/reworld-vf.jpg\" \/>\n\t<meta property=\"og:image:width\" content=\"450\" \/>\n\t<meta property=\"og:image:height\" content=\"450\" \/>\n\t<meta property=\"og:image:type\" content=\"image\/jpeg\" \/>\n<meta name=\"twitter:card\" content=\"summary_large_image\" \/>\n<meta name=\"twitter:site\" content=\"@gozuzone\" \/>\n<meta name=\"twitter:label1\" content=\"Dur\u00e9e de lecture estim\u00e9e\" \/>\n\t<meta name=\"twitter:data1\" content=\"1 minute\" \/>\n<script type=\"application\/ld+json\" class=\"yoast-schema-graph\">{\"@context\":\"https:\/\/schema.org\",\"@graph\":[{\"@type\":\"WebPage\",\"@id\":\"https:\/\/gozu.zone\/?product=reworld\",\"url\":\"https:\/\/gozu.zone\/?product=reworld\",\"name\":\"Acheter Reworld - GOZU ZONE - Jeux et Accessoires\",\"isPartOf\":{\"@id\":\"https:\/\/gozu.zone\/#website\"},\"primaryImageOfPage\":{\"@id\":\"https:\/\/gozu.zone\/?product=reworld#primaryimage\"},\"image\":{\"@id\":\"https:\/\/gozu.zone\/?product=reworld#primaryimage\"},\"thumbnailUrl\":\"https:\/\/gozu.zone\/wp-content\/uploads\/2018\/08\/reworld-vf.jpg\",\"datePublished\":\"2018-08-19T12:38:32+00:00\",\"dateModified\":\"2024-05-14T18:26:01+00:00\",\"breadcrumb\":{\"@id\":\"https:\/\/gozu.zone\/?product=reworld#breadcrumb\"},\"inLanguage\":\"fr-FR\",\"potentialAction\":[{\"@type\":\"ReadAction\",\"target\":[\"https:\/\/gozu.zone\/?product=reworld\"]}]},{\"@type\":\"ImageObject\",\"inLanguage\":\"fr-FR\",\"@id\":\"https:\/\/gozu.zone\/?product=reworld#primaryimage\",\"url\":\"https:\/\/gozu.zone\/wp-content\/uploads\/2018\/08\/reworld-vf.jpg\",\"contentUrl\":\"https:\/\/gozu.zone\/wp-content\/uploads\/2018\/08\/reworld-vf.jpg\",\"width\":450,\"height\":450},{\"@type\":\"BreadcrumbList\",\"@id\":\"https:\/\/gozu.zone\/?product=reworld#breadcrumb\",\"itemListElement\":[{\"@type\":\"ListItem\",\"position\":1,\"name\":\"Accueil\",\"item\":\"https:\/\/gozu.zone\/\"},{\"@type\":\"ListItem\",\"position\":2,\"name\":\"BOUTIQUE\",\"item\":\"https:\/\/gozu.zone\/?page_id=308\"},{\"@type\":\"ListItem\",\"position\":3,\"name\":\"Reworld\"}]},{\"@type\":\"WebSite\",\"@id\":\"https:\/\/gozu.zone\/#website\",\"url\":\"https:\/\/gozu.zone\/\",\"name\":\"GOZU ZONE\",\"description\":\"Toujours plus pour vos jeux\",\"potentialAction\":[{\"@type\":\"SearchAction\",\"target\":{\"@type\":\"EntryPoint\",\"urlTemplate\":\"https:\/\/gozu.zone\/?s={search_term_string}\"},\"query-input\":{\"@type\":\"PropertyValueSpecification\",\"valueRequired\":true,\"valueName\":\"search_term_string\"}}],\"inLanguage\":\"fr-FR\"}]}<\/script>\n<!-- \/ Yoast SEO plugin. -->","yoast_head_json":{"title":"Acheter Reworld - GOZU ZONE - Jeux et Accessoires","robots":{"index":"index","follow":"follow","max-snippet":"max-snippet:-1","max-image-preview":"max-image-preview:large","max-video-preview":"max-video-preview:-1"},"canonical":"https:\/\/gozu.zone\/?product=reworld","og_locale":"fr_FR","og_type":"article","og_title":"Acheter Reworld - GOZU ZONE - Jeux et Accessoires","og_description":"\u00c2ge : 12 ans et +  Dur\u00e9e : 1 \u00e0 2h  Joueurs : 2\u00a0\u00e0 4","og_url":"https:\/\/gozu.zone\/?product=reworld","og_site_name":"GOZU ZONE","article_publisher":"https:\/\/www.facebook.com\/gozuzone\/","article_modified_time":"2024-05-14T18:26:01+00:00","og_image":[{"width":450,"height":450,"url":"https:\/\/gozu.zone\/wp-content\/uploads\/2018\/08\/reworld-vf.jpg","type":"image\/jpeg"}],"twitter_card":"summary_large_image","twitter_site":"@gozuzone","twitter_misc":{"Dur\u00e9e de lecture estim\u00e9e":"1 minute"},"schema":{"@context":"https:\/\/schema.org","@graph":[{"@type":"WebPage","@id":"https:\/\/gozu.zone\/?product=reworld","url":"https:\/\/gozu.zone\/?product=reworld","name":"Acheter Reworld - GOZU ZONE - Jeux et Accessoires","isPartOf":{"@id":"https:\/\/gozu.zone\/#website"},"primaryImageOfPage":{"@id":"https:\/\/gozu.zone\/?product=reworld#primaryimage"},"image":{"@id":"https:\/\/gozu.zone\/?product=reworld#primaryimage"},"thumbnailUrl":"https:\/\/gozu.zone\/wp-content\/uploads\/2018\/08\/reworld-vf.jpg","datePublished":"2018-08-19T12:38:32+00:00","dateModified":"2024-05-14T18:26:01+00:00","breadcrumb":{"@id":"https:\/\/gozu.zone\/?product=reworld#breadcrumb"},"inLanguage":"fr-FR","potentialAction":[{"@type":"ReadAction","target":["https:\/\/gozu.zone\/?product=reworld"]}]},{"@type":"ImageObject","inLanguage":"fr-FR","@id":"https:\/\/gozu.zone\/?product=reworld#primaryimage","url":"https:\/\/gozu.zone\/wp-content\/uploads\/2018\/08\/reworld-vf.jpg","contentUrl":"https:\/\/gozu.zone\/wp-content\/uploads\/2018\/08\/reworld-vf.jpg","width":450,"height":450},{"@type":"BreadcrumbList","@id":"https:\/\/gozu.zone\/?product=reworld#breadcrumb","itemListElement":[{"@type":"ListItem","position":1,"name":"Accueil","item":"https:\/\/gozu.zone\/"},{"@type":"ListItem","position":2,"name":"BOUTIQUE","item":"https:\/\/gozu.zone\/?page_id=308"},{"@type":"ListItem","position":3,"name":"Reworld"}]},{"@type":"WebSite","@id":"https:\/\/gozu.zone\/#website","url":"https:\/\/gozu.zone\/","name":"GOZU ZONE","description":"Toujours plus pour vos jeux","potentialAction":[{"@type":"SearchAction","target":{"@type":"EntryPoint","urlTemplate":"https:\/\/gozu.zone\/?s={search_term_string}"},"query-input":{"@type":"PropertyValueSpecification","valueRequired":true,"valueName":"search_term_string"}}],"inLanguage":"fr-FR"}]}},"_links":{"self":[{"href":"https:\/\/gozu.zone\/index.php?rest_route=\/wp\/v2\/product\/8171","targetHints":{"allow":["GET"]}}],"collection":[{"href":"https:\/\/gozu.zone\/index.php?rest_route=\/wp\/v2\/product"}],"about":[{"href":"https:\/\/gozu.zone\/index.php?rest_route=\/wp\/v2\/types\/product"}],"replies":[{"embeddable":true,"href":"https:\/\/gozu.zone\/index.php?rest_route=%2Fwp%2Fv2%2Fcomments&post=8171"}],"wp:featuredmedia":[{"embeddable":true,"href":"https:\/\/gozu.zone\/index.php?rest_route=\/wp\/v2\/media\/8172"}],"wp:attachment":[{"href":"https:\/\/gozu.zone\/index.php?rest_route=%2Fwp%2Fv2%2Fmedia&parent=8171"}],"wp:term":[{"taxonomy":"product_brand","embeddable":true,"href":"https:\/\/gozu.zone\/index.php?rest_route=%2Fwp%2Fv2%2Fproduct_brand&post=8171"},{"taxonomy":"product_cat","embeddable":true,"href":"https:\/\/gozu.zone\/index.php?rest_route=%2Fwp%2Fv2%2Fproduct_cat&post=8171"},{"taxonomy":"product_tag","embeddable":true,"href":"https:\/\/gozu.zone\/index.php?rest_route=%2Fwp%2Fv2%2Fproduct_tag&post=8171"}],"curies":[{"name":"wp","href":"https:\/\/api.w.org\/{rel}","templated":true}]}}