{"id":8261,"date":"2018-08-26T17:11:44","date_gmt":"2018-08-26T17:11:44","guid":{"rendered":"https:\/\/gozu.zone\/?post_type=product&#038;p=8261"},"modified":"2025-03-26T09:52:09","modified_gmt":"2025-03-26T09:52:09","slug":"rangement-renouveau-horreur-a-arkham-configuration-mixte","status":"publish","type":"product","link":"https:\/\/gozu.zone\/?product=rangement-renouveau-horreur-a-arkham-configuration-mixte","title":{"rendered":"Rangement &#8211; Renouveau Horreur \u00e0 Arkham \u2122 &#8211; Configuration Mixte"},"content":{"rendered":"<p>Vous avez achet\u00e9 le renouveau de campagne pour\u00a0<strong>Horreur \u00e0 Arkham<\/strong><strong>\u00a0<\/strong>\u2122, et vous aimeriez en profiter pour ranger un maximum d&rsquo;\u00e9l\u00e9ments ?<\/p>\n<p>Voici un kit sp\u00e9cialement con\u00e7u pour !<\/p>\n<h3><strong>Contenu du kit :<\/strong><\/h3>\n<ul>\n<li>1 modules pouvant accueillir au moins 260 cartes pochet\u00e9es *<\/li>\n<li>1 modules pouvant accueillir au moins 400 cartes pochet\u00e9es * ( verticalement )<\/li>\n<li>1 modules polyvalents pour accueillir tokens et d\u00e9pliants<\/li>\n<\/ul>\n<div class=\"sketchfab-embed-wrapper\" style=\"vertical-align: center;\">\n<p><iframe loading=\"lazy\" src=\"https:\/\/sketchfab.com\/models\/6490dd0a4353414ca6cb42bc10dd2401\/embed\" width=\"640\" height=\"480\" frameborder=\"0\"><\/iframe><\/p>\n<p style=\"font-size: 13px; font-weight: normal; margin: 5px; color: #4a4a4a;\"><a style=\"font-weight: bold; color: #1caad9;\" href=\"https:\/\/sketchfab.com\/3d-models\/rangements-horreur-a-arkham-renouveau-mixte-6490dd0a4353414ca6cb42bc10dd2401?utm_medium=embed&amp;utm_source=website&amp;utm_campaign=share-popup\" target=\"_blank\" rel=\"noopener\">Rangements-Horreur \u00e0 Arkham-Renouveau-Mixte<\/a><br \/>\nby <a style=\"font-weight: bold; color: #1caad9;\" href=\"https:\/\/sketchfab.com\/gozu_zone?utm_medium=embed&amp;utm_source=website&amp;utm_campaign=share-popup\" target=\"_blank\" rel=\"noopener\">gozu_zone<\/a><br \/>\non <a style=\"font-weight: bold; color: #1caad9;\" href=\"https:\/\/sketchfab.com?utm_medium=embed&amp;utm_source=website&amp;utm_campaign=share-popup\" target=\"_blank\" rel=\"noopener\">Sketchfab<\/a><\/p>\n<\/div>\n<p>Le rangement engendre un sur\u00e9l\u00e9vation de 1.8 cm du couvercle comme vous pouvez le voir sur la photo ci-dessous<\/p>\n<p><a href=\"https:\/\/gozu.zone\/wp-content\/uploads\/2018\/08\/rangement-renouveau-surelevation-r.png\"><img loading=\"lazy\" decoding=\"async\" class=\"aligncenter wp-image-8250\" src=\"http:\/\/pro.gozu.zone\/wp-content\/uploads\/2018\/08\/rangement-renouveau-surelevation-r.png\" alt=\"\" width=\"300\" height=\"262\" srcset=\"https:\/\/gozu.zone\/wp-content\/uploads\/2018\/08\/rangement-renouveau-surelevation-r.png 640w, https:\/\/gozu.zone\/wp-content\/uploads\/2018\/08\/rangement-renouveau-surelevation-r-510x445.png 510w, https:\/\/gozu.zone\/wp-content\/uploads\/2018\/08\/rangement-renouveau-surelevation-r-300x262.png 300w, https:\/\/gozu.zone\/wp-content\/uploads\/2018\/08\/rangement-renouveau-surelevation-r-570x498.png 570w\" sizes=\"auto, (max-width: 300px) 100vw, 300px\" \/><\/a><\/p>\n<p>&nbsp;<\/p>\n<p><em>* les pochettes utilis\u00e9es sont de la marque Arcane Tinmen : <a href=\"https:\/\/gozu.zone\/?product=arcane-tinmen-100-standard-board-game-sleeves-63x88m\">voir le produit<\/a><\/em><\/p>\n<p><em>Le rangement est compatible avec les pochettes <strong>ffg<\/strong> et <strong>ultrapro<\/strong> \u00e9galement.<\/em><\/p>\n<p class=\"disclaimer\"><span class=\"st\"><strong>Horreur \u00e0 Arkham\u00a0<\/strong>\u2122 <\/span> est un jeu \u00e9dit\u00e9 par ffg. Gozu Zone propose de sa propre initiative des rangements compatibles avec ce jeu et ses extensions, qui demeurent la propri\u00e9t\u00e9 de l&rsquo;\u00e9diteur. Ce dernier n&rsquo;assume aucune responsabilit\u00e9 quant \u00e0 nos produits.<\/p>\n<p class=\"disclaimer\"><strong>Remarque<\/strong> : Ce rangement est propos\u00e9 en couleur\u00a0<strong>noire\u00a0<\/strong>par d\u00e9faut. Si vous souhaitez un coloris personnalis\u00e9, merci de contacter l&rsquo;\u00e9quipe via le chat en bas \u00e0 droite ! Nous nous ferons un plaisir d&rsquo;\u00e9tudier votre demande et nous vous r\u00e9pondrons\u00a0dans les plus brefs d\u00e9lais.<\/p>\n<p>&nbsp;<\/p>\n<p>Ce produit est <strong>fabriqu\u00e9 en France<\/strong>. Si vous souhaitez en savoir un peu plus sur notre proc\u00e9d\u00e9 de fabrication, nous sommes dispos\u00e9s \u00e0 r\u00e9pondre \u00e0 toutes vos questions !<\/p>\n","protected":false},"excerpt":{"rendered":"<p>Pour ranger <strong>Horreur \u00e0 Arkham\u00a0<\/strong>\u2122 et ses extensions dans la boite de renouveau de campagne<\/p>\n","protected":false},"featured_media":15820,"comment_status":"open","ping_status":"closed","template":"","meta":{"_acf_changed":false},"product_brand":[],"product_cat":[311],"product_tag":[294,259,262],"class_list":{"0":"post-8261","1":"product","2":"type-product","3":"status-publish","4":"has-post-thumbnail","6":"product_cat-organiseurs","7":"product_tag-organiseur","8":"product_tag-rangements","9":"product_tag-rangements-jce","10":"product_shipping_class-livraisonstandard_colis","12":"first","13":"instock","14":"taxable","15":"shipping-taxable","16":"purchasable","17":"product-type-simple"},"acf":[],"yoast_head":"<!-- This site is optimized with the Yoast SEO plugin v25.3 - https:\/\/yoast.com\/wordpress\/plugins\/seo\/ -->\n<title>Acheter Rangement - Renouveau Horreur \u00e0 Arkham \u2122 - Configuration Mixte - GOZU ZONE - Jeux et Accessoires<\/title>\n<meta name=\"description\" content=\"Pour organiser Horreur \u00e0 Arkham avec ses extensions dans la boites de base et ainsi prot\u00e9ger votre jeu favoris et gagner du temps lors de l&#039;installation\" \/>\n<meta name=\"robots\" content=\"index, follow, max-snippet:-1, max-image-preview:large, max-video-preview:-1\" \/>\n<link rel=\"canonical\" href=\"http:\/\/pro.gozu.zone\/?product=rangement-renouveau-horreur-a-arkham-configuration-mixte\" \/>\n<meta property=\"og:locale\" content=\"fr_FR\" \/>\n<meta property=\"og:type\" content=\"article\" \/>\n<meta property=\"og:title\" content=\"Acheter Rangement - Renouveau Horreur \u00e0 Arkham \u2122 - Configuration Mixte - GOZU ZONE - Jeux et Accessoires\" \/>\n<meta property=\"og:description\" content=\"Pour organiser Horreur \u00e0 Arkham avec ses extensions dans la boites de base et ainsi prot\u00e9ger votre jeu favoris et gagner du temps lors de l&#039;installation\" \/>\n<meta property=\"og:url\" content=\"http:\/\/pro.gozu.zone\/?product=rangement-renouveau-horreur-a-arkham-configuration-mixte\" \/>\n<meta property=\"og:site_name\" content=\"GOZU ZONE\" \/>\n<meta property=\"article:publisher\" content=\"https:\/\/www.facebook.com\/gozuzone\/\" \/>\n<meta property=\"article:modified_time\" content=\"2025-03-26T09:52:09+00:00\" \/>\n<meta property=\"og:image\" content=\"https:\/\/gozu.zone\/wp-content\/uploads\/2018\/08\/rangement-renouveau-configuration-mixte-1.jpg\" \/>\n\t<meta property=\"og:image:width\" content=\"640\" \/>\n\t<meta property=\"og:image:height\" content=\"640\" \/>\n\t<meta property=\"og:image:type\" content=\"image\/jpeg\" \/>\n<meta name=\"twitter:card\" content=\"summary_large_image\" \/>\n<meta name=\"twitter:site\" content=\"@gozuzone\" \/>\n<meta name=\"twitter:label1\" content=\"Dur\u00e9e de lecture estim\u00e9e\" \/>\n\t<meta name=\"twitter:data1\" content=\"2 minutes\" \/>\n<script type=\"application\/ld+json\" class=\"yoast-schema-graph\">{\"@context\":\"https:\/\/schema.org\",\"@graph\":[{\"@type\":\"WebPage\",\"@id\":\"https:\/\/gozu.zone\/?product=rangement-renouveau-horreur-a-arkham-configuration-mixte\",\"url\":\"http:\/\/pro.gozu.zone\/?product=rangement-renouveau-horreur-a-arkham-configuration-mixte\",\"name\":\"Acheter Rangement - Renouveau Horreur \u00e0 Arkham \u2122 - Configuration Mixte - GOZU ZONE - Jeux et Accessoires\",\"isPartOf\":{\"@id\":\"https:\/\/gozu.zone\/#website\"},\"primaryImageOfPage\":{\"@id\":\"http:\/\/pro.gozu.zone\/?product=rangement-renouveau-horreur-a-arkham-configuration-mixte#primaryimage\"},\"image\":{\"@id\":\"http:\/\/pro.gozu.zone\/?product=rangement-renouveau-horreur-a-arkham-configuration-mixte#primaryimage\"},\"thumbnailUrl\":\"https:\/\/gozu.zone\/wp-content\/uploads\/2018\/08\/rangement-renouveau-configuration-mixte-1.jpg\",\"datePublished\":\"2018-08-26T17:11:44+00:00\",\"dateModified\":\"2025-03-26T09:52:09+00:00\",\"description\":\"Pour organiser Horreur \u00e0 Arkham avec ses extensions dans la boites de base et ainsi prot\u00e9ger votre jeu favoris et gagner du temps lors de l'installation\",\"breadcrumb\":{\"@id\":\"http:\/\/pro.gozu.zone\/?product=rangement-renouveau-horreur-a-arkham-configuration-mixte#breadcrumb\"},\"inLanguage\":\"fr-FR\",\"potentialAction\":[{\"@type\":\"ReadAction\",\"target\":[\"http:\/\/pro.gozu.zone\/?product=rangement-renouveau-horreur-a-arkham-configuration-mixte\"]}]},{\"@type\":\"ImageObject\",\"inLanguage\":\"fr-FR\",\"@id\":\"http:\/\/pro.gozu.zone\/?product=rangement-renouveau-horreur-a-arkham-configuration-mixte#primaryimage\",\"url\":\"https:\/\/gozu.zone\/wp-content\/uploads\/2018\/08\/rangement-renouveau-configuration-mixte-1.jpg\",\"contentUrl\":\"https:\/\/gozu.zone\/wp-content\/uploads\/2018\/08\/rangement-renouveau-configuration-mixte-1.jpg\",\"width\":640,\"height\":640,\"caption\":\"rangement-renouveau-configuration-mixte\"},{\"@type\":\"BreadcrumbList\",\"@id\":\"http:\/\/pro.gozu.zone\/?product=rangement-renouveau-horreur-a-arkham-configuration-mixte#breadcrumb\",\"itemListElement\":[{\"@type\":\"ListItem\",\"position\":1,\"name\":\"Accueil\",\"item\":\"https:\/\/gozu.zone\/\"},{\"@type\":\"ListItem\",\"position\":2,\"name\":\"BOUTIQUE\",\"item\":\"https:\/\/gozu.zone\/?page_id=308\"},{\"@type\":\"ListItem\",\"position\":3,\"name\":\"Rangement &#8211; Renouveau Horreur \u00e0 Arkham \u2122 &#8211; Configuration Mixte\"}]},{\"@type\":\"WebSite\",\"@id\":\"https:\/\/gozu.zone\/#website\",\"url\":\"https:\/\/gozu.zone\/\",\"name\":\"GOZU ZONE\",\"description\":\"Toujours plus pour vos jeux\",\"potentialAction\":[{\"@type\":\"SearchAction\",\"target\":{\"@type\":\"EntryPoint\",\"urlTemplate\":\"https:\/\/gozu.zone\/?s={search_term_string}\"},\"query-input\":{\"@type\":\"PropertyValueSpecification\",\"valueRequired\":true,\"valueName\":\"search_term_string\"}}],\"inLanguage\":\"fr-FR\"}]}<\/script>\n<!-- \/ Yoast SEO plugin. -->","yoast_head_json":{"title":"Acheter Rangement - Renouveau Horreur \u00e0 Arkham \u2122 - Configuration Mixte - GOZU ZONE - Jeux et Accessoires","description":"Pour organiser Horreur \u00e0 Arkham avec ses extensions dans la boites de base et ainsi prot\u00e9ger votre jeu favoris et gagner du temps lors de l'installation","robots":{"index":"index","follow":"follow","max-snippet":"max-snippet:-1","max-image-preview":"max-image-preview:large","max-video-preview":"max-video-preview:-1"},"canonical":"http:\/\/pro.gozu.zone\/?product=rangement-renouveau-horreur-a-arkham-configuration-mixte","og_locale":"fr_FR","og_type":"article","og_title":"Acheter Rangement - Renouveau Horreur \u00e0 Arkham \u2122 - Configuration Mixte - GOZU ZONE - Jeux et Accessoires","og_description":"Pour organiser Horreur \u00e0 Arkham avec ses extensions dans la boites de base et ainsi prot\u00e9ger votre jeu favoris et gagner du temps lors de l'installation","og_url":"http:\/\/pro.gozu.zone\/?product=rangement-renouveau-horreur-a-arkham-configuration-mixte","og_site_name":"GOZU ZONE","article_publisher":"https:\/\/www.facebook.com\/gozuzone\/","article_modified_time":"2025-03-26T09:52:09+00:00","og_image":[{"width":640,"height":640,"url":"https:\/\/gozu.zone\/wp-content\/uploads\/2018\/08\/rangement-renouveau-configuration-mixte-1.jpg","type":"image\/jpeg"}],"twitter_card":"summary_large_image","twitter_site":"@gozuzone","twitter_misc":{"Dur\u00e9e de lecture estim\u00e9e":"2 minutes"},"schema":{"@context":"https:\/\/schema.org","@graph":[{"@type":"WebPage","@id":"https:\/\/gozu.zone\/?product=rangement-renouveau-horreur-a-arkham-configuration-mixte","url":"http:\/\/pro.gozu.zone\/?product=rangement-renouveau-horreur-a-arkham-configuration-mixte","name":"Acheter Rangement - Renouveau Horreur \u00e0 Arkham \u2122 - Configuration Mixte - GOZU ZONE - Jeux et Accessoires","isPartOf":{"@id":"https:\/\/gozu.zone\/#website"},"primaryImageOfPage":{"@id":"http:\/\/pro.gozu.zone\/?product=rangement-renouveau-horreur-a-arkham-configuration-mixte#primaryimage"},"image":{"@id":"http:\/\/pro.gozu.zone\/?product=rangement-renouveau-horreur-a-arkham-configuration-mixte#primaryimage"},"thumbnailUrl":"https:\/\/gozu.zone\/wp-content\/uploads\/2018\/08\/rangement-renouveau-configuration-mixte-1.jpg","datePublished":"2018-08-26T17:11:44+00:00","dateModified":"2025-03-26T09:52:09+00:00","description":"Pour organiser Horreur \u00e0 Arkham avec ses extensions dans la boites de base et ainsi prot\u00e9ger votre jeu favoris et gagner du temps lors de l'installation","breadcrumb":{"@id":"http:\/\/pro.gozu.zone\/?product=rangement-renouveau-horreur-a-arkham-configuration-mixte#breadcrumb"},"inLanguage":"fr-FR","potentialAction":[{"@type":"ReadAction","target":["http:\/\/pro.gozu.zone\/?product=rangement-renouveau-horreur-a-arkham-configuration-mixte"]}]},{"@type":"ImageObject","inLanguage":"fr-FR","@id":"http:\/\/pro.gozu.zone\/?product=rangement-renouveau-horreur-a-arkham-configuration-mixte#primaryimage","url":"https:\/\/gozu.zone\/wp-content\/uploads\/2018\/08\/rangement-renouveau-configuration-mixte-1.jpg","contentUrl":"https:\/\/gozu.zone\/wp-content\/uploads\/2018\/08\/rangement-renouveau-configuration-mixte-1.jpg","width":640,"height":640,"caption":"rangement-renouveau-configuration-mixte"},{"@type":"BreadcrumbList","@id":"http:\/\/pro.gozu.zone\/?product=rangement-renouveau-horreur-a-arkham-configuration-mixte#breadcrumb","itemListElement":[{"@type":"ListItem","position":1,"name":"Accueil","item":"https:\/\/gozu.zone\/"},{"@type":"ListItem","position":2,"name":"BOUTIQUE","item":"https:\/\/gozu.zone\/?page_id=308"},{"@type":"ListItem","position":3,"name":"Rangement &#8211; Renouveau Horreur \u00e0 Arkham \u2122 &#8211; Configuration Mixte"}]},{"@type":"WebSite","@id":"https:\/\/gozu.zone\/#website","url":"https:\/\/gozu.zone\/","name":"GOZU ZONE","description":"Toujours plus pour vos jeux","potentialAction":[{"@type":"SearchAction","target":{"@type":"EntryPoint","urlTemplate":"https:\/\/gozu.zone\/?s={search_term_string}"},"query-input":{"@type":"PropertyValueSpecification","valueRequired":true,"valueName":"search_term_string"}}],"inLanguage":"fr-FR"}]}},"_links":{"self":[{"href":"https:\/\/gozu.zone\/index.php?rest_route=\/wp\/v2\/product\/8261","targetHints":{"allow":["GET"]}}],"collection":[{"href":"https:\/\/gozu.zone\/index.php?rest_route=\/wp\/v2\/product"}],"about":[{"href":"https:\/\/gozu.zone\/index.php?rest_route=\/wp\/v2\/types\/product"}],"replies":[{"embeddable":true,"href":"https:\/\/gozu.zone\/index.php?rest_route=%2Fwp%2Fv2%2Fcomments&post=8261"}],"wp:featuredmedia":[{"embeddable":true,"href":"https:\/\/gozu.zone\/index.php?rest_route=\/wp\/v2\/media\/15820"}],"wp:attachment":[{"href":"https:\/\/gozu.zone\/index.php?rest_route=%2Fwp%2Fv2%2Fmedia&parent=8261"}],"wp:term":[{"taxonomy":"product_brand","embeddable":true,"href":"https:\/\/gozu.zone\/index.php?rest_route=%2Fwp%2Fv2%2Fproduct_brand&post=8261"},{"taxonomy":"product_cat","embeddable":true,"href":"https:\/\/gozu.zone\/index.php?rest_route=%2Fwp%2Fv2%2Fproduct_cat&post=8261"},{"taxonomy":"product_tag","embeddable":true,"href":"https:\/\/gozu.zone\/index.php?rest_route=%2Fwp%2Fv2%2Fproduct_tag&post=8261"}],"curies":[{"name":"wp","href":"https:\/\/api.w.org\/{rel}","templated":true}]}}