{"id":8343,"date":"2018-09-15T08:20:55","date_gmt":"2018-09-15T08:20:55","guid":{"rendered":"https:\/\/gozu.zone\/?post_type=product&#038;p=8343"},"modified":"2019-05-30T18:24:30","modified_gmt":"2019-05-30T18:24:30","slug":"alien-artifacts","status":"publish","type":"product","link":"https:\/\/gozu.zone\/?product=alien-artifacts","title":{"rendered":"ALIEN ARTIFACTS"},"content":{"rendered":"<p>L\u2019humanit\u00e9 s\u2019est ru\u00e9e vers l\u2019espace, explorant des contr\u00e9es lointaines et d\u00e9veloppant savoirs, cultures et civilisations. La d\u00e9couverte d\u2019artefacts provenant d\u2019une race alien a acc\u00e9l\u00e9r\u00e9 ce d\u00e9veloppement et a sem\u00e9 la discorde parmi les factions.<\/p>\n<p>&nbsp;<\/p>\n<h2>Aper\u00e7u de ALIEN ARTIFACTS :<\/h2>\n<p style=\"text-align: center;\"><iframe loading=\"lazy\" src=\"https:\/\/www.youtube.com\/embed\/yaTIdgrb3Ws\" width=\"560\" height=\"315\" frameborder=\"0\" allowfullscreen=\"allowfullscreen\"><\/iframe><\/p>\n<div class=\"disclaimer material\">\n<h2>Contenu de ALIEN ARTIFACTS :<\/h2>\n<ul>\n<li>240 cartes (40 technologies, 40 vaisseaux, 40 plan\u00e8tes, 16 artefacts Alien, 83 ressources, 10 plans de d\u00e9fense, 5 syst\u00e8mes Alien, 6 factions)<\/li>\n<li>7 plateaux (6 factions, 1 score)<\/li>\n<li>49 jetons (38 blocus, 10 en bois, 1 premier Joueur)<\/li>\n<li>6 tuiles (5 aides de jeu, 1 plan de d\u00e9fense de base)<\/li>\n<li>1 marqueur de tour<\/li>\n<\/ul>\n<\/div>\n","protected":false},"excerpt":{"rendered":"Alien Artifacts est un jeu de cartes situ\u00e9 dans un monde de science-fiction dans lequel les joueurs sont \u00e0 la t\u00eate de factions interstellaire\n<ul>\n<li><b>\u00e2ge :<\/b> 14 ans et +<\/li>\n<li><b>dur\u00e9e :<\/b> 60 min<\/li>\n<li><b>nb joueurs:<\/b> 2 \u00e0 5<\/li>\n<\/ul>\n<p><span style=\"color: #ff0000;\"><b><\/b><\/span><\/p>\n","protected":false},"featured_media":8346,"comment_status":"open","ping_status":"closed","template":"","meta":{"_acf_changed":false},"product_brand":[],"product_cat":[324,323],"product_tag":[336,177,516,380,566],"class_list":{"0":"post-8343","1":"product","2":"type-product","3":"status-publish","4":"has-post-thumbnail","6":"product_cat-experts","7":"product_cat-jeux","8":"product_tag-affrontement","9":"product_tag-cartes","10":"product_tag-draft","11":"product_tag-exploration","12":"product_tag-science-fiction","13":"product_shipping_class-livraisonstandard_colis","15":"first","16":"instock","17":"sale","18":"taxable","19":"shipping-taxable","20":"purchasable","21":"product-type-simple"},"acf":[],"yoast_head":"<!-- This site is optimized with the Yoast SEO plugin v25.3 - https:\/\/yoast.com\/wordpress\/plugins\/seo\/ -->\n<title>Acheter ALIEN ARTIFACTS - GOZU ZONE - Jeux et Accessoires<\/title>\n<meta name=\"robots\" content=\"index, follow, max-snippet:-1, max-image-preview:large, max-video-preview:-1\" \/>\n<link rel=\"canonical\" href=\"https:\/\/gozu.zone\/?product=alien-artifacts\" \/>\n<meta property=\"og:locale\" content=\"fr_FR\" \/>\n<meta property=\"og:type\" content=\"article\" \/>\n<meta property=\"og:title\" content=\"Acheter ALIEN ARTIFACTS - GOZU ZONE - Jeux et Accessoires\" \/>\n<meta property=\"og:description\" content=\"\u00e2ge :   dur\u00e9e :   nb joueurs:\" \/>\n<meta property=\"og:url\" content=\"https:\/\/gozu.zone\/?product=alien-artifacts\" \/>\n<meta property=\"og:site_name\" content=\"GOZU ZONE\" \/>\n<meta property=\"article:publisher\" content=\"https:\/\/www.facebook.com\/gozuzone\/\" \/>\n<meta property=\"article:modified_time\" content=\"2019-05-30T18:24:30+00:00\" \/>\n<meta property=\"og:image\" content=\"https:\/\/gozu.zone\/wp-content\/uploads\/2018\/09\/alien-artifacts.jpg\" \/>\n\t<meta property=\"og:image:width\" content=\"640\" \/>\n\t<meta property=\"og:image:height\" content=\"640\" \/>\n\t<meta property=\"og:image:type\" content=\"image\/jpeg\" \/>\n<meta name=\"twitter:card\" content=\"summary_large_image\" \/>\n<meta name=\"twitter:site\" content=\"@gozuzone\" \/>\n<script type=\"application\/ld+json\" class=\"yoast-schema-graph\">{\"@context\":\"https:\/\/schema.org\",\"@graph\":[{\"@type\":\"WebPage\",\"@id\":\"https:\/\/gozu.zone\/?product=alien-artifacts\",\"url\":\"https:\/\/gozu.zone\/?product=alien-artifacts\",\"name\":\"Acheter ALIEN ARTIFACTS - GOZU ZONE - Jeux et Accessoires\",\"isPartOf\":{\"@id\":\"https:\/\/gozu.zone\/#website\"},\"primaryImageOfPage\":{\"@id\":\"https:\/\/gozu.zone\/?product=alien-artifacts#primaryimage\"},\"image\":{\"@id\":\"https:\/\/gozu.zone\/?product=alien-artifacts#primaryimage\"},\"thumbnailUrl\":\"https:\/\/gozu.zone\/wp-content\/uploads\/2018\/09\/alien-artifacts.jpg\",\"datePublished\":\"2018-09-15T08:20:55+00:00\",\"dateModified\":\"2019-05-30T18:24:30+00:00\",\"breadcrumb\":{\"@id\":\"https:\/\/gozu.zone\/?product=alien-artifacts#breadcrumb\"},\"inLanguage\":\"fr-FR\",\"potentialAction\":[{\"@type\":\"ReadAction\",\"target\":[\"https:\/\/gozu.zone\/?product=alien-artifacts\"]}]},{\"@type\":\"ImageObject\",\"inLanguage\":\"fr-FR\",\"@id\":\"https:\/\/gozu.zone\/?product=alien-artifacts#primaryimage\",\"url\":\"https:\/\/gozu.zone\/wp-content\/uploads\/2018\/09\/alien-artifacts.jpg\",\"contentUrl\":\"https:\/\/gozu.zone\/wp-content\/uploads\/2018\/09\/alien-artifacts.jpg\",\"width\":640,\"height\":640},{\"@type\":\"BreadcrumbList\",\"@id\":\"https:\/\/gozu.zone\/?product=alien-artifacts#breadcrumb\",\"itemListElement\":[{\"@type\":\"ListItem\",\"position\":1,\"name\":\"Accueil\",\"item\":\"https:\/\/gozu.zone\/\"},{\"@type\":\"ListItem\",\"position\":2,\"name\":\"BOUTIQUE\",\"item\":\"https:\/\/gozu.zone\/?page_id=308\"},{\"@type\":\"ListItem\",\"position\":3,\"name\":\"ALIEN ARTIFACTS\"}]},{\"@type\":\"WebSite\",\"@id\":\"https:\/\/gozu.zone\/#website\",\"url\":\"https:\/\/gozu.zone\/\",\"name\":\"GOZU ZONE\",\"description\":\"Toujours plus pour vos jeux\",\"potentialAction\":[{\"@type\":\"SearchAction\",\"target\":{\"@type\":\"EntryPoint\",\"urlTemplate\":\"https:\/\/gozu.zone\/?s={search_term_string}\"},\"query-input\":{\"@type\":\"PropertyValueSpecification\",\"valueRequired\":true,\"valueName\":\"search_term_string\"}}],\"inLanguage\":\"fr-FR\"}]}<\/script>\n<!-- \/ Yoast SEO plugin. -->","yoast_head_json":{"title":"Acheter ALIEN ARTIFACTS - GOZU ZONE - Jeux et Accessoires","robots":{"index":"index","follow":"follow","max-snippet":"max-snippet:-1","max-image-preview":"max-image-preview:large","max-video-preview":"max-video-preview:-1"},"canonical":"https:\/\/gozu.zone\/?product=alien-artifacts","og_locale":"fr_FR","og_type":"article","og_title":"Acheter ALIEN ARTIFACTS - GOZU ZONE - Jeux et Accessoires","og_description":"\u00e2ge :   dur\u00e9e :   nb joueurs:","og_url":"https:\/\/gozu.zone\/?product=alien-artifacts","og_site_name":"GOZU ZONE","article_publisher":"https:\/\/www.facebook.com\/gozuzone\/","article_modified_time":"2019-05-30T18:24:30+00:00","og_image":[{"width":640,"height":640,"url":"https:\/\/gozu.zone\/wp-content\/uploads\/2018\/09\/alien-artifacts.jpg","type":"image\/jpeg"}],"twitter_card":"summary_large_image","twitter_site":"@gozuzone","schema":{"@context":"https:\/\/schema.org","@graph":[{"@type":"WebPage","@id":"https:\/\/gozu.zone\/?product=alien-artifacts","url":"https:\/\/gozu.zone\/?product=alien-artifacts","name":"Acheter ALIEN ARTIFACTS - GOZU ZONE - Jeux et Accessoires","isPartOf":{"@id":"https:\/\/gozu.zone\/#website"},"primaryImageOfPage":{"@id":"https:\/\/gozu.zone\/?product=alien-artifacts#primaryimage"},"image":{"@id":"https:\/\/gozu.zone\/?product=alien-artifacts#primaryimage"},"thumbnailUrl":"https:\/\/gozu.zone\/wp-content\/uploads\/2018\/09\/alien-artifacts.jpg","datePublished":"2018-09-15T08:20:55+00:00","dateModified":"2019-05-30T18:24:30+00:00","breadcrumb":{"@id":"https:\/\/gozu.zone\/?product=alien-artifacts#breadcrumb"},"inLanguage":"fr-FR","potentialAction":[{"@type":"ReadAction","target":["https:\/\/gozu.zone\/?product=alien-artifacts"]}]},{"@type":"ImageObject","inLanguage":"fr-FR","@id":"https:\/\/gozu.zone\/?product=alien-artifacts#primaryimage","url":"https:\/\/gozu.zone\/wp-content\/uploads\/2018\/09\/alien-artifacts.jpg","contentUrl":"https:\/\/gozu.zone\/wp-content\/uploads\/2018\/09\/alien-artifacts.jpg","width":640,"height":640},{"@type":"BreadcrumbList","@id":"https:\/\/gozu.zone\/?product=alien-artifacts#breadcrumb","itemListElement":[{"@type":"ListItem","position":1,"name":"Accueil","item":"https:\/\/gozu.zone\/"},{"@type":"ListItem","position":2,"name":"BOUTIQUE","item":"https:\/\/gozu.zone\/?page_id=308"},{"@type":"ListItem","position":3,"name":"ALIEN ARTIFACTS"}]},{"@type":"WebSite","@id":"https:\/\/gozu.zone\/#website","url":"https:\/\/gozu.zone\/","name":"GOZU ZONE","description":"Toujours plus pour vos jeux","potentialAction":[{"@type":"SearchAction","target":{"@type":"EntryPoint","urlTemplate":"https:\/\/gozu.zone\/?s={search_term_string}"},"query-input":{"@type":"PropertyValueSpecification","valueRequired":true,"valueName":"search_term_string"}}],"inLanguage":"fr-FR"}]}},"_links":{"self":[{"href":"https:\/\/gozu.zone\/index.php?rest_route=\/wp\/v2\/product\/8343","targetHints":{"allow":["GET"]}}],"collection":[{"href":"https:\/\/gozu.zone\/index.php?rest_route=\/wp\/v2\/product"}],"about":[{"href":"https:\/\/gozu.zone\/index.php?rest_route=\/wp\/v2\/types\/product"}],"replies":[{"embeddable":true,"href":"https:\/\/gozu.zone\/index.php?rest_route=%2Fwp%2Fv2%2Fcomments&post=8343"}],"wp:featuredmedia":[{"embeddable":true,"href":"https:\/\/gozu.zone\/index.php?rest_route=\/wp\/v2\/media\/8346"}],"wp:attachment":[{"href":"https:\/\/gozu.zone\/index.php?rest_route=%2Fwp%2Fv2%2Fmedia&parent=8343"}],"wp:term":[{"taxonomy":"product_brand","embeddable":true,"href":"https:\/\/gozu.zone\/index.php?rest_route=%2Fwp%2Fv2%2Fproduct_brand&post=8343"},{"taxonomy":"product_cat","embeddable":true,"href":"https:\/\/gozu.zone\/index.php?rest_route=%2Fwp%2Fv2%2Fproduct_cat&post=8343"},{"taxonomy":"product_tag","embeddable":true,"href":"https:\/\/gozu.zone\/index.php?rest_route=%2Fwp%2Fv2%2Fproduct_tag&post=8343"}],"curies":[{"name":"wp","href":"https:\/\/api.w.org\/{rel}","templated":true}]}}