{"id":8351,"date":"2018-09-15T11:49:19","date_gmt":"2018-09-15T11:49:19","guid":{"rendered":"https:\/\/gozu.zone\/?post_type=product&#038;p=8351"},"modified":"2019-05-30T18:24:30","modified_gmt":"2019-05-30T18:24:30","slug":"xian","status":"publish","type":"product","link":"https:\/\/gozu.zone\/?product=xian","title":{"rendered":"Xi&rsquo;An"},"content":{"rendered":"<p>D\u00e9l\u00e9gu\u00e9 du futur Empereur Ying Zheng, vous \u00eates charg\u00e9 d\u2019accomplir une t\u00e2che aussi titanesque qu\u2019honorifique. Il vous revient de cr\u00e9er une arm\u00e9e en terre cuite qui prot\u00e8gera la dynastie Qin dans son grand mausol\u00e9e. Menez vos ouvriers et vos assistants d\u2019une main de fer. Obtenez des ressources qui serviront \u00e0 orner et armer les statues de l\u2019arm\u00e9e de l\u2019au-del\u00e0. Qui r\u00e9pondra le mieux aux requ\u00eate de l\u2019Empereur ?<\/p>\n<p>Seul celui qui aura le plus de points de Prestige entrera dans l\u2019Histoire.<\/p>\n<h2>Aper\u00e7u de Xi&rsquo;An :<\/h2>\n<p style=\"text-align: center;\"><iframe loading=\"lazy\" src=\"https:\/\/www.youtube.com\/embed\/KRbAHfprGRg\" width=\"560\" height=\"315\" frameborder=\"0\" allowfullscreen=\"allowfullscreen\"><\/iframe><\/p>\n<div class=\"disclaimer material\">\n<h2>Contenu de Xi&rsquo;An :<\/h2>\n<ul>\n<li>1 plateau de jeu<\/li>\n<li>\u00a0\u00a0\u00a0 96 cartes de travailleur<\/li>\n<li>\u00a0\u00a0\u00a0 24 cartes d&rsquo;\u00e9quipement<\/li>\n<li>\u00a0\u00a0\u00a0 30 blocs d&rsquo;argile<\/li>\n<li>\u00a0\u00a0\u00a0 25 pi\u00e8ces<\/li>\n<li>\u00a0\u00a0\u00a0 24 pigments color\u00e9s<\/li>\n<li>\u00a0\u00a0\u00a0 12 jetons de demande d&#8217;empereur<\/li>\n<li>\u00a0\u00a0\u00a0 Jetons 8 joueurs<\/li>\n<li>\u00a0\u00a0\u00a0 8 ma\u00eetres constructeurs<\/li>\n<li>\u00a0\u00a0\u00a0 6 mini-planches \u00e0 double face<\/li>\n<li>\u00a0\u00a0\u00a0 4 tuiles de construction<\/li>\n<li>\u00a0\u00a0\u00a0 36 guerriers<\/li>\n<li>\u00a0\u00a0\u00a0 8 jetons de signature<\/li>\n<li>\u00a0\u00a0\u00a0 28 carreaux de mausol\u00e9e<\/li>\n<li>\u00a0\u00a0\u00a0 1 Premier ministre pion<\/li>\n<\/ul>\n<\/div>\n","protected":false},"excerpt":{"rendered":"Pour une princesse d\u00e9sirant s\u2019\u00e9vader, la cit\u00e9 interdite peut vite devenir un labyrinthe o\u00f9 les jeux de miroirs dissimulent autant d\u2019issues que de pi\u00e8ges !\n<ul>\n<li><b>\u00e2ge :<\/b> 14 ans et +<\/li>\n<li><b>dur\u00e9e :<\/b> 45 min<\/li>\n<li><b>nb joueurs:<\/b> 2 \u00e0 4<\/li>\n<\/ul>\n<p><span style=\"color: #ff0000;\"><b><\/b><\/span><\/p>\n","protected":false},"featured_media":8353,"comment_status":"open","ping_status":"closed","template":"","meta":{"_acf_changed":false},"product_brand":[],"product_cat":[324,323],"product_tag":[345,344],"class_list":{"0":"post-8351","1":"product","2":"type-product","3":"status-publish","4":"has-post-thumbnail","6":"product_cat-experts","7":"product_cat-jeux","8":"product_tag-asie","9":"product_tag-placement","10":"product_shipping_class-livraisonstandard_colis","12":"first","13":"instock","14":"sale","15":"taxable","16":"shipping-taxable","17":"purchasable","18":"product-type-simple"},"acf":[],"yoast_head":"<!-- This site is optimized with the Yoast SEO plugin v25.3 - https:\/\/yoast.com\/wordpress\/plugins\/seo\/ -->\n<title>Acheter Xi&#039;An - GOZU ZONE - Jeux et Accessoires<\/title>\n<meta name=\"robots\" content=\"index, follow, max-snippet:-1, max-image-preview:large, max-video-preview:-1\" \/>\n<link rel=\"canonical\" href=\"https:\/\/gozu.zone\/?product=xian\" \/>\n<meta property=\"og:locale\" content=\"fr_FR\" \/>\n<meta property=\"og:type\" content=\"article\" \/>\n<meta property=\"og:title\" content=\"Acheter Xi&#039;An - GOZU ZONE - Jeux et Accessoires\" \/>\n<meta property=\"og:description\" content=\"\u00e2ge :   dur\u00e9e :   nb joueurs:\" \/>\n<meta property=\"og:url\" content=\"https:\/\/gozu.zone\/?product=xian\" \/>\n<meta property=\"og:site_name\" content=\"GOZU ZONE\" \/>\n<meta property=\"article:publisher\" content=\"https:\/\/www.facebook.com\/gozuzone\/\" \/>\n<meta property=\"article:modified_time\" content=\"2019-05-30T18:24:30+00:00\" \/>\n<meta property=\"og:image\" content=\"https:\/\/gozu.zone\/wp-content\/uploads\/2018\/09\/xian-matagot.jpg\" \/>\n\t<meta property=\"og:image:width\" content=\"640\" \/>\n\t<meta property=\"og:image:height\" content=\"640\" \/>\n\t<meta property=\"og:image:type\" content=\"image\/jpeg\" \/>\n<meta name=\"twitter:card\" content=\"summary_large_image\" \/>\n<meta name=\"twitter:site\" content=\"@gozuzone\" \/>\n<meta name=\"twitter:label1\" content=\"Dur\u00e9e de lecture estim\u00e9e\" \/>\n\t<meta name=\"twitter:data1\" content=\"1 minute\" \/>\n<script type=\"application\/ld+json\" class=\"yoast-schema-graph\">{\"@context\":\"https:\/\/schema.org\",\"@graph\":[{\"@type\":\"WebPage\",\"@id\":\"https:\/\/gozu.zone\/?product=xian\",\"url\":\"https:\/\/gozu.zone\/?product=xian\",\"name\":\"Acheter Xi'An - GOZU ZONE - Jeux et Accessoires\",\"isPartOf\":{\"@id\":\"https:\/\/gozu.zone\/#website\"},\"primaryImageOfPage\":{\"@id\":\"https:\/\/gozu.zone\/?product=xian#primaryimage\"},\"image\":{\"@id\":\"https:\/\/gozu.zone\/?product=xian#primaryimage\"},\"thumbnailUrl\":\"https:\/\/gozu.zone\/wp-content\/uploads\/2018\/09\/xian-matagot.jpg\",\"datePublished\":\"2018-09-15T11:49:19+00:00\",\"dateModified\":\"2019-05-30T18:24:30+00:00\",\"breadcrumb\":{\"@id\":\"https:\/\/gozu.zone\/?product=xian#breadcrumb\"},\"inLanguage\":\"fr-FR\",\"potentialAction\":[{\"@type\":\"ReadAction\",\"target\":[\"https:\/\/gozu.zone\/?product=xian\"]}]},{\"@type\":\"ImageObject\",\"inLanguage\":\"fr-FR\",\"@id\":\"https:\/\/gozu.zone\/?product=xian#primaryimage\",\"url\":\"https:\/\/gozu.zone\/wp-content\/uploads\/2018\/09\/xian-matagot.jpg\",\"contentUrl\":\"https:\/\/gozu.zone\/wp-content\/uploads\/2018\/09\/xian-matagot.jpg\",\"width\":640,\"height\":640},{\"@type\":\"BreadcrumbList\",\"@id\":\"https:\/\/gozu.zone\/?product=xian#breadcrumb\",\"itemListElement\":[{\"@type\":\"ListItem\",\"position\":1,\"name\":\"Accueil\",\"item\":\"https:\/\/gozu.zone\/\"},{\"@type\":\"ListItem\",\"position\":2,\"name\":\"BOUTIQUE\",\"item\":\"https:\/\/gozu.zone\/?page_id=308\"},{\"@type\":\"ListItem\",\"position\":3,\"name\":\"Xi&rsquo;An\"}]},{\"@type\":\"WebSite\",\"@id\":\"https:\/\/gozu.zone\/#website\",\"url\":\"https:\/\/gozu.zone\/\",\"name\":\"GOZU ZONE\",\"description\":\"Toujours plus pour vos jeux\",\"potentialAction\":[{\"@type\":\"SearchAction\",\"target\":{\"@type\":\"EntryPoint\",\"urlTemplate\":\"https:\/\/gozu.zone\/?s={search_term_string}\"},\"query-input\":{\"@type\":\"PropertyValueSpecification\",\"valueRequired\":true,\"valueName\":\"search_term_string\"}}],\"inLanguage\":\"fr-FR\"}]}<\/script>\n<!-- \/ Yoast SEO plugin. -->","yoast_head_json":{"title":"Acheter Xi'An - GOZU ZONE - Jeux et Accessoires","robots":{"index":"index","follow":"follow","max-snippet":"max-snippet:-1","max-image-preview":"max-image-preview:large","max-video-preview":"max-video-preview:-1"},"canonical":"https:\/\/gozu.zone\/?product=xian","og_locale":"fr_FR","og_type":"article","og_title":"Acheter Xi'An - GOZU ZONE - Jeux et Accessoires","og_description":"\u00e2ge :   dur\u00e9e :   nb joueurs:","og_url":"https:\/\/gozu.zone\/?product=xian","og_site_name":"GOZU ZONE","article_publisher":"https:\/\/www.facebook.com\/gozuzone\/","article_modified_time":"2019-05-30T18:24:30+00:00","og_image":[{"width":640,"height":640,"url":"https:\/\/gozu.zone\/wp-content\/uploads\/2018\/09\/xian-matagot.jpg","type":"image\/jpeg"}],"twitter_card":"summary_large_image","twitter_site":"@gozuzone","twitter_misc":{"Dur\u00e9e de lecture estim\u00e9e":"1 minute"},"schema":{"@context":"https:\/\/schema.org","@graph":[{"@type":"WebPage","@id":"https:\/\/gozu.zone\/?product=xian","url":"https:\/\/gozu.zone\/?product=xian","name":"Acheter Xi'An - GOZU ZONE - Jeux et Accessoires","isPartOf":{"@id":"https:\/\/gozu.zone\/#website"},"primaryImageOfPage":{"@id":"https:\/\/gozu.zone\/?product=xian#primaryimage"},"image":{"@id":"https:\/\/gozu.zone\/?product=xian#primaryimage"},"thumbnailUrl":"https:\/\/gozu.zone\/wp-content\/uploads\/2018\/09\/xian-matagot.jpg","datePublished":"2018-09-15T11:49:19+00:00","dateModified":"2019-05-30T18:24:30+00:00","breadcrumb":{"@id":"https:\/\/gozu.zone\/?product=xian#breadcrumb"},"inLanguage":"fr-FR","potentialAction":[{"@type":"ReadAction","target":["https:\/\/gozu.zone\/?product=xian"]}]},{"@type":"ImageObject","inLanguage":"fr-FR","@id":"https:\/\/gozu.zone\/?product=xian#primaryimage","url":"https:\/\/gozu.zone\/wp-content\/uploads\/2018\/09\/xian-matagot.jpg","contentUrl":"https:\/\/gozu.zone\/wp-content\/uploads\/2018\/09\/xian-matagot.jpg","width":640,"height":640},{"@type":"BreadcrumbList","@id":"https:\/\/gozu.zone\/?product=xian#breadcrumb","itemListElement":[{"@type":"ListItem","position":1,"name":"Accueil","item":"https:\/\/gozu.zone\/"},{"@type":"ListItem","position":2,"name":"BOUTIQUE","item":"https:\/\/gozu.zone\/?page_id=308"},{"@type":"ListItem","position":3,"name":"Xi&rsquo;An"}]},{"@type":"WebSite","@id":"https:\/\/gozu.zone\/#website","url":"https:\/\/gozu.zone\/","name":"GOZU ZONE","description":"Toujours plus pour vos jeux","potentialAction":[{"@type":"SearchAction","target":{"@type":"EntryPoint","urlTemplate":"https:\/\/gozu.zone\/?s={search_term_string}"},"query-input":{"@type":"PropertyValueSpecification","valueRequired":true,"valueName":"search_term_string"}}],"inLanguage":"fr-FR"}]}},"_links":{"self":[{"href":"https:\/\/gozu.zone\/index.php?rest_route=\/wp\/v2\/product\/8351","targetHints":{"allow":["GET"]}}],"collection":[{"href":"https:\/\/gozu.zone\/index.php?rest_route=\/wp\/v2\/product"}],"about":[{"href":"https:\/\/gozu.zone\/index.php?rest_route=\/wp\/v2\/types\/product"}],"replies":[{"embeddable":true,"href":"https:\/\/gozu.zone\/index.php?rest_route=%2Fwp%2Fv2%2Fcomments&post=8351"}],"wp:featuredmedia":[{"embeddable":true,"href":"https:\/\/gozu.zone\/index.php?rest_route=\/wp\/v2\/media\/8353"}],"wp:attachment":[{"href":"https:\/\/gozu.zone\/index.php?rest_route=%2Fwp%2Fv2%2Fmedia&parent=8351"}],"wp:term":[{"taxonomy":"product_brand","embeddable":true,"href":"https:\/\/gozu.zone\/index.php?rest_route=%2Fwp%2Fv2%2Fproduct_brand&post=8351"},{"taxonomy":"product_cat","embeddable":true,"href":"https:\/\/gozu.zone\/index.php?rest_route=%2Fwp%2Fv2%2Fproduct_cat&post=8351"},{"taxonomy":"product_tag","embeddable":true,"href":"https:\/\/gozu.zone\/index.php?rest_route=%2Fwp%2Fv2%2Fproduct_tag&post=8351"}],"curies":[{"name":"wp","href":"https:\/\/api.w.org\/{rel}","templated":true}]}}