{"id":8390,"date":"2018-09-16T19:20:11","date_gmt":"2018-09-16T19:20:11","guid":{"rendered":"https:\/\/gozu.zone\/?post_type=product&#038;p=8390"},"modified":"2025-02-01T14:53:40","modified_gmt":"2025-02-01T14:53:40","slug":"x-wing-2-0-y-wing-btl-a4","status":"publish","type":"product","link":"https:\/\/gozu.zone\/?product=x-wing-2-0-y-wing-btl-a4","title":{"rendered":"X-Wing 2.0 &#8211; Y-wing BTL-A4"},"content":{"rendered":"<p>Renouvelez et intensifiez vos parties de\u00a0<strong><em>Star Wars : X-Wing<\/em><\/strong>\u00a0!<\/p>\n<p>Le Y-wing BTL-A4 est l\u2019un des piliers des forces de la R\u00e9bellion. Produit par Koensayr lors de la Guerre des Clones, cet appareil d\u00e9suet a \u00e9t\u00e9 maintenu en service par les m\u00e9caniciens de l\u2019Alliance \u00e0 cause de sa robustesse et de son adaptabilit\u00e9 \u00e0 tout type d\u2019armement.<\/p>\n<p>Ce paquet d\u2019extension inclut tout ce dont vous avez besoin pour ajouter 1 Y-wing BTL-A4 \u00e0 vos parties<\/p>\n<h2>Aper\u00e7u de X-Wing &#8211; Le Jeu de Figurines 2.0 :<\/h2>\n<p>&nbsp;<\/p>\n<p style=\"text-align: center;\"><iframe loading=\"lazy\" src=\"https:\/\/www.youtube.com\/embed\/d7QV6sN6GIQ\" width=\"560\" height=\"315\" frameborder=\"0\" allowfullscreen=\"allowfullscreen\"><\/iframe><\/p>\n<div class=\"disclaimer material\">\n<h2>Contenu :<\/h2>\n<ul>\n<li>14 cartes<\/li>\n<li>15 marqueurs<\/li>\n<li>1 cadran de man\u0153uvres<\/li>\n<li>1 vaisseau en plastique peint avec socle et fixations<\/li>\n<\/ul>\n<\/div>\n","protected":false},"excerpt":{"rendered":"Renouvelez et intensifiez vos parties de Star Wars : X-Wing !\n<ul>\n<li><b>\u00e2ge :<\/b> 10 ans et +<\/li>\n<li><b>dur\u00e9e :<\/b> 30 \u00e0  60min<\/li>\n<li><b>nb joueurs:<\/b> 2<\/li>\n<\/ul>\n<p><span style=\"color: #ff0000;\"><b><\/b><\/span><\/p>\n","protected":false},"featured_media":8391,"comment_status":"open","ping_status":"closed","template":"","meta":{"_acf_changed":false},"product_brand":[],"product_cat":[323,701,324],"product_tag":[544,602,566],"class_list":{"0":"post-8390","1":"product","2":"type-product","3":"status-publish","4":"has-post-thumbnail","6":"product_cat-jeux","7":"product_cat-star-wars-x-wing-v2","8":"product_cat-experts","9":"product_tag-figurines","10":"product_tag-programmation","11":"product_tag-science-fiction","12":"product_shipping_class-livraisonstandard_colis","14":"first","15":"outofstock","16":"taxable","17":"shipping-taxable","18":"purchasable","19":"product-type-simple"},"acf":[],"yoast_head":"<!-- This site is optimized with the Yoast SEO plugin v25.3 - https:\/\/yoast.com\/wordpress\/plugins\/seo\/ -->\n<title>Acheter X-Wing 2.0 - Y-wing BTL-A4 - GOZU ZONE - Jeux et Accessoires<\/title>\n<meta name=\"robots\" content=\"index, follow, max-snippet:-1, max-image-preview:large, max-video-preview:-1\" \/>\n<link rel=\"canonical\" href=\"https:\/\/gozu.zone\/?product=x-wing-2-0-y-wing-btl-a4\" \/>\n<meta property=\"og:locale\" content=\"fr_FR\" \/>\n<meta property=\"og:type\" content=\"article\" \/>\n<meta property=\"og:title\" content=\"Acheter X-Wing 2.0 - Y-wing BTL-A4 - GOZU ZONE - Jeux et Accessoires\" \/>\n<meta property=\"og:description\" content=\"\u00e2ge :   dur\u00e9e :   nb joueurs:\" \/>\n<meta property=\"og:url\" content=\"https:\/\/gozu.zone\/?product=x-wing-2-0-y-wing-btl-a4\" \/>\n<meta property=\"og:site_name\" content=\"GOZU ZONE\" \/>\n<meta property=\"article:publisher\" content=\"https:\/\/www.facebook.com\/gozuzone\/\" \/>\n<meta property=\"article:modified_time\" content=\"2025-02-01T14:53:40+00:00\" \/>\n<meta property=\"og:image\" content=\"https:\/\/gozu.zone\/wp-content\/uploads\/2018\/09\/Y-wing-BTL-A4.jpg\" \/>\n\t<meta property=\"og:image:width\" content=\"640\" \/>\n\t<meta property=\"og:image:height\" content=\"640\" \/>\n\t<meta property=\"og:image:type\" content=\"image\/jpeg\" \/>\n<meta name=\"twitter:card\" content=\"summary_large_image\" \/>\n<meta name=\"twitter:site\" content=\"@gozuzone\" \/>\n<meta name=\"twitter:label1\" content=\"Dur\u00e9e de lecture estim\u00e9e\" \/>\n\t<meta name=\"twitter:data1\" content=\"1 minute\" \/>\n<script type=\"application\/ld+json\" class=\"yoast-schema-graph\">{\"@context\":\"https:\/\/schema.org\",\"@graph\":[{\"@type\":\"WebPage\",\"@id\":\"https:\/\/gozu.zone\/?product=x-wing-2-0-y-wing-btl-a4\",\"url\":\"https:\/\/gozu.zone\/?product=x-wing-2-0-y-wing-btl-a4\",\"name\":\"Acheter X-Wing 2.0 - Y-wing BTL-A4 - GOZU ZONE - Jeux et Accessoires\",\"isPartOf\":{\"@id\":\"https:\/\/gozu.zone\/#website\"},\"primaryImageOfPage\":{\"@id\":\"https:\/\/gozu.zone\/?product=x-wing-2-0-y-wing-btl-a4#primaryimage\"},\"image\":{\"@id\":\"https:\/\/gozu.zone\/?product=x-wing-2-0-y-wing-btl-a4#primaryimage\"},\"thumbnailUrl\":\"https:\/\/gozu.zone\/wp-content\/uploads\/2018\/09\/Y-wing-BTL-A4.jpg\",\"datePublished\":\"2018-09-16T19:20:11+00:00\",\"dateModified\":\"2025-02-01T14:53:40+00:00\",\"breadcrumb\":{\"@id\":\"https:\/\/gozu.zone\/?product=x-wing-2-0-y-wing-btl-a4#breadcrumb\"},\"inLanguage\":\"fr-FR\",\"potentialAction\":[{\"@type\":\"ReadAction\",\"target\":[\"https:\/\/gozu.zone\/?product=x-wing-2-0-y-wing-btl-a4\"]}]},{\"@type\":\"ImageObject\",\"inLanguage\":\"fr-FR\",\"@id\":\"https:\/\/gozu.zone\/?product=x-wing-2-0-y-wing-btl-a4#primaryimage\",\"url\":\"https:\/\/gozu.zone\/wp-content\/uploads\/2018\/09\/Y-wing-BTL-A4.jpg\",\"contentUrl\":\"https:\/\/gozu.zone\/wp-content\/uploads\/2018\/09\/Y-wing-BTL-A4.jpg\",\"width\":640,\"height\":640},{\"@type\":\"BreadcrumbList\",\"@id\":\"https:\/\/gozu.zone\/?product=x-wing-2-0-y-wing-btl-a4#breadcrumb\",\"itemListElement\":[{\"@type\":\"ListItem\",\"position\":1,\"name\":\"Accueil\",\"item\":\"https:\/\/gozu.zone\/\"},{\"@type\":\"ListItem\",\"position\":2,\"name\":\"BOUTIQUE\",\"item\":\"https:\/\/gozu.zone\/?page_id=308\"},{\"@type\":\"ListItem\",\"position\":3,\"name\":\"X-Wing 2.0 &#8211; Y-wing BTL-A4\"}]},{\"@type\":\"WebSite\",\"@id\":\"https:\/\/gozu.zone\/#website\",\"url\":\"https:\/\/gozu.zone\/\",\"name\":\"GOZU ZONE\",\"description\":\"Toujours plus pour vos jeux\",\"potentialAction\":[{\"@type\":\"SearchAction\",\"target\":{\"@type\":\"EntryPoint\",\"urlTemplate\":\"https:\/\/gozu.zone\/?s={search_term_string}\"},\"query-input\":{\"@type\":\"PropertyValueSpecification\",\"valueRequired\":true,\"valueName\":\"search_term_string\"}}],\"inLanguage\":\"fr-FR\"}]}<\/script>\n<!-- \/ Yoast SEO plugin. -->","yoast_head_json":{"title":"Acheter X-Wing 2.0 - Y-wing BTL-A4 - GOZU ZONE - Jeux et Accessoires","robots":{"index":"index","follow":"follow","max-snippet":"max-snippet:-1","max-image-preview":"max-image-preview:large","max-video-preview":"max-video-preview:-1"},"canonical":"https:\/\/gozu.zone\/?product=x-wing-2-0-y-wing-btl-a4","og_locale":"fr_FR","og_type":"article","og_title":"Acheter X-Wing 2.0 - Y-wing BTL-A4 - GOZU ZONE - Jeux et Accessoires","og_description":"\u00e2ge :   dur\u00e9e :   nb joueurs:","og_url":"https:\/\/gozu.zone\/?product=x-wing-2-0-y-wing-btl-a4","og_site_name":"GOZU ZONE","article_publisher":"https:\/\/www.facebook.com\/gozuzone\/","article_modified_time":"2025-02-01T14:53:40+00:00","og_image":[{"width":640,"height":640,"url":"https:\/\/gozu.zone\/wp-content\/uploads\/2018\/09\/Y-wing-BTL-A4.jpg","type":"image\/jpeg"}],"twitter_card":"summary_large_image","twitter_site":"@gozuzone","twitter_misc":{"Dur\u00e9e de lecture estim\u00e9e":"1 minute"},"schema":{"@context":"https:\/\/schema.org","@graph":[{"@type":"WebPage","@id":"https:\/\/gozu.zone\/?product=x-wing-2-0-y-wing-btl-a4","url":"https:\/\/gozu.zone\/?product=x-wing-2-0-y-wing-btl-a4","name":"Acheter X-Wing 2.0 - Y-wing BTL-A4 - GOZU ZONE - Jeux et Accessoires","isPartOf":{"@id":"https:\/\/gozu.zone\/#website"},"primaryImageOfPage":{"@id":"https:\/\/gozu.zone\/?product=x-wing-2-0-y-wing-btl-a4#primaryimage"},"image":{"@id":"https:\/\/gozu.zone\/?product=x-wing-2-0-y-wing-btl-a4#primaryimage"},"thumbnailUrl":"https:\/\/gozu.zone\/wp-content\/uploads\/2018\/09\/Y-wing-BTL-A4.jpg","datePublished":"2018-09-16T19:20:11+00:00","dateModified":"2025-02-01T14:53:40+00:00","breadcrumb":{"@id":"https:\/\/gozu.zone\/?product=x-wing-2-0-y-wing-btl-a4#breadcrumb"},"inLanguage":"fr-FR","potentialAction":[{"@type":"ReadAction","target":["https:\/\/gozu.zone\/?product=x-wing-2-0-y-wing-btl-a4"]}]},{"@type":"ImageObject","inLanguage":"fr-FR","@id":"https:\/\/gozu.zone\/?product=x-wing-2-0-y-wing-btl-a4#primaryimage","url":"https:\/\/gozu.zone\/wp-content\/uploads\/2018\/09\/Y-wing-BTL-A4.jpg","contentUrl":"https:\/\/gozu.zone\/wp-content\/uploads\/2018\/09\/Y-wing-BTL-A4.jpg","width":640,"height":640},{"@type":"BreadcrumbList","@id":"https:\/\/gozu.zone\/?product=x-wing-2-0-y-wing-btl-a4#breadcrumb","itemListElement":[{"@type":"ListItem","position":1,"name":"Accueil","item":"https:\/\/gozu.zone\/"},{"@type":"ListItem","position":2,"name":"BOUTIQUE","item":"https:\/\/gozu.zone\/?page_id=308"},{"@type":"ListItem","position":3,"name":"X-Wing 2.0 &#8211; Y-wing BTL-A4"}]},{"@type":"WebSite","@id":"https:\/\/gozu.zone\/#website","url":"https:\/\/gozu.zone\/","name":"GOZU ZONE","description":"Toujours plus pour vos jeux","potentialAction":[{"@type":"SearchAction","target":{"@type":"EntryPoint","urlTemplate":"https:\/\/gozu.zone\/?s={search_term_string}"},"query-input":{"@type":"PropertyValueSpecification","valueRequired":true,"valueName":"search_term_string"}}],"inLanguage":"fr-FR"}]}},"_links":{"self":[{"href":"https:\/\/gozu.zone\/index.php?rest_route=\/wp\/v2\/product\/8390","targetHints":{"allow":["GET"]}}],"collection":[{"href":"https:\/\/gozu.zone\/index.php?rest_route=\/wp\/v2\/product"}],"about":[{"href":"https:\/\/gozu.zone\/index.php?rest_route=\/wp\/v2\/types\/product"}],"replies":[{"embeddable":true,"href":"https:\/\/gozu.zone\/index.php?rest_route=%2Fwp%2Fv2%2Fcomments&post=8390"}],"wp:featuredmedia":[{"embeddable":true,"href":"https:\/\/gozu.zone\/index.php?rest_route=\/wp\/v2\/media\/8391"}],"wp:attachment":[{"href":"https:\/\/gozu.zone\/index.php?rest_route=%2Fwp%2Fv2%2Fmedia&parent=8390"}],"wp:term":[{"taxonomy":"product_brand","embeddable":true,"href":"https:\/\/gozu.zone\/index.php?rest_route=%2Fwp%2Fv2%2Fproduct_brand&post=8390"},{"taxonomy":"product_cat","embeddable":true,"href":"https:\/\/gozu.zone\/index.php?rest_route=%2Fwp%2Fv2%2Fproduct_cat&post=8390"},{"taxonomy":"product_tag","embeddable":true,"href":"https:\/\/gozu.zone\/index.php?rest_route=%2Fwp%2Fv2%2Fproduct_tag&post=8390"}],"curies":[{"name":"wp","href":"https:\/\/api.w.org\/{rel}","templated":true}]}}