{"id":8457,"date":"2018-09-22T08:49:52","date_gmt":"2018-09-22T08:49:52","guid":{"rendered":"https:\/\/gozu.zone\/?post_type=product&#038;p=8457"},"modified":"2024-05-14T16:46:12","modified_gmt":"2024-05-14T16:46:12","slug":"heroes-of-black-reach","status":"publish","type":"product","link":"https:\/\/gozu.zone\/?product=heroes-of-black-reach","title":{"rendered":"Heroes of Black Reach"},"content":{"rendered":"<div>\n<div>\n<div>\n<div>Oubliez tout ce que vous croyez savoir sur la guerre, oubliez le choc des lignes de batailles sur un champ de boue. Votre mission est d\u2019attaquer l\u2019ennemi avant m\u00eame qu\u2019il se rende compte que la guerre a commenc\u00e9, de frapper impitoyablement ce point faible fatal que poss\u00e8de toute arm\u00e9e, mais qu\u2019aucun commandant ne voudra admettre.<\/div>\n<div>\u00a0&#8211; Torias Telion<\/div>\n<div><\/div>\n<div>Sur le monde-ruche de Black Reach, une Waaagh ! ork d\u00e9ferle, mettant en p\u00e9ril ce secteur de la galaxie !<\/div>\n<div>Vous allez bient\u00f4t pouvoir aider les Ultramarines dans leur combat sans merci contre le Seigneur de guerre Zanzag et revivre les aventures guerri\u00e8res du Capitaine Cato Sicarius et du Sergent Scout Torias Telion !<\/div>\n<div><\/div>\n<div>Heroes of Black Reach utilise les m\u00e9caniques de jeu du Heroes System Tactical Scale (Heroes of Normandie, Shadows over Normandie), d\u00e9velopp\u00e9 depuis dix ans, relan\u00e7ant les affrontements entre Orks et Space Marines sur Black Reach !<\/div>\n<div><\/div>\n<div>Ce nouveau th\u00e9\u00e2tre d\u2019affrontement am\u00e8nera avec lui ses nouveaut\u00e9s : bunkers modulables, nouvelles capacit\u00e9s sp\u00e9ciales, nouveau syst\u00e8me de tuiles de renfort, etc&#8230;<\/div>\n<div><\/div>\n<\/div>\n<\/div>\n<p style=\"text-align: center;\">\n<\/div>\n<div class=\"disclaimer material\">\n<h2>Contenu du jeu : Heroes of Black Reach<\/h2>\n<ul>\n<li>1 Livret de r\u00e8gles<\/li>\n<li>1 campagne de 8 sc\u00e9narios<\/li>\n<li>6 tuiles de terrains<\/li>\n<li>El\u00e9ments de terrain<\/li>\n<li>Bunkers<\/li>\n<\/ul>\n<p>Ultramarines units :<\/p>\n<ul>\n<li>Sergeant Telion<\/li>\n<li>Chaplain Elianu Trajan et ses options<\/li>\n<li>Veteran Sergeant Daceus<\/li>\n<li>1 Tactical Squad (Vandar), son Rhino et ses options<\/li>\n<li>1 Scout Squad, son Land Speeder Storm et ses options<\/li>\n<li>1 Predator Tank<\/li>\n<li>1 Razorback Tank<\/li>\n<li>Marqueurs d\u2019Ordre, 50 cartes action, Mat\u00e9riel et Options (Commandement, \u00e9quipement de Vehicule et personnalisations)<\/li>\n<\/ul>\n<p>Orks units :<\/p>\n<ul>\n<li>Goff Warboss Rockbrakah<\/li>\n<li>Snake Bites Weirdboy Gravebrakka et ses pouvoirs psychiques<\/li>\n<li>Evil Suns Mek Grugnoz<\/li>\n<li>Bad Moon Boyz, leur Nobz, leur Trukk, et leurs options<\/li>\n<li>Goff Stormboyz, leur Nobz et leurs options<\/li>\n<li>Goff Nobz leur Trukk, et leurs options<\/li>\n<li>Death Skull Burna Boyz, et leurs options<\/li>\n<li>1 Deff Dread<\/li>\n<li>1 Battlewagon<\/li>\n<li>1 Trukk<\/li>\n<li>1 Warbuggy<\/li>\n<li>1 Mek Gunz<\/li>\n<li>Marqueurs d\u2019Ordre, 50 cartes action, Mat\u00e9riel et Options (Commandement, \u00e9quipement de V\u00e9hicule et personnalisations)<\/li>\n<\/ul>\n<\/div>\n","protected":false},"excerpt":{"rendered":"Heroes of Black Reach utilise les m\u00e9caniques de jeu du Heroes System Tactical Scale, relan\u00e7ant les affrontements entre Orks et Space Marines sur Black Reach !\n<ul>\n<li><b>\u00e2ge :<\/b> 14 ans et +<\/li>\n<li><b>dur\u00e9e :<\/b> 1 \u00e0 2h<\/li>\n<li><b>nb joueurs:<\/b> 2<\/li>\n<\/ul>\n<p><span style=\"color: #ff0000;\"><b><\/b><\/span><\/p>\n","protected":false},"featured_media":8458,"comment_status":"open","ping_status":"closed","template":"","meta":{"_acf_changed":false},"product_brand":[],"product_cat":[324,323,494,333],"product_tag":[706,566],"class_list":{"0":"post-8457","1":"product","2":"type-product","3":"status-publish","4":"has-post-thumbnail","6":"product_cat-experts","7":"product_cat-jeux","8":"product_cat-jeux-de-societe","9":"product_cat-par-types","10":"product_tag-hsts","11":"product_tag-science-fiction","12":"product_shipping_class-livraisonstandard_colis","14":"first","15":"instock","16":"sale","17":"taxable","18":"shipping-taxable","19":"purchasable","20":"product-type-simple"},"acf":[],"yoast_head":"<!-- This site is optimized with the Yoast SEO plugin v25.3 - https:\/\/yoast.com\/wordpress\/plugins\/seo\/ -->\n<title>Acheter Heroes of Black Reach - GOZU ZONE - Jeux et Accessoires<\/title>\n<meta name=\"robots\" content=\"index, follow, max-snippet:-1, max-image-preview:large, max-video-preview:-1\" \/>\n<link rel=\"canonical\" href=\"https:\/\/gozu.zone\/?product=heroes-of-black-reach\" \/>\n<meta property=\"og:locale\" content=\"fr_FR\" \/>\n<meta property=\"og:type\" content=\"article\" \/>\n<meta property=\"og:title\" content=\"Acheter Heroes of Black Reach - GOZU ZONE - Jeux et Accessoires\" \/>\n<meta property=\"og:description\" content=\"\u00e2ge :   dur\u00e9e :   nb joueurs:\" \/>\n<meta property=\"og:url\" content=\"https:\/\/gozu.zone\/?product=heroes-of-black-reach\" \/>\n<meta property=\"og:site_name\" content=\"GOZU ZONE\" \/>\n<meta property=\"article:publisher\" content=\"https:\/\/www.facebook.com\/gozuzone\/\" \/>\n<meta property=\"article:modified_time\" content=\"2024-05-14T16:46:12+00:00\" \/>\n<meta property=\"og:image\" content=\"https:\/\/gozu.zone\/wp-content\/uploads\/2018\/09\/heroes-of-black-reach.jpg\" \/>\n\t<meta property=\"og:image:width\" content=\"480\" \/>\n\t<meta property=\"og:image:height\" content=\"480\" \/>\n\t<meta property=\"og:image:type\" content=\"image\/jpeg\" \/>\n<meta name=\"twitter:card\" content=\"summary_large_image\" \/>\n<meta name=\"twitter:site\" content=\"@gozuzone\" \/>\n<meta name=\"twitter:label1\" content=\"Dur\u00e9e de lecture estim\u00e9e\" \/>\n\t<meta name=\"twitter:data1\" content=\"2 minutes\" \/>\n<script type=\"application\/ld+json\" class=\"yoast-schema-graph\">{\"@context\":\"https:\/\/schema.org\",\"@graph\":[{\"@type\":\"WebPage\",\"@id\":\"https:\/\/gozu.zone\/?product=heroes-of-black-reach\",\"url\":\"https:\/\/gozu.zone\/?product=heroes-of-black-reach\",\"name\":\"Acheter Heroes of Black Reach - GOZU ZONE - Jeux et Accessoires\",\"isPartOf\":{\"@id\":\"https:\/\/gozu.zone\/#website\"},\"primaryImageOfPage\":{\"@id\":\"https:\/\/gozu.zone\/?product=heroes-of-black-reach#primaryimage\"},\"image\":{\"@id\":\"https:\/\/gozu.zone\/?product=heroes-of-black-reach#primaryimage\"},\"thumbnailUrl\":\"https:\/\/gozu.zone\/wp-content\/uploads\/2018\/09\/heroes-of-black-reach.jpg\",\"datePublished\":\"2018-09-22T08:49:52+00:00\",\"dateModified\":\"2024-05-14T16:46:12+00:00\",\"breadcrumb\":{\"@id\":\"https:\/\/gozu.zone\/?product=heroes-of-black-reach#breadcrumb\"},\"inLanguage\":\"fr-FR\",\"potentialAction\":[{\"@type\":\"ReadAction\",\"target\":[\"https:\/\/gozu.zone\/?product=heroes-of-black-reach\"]}]},{\"@type\":\"ImageObject\",\"inLanguage\":\"fr-FR\",\"@id\":\"https:\/\/gozu.zone\/?product=heroes-of-black-reach#primaryimage\",\"url\":\"https:\/\/gozu.zone\/wp-content\/uploads\/2018\/09\/heroes-of-black-reach.jpg\",\"contentUrl\":\"https:\/\/gozu.zone\/wp-content\/uploads\/2018\/09\/heroes-of-black-reach.jpg\",\"width\":480,\"height\":480},{\"@type\":\"BreadcrumbList\",\"@id\":\"https:\/\/gozu.zone\/?product=heroes-of-black-reach#breadcrumb\",\"itemListElement\":[{\"@type\":\"ListItem\",\"position\":1,\"name\":\"Accueil\",\"item\":\"https:\/\/gozu.zone\/\"},{\"@type\":\"ListItem\",\"position\":2,\"name\":\"BOUTIQUE\",\"item\":\"https:\/\/gozu.zone\/?page_id=308\"},{\"@type\":\"ListItem\",\"position\":3,\"name\":\"Heroes of Black Reach\"}]},{\"@type\":\"WebSite\",\"@id\":\"https:\/\/gozu.zone\/#website\",\"url\":\"https:\/\/gozu.zone\/\",\"name\":\"GOZU ZONE\",\"description\":\"Toujours plus pour vos jeux\",\"potentialAction\":[{\"@type\":\"SearchAction\",\"target\":{\"@type\":\"EntryPoint\",\"urlTemplate\":\"https:\/\/gozu.zone\/?s={search_term_string}\"},\"query-input\":{\"@type\":\"PropertyValueSpecification\",\"valueRequired\":true,\"valueName\":\"search_term_string\"}}],\"inLanguage\":\"fr-FR\"}]}<\/script>\n<!-- \/ Yoast SEO plugin. -->","yoast_head_json":{"title":"Acheter Heroes of Black Reach - GOZU ZONE - Jeux et Accessoires","robots":{"index":"index","follow":"follow","max-snippet":"max-snippet:-1","max-image-preview":"max-image-preview:large","max-video-preview":"max-video-preview:-1"},"canonical":"https:\/\/gozu.zone\/?product=heroes-of-black-reach","og_locale":"fr_FR","og_type":"article","og_title":"Acheter Heroes of Black Reach - GOZU ZONE - Jeux et Accessoires","og_description":"\u00e2ge :   dur\u00e9e :   nb joueurs:","og_url":"https:\/\/gozu.zone\/?product=heroes-of-black-reach","og_site_name":"GOZU ZONE","article_publisher":"https:\/\/www.facebook.com\/gozuzone\/","article_modified_time":"2024-05-14T16:46:12+00:00","og_image":[{"width":480,"height":480,"url":"https:\/\/gozu.zone\/wp-content\/uploads\/2018\/09\/heroes-of-black-reach.jpg","type":"image\/jpeg"}],"twitter_card":"summary_large_image","twitter_site":"@gozuzone","twitter_misc":{"Dur\u00e9e de lecture estim\u00e9e":"2 minutes"},"schema":{"@context":"https:\/\/schema.org","@graph":[{"@type":"WebPage","@id":"https:\/\/gozu.zone\/?product=heroes-of-black-reach","url":"https:\/\/gozu.zone\/?product=heroes-of-black-reach","name":"Acheter Heroes of Black Reach - GOZU ZONE - Jeux et Accessoires","isPartOf":{"@id":"https:\/\/gozu.zone\/#website"},"primaryImageOfPage":{"@id":"https:\/\/gozu.zone\/?product=heroes-of-black-reach#primaryimage"},"image":{"@id":"https:\/\/gozu.zone\/?product=heroes-of-black-reach#primaryimage"},"thumbnailUrl":"https:\/\/gozu.zone\/wp-content\/uploads\/2018\/09\/heroes-of-black-reach.jpg","datePublished":"2018-09-22T08:49:52+00:00","dateModified":"2024-05-14T16:46:12+00:00","breadcrumb":{"@id":"https:\/\/gozu.zone\/?product=heroes-of-black-reach#breadcrumb"},"inLanguage":"fr-FR","potentialAction":[{"@type":"ReadAction","target":["https:\/\/gozu.zone\/?product=heroes-of-black-reach"]}]},{"@type":"ImageObject","inLanguage":"fr-FR","@id":"https:\/\/gozu.zone\/?product=heroes-of-black-reach#primaryimage","url":"https:\/\/gozu.zone\/wp-content\/uploads\/2018\/09\/heroes-of-black-reach.jpg","contentUrl":"https:\/\/gozu.zone\/wp-content\/uploads\/2018\/09\/heroes-of-black-reach.jpg","width":480,"height":480},{"@type":"BreadcrumbList","@id":"https:\/\/gozu.zone\/?product=heroes-of-black-reach#breadcrumb","itemListElement":[{"@type":"ListItem","position":1,"name":"Accueil","item":"https:\/\/gozu.zone\/"},{"@type":"ListItem","position":2,"name":"BOUTIQUE","item":"https:\/\/gozu.zone\/?page_id=308"},{"@type":"ListItem","position":3,"name":"Heroes of Black Reach"}]},{"@type":"WebSite","@id":"https:\/\/gozu.zone\/#website","url":"https:\/\/gozu.zone\/","name":"GOZU ZONE","description":"Toujours plus pour vos jeux","potentialAction":[{"@type":"SearchAction","target":{"@type":"EntryPoint","urlTemplate":"https:\/\/gozu.zone\/?s={search_term_string}"},"query-input":{"@type":"PropertyValueSpecification","valueRequired":true,"valueName":"search_term_string"}}],"inLanguage":"fr-FR"}]}},"_links":{"self":[{"href":"https:\/\/gozu.zone\/index.php?rest_route=\/wp\/v2\/product\/8457","targetHints":{"allow":["GET"]}}],"collection":[{"href":"https:\/\/gozu.zone\/index.php?rest_route=\/wp\/v2\/product"}],"about":[{"href":"https:\/\/gozu.zone\/index.php?rest_route=\/wp\/v2\/types\/product"}],"replies":[{"embeddable":true,"href":"https:\/\/gozu.zone\/index.php?rest_route=%2Fwp%2Fv2%2Fcomments&post=8457"}],"wp:featuredmedia":[{"embeddable":true,"href":"https:\/\/gozu.zone\/index.php?rest_route=\/wp\/v2\/media\/8458"}],"wp:attachment":[{"href":"https:\/\/gozu.zone\/index.php?rest_route=%2Fwp%2Fv2%2Fmedia&parent=8457"}],"wp:term":[{"taxonomy":"product_brand","embeddable":true,"href":"https:\/\/gozu.zone\/index.php?rest_route=%2Fwp%2Fv2%2Fproduct_brand&post=8457"},{"taxonomy":"product_cat","embeddable":true,"href":"https:\/\/gozu.zone\/index.php?rest_route=%2Fwp%2Fv2%2Fproduct_cat&post=8457"},{"taxonomy":"product_tag","embeddable":true,"href":"https:\/\/gozu.zone\/index.php?rest_route=%2Fwp%2Fv2%2Fproduct_tag&post=8457"}],"curies":[{"name":"wp","href":"https:\/\/api.w.org\/{rel}","templated":true}]}}