{"id":8562,"date":"2018-10-11T17:31:26","date_gmt":"2018-10-11T17:31:26","guid":{"rendered":"https:\/\/gozu.zone\/?post_type=product&#038;p=8562"},"modified":"2024-12-14T02:36:38","modified_gmt":"2024-12-14T02:36:38","slug":"chronicles-of-crime-vf","status":"publish","type":"product","link":"https:\/\/gozu.zone\/?product=chronicles-of-crime-vf","title":{"rendered":"Chronicles of Crime &#8211; VF"},"content":{"rendered":"<p><a href=\"http:\/\/pro.gozu.zone\/wp-content\/uploads\/2018\/10\/logo_coc.png\"><img loading=\"lazy\" decoding=\"async\" class=\"aligncenter wp-image-8564 size-medium\" src=\"http:\/\/pro.gozu.zone\/wp-content\/uploads\/2018\/10\/logo_coc-300x150.png\" alt=\"\" width=\"300\" height=\"150\" srcset=\"https:\/\/gozu.zone\/wp-content\/uploads\/2018\/10\/logo_coc-300x150.png 300w, https:\/\/gozu.zone\/wp-content\/uploads\/2018\/10\/logo_coc-510x255.png 510w, https:\/\/gozu.zone\/wp-content\/uploads\/2018\/10\/logo_coc-570x285.png 570w, https:\/\/gozu.zone\/wp-content\/uploads\/2018\/10\/logo_coc.png 686w\" sizes=\"auto, (max-width: 300px) 100vw, 300px\" \/><\/a><\/p>\n<div><strong>Chronicles of Crime<\/strong> est un jeu coop\u00e9ratif d&rsquo;investigation polici\u00e8re. Il m\u00e9lange jeu de soci\u00e9t\u00e9 et une application avec une option \u00ab\u00a0R\u00e9alit\u00e9 Virtuelle\u00a0\u00bb.<\/div>\n<div><\/div>\n<div>Imaginez Time Stories, ou Sherlock Homes &#8211; Detective Conseil, mais rejouable. C&rsquo;est la promesse de ce jeu d&rsquo;enqu\u00eate qui repr\u00e9sente les lieux, les personnages et les indices au travers de cartes et d&rsquo;illustrations, mais qui d\u00e9mat\u00e9rialise les histoires. Ainsi, selon l&rsquo;auteur, un personnage peut \u00eatre un journaliste dans un sc\u00e9nario, et une victime dans l&rsquo;autre !<\/div>\n<p>&nbsp;<\/p>\n<h2>R\u00e8gles du jeu Chronicles of Crime<\/h2>\n<p>&nbsp;<\/p>\n<p style=\"text-align: center;\"><iframe loading=\"lazy\" src=\"https:\/\/www.youtube.com\/embed\/p9WkxP4wldg\" width=\"560\" height=\"315\" frameborder=\"0\" allowfullscreen=\"allowfullscreen\"><\/iframe><\/p>\n","protected":false},"excerpt":{"rendered":"Chronicles of Crime est un jeu coop\u00e9ratif d'investigation polici\u00e8re. Il m\u00e9lange jeu de soci\u00e9t\u00e9 et une application avec une option \"R\u00e9alit\u00e9 Virtuelle\".\n<ul>\n<li><b>\u00e2ge :<\/b> 12 ans et +<\/li>\n<li><b>dur\u00e9e :<\/b> 60 \u00e0 90 min<\/li>\n<li><b>nb joueurs:<\/b> 1 \u00e0 4<\/li>\n<\/ul>\n<p><span style=\"color: #ff0000;\"><b><\/b><\/span><\/p>\n","protected":false},"featured_media":8565,"comment_status":"open","ping_status":"closed","template":"","meta":{"_acf_changed":false},"product_brand":[],"product_cat":[560,323,494,361,333],"product_tag":[382,444],"class_list":{"0":"post-8562","1":"product","2":"type-product","3":"status-publish","4":"has-post-thumbnail","6":"product_cat-destockage","7":"product_cat-jeux","8":"product_cat-jeux-de-societe","9":"product_cat-familiaux","10":"product_cat-par-types","11":"product_tag-cooperatif","12":"product_tag-enquete","13":"product_shipping_class-livraisonstandard_colis","15":"first","16":"instock","17":"sale","18":"taxable","19":"shipping-taxable","20":"purchasable","21":"product-type-simple"},"acf":[],"yoast_head":"<!-- This site is optimized with the Yoast SEO plugin v25.3 - https:\/\/yoast.com\/wordpress\/plugins\/seo\/ -->\n<title>Acheter Chronicles of Crime - VF - GOZU ZONE - Jeux et Accessoires<\/title>\n<meta name=\"robots\" content=\"index, follow, max-snippet:-1, max-image-preview:large, max-video-preview:-1\" \/>\n<link rel=\"canonical\" href=\"https:\/\/gozu.zone\/?product=chronicles-of-crime-vf\" \/>\n<meta property=\"og:locale\" content=\"fr_FR\" \/>\n<meta property=\"og:type\" content=\"article\" \/>\n<meta property=\"og:title\" content=\"Acheter Chronicles of Crime - VF - GOZU ZONE - Jeux et Accessoires\" \/>\n<meta property=\"og:description\" content=\"\u00e2ge : dur\u00e9e : nb joueurs:\" \/>\n<meta property=\"og:url\" content=\"https:\/\/gozu.zone\/?product=chronicles-of-crime-vf\" \/>\n<meta property=\"og:site_name\" content=\"GOZU ZONE\" \/>\n<meta property=\"article:publisher\" content=\"https:\/\/www.facebook.com\/gozuzone\/\" \/>\n<meta property=\"article:modified_time\" content=\"2024-12-14T02:36:38+00:00\" \/>\n<meta property=\"og:image\" content=\"https:\/\/gozu.zone\/wp-content\/uploads\/2018\/10\/chronicles-of-crimes.jpg\" \/>\n\t<meta property=\"og:image:width\" content=\"640\" \/>\n\t<meta property=\"og:image:height\" content=\"640\" \/>\n\t<meta property=\"og:image:type\" content=\"image\/jpeg\" \/>\n<meta name=\"twitter:card\" content=\"summary_large_image\" \/>\n<meta name=\"twitter:site\" content=\"@gozuzone\" \/>\n<script type=\"application\/ld+json\" class=\"yoast-schema-graph\">{\"@context\":\"https:\/\/schema.org\",\"@graph\":[{\"@type\":\"WebPage\",\"@id\":\"https:\/\/gozu.zone\/?product=chronicles-of-crime-vf\",\"url\":\"https:\/\/gozu.zone\/?product=chronicles-of-crime-vf\",\"name\":\"Acheter Chronicles of Crime - VF - GOZU ZONE - Jeux et Accessoires\",\"isPartOf\":{\"@id\":\"https:\/\/gozu.zone\/#website\"},\"primaryImageOfPage\":{\"@id\":\"https:\/\/gozu.zone\/?product=chronicles-of-crime-vf#primaryimage\"},\"image\":{\"@id\":\"https:\/\/gozu.zone\/?product=chronicles-of-crime-vf#primaryimage\"},\"thumbnailUrl\":\"https:\/\/gozu.zone\/wp-content\/uploads\/2018\/10\/chronicles-of-crimes.jpg\",\"datePublished\":\"2018-10-11T17:31:26+00:00\",\"dateModified\":\"2024-12-14T02:36:38+00:00\",\"breadcrumb\":{\"@id\":\"https:\/\/gozu.zone\/?product=chronicles-of-crime-vf#breadcrumb\"},\"inLanguage\":\"fr-FR\",\"potentialAction\":[{\"@type\":\"ReadAction\",\"target\":[\"https:\/\/gozu.zone\/?product=chronicles-of-crime-vf\"]}]},{\"@type\":\"ImageObject\",\"inLanguage\":\"fr-FR\",\"@id\":\"https:\/\/gozu.zone\/?product=chronicles-of-crime-vf#primaryimage\",\"url\":\"https:\/\/gozu.zone\/wp-content\/uploads\/2018\/10\/chronicles-of-crimes.jpg\",\"contentUrl\":\"https:\/\/gozu.zone\/wp-content\/uploads\/2018\/10\/chronicles-of-crimes.jpg\",\"width\":640,\"height\":640},{\"@type\":\"BreadcrumbList\",\"@id\":\"https:\/\/gozu.zone\/?product=chronicles-of-crime-vf#breadcrumb\",\"itemListElement\":[{\"@type\":\"ListItem\",\"position\":1,\"name\":\"Accueil\",\"item\":\"https:\/\/gozu.zone\/\"},{\"@type\":\"ListItem\",\"position\":2,\"name\":\"BOUTIQUE\",\"item\":\"https:\/\/gozu.zone\/?page_id=308\"},{\"@type\":\"ListItem\",\"position\":3,\"name\":\"Chronicles of Crime &#8211; VF\"}]},{\"@type\":\"WebSite\",\"@id\":\"https:\/\/gozu.zone\/#website\",\"url\":\"https:\/\/gozu.zone\/\",\"name\":\"GOZU ZONE\",\"description\":\"Toujours plus pour vos jeux\",\"potentialAction\":[{\"@type\":\"SearchAction\",\"target\":{\"@type\":\"EntryPoint\",\"urlTemplate\":\"https:\/\/gozu.zone\/?s={search_term_string}\"},\"query-input\":{\"@type\":\"PropertyValueSpecification\",\"valueRequired\":true,\"valueName\":\"search_term_string\"}}],\"inLanguage\":\"fr-FR\"}]}<\/script>\n<!-- \/ Yoast SEO plugin. -->","yoast_head_json":{"title":"Acheter Chronicles of Crime - VF - GOZU ZONE - Jeux et Accessoires","robots":{"index":"index","follow":"follow","max-snippet":"max-snippet:-1","max-image-preview":"max-image-preview:large","max-video-preview":"max-video-preview:-1"},"canonical":"https:\/\/gozu.zone\/?product=chronicles-of-crime-vf","og_locale":"fr_FR","og_type":"article","og_title":"Acheter Chronicles of Crime - VF - GOZU ZONE - Jeux et Accessoires","og_description":"\u00e2ge : dur\u00e9e : nb joueurs:","og_url":"https:\/\/gozu.zone\/?product=chronicles-of-crime-vf","og_site_name":"GOZU ZONE","article_publisher":"https:\/\/www.facebook.com\/gozuzone\/","article_modified_time":"2024-12-14T02:36:38+00:00","og_image":[{"width":640,"height":640,"url":"https:\/\/gozu.zone\/wp-content\/uploads\/2018\/10\/chronicles-of-crimes.jpg","type":"image\/jpeg"}],"twitter_card":"summary_large_image","twitter_site":"@gozuzone","schema":{"@context":"https:\/\/schema.org","@graph":[{"@type":"WebPage","@id":"https:\/\/gozu.zone\/?product=chronicles-of-crime-vf","url":"https:\/\/gozu.zone\/?product=chronicles-of-crime-vf","name":"Acheter Chronicles of Crime - VF - GOZU ZONE - Jeux et Accessoires","isPartOf":{"@id":"https:\/\/gozu.zone\/#website"},"primaryImageOfPage":{"@id":"https:\/\/gozu.zone\/?product=chronicles-of-crime-vf#primaryimage"},"image":{"@id":"https:\/\/gozu.zone\/?product=chronicles-of-crime-vf#primaryimage"},"thumbnailUrl":"https:\/\/gozu.zone\/wp-content\/uploads\/2018\/10\/chronicles-of-crimes.jpg","datePublished":"2018-10-11T17:31:26+00:00","dateModified":"2024-12-14T02:36:38+00:00","breadcrumb":{"@id":"https:\/\/gozu.zone\/?product=chronicles-of-crime-vf#breadcrumb"},"inLanguage":"fr-FR","potentialAction":[{"@type":"ReadAction","target":["https:\/\/gozu.zone\/?product=chronicles-of-crime-vf"]}]},{"@type":"ImageObject","inLanguage":"fr-FR","@id":"https:\/\/gozu.zone\/?product=chronicles-of-crime-vf#primaryimage","url":"https:\/\/gozu.zone\/wp-content\/uploads\/2018\/10\/chronicles-of-crimes.jpg","contentUrl":"https:\/\/gozu.zone\/wp-content\/uploads\/2018\/10\/chronicles-of-crimes.jpg","width":640,"height":640},{"@type":"BreadcrumbList","@id":"https:\/\/gozu.zone\/?product=chronicles-of-crime-vf#breadcrumb","itemListElement":[{"@type":"ListItem","position":1,"name":"Accueil","item":"https:\/\/gozu.zone\/"},{"@type":"ListItem","position":2,"name":"BOUTIQUE","item":"https:\/\/gozu.zone\/?page_id=308"},{"@type":"ListItem","position":3,"name":"Chronicles of Crime &#8211; VF"}]},{"@type":"WebSite","@id":"https:\/\/gozu.zone\/#website","url":"https:\/\/gozu.zone\/","name":"GOZU ZONE","description":"Toujours plus pour vos jeux","potentialAction":[{"@type":"SearchAction","target":{"@type":"EntryPoint","urlTemplate":"https:\/\/gozu.zone\/?s={search_term_string}"},"query-input":{"@type":"PropertyValueSpecification","valueRequired":true,"valueName":"search_term_string"}}],"inLanguage":"fr-FR"}]}},"_links":{"self":[{"href":"https:\/\/gozu.zone\/index.php?rest_route=\/wp\/v2\/product\/8562","targetHints":{"allow":["GET"]}}],"collection":[{"href":"https:\/\/gozu.zone\/index.php?rest_route=\/wp\/v2\/product"}],"about":[{"href":"https:\/\/gozu.zone\/index.php?rest_route=\/wp\/v2\/types\/product"}],"replies":[{"embeddable":true,"href":"https:\/\/gozu.zone\/index.php?rest_route=%2Fwp%2Fv2%2Fcomments&post=8562"}],"wp:featuredmedia":[{"embeddable":true,"href":"https:\/\/gozu.zone\/index.php?rest_route=\/wp\/v2\/media\/8565"}],"wp:attachment":[{"href":"https:\/\/gozu.zone\/index.php?rest_route=%2Fwp%2Fv2%2Fmedia&parent=8562"}],"wp:term":[{"taxonomy":"product_brand","embeddable":true,"href":"https:\/\/gozu.zone\/index.php?rest_route=%2Fwp%2Fv2%2Fproduct_brand&post=8562"},{"taxonomy":"product_cat","embeddable":true,"href":"https:\/\/gozu.zone\/index.php?rest_route=%2Fwp%2Fv2%2Fproduct_cat&post=8562"},{"taxonomy":"product_tag","embeddable":true,"href":"https:\/\/gozu.zone\/index.php?rest_route=%2Fwp%2Fv2%2Fproduct_tag&post=8562"}],"curies":[{"name":"wp","href":"https:\/\/api.w.org\/{rel}","templated":true}]}}