{"id":8577,"date":"2018-10-13T13:54:12","date_gmt":"2018-10-13T13:54:12","guid":{"rendered":"https:\/\/gozu.zone\/?post_type=product&#038;p=8577"},"modified":"2025-08-20T10:06:52","modified_gmt":"2025-08-20T10:06:52","slug":"orbis","status":"publish","type":"product","link":"https:\/\/gozu.zone\/?product=orbis","title":{"rendered":"Orbis"},"content":{"rendered":"<p>Vous \u00eates un dieu ! Cr\u00e9ez le meilleur des mondes : le v\u00f4tre !<br \/>\nS\u00e9lectionnez les meilleurs terrains et assemblez-les dans votre univers. Choisissez votre dieu pour obtenir le plus de Points de Cr\u00e9ation et gagner la partie !<\/p>\n<p>Dans ce jeu tactique de d\u00e9veloppement et de gestion de ressources, vous incarnez un dieu et vous avez un objectif : cr\u00e9er le meilleur des mondes.<br \/>\nLe but est d\u2019accumuler le plus de Points de Cr\u00e9ation mais \u00e0 la fin de la partie, chacun, perdant comme gagnant, aura cr\u00e9\u00e9 un univers coh\u00e9rent.<\/p>\n<p>Devenez le plus grand des dieux et cr\u00e9ez le meilleur des mondes !<\/p>\n<h2><\/h2>\n<h2>R\u00e8gles du jeu Orbis<\/h2>\n<p style=\"text-align: center;\"><iframe loading=\"lazy\" src=\"https:\/\/www.youtube.com\/embed\/auNF1zPtJ4s\" width=\"560\" height=\"315\" frameborder=\"0\" allowfullscreen=\"allowfullscreen\"><\/iframe><\/p>\n<div class=\"disclaimer material\">\n<h2>Contenu du jeu : Orbis<\/h2>\n<ul>\n<li>10 Tuiles Dieu<\/li>\n<li>65 Tuiles R\u00e9gion<\/li>\n<li>100 Adorateurs<\/li>\n<li>18 Jetons Annulation<\/li>\n<li>5 Jetons R\u00e9duction<\/li>\n<li>5 Jetons Temple<\/li>\n<li>1 R\u00e8gle du jeu<\/li>\n<\/ul>\n<\/div>\n","protected":false},"excerpt":{"rendered":"Unlock! est un jeu de cartes coop\u00e9ratif inspir\u00e9 des escape rooms. Unlock! vous fait vivre ces exp\u00e9riences chez vous, autour d'une table.\n<ul>\n<li><b>\u00e2ge :<\/b> 10\u00a0ans et +<\/li>\n<li><b>dur\u00e9e :<\/b> 30mm<\/li>\n<li><b>nb joueurs:<\/b> 1\u00a0\u00e0 6<\/li>\n<\/ul>\n<p><span style=\"color: #ff0000;\"><b><\/b><\/span><\/p>\n","protected":false},"featured_media":8580,"comment_status":"open","ping_status":"closed","template":"","meta":{"_acf_changed":false},"product_brand":[],"product_cat":[323],"product_tag":[569,335,344],"class_list":{"0":"post-8577","1":"product","2":"type-product","3":"status-publish","4":"has-post-thumbnail","6":"product_cat-jeux","7":"product_tag-construction","8":"product_tag-mythologie","9":"product_tag-placement","10":"product_shipping_class-livraisonstandard_colis","12":"first","13":"outofstock","14":"sale","15":"taxable","16":"shipping-taxable","17":"purchasable","18":"product-type-simple"},"acf":[],"yoast_head":"<!-- This site is optimized with the Yoast SEO plugin v25.3 - https:\/\/yoast.com\/wordpress\/plugins\/seo\/ -->\n<title>Acheter Orbis - GOZU ZONE - Jeux et Accessoires<\/title>\n<meta name=\"robots\" content=\"index, follow, max-snippet:-1, max-image-preview:large, max-video-preview:-1\" \/>\n<link rel=\"canonical\" href=\"https:\/\/gozu.zone\/?product=orbis\" \/>\n<meta property=\"og:locale\" content=\"fr_FR\" \/>\n<meta property=\"og:type\" content=\"article\" \/>\n<meta property=\"og:title\" content=\"Acheter Orbis - GOZU ZONE - Jeux et Accessoires\" \/>\n<meta property=\"og:description\" content=\"\u00e2ge : dur\u00e9e : nb joueurs:\" \/>\n<meta property=\"og:url\" content=\"https:\/\/gozu.zone\/?product=orbis\" \/>\n<meta property=\"og:site_name\" content=\"GOZU ZONE\" \/>\n<meta property=\"article:publisher\" content=\"https:\/\/www.facebook.com\/gozuzone\/\" \/>\n<meta property=\"article:modified_time\" content=\"2025-08-20T10:06:52+00:00\" \/>\n<meta property=\"og:image\" content=\"https:\/\/gozu.zone\/wp-content\/uploads\/2018\/10\/ORBIS.jpg\" \/>\n\t<meta property=\"og:image:width\" content=\"640\" \/>\n\t<meta property=\"og:image:height\" content=\"640\" \/>\n\t<meta property=\"og:image:type\" content=\"image\/jpeg\" \/>\n<meta name=\"twitter:card\" content=\"summary_large_image\" \/>\n<meta name=\"twitter:site\" content=\"@gozuzone\" \/>\n<meta name=\"twitter:label1\" content=\"Dur\u00e9e de lecture estim\u00e9e\" \/>\n\t<meta name=\"twitter:data1\" content=\"1 minute\" \/>\n<script type=\"application\/ld+json\" class=\"yoast-schema-graph\">{\"@context\":\"https:\/\/schema.org\",\"@graph\":[{\"@type\":\"WebPage\",\"@id\":\"https:\/\/gozu.zone\/?product=orbis\",\"url\":\"https:\/\/gozu.zone\/?product=orbis\",\"name\":\"Acheter Orbis - GOZU ZONE - Jeux et Accessoires\",\"isPartOf\":{\"@id\":\"https:\/\/gozu.zone\/#website\"},\"primaryImageOfPage\":{\"@id\":\"https:\/\/gozu.zone\/?product=orbis#primaryimage\"},\"image\":{\"@id\":\"https:\/\/gozu.zone\/?product=orbis#primaryimage\"},\"thumbnailUrl\":\"https:\/\/gozu.zone\/wp-content\/uploads\/2018\/10\/ORBIS.jpg\",\"datePublished\":\"2018-10-13T13:54:12+00:00\",\"dateModified\":\"2025-08-20T10:06:52+00:00\",\"breadcrumb\":{\"@id\":\"https:\/\/gozu.zone\/?product=orbis#breadcrumb\"},\"inLanguage\":\"fr-FR\",\"potentialAction\":[{\"@type\":\"ReadAction\",\"target\":[\"https:\/\/gozu.zone\/?product=orbis\"]}]},{\"@type\":\"ImageObject\",\"inLanguage\":\"fr-FR\",\"@id\":\"https:\/\/gozu.zone\/?product=orbis#primaryimage\",\"url\":\"https:\/\/gozu.zone\/wp-content\/uploads\/2018\/10\/ORBIS.jpg\",\"contentUrl\":\"https:\/\/gozu.zone\/wp-content\/uploads\/2018\/10\/ORBIS.jpg\",\"width\":640,\"height\":640},{\"@type\":\"BreadcrumbList\",\"@id\":\"https:\/\/gozu.zone\/?product=orbis#breadcrumb\",\"itemListElement\":[{\"@type\":\"ListItem\",\"position\":1,\"name\":\"Accueil\",\"item\":\"https:\/\/gozu.zone\/\"},{\"@type\":\"ListItem\",\"position\":2,\"name\":\"BOUTIQUE\",\"item\":\"https:\/\/gozu.zone\/?page_id=308\"},{\"@type\":\"ListItem\",\"position\":3,\"name\":\"Orbis\"}]},{\"@type\":\"WebSite\",\"@id\":\"https:\/\/gozu.zone\/#website\",\"url\":\"https:\/\/gozu.zone\/\",\"name\":\"GOZU ZONE\",\"description\":\"Toujours plus pour vos jeux\",\"potentialAction\":[{\"@type\":\"SearchAction\",\"target\":{\"@type\":\"EntryPoint\",\"urlTemplate\":\"https:\/\/gozu.zone\/?s={search_term_string}\"},\"query-input\":{\"@type\":\"PropertyValueSpecification\",\"valueRequired\":true,\"valueName\":\"search_term_string\"}}],\"inLanguage\":\"fr-FR\"}]}<\/script>\n<!-- \/ Yoast SEO plugin. -->","yoast_head_json":{"title":"Acheter Orbis - GOZU ZONE - Jeux et Accessoires","robots":{"index":"index","follow":"follow","max-snippet":"max-snippet:-1","max-image-preview":"max-image-preview:large","max-video-preview":"max-video-preview:-1"},"canonical":"https:\/\/gozu.zone\/?product=orbis","og_locale":"fr_FR","og_type":"article","og_title":"Acheter Orbis - GOZU ZONE - Jeux et Accessoires","og_description":"\u00e2ge : dur\u00e9e : nb joueurs:","og_url":"https:\/\/gozu.zone\/?product=orbis","og_site_name":"GOZU ZONE","article_publisher":"https:\/\/www.facebook.com\/gozuzone\/","article_modified_time":"2025-08-20T10:06:52+00:00","og_image":[{"width":640,"height":640,"url":"https:\/\/gozu.zone\/wp-content\/uploads\/2018\/10\/ORBIS.jpg","type":"image\/jpeg"}],"twitter_card":"summary_large_image","twitter_site":"@gozuzone","twitter_misc":{"Dur\u00e9e de lecture estim\u00e9e":"1 minute"},"schema":{"@context":"https:\/\/schema.org","@graph":[{"@type":"WebPage","@id":"https:\/\/gozu.zone\/?product=orbis","url":"https:\/\/gozu.zone\/?product=orbis","name":"Acheter Orbis - GOZU ZONE - Jeux et Accessoires","isPartOf":{"@id":"https:\/\/gozu.zone\/#website"},"primaryImageOfPage":{"@id":"https:\/\/gozu.zone\/?product=orbis#primaryimage"},"image":{"@id":"https:\/\/gozu.zone\/?product=orbis#primaryimage"},"thumbnailUrl":"https:\/\/gozu.zone\/wp-content\/uploads\/2018\/10\/ORBIS.jpg","datePublished":"2018-10-13T13:54:12+00:00","dateModified":"2025-08-20T10:06:52+00:00","breadcrumb":{"@id":"https:\/\/gozu.zone\/?product=orbis#breadcrumb"},"inLanguage":"fr-FR","potentialAction":[{"@type":"ReadAction","target":["https:\/\/gozu.zone\/?product=orbis"]}]},{"@type":"ImageObject","inLanguage":"fr-FR","@id":"https:\/\/gozu.zone\/?product=orbis#primaryimage","url":"https:\/\/gozu.zone\/wp-content\/uploads\/2018\/10\/ORBIS.jpg","contentUrl":"https:\/\/gozu.zone\/wp-content\/uploads\/2018\/10\/ORBIS.jpg","width":640,"height":640},{"@type":"BreadcrumbList","@id":"https:\/\/gozu.zone\/?product=orbis#breadcrumb","itemListElement":[{"@type":"ListItem","position":1,"name":"Accueil","item":"https:\/\/gozu.zone\/"},{"@type":"ListItem","position":2,"name":"BOUTIQUE","item":"https:\/\/gozu.zone\/?page_id=308"},{"@type":"ListItem","position":3,"name":"Orbis"}]},{"@type":"WebSite","@id":"https:\/\/gozu.zone\/#website","url":"https:\/\/gozu.zone\/","name":"GOZU ZONE","description":"Toujours plus pour vos jeux","potentialAction":[{"@type":"SearchAction","target":{"@type":"EntryPoint","urlTemplate":"https:\/\/gozu.zone\/?s={search_term_string}"},"query-input":{"@type":"PropertyValueSpecification","valueRequired":true,"valueName":"search_term_string"}}],"inLanguage":"fr-FR"}]}},"_links":{"self":[{"href":"https:\/\/gozu.zone\/index.php?rest_route=\/wp\/v2\/product\/8577","targetHints":{"allow":["GET"]}}],"collection":[{"href":"https:\/\/gozu.zone\/index.php?rest_route=\/wp\/v2\/product"}],"about":[{"href":"https:\/\/gozu.zone\/index.php?rest_route=\/wp\/v2\/types\/product"}],"replies":[{"embeddable":true,"href":"https:\/\/gozu.zone\/index.php?rest_route=%2Fwp%2Fv2%2Fcomments&post=8577"}],"wp:featuredmedia":[{"embeddable":true,"href":"https:\/\/gozu.zone\/index.php?rest_route=\/wp\/v2\/media\/8580"}],"wp:attachment":[{"href":"https:\/\/gozu.zone\/index.php?rest_route=%2Fwp%2Fv2%2Fmedia&parent=8577"}],"wp:term":[{"taxonomy":"product_brand","embeddable":true,"href":"https:\/\/gozu.zone\/index.php?rest_route=%2Fwp%2Fv2%2Fproduct_brand&post=8577"},{"taxonomy":"product_cat","embeddable":true,"href":"https:\/\/gozu.zone\/index.php?rest_route=%2Fwp%2Fv2%2Fproduct_cat&post=8577"},{"taxonomy":"product_tag","embeddable":true,"href":"https:\/\/gozu.zone\/index.php?rest_route=%2Fwp%2Fv2%2Fproduct_tag&post=8577"}],"curies":[{"name":"wp","href":"https:\/\/api.w.org\/{rel}","templated":true}]}}