{"id":8665,"date":"2018-11-09T20:08:04","date_gmt":"2018-11-09T20:08:04","guid":{"rendered":"https:\/\/gozu.zone\/?post_type=product&#038;p=8665"},"modified":"2025-03-23T15:47:18","modified_gmt":"2025-03-23T15:47:18","slug":"deckscape-le-mystere-de-leldorado","status":"publish","type":"product","link":"https:\/\/gozu.zone\/?product=deckscape-le-mystere-de-leldorado","title":{"rendered":"DECKSCAPE &#8211; Le Myst\u00e8re de L&rsquo;Eldorado"},"content":{"rendered":"<div>L&rsquo;exp\u00e9dition partie \u00e0 la recherche de l&rsquo;Eldorado a subi un \u00e9chec : vous avez cherch\u00e9 pendant longtemps la l\u00e9gendaire cit\u00e9 d&rsquo;or au coeur de la jungle, sans jamais la trouver. Pendant le vol de retour, une t\u00eate de statue heurte l&rsquo;avion et vous devez vous \u00e9jecter en parachute. Vous \u00eates seuls, fatigu\u00e9s et affam\u00e9s, perdus au mileu d&rsquo;une partie inexplor\u00e9e de la for\u00eat. Vous ne disposez que des quelques objets que vous avez attrap\u00e9s avant de sauter. Cela pourrait \u00eatre votre fin ou votre toute derni\u00e8re chance de r\u00e9soudre le myst\u00e8re de l&rsquo;Eldorado.<\/div>\n","protected":false},"excerpt":{"rendered":"<p>Les frissons d&rsquo;une Escape Room dans un paquet de cartes&#8230;<\/p>\n<ul>\n<li><strong>\u00c2ge<\/strong> : 12 ans et +<\/li>\n<li><strong>Dur\u00e9e<\/strong> : 30 min \u00e0 60 min<\/li>\n<li><strong>Joueurs<\/strong> : 1\u00a0\u00e0 6<\/li>\n<\/ul>\n","protected":false},"featured_media":8666,"comment_status":"open","ping_status":"closed","template":"","meta":{"_acf_changed":false},"product_brand":[],"product_cat":[323,494,361,333],"product_tag":[444,680],"class_list":{"0":"post-8665","1":"product","2":"type-product","3":"status-publish","4":"has-post-thumbnail","6":"product_cat-jeux","7":"product_cat-jeux-de-societe","8":"product_cat-familiaux","9":"product_cat-par-types","10":"product_tag-enquete","11":"product_tag-escape-room","12":"product_shipping_class-livraisonstandard_colis","14":"first","15":"instock","16":"taxable","17":"shipping-taxable","18":"purchasable","19":"product-type-simple"},"acf":[],"yoast_head":"<!-- This site is optimized with the Yoast SEO plugin v25.3 - https:\/\/yoast.com\/wordpress\/plugins\/seo\/ -->\n<title>Acheter DECKSCAPE - Le Myst\u00e8re de L&#039;Eldorado - GOZU ZONE - Jeux et Accessoires<\/title>\n<meta name=\"robots\" content=\"index, follow, max-snippet:-1, max-image-preview:large, max-video-preview:-1\" \/>\n<link rel=\"canonical\" href=\"https:\/\/gozu.zone\/?product=deckscape-le-mystere-de-leldorado\" \/>\n<meta property=\"og:locale\" content=\"fr_FR\" \/>\n<meta property=\"og:type\" content=\"article\" \/>\n<meta property=\"og:title\" content=\"Acheter DECKSCAPE - Le Myst\u00e8re de L&#039;Eldorado - GOZU ZONE - Jeux et Accessoires\" \/>\n<meta property=\"og:description\" content=\"Les frissons d&#039;une Escape Room dans un paquet de cartes...   \u00c2ge : 12 ans et +  Dur\u00e9e : 30 min \u00e0 60 min  Joueurs : 1\u00a0\u00e0 6\" \/>\n<meta property=\"og:url\" content=\"https:\/\/gozu.zone\/?product=deckscape-le-mystere-de-leldorado\" \/>\n<meta property=\"og:site_name\" content=\"GOZU ZONE\" \/>\n<meta property=\"article:publisher\" content=\"https:\/\/www.facebook.com\/gozuzone\/\" \/>\n<meta property=\"article:modified_time\" content=\"2025-03-23T15:47:18+00:00\" \/>\n<meta property=\"og:image\" content=\"https:\/\/gozu.zone\/wp-content\/uploads\/2018\/11\/deckscape-le-mystere-de-leldorado.jpg\" \/>\n\t<meta property=\"og:image:width\" content=\"400\" \/>\n\t<meta property=\"og:image:height\" content=\"400\" \/>\n\t<meta property=\"og:image:type\" content=\"image\/jpeg\" \/>\n<meta name=\"twitter:card\" content=\"summary_large_image\" \/>\n<meta name=\"twitter:site\" content=\"@gozuzone\" \/>\n<meta name=\"twitter:label1\" content=\"Dur\u00e9e de lecture estim\u00e9e\" \/>\n\t<meta name=\"twitter:data1\" content=\"1 minute\" \/>\n<script type=\"application\/ld+json\" class=\"yoast-schema-graph\">{\"@context\":\"https:\/\/schema.org\",\"@graph\":[{\"@type\":\"WebPage\",\"@id\":\"https:\/\/gozu.zone\/?product=deckscape-le-mystere-de-leldorado\",\"url\":\"https:\/\/gozu.zone\/?product=deckscape-le-mystere-de-leldorado\",\"name\":\"Acheter DECKSCAPE - Le Myst\u00e8re de L'Eldorado - GOZU ZONE - Jeux et Accessoires\",\"isPartOf\":{\"@id\":\"https:\/\/gozu.zone\/#website\"},\"primaryImageOfPage\":{\"@id\":\"https:\/\/gozu.zone\/?product=deckscape-le-mystere-de-leldorado#primaryimage\"},\"image\":{\"@id\":\"https:\/\/gozu.zone\/?product=deckscape-le-mystere-de-leldorado#primaryimage\"},\"thumbnailUrl\":\"https:\/\/gozu.zone\/wp-content\/uploads\/2018\/11\/deckscape-le-mystere-de-leldorado.jpg\",\"datePublished\":\"2018-11-09T20:08:04+00:00\",\"dateModified\":\"2025-03-23T15:47:18+00:00\",\"breadcrumb\":{\"@id\":\"https:\/\/gozu.zone\/?product=deckscape-le-mystere-de-leldorado#breadcrumb\"},\"inLanguage\":\"fr-FR\",\"potentialAction\":[{\"@type\":\"ReadAction\",\"target\":[\"https:\/\/gozu.zone\/?product=deckscape-le-mystere-de-leldorado\"]}]},{\"@type\":\"ImageObject\",\"inLanguage\":\"fr-FR\",\"@id\":\"https:\/\/gozu.zone\/?product=deckscape-le-mystere-de-leldorado#primaryimage\",\"url\":\"https:\/\/gozu.zone\/wp-content\/uploads\/2018\/11\/deckscape-le-mystere-de-leldorado.jpg\",\"contentUrl\":\"https:\/\/gozu.zone\/wp-content\/uploads\/2018\/11\/deckscape-le-mystere-de-leldorado.jpg\",\"width\":400,\"height\":400},{\"@type\":\"BreadcrumbList\",\"@id\":\"https:\/\/gozu.zone\/?product=deckscape-le-mystere-de-leldorado#breadcrumb\",\"itemListElement\":[{\"@type\":\"ListItem\",\"position\":1,\"name\":\"Accueil\",\"item\":\"https:\/\/gozu.zone\/\"},{\"@type\":\"ListItem\",\"position\":2,\"name\":\"BOUTIQUE\",\"item\":\"https:\/\/gozu.zone\/?page_id=308\"},{\"@type\":\"ListItem\",\"position\":3,\"name\":\"DECKSCAPE &#8211; Le Myst\u00e8re de L&rsquo;Eldorado\"}]},{\"@type\":\"WebSite\",\"@id\":\"https:\/\/gozu.zone\/#website\",\"url\":\"https:\/\/gozu.zone\/\",\"name\":\"GOZU ZONE\",\"description\":\"Toujours plus pour vos jeux\",\"potentialAction\":[{\"@type\":\"SearchAction\",\"target\":{\"@type\":\"EntryPoint\",\"urlTemplate\":\"https:\/\/gozu.zone\/?s={search_term_string}\"},\"query-input\":{\"@type\":\"PropertyValueSpecification\",\"valueRequired\":true,\"valueName\":\"search_term_string\"}}],\"inLanguage\":\"fr-FR\"}]}<\/script>\n<!-- \/ Yoast SEO plugin. -->","yoast_head_json":{"title":"Acheter DECKSCAPE - Le Myst\u00e8re de L'Eldorado - GOZU ZONE - Jeux et Accessoires","robots":{"index":"index","follow":"follow","max-snippet":"max-snippet:-1","max-image-preview":"max-image-preview:large","max-video-preview":"max-video-preview:-1"},"canonical":"https:\/\/gozu.zone\/?product=deckscape-le-mystere-de-leldorado","og_locale":"fr_FR","og_type":"article","og_title":"Acheter DECKSCAPE - Le Myst\u00e8re de L'Eldorado - GOZU ZONE - Jeux et Accessoires","og_description":"Les frissons d'une Escape Room dans un paquet de cartes...   \u00c2ge : 12 ans et +  Dur\u00e9e : 30 min \u00e0 60 min  Joueurs : 1\u00a0\u00e0 6","og_url":"https:\/\/gozu.zone\/?product=deckscape-le-mystere-de-leldorado","og_site_name":"GOZU ZONE","article_publisher":"https:\/\/www.facebook.com\/gozuzone\/","article_modified_time":"2025-03-23T15:47:18+00:00","og_image":[{"width":400,"height":400,"url":"https:\/\/gozu.zone\/wp-content\/uploads\/2018\/11\/deckscape-le-mystere-de-leldorado.jpg","type":"image\/jpeg"}],"twitter_card":"summary_large_image","twitter_site":"@gozuzone","twitter_misc":{"Dur\u00e9e de lecture estim\u00e9e":"1 minute"},"schema":{"@context":"https:\/\/schema.org","@graph":[{"@type":"WebPage","@id":"https:\/\/gozu.zone\/?product=deckscape-le-mystere-de-leldorado","url":"https:\/\/gozu.zone\/?product=deckscape-le-mystere-de-leldorado","name":"Acheter DECKSCAPE - Le Myst\u00e8re de L'Eldorado - GOZU ZONE - Jeux et Accessoires","isPartOf":{"@id":"https:\/\/gozu.zone\/#website"},"primaryImageOfPage":{"@id":"https:\/\/gozu.zone\/?product=deckscape-le-mystere-de-leldorado#primaryimage"},"image":{"@id":"https:\/\/gozu.zone\/?product=deckscape-le-mystere-de-leldorado#primaryimage"},"thumbnailUrl":"https:\/\/gozu.zone\/wp-content\/uploads\/2018\/11\/deckscape-le-mystere-de-leldorado.jpg","datePublished":"2018-11-09T20:08:04+00:00","dateModified":"2025-03-23T15:47:18+00:00","breadcrumb":{"@id":"https:\/\/gozu.zone\/?product=deckscape-le-mystere-de-leldorado#breadcrumb"},"inLanguage":"fr-FR","potentialAction":[{"@type":"ReadAction","target":["https:\/\/gozu.zone\/?product=deckscape-le-mystere-de-leldorado"]}]},{"@type":"ImageObject","inLanguage":"fr-FR","@id":"https:\/\/gozu.zone\/?product=deckscape-le-mystere-de-leldorado#primaryimage","url":"https:\/\/gozu.zone\/wp-content\/uploads\/2018\/11\/deckscape-le-mystere-de-leldorado.jpg","contentUrl":"https:\/\/gozu.zone\/wp-content\/uploads\/2018\/11\/deckscape-le-mystere-de-leldorado.jpg","width":400,"height":400},{"@type":"BreadcrumbList","@id":"https:\/\/gozu.zone\/?product=deckscape-le-mystere-de-leldorado#breadcrumb","itemListElement":[{"@type":"ListItem","position":1,"name":"Accueil","item":"https:\/\/gozu.zone\/"},{"@type":"ListItem","position":2,"name":"BOUTIQUE","item":"https:\/\/gozu.zone\/?page_id=308"},{"@type":"ListItem","position":3,"name":"DECKSCAPE &#8211; Le Myst\u00e8re de L&rsquo;Eldorado"}]},{"@type":"WebSite","@id":"https:\/\/gozu.zone\/#website","url":"https:\/\/gozu.zone\/","name":"GOZU ZONE","description":"Toujours plus pour vos jeux","potentialAction":[{"@type":"SearchAction","target":{"@type":"EntryPoint","urlTemplate":"https:\/\/gozu.zone\/?s={search_term_string}"},"query-input":{"@type":"PropertyValueSpecification","valueRequired":true,"valueName":"search_term_string"}}],"inLanguage":"fr-FR"}]}},"_links":{"self":[{"href":"https:\/\/gozu.zone\/index.php?rest_route=\/wp\/v2\/product\/8665","targetHints":{"allow":["GET"]}}],"collection":[{"href":"https:\/\/gozu.zone\/index.php?rest_route=\/wp\/v2\/product"}],"about":[{"href":"https:\/\/gozu.zone\/index.php?rest_route=\/wp\/v2\/types\/product"}],"replies":[{"embeddable":true,"href":"https:\/\/gozu.zone\/index.php?rest_route=%2Fwp%2Fv2%2Fcomments&post=8665"}],"wp:featuredmedia":[{"embeddable":true,"href":"https:\/\/gozu.zone\/index.php?rest_route=\/wp\/v2\/media\/8666"}],"wp:attachment":[{"href":"https:\/\/gozu.zone\/index.php?rest_route=%2Fwp%2Fv2%2Fmedia&parent=8665"}],"wp:term":[{"taxonomy":"product_brand","embeddable":true,"href":"https:\/\/gozu.zone\/index.php?rest_route=%2Fwp%2Fv2%2Fproduct_brand&post=8665"},{"taxonomy":"product_cat","embeddable":true,"href":"https:\/\/gozu.zone\/index.php?rest_route=%2Fwp%2Fv2%2Fproduct_cat&post=8665"},{"taxonomy":"product_tag","embeddable":true,"href":"https:\/\/gozu.zone\/index.php?rest_route=%2Fwp%2Fv2%2Fproduct_tag&post=8665"}],"curies":[{"name":"wp","href":"https:\/\/api.w.org\/{rel}","templated":true}]}}