{"id":8677,"date":"2018-11-10T10:17:22","date_gmt":"2018-11-10T10:17:22","guid":{"rendered":"https:\/\/gozu.zone\/?post_type=product&#038;p=8677"},"modified":"2026-01-19T13:29:09","modified_gmt":"2026-01-19T13:29:09","slug":"7-wonders-armada","status":"publish","type":"product","link":"https:\/\/gozu.zone\/?product=7-wonders-armada","title":{"rendered":"7 Wonders &#8211; Armada"},"content":{"rendered":"<h3>L\u2019extension Armada pour 7 Wonders ouvre tous les horizons aux joueurs !<\/h3>\n<p>Dor\u00e9navant, ma\u00eetres de leurs flottes, ils interagissent entre eux.<br \/>\nUn nouveau mat\u00e9riel dynamise les parties gr\u00e2ce \u00e0 de nouvelles m\u00e9caniques de jeu.<br \/>\nIl y a dor\u00e9navant plus de possibilit\u00e9s de vaincre par la force, gr\u00e2ce \u00e0 la marine de guerre. Les mers font \u00e9galement place \u00e0 de nouvelles opportunit\u00e9s commerciales qui permettent d\u2019augmenter votre influence. D\u00e9couvrez les richesses des diff\u00e9rentes \u00eeles m\u00e9diterran\u00e9ennes : ressources, puissance militaire et bien d\u2019autres r\u00e9compenses vous y attendent !<\/p>\n<p>Pour ses 10 ans 7 Wonders s\u2019offre une nouvelle jeunesse ! De nombreux \u00e9l\u00e9ments ont \u00e9t\u00e9 repens\u00e9s \u00a0: les illustrations, la r\u00e9daction des r\u00e8gles, l\u2019ergonomie des cartes, la taille des Merveilles, etc.<\/p>\n<p><strong>Contenu<\/strong><\/p>\n<ul>\n<li>8 plateaux Chantier Naval,<\/li>\n<li>32 figurines Navire,<\/li>\n<li>24 cartes Armada,<\/li>\n<li>2 jetons D\u00e9barquement,<\/li>\n<li>6 pi\u00e8ces,<\/li>\n<li>4 aides de jeu,<\/li>\n<li>1 carnet de scores,<\/li>\n<li>48 jetons Conflit Maritime,<\/li>\n<li>6 jetons Conflit Terrestre,<\/li>\n<li>1 livret de r\u00e8gles.<\/li>\n<\/ul>\n","protected":false},"excerpt":{"rendered":"<div class=\"fa_description_boite_produit\">7 Wonders Armada est une extension pour 7 Wonders qui vous fera prendre la t\u00eate d&rsquo;une flotte de navires !<\/div>\n<div class=\"fa_description_boite_produit\">Retrouverez dans cette nouvelle \u00e9dition des paquets de cartes d\u00e9butant et expert afin de d\u00e9couvrir l&rsquo;extension facilement<\/div>\n<ul>\n<li><strong>\u00c2ge<\/strong> : 10 ans et +<\/li>\n<li><strong>Dur\u00e9e<\/strong> : 30 min \u00e0 1h<\/li>\n<li><strong>Joueurs<\/strong> : 3 \u00e0 7<\/li>\n<li><strong>Ce jeu est une extension de 7 Wonders et n\u00e9cessite le jeu de base.<\/strong><\/li>\n<\/ul>\n","protected":false},"featured_media":18772,"comment_status":"open","ping_status":"closed","template":"","meta":{"_acf_changed":false},"product_brand":[],"product_cat":[757,327,323,494],"product_tag":[334,177,405,516],"class_list":{"0":"post-8677","1":"product","2":"type-product","3":"status-publish","4":"has-post-thumbnail","6":"product_cat-7-wonders","7":"product_cat-extensions","8":"product_cat-jeux","9":"product_cat-jeux-de-societe","10":"product_tag-antiquite","11":"product_tag-cartes","12":"product_tag-developpement","13":"product_tag-draft","14":"product_shipping_class-livraisonstandard_colis","16":"first","17":"instock","18":"taxable","19":"shipping-taxable","20":"purchasable","21":"product-type-simple"},"acf":[],"yoast_head":"<!-- This site is optimized with the Yoast SEO plugin v25.3 - https:\/\/yoast.com\/wordpress\/plugins\/seo\/ -->\n<title>Acheter 7 Wonders - Armada - GOZU ZONE - Jeux et Accessoires<\/title>\n<meta name=\"robots\" content=\"index, follow, max-snippet:-1, max-image-preview:large, max-video-preview:-1\" \/>\n<link rel=\"canonical\" href=\"https:\/\/gozu.zone\/?product=7-wonders-armada\" \/>\n<meta property=\"og:locale\" content=\"fr_FR\" \/>\n<meta property=\"og:type\" content=\"article\" \/>\n<meta property=\"og:title\" content=\"Acheter 7 Wonders - Armada - GOZU ZONE - Jeux et Accessoires\" \/>\n<meta property=\"og:description\" content=\"7 Wonders Armada est une extension pour 7 Wonders qui vous fera prendre la t\u00eate d&#039;une flotte de navires ! Retrouverez dans cette nouvelle \u00e9dition des paquets de cartes d\u00e9butant et expert afin de d\u00e9couvrir l&#039;extension facilement   \u00c2ge : 10 ans et +  Dur\u00e9e : 30 min \u00e0 1h  Joueurs : 3 \u00e0 7  Ce jeu est une extension de 7 Wonders et n\u00e9cessite le jeu de base.\" \/>\n<meta property=\"og:url\" content=\"https:\/\/gozu.zone\/?product=7-wonders-armada\" \/>\n<meta property=\"og:site_name\" content=\"GOZU ZONE\" \/>\n<meta property=\"article:publisher\" content=\"https:\/\/www.facebook.com\/gozuzone\/\" \/>\n<meta property=\"article:modified_time\" content=\"2026-01-19T13:29:09+00:00\" \/>\n<meta property=\"og:image\" content=\"https:\/\/gozu.zone\/wp-content\/uploads\/2018\/11\/7wonders_armada_1.png\" \/>\n\t<meta property=\"og:image:width\" content=\"1000\" \/>\n\t<meta property=\"og:image:height\" content=\"1000\" \/>\n\t<meta property=\"og:image:type\" content=\"image\/png\" \/>\n<meta name=\"twitter:card\" content=\"summary_large_image\" \/>\n<meta name=\"twitter:site\" content=\"@gozuzone\" \/>\n<meta name=\"twitter:label1\" content=\"Dur\u00e9e de lecture estim\u00e9e\" \/>\n\t<meta name=\"twitter:data1\" content=\"1 minute\" \/>\n<script type=\"application\/ld+json\" class=\"yoast-schema-graph\">{\"@context\":\"https:\/\/schema.org\",\"@graph\":[{\"@type\":\"WebPage\",\"@id\":\"https:\/\/gozu.zone\/?product=7-wonders-armada\",\"url\":\"https:\/\/gozu.zone\/?product=7-wonders-armada\",\"name\":\"Acheter 7 Wonders - Armada - GOZU ZONE - Jeux et Accessoires\",\"isPartOf\":{\"@id\":\"https:\/\/gozu.zone\/#website\"},\"primaryImageOfPage\":{\"@id\":\"https:\/\/gozu.zone\/?product=7-wonders-armada#primaryimage\"},\"image\":{\"@id\":\"https:\/\/gozu.zone\/?product=7-wonders-armada#primaryimage\"},\"thumbnailUrl\":\"https:\/\/gozu.zone\/wp-content\/uploads\/2018\/11\/7wonders_armada_1.png\",\"datePublished\":\"2018-11-10T10:17:22+00:00\",\"dateModified\":\"2026-01-19T13:29:09+00:00\",\"breadcrumb\":{\"@id\":\"https:\/\/gozu.zone\/?product=7-wonders-armada#breadcrumb\"},\"inLanguage\":\"fr-FR\",\"potentialAction\":[{\"@type\":\"ReadAction\",\"target\":[\"https:\/\/gozu.zone\/?product=7-wonders-armada\"]}]},{\"@type\":\"ImageObject\",\"inLanguage\":\"fr-FR\",\"@id\":\"https:\/\/gozu.zone\/?product=7-wonders-armada#primaryimage\",\"url\":\"https:\/\/gozu.zone\/wp-content\/uploads\/2018\/11\/7wonders_armada_1.png\",\"contentUrl\":\"https:\/\/gozu.zone\/wp-content\/uploads\/2018\/11\/7wonders_armada_1.png\",\"width\":1000,\"height\":1000,\"caption\":\"extension armada pour 7 wonders\"},{\"@type\":\"BreadcrumbList\",\"@id\":\"https:\/\/gozu.zone\/?product=7-wonders-armada#breadcrumb\",\"itemListElement\":[{\"@type\":\"ListItem\",\"position\":1,\"name\":\"Accueil\",\"item\":\"https:\/\/gozu.zone\/\"},{\"@type\":\"ListItem\",\"position\":2,\"name\":\"BOUTIQUE\",\"item\":\"https:\/\/gozu.zone\/?page_id=308\"},{\"@type\":\"ListItem\",\"position\":3,\"name\":\"7 Wonders &#8211; Armada\"}]},{\"@type\":\"WebSite\",\"@id\":\"https:\/\/gozu.zone\/#website\",\"url\":\"https:\/\/gozu.zone\/\",\"name\":\"GOZU ZONE\",\"description\":\"Toujours plus pour vos jeux\",\"potentialAction\":[{\"@type\":\"SearchAction\",\"target\":{\"@type\":\"EntryPoint\",\"urlTemplate\":\"https:\/\/gozu.zone\/?s={search_term_string}\"},\"query-input\":{\"@type\":\"PropertyValueSpecification\",\"valueRequired\":true,\"valueName\":\"search_term_string\"}}],\"inLanguage\":\"fr-FR\"}]}<\/script>\n<!-- \/ Yoast SEO plugin. -->","yoast_head_json":{"title":"Acheter 7 Wonders - Armada - GOZU ZONE - Jeux et Accessoires","robots":{"index":"index","follow":"follow","max-snippet":"max-snippet:-1","max-image-preview":"max-image-preview:large","max-video-preview":"max-video-preview:-1"},"canonical":"https:\/\/gozu.zone\/?product=7-wonders-armada","og_locale":"fr_FR","og_type":"article","og_title":"Acheter 7 Wonders - Armada - GOZU ZONE - Jeux et Accessoires","og_description":"7 Wonders Armada est une extension pour 7 Wonders qui vous fera prendre la t\u00eate d'une flotte de navires ! Retrouverez dans cette nouvelle \u00e9dition des paquets de cartes d\u00e9butant et expert afin de d\u00e9couvrir l'extension facilement   \u00c2ge : 10 ans et +  Dur\u00e9e : 30 min \u00e0 1h  Joueurs : 3 \u00e0 7  Ce jeu est une extension de 7 Wonders et n\u00e9cessite le jeu de base.","og_url":"https:\/\/gozu.zone\/?product=7-wonders-armada","og_site_name":"GOZU ZONE","article_publisher":"https:\/\/www.facebook.com\/gozuzone\/","article_modified_time":"2026-01-19T13:29:09+00:00","og_image":[{"width":1000,"height":1000,"url":"https:\/\/gozu.zone\/wp-content\/uploads\/2018\/11\/7wonders_armada_1.png","type":"image\/png"}],"twitter_card":"summary_large_image","twitter_site":"@gozuzone","twitter_misc":{"Dur\u00e9e de lecture estim\u00e9e":"1 minute"},"schema":{"@context":"https:\/\/schema.org","@graph":[{"@type":"WebPage","@id":"https:\/\/gozu.zone\/?product=7-wonders-armada","url":"https:\/\/gozu.zone\/?product=7-wonders-armada","name":"Acheter 7 Wonders - Armada - GOZU ZONE - Jeux et Accessoires","isPartOf":{"@id":"https:\/\/gozu.zone\/#website"},"primaryImageOfPage":{"@id":"https:\/\/gozu.zone\/?product=7-wonders-armada#primaryimage"},"image":{"@id":"https:\/\/gozu.zone\/?product=7-wonders-armada#primaryimage"},"thumbnailUrl":"https:\/\/gozu.zone\/wp-content\/uploads\/2018\/11\/7wonders_armada_1.png","datePublished":"2018-11-10T10:17:22+00:00","dateModified":"2026-01-19T13:29:09+00:00","breadcrumb":{"@id":"https:\/\/gozu.zone\/?product=7-wonders-armada#breadcrumb"},"inLanguage":"fr-FR","potentialAction":[{"@type":"ReadAction","target":["https:\/\/gozu.zone\/?product=7-wonders-armada"]}]},{"@type":"ImageObject","inLanguage":"fr-FR","@id":"https:\/\/gozu.zone\/?product=7-wonders-armada#primaryimage","url":"https:\/\/gozu.zone\/wp-content\/uploads\/2018\/11\/7wonders_armada_1.png","contentUrl":"https:\/\/gozu.zone\/wp-content\/uploads\/2018\/11\/7wonders_armada_1.png","width":1000,"height":1000,"caption":"extension armada pour 7 wonders"},{"@type":"BreadcrumbList","@id":"https:\/\/gozu.zone\/?product=7-wonders-armada#breadcrumb","itemListElement":[{"@type":"ListItem","position":1,"name":"Accueil","item":"https:\/\/gozu.zone\/"},{"@type":"ListItem","position":2,"name":"BOUTIQUE","item":"https:\/\/gozu.zone\/?page_id=308"},{"@type":"ListItem","position":3,"name":"7 Wonders &#8211; Armada"}]},{"@type":"WebSite","@id":"https:\/\/gozu.zone\/#website","url":"https:\/\/gozu.zone\/","name":"GOZU ZONE","description":"Toujours plus pour vos jeux","potentialAction":[{"@type":"SearchAction","target":{"@type":"EntryPoint","urlTemplate":"https:\/\/gozu.zone\/?s={search_term_string}"},"query-input":{"@type":"PropertyValueSpecification","valueRequired":true,"valueName":"search_term_string"}}],"inLanguage":"fr-FR"}]}},"_links":{"self":[{"href":"https:\/\/gozu.zone\/index.php?rest_route=\/wp\/v2\/product\/8677","targetHints":{"allow":["GET"]}}],"collection":[{"href":"https:\/\/gozu.zone\/index.php?rest_route=\/wp\/v2\/product"}],"about":[{"href":"https:\/\/gozu.zone\/index.php?rest_route=\/wp\/v2\/types\/product"}],"replies":[{"embeddable":true,"href":"https:\/\/gozu.zone\/index.php?rest_route=%2Fwp%2Fv2%2Fcomments&post=8677"}],"wp:featuredmedia":[{"embeddable":true,"href":"https:\/\/gozu.zone\/index.php?rest_route=\/wp\/v2\/media\/18772"}],"wp:attachment":[{"href":"https:\/\/gozu.zone\/index.php?rest_route=%2Fwp%2Fv2%2Fmedia&parent=8677"}],"wp:term":[{"taxonomy":"product_brand","embeddable":true,"href":"https:\/\/gozu.zone\/index.php?rest_route=%2Fwp%2Fv2%2Fproduct_brand&post=8677"},{"taxonomy":"product_cat","embeddable":true,"href":"https:\/\/gozu.zone\/index.php?rest_route=%2Fwp%2Fv2%2Fproduct_cat&post=8677"},{"taxonomy":"product_tag","embeddable":true,"href":"https:\/\/gozu.zone\/index.php?rest_route=%2Fwp%2Fv2%2Fproduct_tag&post=8677"}],"curies":[{"name":"wp","href":"https:\/\/api.w.org\/{rel}","templated":true}]}}