{"id":8730,"date":"2018-11-22T08:43:44","date_gmt":"2018-11-22T08:43:44","guid":{"rendered":"https:\/\/gozu.zone\/?post_type=product&#038;p=8730"},"modified":"2024-05-14T16:45:52","modified_gmt":"2024-05-14T16:45:52","slug":"keyforge-lappel-des-archontes","status":"publish","type":"product","link":"https:\/\/gozu.zone\/?product=keyforge-lappel-des-archontes","title":{"rendered":"Keyforge &#8211; L&rsquo;Appel des Archontes"},"content":{"rendered":"<div>\n<p>Jouer avec le set de d\u00e9part de KeyForge n&rsquo;est que le d\u00e9but de vos aventures. Vous pouvez \u00e9tendre votre arsenal avec les decks, qui offrent chacun une exp\u00e9rience de jeu compl\u00e8te sans avoir besoin de construire un deck ou des boosters suppl\u00e9mentaires. Chaque deck est compl\u00e8tement unique en son genre et ne peut pas \u00eatre modifi\u00e9, ce qui vous demandera d&rsquo;utiliser toutes les factions de votre deck pour remporter la victoire. Chaque deck porte un nom distinct et est constitu\u00e9 d&rsquo;un m\u00e9lange unique de cartes, de tactiques, et de potentiel strat\u00e9gique. Dans chaque pack, vous aurez l&rsquo;opportunit\u00e9 de devenir le meilleur au monde en jouant vos decks. Vos \u00e9quipes auront-elles la force, les comp\u00e9tences et la ruse n\u00e9cessaires pour gagner ?<\/p>\n<p>&nbsp;<\/p>\n<\/div>\n<h2>Aper\u00e7u du jeu Keyforge<\/h2>\n<p>&nbsp;<\/p>\n<p style=\"text-align: center\">\npar <a href=\"https:\/\/www.youtube.com\/watch?v=Z4897LSYMEU\" target=\"_blank\" rel=\"noopener\">Keyforgeur<\/a><\/p>\n","protected":false},"excerpt":{"rendered":"Prenez les r\u00eanes d\u2019un deck Archonte !\n<ul>\n<li><b>\u00e2ge :<\/b> 14 ans et +<\/li>\n<li><b>dur\u00e9e :<\/b> 30 \u00e0 60 min<\/li>\n<li><b>nb joueurs:<\/b> 2<\/li>\n<\/ul>\n<p><span style=\"color: #ff0000\"><b><\/b><\/span><\/p>\n","protected":false},"featured_media":8731,"comment_status":"open","ping_status":"closed","template":"","meta":{"_acf_changed":false},"product_brand":[],"product_cat":[324,323,494,333],"product_tag":[177,352,413,566],"class_list":{"0":"post-8730","1":"product","2":"type-product","3":"status-publish","4":"has-post-thumbnail","6":"product_cat-experts","7":"product_cat-jeux","8":"product_cat-jeux-de-societe","9":"product_cat-par-types","10":"product_tag-cartes","11":"product_tag-fantastique","12":"product_tag-pouvoirs","13":"product_tag-science-fiction","14":"product_shipping_class-livraisonstandard_enveloppe-fr","16":"first","17":"instock","18":"sale","19":"taxable","20":"shipping-taxable","21":"purchasable","22":"product-type-simple"},"acf":[],"yoast_head":"<!-- This site is optimized with the Yoast SEO plugin v25.3 - https:\/\/yoast.com\/wordpress\/plugins\/seo\/ -->\n<title>Acheter Keyforge - L&#039;Appel des Archontes - GOZU ZONE - Jeux et Accessoires<\/title>\n<meta name=\"robots\" content=\"index, follow, max-snippet:-1, max-image-preview:large, max-video-preview:-1\" \/>\n<link rel=\"canonical\" href=\"https:\/\/gozu.zone\/?product=keyforge-lappel-des-archontes\" \/>\n<meta property=\"og:locale\" content=\"fr_FR\" \/>\n<meta property=\"og:type\" content=\"article\" \/>\n<meta property=\"og:title\" content=\"Acheter Keyforge - L&#039;Appel des Archontes - GOZU ZONE - Jeux et Accessoires\" \/>\n<meta property=\"og:description\" content=\"\u00e2ge :   dur\u00e9e :   nb joueurs:\" \/>\n<meta property=\"og:url\" content=\"https:\/\/gozu.zone\/?product=keyforge-lappel-des-archontes\" \/>\n<meta property=\"og:site_name\" content=\"GOZU ZONE\" \/>\n<meta property=\"article:publisher\" content=\"https:\/\/www.facebook.com\/gozuzone\/\" \/>\n<meta property=\"article:modified_time\" content=\"2024-05-14T16:45:52+00:00\" \/>\n<meta property=\"og:image\" content=\"https:\/\/gozu.zone\/wp-content\/uploads\/2018\/11\/KF02FR.jpg\" \/>\n\t<meta property=\"og:image:width\" content=\"480\" \/>\n\t<meta property=\"og:image:height\" content=\"480\" \/>\n\t<meta property=\"og:image:type\" content=\"image\/jpeg\" \/>\n<meta name=\"twitter:card\" content=\"summary_large_image\" \/>\n<meta name=\"twitter:site\" content=\"@gozuzone\" \/>\n<meta name=\"twitter:label1\" content=\"Dur\u00e9e de lecture estim\u00e9e\" \/>\n\t<meta name=\"twitter:data1\" content=\"1 minute\" \/>\n<script type=\"application\/ld+json\" class=\"yoast-schema-graph\">{\"@context\":\"https:\/\/schema.org\",\"@graph\":[{\"@type\":\"WebPage\",\"@id\":\"https:\/\/gozu.zone\/?product=keyforge-lappel-des-archontes\",\"url\":\"https:\/\/gozu.zone\/?product=keyforge-lappel-des-archontes\",\"name\":\"Acheter Keyforge - L'Appel des Archontes - GOZU ZONE - Jeux et Accessoires\",\"isPartOf\":{\"@id\":\"https:\/\/gozu.zone\/#website\"},\"primaryImageOfPage\":{\"@id\":\"https:\/\/gozu.zone\/?product=keyforge-lappel-des-archontes#primaryimage\"},\"image\":{\"@id\":\"https:\/\/gozu.zone\/?product=keyforge-lappel-des-archontes#primaryimage\"},\"thumbnailUrl\":\"https:\/\/gozu.zone\/wp-content\/uploads\/2018\/11\/KF02FR.jpg\",\"datePublished\":\"2018-11-22T08:43:44+00:00\",\"dateModified\":\"2024-05-14T16:45:52+00:00\",\"breadcrumb\":{\"@id\":\"https:\/\/gozu.zone\/?product=keyforge-lappel-des-archontes#breadcrumb\"},\"inLanguage\":\"fr-FR\",\"potentialAction\":[{\"@type\":\"ReadAction\",\"target\":[\"https:\/\/gozu.zone\/?product=keyforge-lappel-des-archontes\"]}]},{\"@type\":\"ImageObject\",\"inLanguage\":\"fr-FR\",\"@id\":\"https:\/\/gozu.zone\/?product=keyforge-lappel-des-archontes#primaryimage\",\"url\":\"https:\/\/gozu.zone\/wp-content\/uploads\/2018\/11\/KF02FR.jpg\",\"contentUrl\":\"https:\/\/gozu.zone\/wp-content\/uploads\/2018\/11\/KF02FR.jpg\",\"width\":480,\"height\":480},{\"@type\":\"BreadcrumbList\",\"@id\":\"https:\/\/gozu.zone\/?product=keyforge-lappel-des-archontes#breadcrumb\",\"itemListElement\":[{\"@type\":\"ListItem\",\"position\":1,\"name\":\"Accueil\",\"item\":\"https:\/\/gozu.zone\/\"},{\"@type\":\"ListItem\",\"position\":2,\"name\":\"BOUTIQUE\",\"item\":\"https:\/\/gozu.zone\/?page_id=308\"},{\"@type\":\"ListItem\",\"position\":3,\"name\":\"Keyforge &#8211; L&rsquo;Appel des Archontes\"}]},{\"@type\":\"WebSite\",\"@id\":\"https:\/\/gozu.zone\/#website\",\"url\":\"https:\/\/gozu.zone\/\",\"name\":\"GOZU ZONE\",\"description\":\"Toujours plus pour vos jeux\",\"potentialAction\":[{\"@type\":\"SearchAction\",\"target\":{\"@type\":\"EntryPoint\",\"urlTemplate\":\"https:\/\/gozu.zone\/?s={search_term_string}\"},\"query-input\":{\"@type\":\"PropertyValueSpecification\",\"valueRequired\":true,\"valueName\":\"search_term_string\"}}],\"inLanguage\":\"fr-FR\"}]}<\/script>\n<!-- \/ Yoast SEO plugin. -->","yoast_head_json":{"title":"Acheter Keyforge - L'Appel des Archontes - GOZU ZONE - Jeux et Accessoires","robots":{"index":"index","follow":"follow","max-snippet":"max-snippet:-1","max-image-preview":"max-image-preview:large","max-video-preview":"max-video-preview:-1"},"canonical":"https:\/\/gozu.zone\/?product=keyforge-lappel-des-archontes","og_locale":"fr_FR","og_type":"article","og_title":"Acheter Keyforge - L'Appel des Archontes - GOZU ZONE - Jeux et Accessoires","og_description":"\u00e2ge :   dur\u00e9e :   nb joueurs:","og_url":"https:\/\/gozu.zone\/?product=keyforge-lappel-des-archontes","og_site_name":"GOZU ZONE","article_publisher":"https:\/\/www.facebook.com\/gozuzone\/","article_modified_time":"2024-05-14T16:45:52+00:00","og_image":[{"width":480,"height":480,"url":"https:\/\/gozu.zone\/wp-content\/uploads\/2018\/11\/KF02FR.jpg","type":"image\/jpeg"}],"twitter_card":"summary_large_image","twitter_site":"@gozuzone","twitter_misc":{"Dur\u00e9e de lecture estim\u00e9e":"1 minute"},"schema":{"@context":"https:\/\/schema.org","@graph":[{"@type":"WebPage","@id":"https:\/\/gozu.zone\/?product=keyforge-lappel-des-archontes","url":"https:\/\/gozu.zone\/?product=keyforge-lappel-des-archontes","name":"Acheter Keyforge - L'Appel des Archontes - GOZU ZONE - Jeux et Accessoires","isPartOf":{"@id":"https:\/\/gozu.zone\/#website"},"primaryImageOfPage":{"@id":"https:\/\/gozu.zone\/?product=keyforge-lappel-des-archontes#primaryimage"},"image":{"@id":"https:\/\/gozu.zone\/?product=keyforge-lappel-des-archontes#primaryimage"},"thumbnailUrl":"https:\/\/gozu.zone\/wp-content\/uploads\/2018\/11\/KF02FR.jpg","datePublished":"2018-11-22T08:43:44+00:00","dateModified":"2024-05-14T16:45:52+00:00","breadcrumb":{"@id":"https:\/\/gozu.zone\/?product=keyforge-lappel-des-archontes#breadcrumb"},"inLanguage":"fr-FR","potentialAction":[{"@type":"ReadAction","target":["https:\/\/gozu.zone\/?product=keyforge-lappel-des-archontes"]}]},{"@type":"ImageObject","inLanguage":"fr-FR","@id":"https:\/\/gozu.zone\/?product=keyforge-lappel-des-archontes#primaryimage","url":"https:\/\/gozu.zone\/wp-content\/uploads\/2018\/11\/KF02FR.jpg","contentUrl":"https:\/\/gozu.zone\/wp-content\/uploads\/2018\/11\/KF02FR.jpg","width":480,"height":480},{"@type":"BreadcrumbList","@id":"https:\/\/gozu.zone\/?product=keyforge-lappel-des-archontes#breadcrumb","itemListElement":[{"@type":"ListItem","position":1,"name":"Accueil","item":"https:\/\/gozu.zone\/"},{"@type":"ListItem","position":2,"name":"BOUTIQUE","item":"https:\/\/gozu.zone\/?page_id=308"},{"@type":"ListItem","position":3,"name":"Keyforge &#8211; L&rsquo;Appel des Archontes"}]},{"@type":"WebSite","@id":"https:\/\/gozu.zone\/#website","url":"https:\/\/gozu.zone\/","name":"GOZU ZONE","description":"Toujours plus pour vos jeux","potentialAction":[{"@type":"SearchAction","target":{"@type":"EntryPoint","urlTemplate":"https:\/\/gozu.zone\/?s={search_term_string}"},"query-input":{"@type":"PropertyValueSpecification","valueRequired":true,"valueName":"search_term_string"}}],"inLanguage":"fr-FR"}]}},"_links":{"self":[{"href":"https:\/\/gozu.zone\/index.php?rest_route=\/wp\/v2\/product\/8730","targetHints":{"allow":["GET"]}}],"collection":[{"href":"https:\/\/gozu.zone\/index.php?rest_route=\/wp\/v2\/product"}],"about":[{"href":"https:\/\/gozu.zone\/index.php?rest_route=\/wp\/v2\/types\/product"}],"replies":[{"embeddable":true,"href":"https:\/\/gozu.zone\/index.php?rest_route=%2Fwp%2Fv2%2Fcomments&post=8730"}],"wp:featuredmedia":[{"embeddable":true,"href":"https:\/\/gozu.zone\/index.php?rest_route=\/wp\/v2\/media\/8731"}],"wp:attachment":[{"href":"https:\/\/gozu.zone\/index.php?rest_route=%2Fwp%2Fv2%2Fmedia&parent=8730"}],"wp:term":[{"taxonomy":"product_brand","embeddable":true,"href":"https:\/\/gozu.zone\/index.php?rest_route=%2Fwp%2Fv2%2Fproduct_brand&post=8730"},{"taxonomy":"product_cat","embeddable":true,"href":"https:\/\/gozu.zone\/index.php?rest_route=%2Fwp%2Fv2%2Fproduct_cat&post=8730"},{"taxonomy":"product_tag","embeddable":true,"href":"https:\/\/gozu.zone\/index.php?rest_route=%2Fwp%2Fv2%2Fproduct_tag&post=8730"}],"curies":[{"name":"wp","href":"https:\/\/api.w.org\/{rel}","templated":true}]}}