{"id":9056,"date":"2019-02-10T15:53:07","date_gmt":"2019-02-10T15:53:07","guid":{"rendered":"https:\/\/gozu.zone\/?post_type=product&#038;p=9056"},"modified":"2024-05-14T16:45:35","modified_gmt":"2024-05-14T16:45:35","slug":"reykholt","status":"publish","type":"product","link":"https:\/\/gozu.zone\/?product=reykholt","title":{"rendered":"REYKHOLT"},"content":{"rendered":"<div>\n<div>Cultivez et r\u00e9coltez vos l\u00e9gumes dans vos serres et concourez pour devenir le premier cultivateur d\u2019Islande !<\/div>\n<div><\/div>\n<div>Faire pousser des choux-fleurs, des tomates, des salades, des champignons et des carottes en Islande ? Quelle id\u00e9e farfelue ! Et pourtant cela attire toujours plus les touristes curieux de voir comment la g\u00e9othermie aide ing\u00e9nieusement \u00e0 cultiver vos l\u00e9gumes. Mais la saison dans Reykholt est courte, soyez efficace.<\/div>\n<div><\/div>\n<div>Posez vos ouvriers agricoles sur les options dont vous avez besoin pour faire le course aux l\u00e9gumes et arriver premier ! Obtenez une serre de la bonne taille, plantez-y vos l\u00e9gumes rares ou communs, r\u00e9coltez et courrez de tables en tables montrer vos productions aux touristes avant vos concurrents !<\/div>\n<\/div>\n<h2>R\u00e8gles du jeu REYKHOLT !<\/h2>\n<p>&nbsp;<\/p>\n<p style=\"text-align: center;\"><iframe loading=\"lazy\" src=\"https:\/\/www.youtube.com\/embed\/sCSZAcfSorM\" width=\"560\" height=\"315\" frameborder=\"0\" allowfullscreen=\"allowfullscreen\"><\/iframe><\/p>\n<div class=\"disclaimer material\">\n<h2>Contenu du jeu : REYKHOLT<\/h2>\n<ul>\n<li>1\u00a0Plateau de jeu<\/li>\n<li>1\u00a0Tuile de couverture<\/li>\n<li>4 Managers<\/li>\n<li>5\u00a0Boites \u00e0\u00a0L\u00e9gumes<\/li>\n<li>12\u00a0Disques Ouvriers<\/li>\n<li>1\u00a0Planche d&rsquo;autocollants<\/li>\n<li>1\u00a0Carte Premier Joueur<\/li>\n<li>4\u00a0Cartes Joueur<\/li>\n<li>23\u00a0Cartes Serre<\/li>\n<li>8\u00a0Tuile Manche<\/li>\n<li>40\u00a0Tuiles L\u00e9gumes<\/li>\n<li>160\u00a0L\u00e9gumes en bois<\/li>\n<li>36\u00a0Cartes Service<\/li>\n<li>34\u00a0Cartes Mode Histoire<\/li>\n<\/ul>\n<\/div>\n","protected":false},"excerpt":{"rendered":"Cultivez et r\u00e9coltez vos l\u00e9gumes dans vos serres et concourez pour devenir le premier cultivateur d\u2019Islande !\n<ul>\n<li><b>\u00e2ge :<\/b> 8 ans et +<\/li>\n<li><b>dur\u00e9e :<\/b> 30 \u00e0 60 min<\/li>\n<li><b>nb joueurs:<\/b> 1 \u00e0 4<\/li>\n<\/ul>\n<p><span style=\"color: #ff0000;\"><b><\/b><\/span><\/p>\n","protected":false},"featured_media":9057,"comment_status":"open","ping_status":"closed","template":"","meta":{"_acf_changed":false},"product_brand":[],"product_cat":[323,494,361,333],"product_tag":[344],"class_list":{"0":"post-9056","1":"product","2":"type-product","3":"status-publish","4":"has-post-thumbnail","6":"product_cat-jeux","7":"product_cat-jeux-de-societe","8":"product_cat-familiaux","9":"product_cat-par-types","10":"product_tag-placement","11":"product_shipping_class-livraisonstandard_colis","13":"first","14":"instock","15":"sale","16":"taxable","17":"shipping-taxable","18":"purchasable","19":"product-type-simple"},"acf":[],"yoast_head":"<!-- This site is optimized with the Yoast SEO plugin v25.3 - https:\/\/yoast.com\/wordpress\/plugins\/seo\/ -->\n<title>Acheter REYKHOLT - GOZU ZONE - Jeux et Accessoires<\/title>\n<meta name=\"robots\" content=\"index, follow, max-snippet:-1, max-image-preview:large, max-video-preview:-1\" \/>\n<link rel=\"canonical\" href=\"https:\/\/gozu.zone\/?product=reykholt\" \/>\n<meta property=\"og:locale\" content=\"fr_FR\" \/>\n<meta property=\"og:type\" content=\"article\" \/>\n<meta property=\"og:title\" content=\"Acheter REYKHOLT - GOZU ZONE - Jeux et Accessoires\" \/>\n<meta property=\"og:description\" content=\"\u00e2ge :   dur\u00e9e :   nb joueurs:\" \/>\n<meta property=\"og:url\" content=\"https:\/\/gozu.zone\/?product=reykholt\" \/>\n<meta property=\"og:site_name\" content=\"GOZU ZONE\" \/>\n<meta property=\"article:publisher\" content=\"https:\/\/www.facebook.com\/gozuzone\/\" \/>\n<meta property=\"article:modified_time\" content=\"2024-05-14T16:45:35+00:00\" \/>\n<meta property=\"og:image\" content=\"https:\/\/gozu.zone\/wp-content\/uploads\/2019\/02\/reykholt.jpg\" \/>\n\t<meta property=\"og:image:width\" content=\"640\" \/>\n\t<meta property=\"og:image:height\" content=\"640\" \/>\n\t<meta property=\"og:image:type\" content=\"image\/jpeg\" \/>\n<meta name=\"twitter:card\" content=\"summary_large_image\" \/>\n<meta name=\"twitter:site\" content=\"@gozuzone\" \/>\n<meta name=\"twitter:label1\" content=\"Dur\u00e9e de lecture estim\u00e9e\" \/>\n\t<meta name=\"twitter:data1\" content=\"1 minute\" \/>\n<script type=\"application\/ld+json\" class=\"yoast-schema-graph\">{\"@context\":\"https:\/\/schema.org\",\"@graph\":[{\"@type\":\"WebPage\",\"@id\":\"https:\/\/gozu.zone\/?product=reykholt\",\"url\":\"https:\/\/gozu.zone\/?product=reykholt\",\"name\":\"Acheter REYKHOLT - GOZU ZONE - Jeux et Accessoires\",\"isPartOf\":{\"@id\":\"https:\/\/gozu.zone\/#website\"},\"primaryImageOfPage\":{\"@id\":\"https:\/\/gozu.zone\/?product=reykholt#primaryimage\"},\"image\":{\"@id\":\"https:\/\/gozu.zone\/?product=reykholt#primaryimage\"},\"thumbnailUrl\":\"https:\/\/gozu.zone\/wp-content\/uploads\/2019\/02\/reykholt.jpg\",\"datePublished\":\"2019-02-10T15:53:07+00:00\",\"dateModified\":\"2024-05-14T16:45:35+00:00\",\"breadcrumb\":{\"@id\":\"https:\/\/gozu.zone\/?product=reykholt#breadcrumb\"},\"inLanguage\":\"fr-FR\",\"potentialAction\":[{\"@type\":\"ReadAction\",\"target\":[\"https:\/\/gozu.zone\/?product=reykholt\"]}]},{\"@type\":\"ImageObject\",\"inLanguage\":\"fr-FR\",\"@id\":\"https:\/\/gozu.zone\/?product=reykholt#primaryimage\",\"url\":\"https:\/\/gozu.zone\/wp-content\/uploads\/2019\/02\/reykholt.jpg\",\"contentUrl\":\"https:\/\/gozu.zone\/wp-content\/uploads\/2019\/02\/reykholt.jpg\",\"width\":640,\"height\":640},{\"@type\":\"BreadcrumbList\",\"@id\":\"https:\/\/gozu.zone\/?product=reykholt#breadcrumb\",\"itemListElement\":[{\"@type\":\"ListItem\",\"position\":1,\"name\":\"Accueil\",\"item\":\"https:\/\/gozu.zone\/\"},{\"@type\":\"ListItem\",\"position\":2,\"name\":\"BOUTIQUE\",\"item\":\"https:\/\/gozu.zone\/?page_id=308\"},{\"@type\":\"ListItem\",\"position\":3,\"name\":\"REYKHOLT\"}]},{\"@type\":\"WebSite\",\"@id\":\"https:\/\/gozu.zone\/#website\",\"url\":\"https:\/\/gozu.zone\/\",\"name\":\"GOZU ZONE\",\"description\":\"Toujours plus pour vos jeux\",\"potentialAction\":[{\"@type\":\"SearchAction\",\"target\":{\"@type\":\"EntryPoint\",\"urlTemplate\":\"https:\/\/gozu.zone\/?s={search_term_string}\"},\"query-input\":{\"@type\":\"PropertyValueSpecification\",\"valueRequired\":true,\"valueName\":\"search_term_string\"}}],\"inLanguage\":\"fr-FR\"}]}<\/script>\n<!-- \/ Yoast SEO plugin. -->","yoast_head_json":{"title":"Acheter REYKHOLT - GOZU ZONE - Jeux et Accessoires","robots":{"index":"index","follow":"follow","max-snippet":"max-snippet:-1","max-image-preview":"max-image-preview:large","max-video-preview":"max-video-preview:-1"},"canonical":"https:\/\/gozu.zone\/?product=reykholt","og_locale":"fr_FR","og_type":"article","og_title":"Acheter REYKHOLT - GOZU ZONE - Jeux et Accessoires","og_description":"\u00e2ge :   dur\u00e9e :   nb joueurs:","og_url":"https:\/\/gozu.zone\/?product=reykholt","og_site_name":"GOZU ZONE","article_publisher":"https:\/\/www.facebook.com\/gozuzone\/","article_modified_time":"2024-05-14T16:45:35+00:00","og_image":[{"width":640,"height":640,"url":"https:\/\/gozu.zone\/wp-content\/uploads\/2019\/02\/reykholt.jpg","type":"image\/jpeg"}],"twitter_card":"summary_large_image","twitter_site":"@gozuzone","twitter_misc":{"Dur\u00e9e de lecture estim\u00e9e":"1 minute"},"schema":{"@context":"https:\/\/schema.org","@graph":[{"@type":"WebPage","@id":"https:\/\/gozu.zone\/?product=reykholt","url":"https:\/\/gozu.zone\/?product=reykholt","name":"Acheter REYKHOLT - GOZU ZONE - Jeux et Accessoires","isPartOf":{"@id":"https:\/\/gozu.zone\/#website"},"primaryImageOfPage":{"@id":"https:\/\/gozu.zone\/?product=reykholt#primaryimage"},"image":{"@id":"https:\/\/gozu.zone\/?product=reykholt#primaryimage"},"thumbnailUrl":"https:\/\/gozu.zone\/wp-content\/uploads\/2019\/02\/reykholt.jpg","datePublished":"2019-02-10T15:53:07+00:00","dateModified":"2024-05-14T16:45:35+00:00","breadcrumb":{"@id":"https:\/\/gozu.zone\/?product=reykholt#breadcrumb"},"inLanguage":"fr-FR","potentialAction":[{"@type":"ReadAction","target":["https:\/\/gozu.zone\/?product=reykholt"]}]},{"@type":"ImageObject","inLanguage":"fr-FR","@id":"https:\/\/gozu.zone\/?product=reykholt#primaryimage","url":"https:\/\/gozu.zone\/wp-content\/uploads\/2019\/02\/reykholt.jpg","contentUrl":"https:\/\/gozu.zone\/wp-content\/uploads\/2019\/02\/reykholt.jpg","width":640,"height":640},{"@type":"BreadcrumbList","@id":"https:\/\/gozu.zone\/?product=reykholt#breadcrumb","itemListElement":[{"@type":"ListItem","position":1,"name":"Accueil","item":"https:\/\/gozu.zone\/"},{"@type":"ListItem","position":2,"name":"BOUTIQUE","item":"https:\/\/gozu.zone\/?page_id=308"},{"@type":"ListItem","position":3,"name":"REYKHOLT"}]},{"@type":"WebSite","@id":"https:\/\/gozu.zone\/#website","url":"https:\/\/gozu.zone\/","name":"GOZU ZONE","description":"Toujours plus pour vos jeux","potentialAction":[{"@type":"SearchAction","target":{"@type":"EntryPoint","urlTemplate":"https:\/\/gozu.zone\/?s={search_term_string}"},"query-input":{"@type":"PropertyValueSpecification","valueRequired":true,"valueName":"search_term_string"}}],"inLanguage":"fr-FR"}]}},"_links":{"self":[{"href":"https:\/\/gozu.zone\/index.php?rest_route=\/wp\/v2\/product\/9056","targetHints":{"allow":["GET"]}}],"collection":[{"href":"https:\/\/gozu.zone\/index.php?rest_route=\/wp\/v2\/product"}],"about":[{"href":"https:\/\/gozu.zone\/index.php?rest_route=\/wp\/v2\/types\/product"}],"replies":[{"embeddable":true,"href":"https:\/\/gozu.zone\/index.php?rest_route=%2Fwp%2Fv2%2Fcomments&post=9056"}],"wp:featuredmedia":[{"embeddable":true,"href":"https:\/\/gozu.zone\/index.php?rest_route=\/wp\/v2\/media\/9057"}],"wp:attachment":[{"href":"https:\/\/gozu.zone\/index.php?rest_route=%2Fwp%2Fv2%2Fmedia&parent=9056"}],"wp:term":[{"taxonomy":"product_brand","embeddable":true,"href":"https:\/\/gozu.zone\/index.php?rest_route=%2Fwp%2Fv2%2Fproduct_brand&post=9056"},{"taxonomy":"product_cat","embeddable":true,"href":"https:\/\/gozu.zone\/index.php?rest_route=%2Fwp%2Fv2%2Fproduct_cat&post=9056"},{"taxonomy":"product_tag","embeddable":true,"href":"https:\/\/gozu.zone\/index.php?rest_route=%2Fwp%2Fv2%2Fproduct_tag&post=9056"}],"curies":[{"name":"wp","href":"https:\/\/api.w.org\/{rel}","templated":true}]}}