{"id":9076,"date":"2019-02-15T08:16:09","date_gmt":"2019-02-15T08:16:09","guid":{"rendered":"https:\/\/gozu.zone\/?post_type=product&#038;p=9076"},"modified":"2019-02-16T13:20:06","modified_gmt":"2019-02-16T13:20:06","slug":"passages-secrets","status":"publish","type":"product","link":"https:\/\/gozu.zone\/?product=passages-secrets","title":{"rendered":"Passages Secrets"},"content":{"rendered":"<div>Soyez plus malin que votre rival pour \u00e9tendre votre r\u00e9seau de passages secrets et faire main basse sur la ville et ses richesses.<\/div>\n<div><\/div>\n<div>Derri\u00e8re les portes de la ville et sous l\u2019oeil attentif de la garde, la cit\u00e9 croit ses tr\u00e9sors \u00e0 l\u2019abri. Mais vous \u00eates d\u00e9j\u00e0 \u00e0 l\u2019int\u00e9rieur et gr\u00e2ce \u00e0 la faveur de la nuit, vous creusez un r\u00e9seau de Passages secrets pour gagner le pactole. Votre plan est parfait, mais votre plus grand rival a le m\u00eame !<\/div>\n<div><\/div>\n<div>Tour \u00e0 tour, placez vos passages secrets entre les quartiers de la ville afin de r\u00e9cup\u00e9rer des tr\u00e9sors, mais \u00e9galement pour augmenter votre influence. Lors des deux phases de d\u00e9compte, en fonction des quartiers dont vous \u00eates ma\u00eetre et des objets que vous avez d\u00e9rob\u00e9s, vous marquez des points de diff\u00e9rentes fa\u00e7ons, ce qui vous invite \u00e0 d\u00e9velopper une tactique tout en restant attentif \u00e0 la situation et r\u00e9agir. Des missions communes qui varient \u00e0 chaque partie<\/div>\n<h2>R\u00e8gles du jeu Passages Secrets<\/h2>\n<p style=\"text-align: center;\"><iframe loading=\"lazy\" src=\"https:\/\/www.youtube.com\/embed\/YpRj61bjjvk\" width=\"560\" height=\"315\" frameborder=\"0\" allowfullscreen=\"allowfullscreen\"><\/iframe><\/p>\n","protected":false},"excerpt":{"rendered":"Soyez plus malin que votre rival pour \u00e9tendre votre r\u00e9seau de passages secrets et faire main basse sur la ville et ses richesses.\n<ul>\n<li><b>\u00e2ge :<\/b> 12 ans et +<\/li>\n<li><b>dur\u00e9e :<\/b> Moins de 30min<\/li>\n<li><b>nb joueurs:<\/b> 2<\/li>\n<\/ul>\n<p><span style=\"color: #ff0000;\"><b><\/b><\/span><\/p>\n","protected":false},"featured_media":9077,"comment_status":"open","ping_status":"closed","template":"","meta":{"_acf_changed":false},"product_brand":[],"product_cat":[323,401,494,333],"product_tag":[398],"class_list":{"0":"post-9076","1":"product","2":"type-product","3":"status-publish","4":"has-post-thumbnail","6":"product_cat-jeux","7":"product_cat-jeux-a-2","8":"product_cat-jeux-de-societe","9":"product_cat-par-types","10":"product_tag-medieval","11":"product_shipping_class-livraisonstandard_colis","13":"first","14":"instock","15":"sale","16":"taxable","17":"shipping-taxable","18":"purchasable","19":"product-type-simple"},"acf":[],"yoast_head":"<!-- This site is optimized with the Yoast SEO plugin v25.3 - https:\/\/yoast.com\/wordpress\/plugins\/seo\/ -->\n<title>Acheter Passages Secrets - GOZU ZONE - Jeux et Accessoires<\/title>\n<meta name=\"robots\" content=\"index, follow, max-snippet:-1, max-image-preview:large, max-video-preview:-1\" \/>\n<link rel=\"canonical\" href=\"https:\/\/gozu.zone\/?product=passages-secrets\" \/>\n<meta property=\"og:locale\" content=\"fr_FR\" \/>\n<meta property=\"og:type\" content=\"article\" \/>\n<meta property=\"og:title\" content=\"Acheter Passages Secrets - GOZU ZONE - Jeux et Accessoires\" \/>\n<meta property=\"og:description\" content=\"\u00e2ge : dur\u00e9e : nb joueurs:\" \/>\n<meta property=\"og:url\" content=\"https:\/\/gozu.zone\/?product=passages-secrets\" \/>\n<meta property=\"og:site_name\" content=\"GOZU ZONE\" \/>\n<meta property=\"article:publisher\" content=\"https:\/\/www.facebook.com\/gozuzone\/\" \/>\n<meta property=\"article:modified_time\" content=\"2019-02-16T13:20:06+00:00\" \/>\n<meta property=\"og:image\" content=\"https:\/\/gozu.zone\/wp-content\/uploads\/2019\/02\/passages-secrets.jpg\" \/>\n\t<meta property=\"og:image:width\" content=\"640\" \/>\n\t<meta property=\"og:image:height\" content=\"640\" \/>\n\t<meta property=\"og:image:type\" content=\"image\/jpeg\" \/>\n<meta name=\"twitter:card\" content=\"summary_large_image\" \/>\n<meta name=\"twitter:site\" content=\"@gozuzone\" \/>\n<meta name=\"twitter:label1\" content=\"Dur\u00e9e de lecture estim\u00e9e\" \/>\n\t<meta name=\"twitter:data1\" content=\"1 minute\" \/>\n<script type=\"application\/ld+json\" class=\"yoast-schema-graph\">{\"@context\":\"https:\/\/schema.org\",\"@graph\":[{\"@type\":\"WebPage\",\"@id\":\"https:\/\/gozu.zone\/?product=passages-secrets\",\"url\":\"https:\/\/gozu.zone\/?product=passages-secrets\",\"name\":\"Acheter Passages Secrets - GOZU ZONE - Jeux et Accessoires\",\"isPartOf\":{\"@id\":\"https:\/\/gozu.zone\/#website\"},\"primaryImageOfPage\":{\"@id\":\"https:\/\/gozu.zone\/?product=passages-secrets#primaryimage\"},\"image\":{\"@id\":\"https:\/\/gozu.zone\/?product=passages-secrets#primaryimage\"},\"thumbnailUrl\":\"https:\/\/gozu.zone\/wp-content\/uploads\/2019\/02\/passages-secrets.jpg\",\"datePublished\":\"2019-02-15T08:16:09+00:00\",\"dateModified\":\"2019-02-16T13:20:06+00:00\",\"breadcrumb\":{\"@id\":\"https:\/\/gozu.zone\/?product=passages-secrets#breadcrumb\"},\"inLanguage\":\"fr-FR\",\"potentialAction\":[{\"@type\":\"ReadAction\",\"target\":[\"https:\/\/gozu.zone\/?product=passages-secrets\"]}]},{\"@type\":\"ImageObject\",\"inLanguage\":\"fr-FR\",\"@id\":\"https:\/\/gozu.zone\/?product=passages-secrets#primaryimage\",\"url\":\"https:\/\/gozu.zone\/wp-content\/uploads\/2019\/02\/passages-secrets.jpg\",\"contentUrl\":\"https:\/\/gozu.zone\/wp-content\/uploads\/2019\/02\/passages-secrets.jpg\",\"width\":640,\"height\":640},{\"@type\":\"BreadcrumbList\",\"@id\":\"https:\/\/gozu.zone\/?product=passages-secrets#breadcrumb\",\"itemListElement\":[{\"@type\":\"ListItem\",\"position\":1,\"name\":\"Accueil\",\"item\":\"https:\/\/gozu.zone\/\"},{\"@type\":\"ListItem\",\"position\":2,\"name\":\"BOUTIQUE\",\"item\":\"https:\/\/gozu.zone\/?page_id=308\"},{\"@type\":\"ListItem\",\"position\":3,\"name\":\"Passages Secrets\"}]},{\"@type\":\"WebSite\",\"@id\":\"https:\/\/gozu.zone\/#website\",\"url\":\"https:\/\/gozu.zone\/\",\"name\":\"GOZU ZONE\",\"description\":\"Toujours plus pour vos jeux\",\"potentialAction\":[{\"@type\":\"SearchAction\",\"target\":{\"@type\":\"EntryPoint\",\"urlTemplate\":\"https:\/\/gozu.zone\/?s={search_term_string}\"},\"query-input\":{\"@type\":\"PropertyValueSpecification\",\"valueRequired\":true,\"valueName\":\"search_term_string\"}}],\"inLanguage\":\"fr-FR\"}]}<\/script>\n<!-- \/ Yoast SEO plugin. -->","yoast_head_json":{"title":"Acheter Passages Secrets - GOZU ZONE - Jeux et Accessoires","robots":{"index":"index","follow":"follow","max-snippet":"max-snippet:-1","max-image-preview":"max-image-preview:large","max-video-preview":"max-video-preview:-1"},"canonical":"https:\/\/gozu.zone\/?product=passages-secrets","og_locale":"fr_FR","og_type":"article","og_title":"Acheter Passages Secrets - GOZU ZONE - Jeux et Accessoires","og_description":"\u00e2ge : dur\u00e9e : nb joueurs:","og_url":"https:\/\/gozu.zone\/?product=passages-secrets","og_site_name":"GOZU ZONE","article_publisher":"https:\/\/www.facebook.com\/gozuzone\/","article_modified_time":"2019-02-16T13:20:06+00:00","og_image":[{"width":640,"height":640,"url":"https:\/\/gozu.zone\/wp-content\/uploads\/2019\/02\/passages-secrets.jpg","type":"image\/jpeg"}],"twitter_card":"summary_large_image","twitter_site":"@gozuzone","twitter_misc":{"Dur\u00e9e de lecture estim\u00e9e":"1 minute"},"schema":{"@context":"https:\/\/schema.org","@graph":[{"@type":"WebPage","@id":"https:\/\/gozu.zone\/?product=passages-secrets","url":"https:\/\/gozu.zone\/?product=passages-secrets","name":"Acheter Passages Secrets - GOZU ZONE - Jeux et Accessoires","isPartOf":{"@id":"https:\/\/gozu.zone\/#website"},"primaryImageOfPage":{"@id":"https:\/\/gozu.zone\/?product=passages-secrets#primaryimage"},"image":{"@id":"https:\/\/gozu.zone\/?product=passages-secrets#primaryimage"},"thumbnailUrl":"https:\/\/gozu.zone\/wp-content\/uploads\/2019\/02\/passages-secrets.jpg","datePublished":"2019-02-15T08:16:09+00:00","dateModified":"2019-02-16T13:20:06+00:00","breadcrumb":{"@id":"https:\/\/gozu.zone\/?product=passages-secrets#breadcrumb"},"inLanguage":"fr-FR","potentialAction":[{"@type":"ReadAction","target":["https:\/\/gozu.zone\/?product=passages-secrets"]}]},{"@type":"ImageObject","inLanguage":"fr-FR","@id":"https:\/\/gozu.zone\/?product=passages-secrets#primaryimage","url":"https:\/\/gozu.zone\/wp-content\/uploads\/2019\/02\/passages-secrets.jpg","contentUrl":"https:\/\/gozu.zone\/wp-content\/uploads\/2019\/02\/passages-secrets.jpg","width":640,"height":640},{"@type":"BreadcrumbList","@id":"https:\/\/gozu.zone\/?product=passages-secrets#breadcrumb","itemListElement":[{"@type":"ListItem","position":1,"name":"Accueil","item":"https:\/\/gozu.zone\/"},{"@type":"ListItem","position":2,"name":"BOUTIQUE","item":"https:\/\/gozu.zone\/?page_id=308"},{"@type":"ListItem","position":3,"name":"Passages Secrets"}]},{"@type":"WebSite","@id":"https:\/\/gozu.zone\/#website","url":"https:\/\/gozu.zone\/","name":"GOZU ZONE","description":"Toujours plus pour vos jeux","potentialAction":[{"@type":"SearchAction","target":{"@type":"EntryPoint","urlTemplate":"https:\/\/gozu.zone\/?s={search_term_string}"},"query-input":{"@type":"PropertyValueSpecification","valueRequired":true,"valueName":"search_term_string"}}],"inLanguage":"fr-FR"}]}},"_links":{"self":[{"href":"https:\/\/gozu.zone\/index.php?rest_route=\/wp\/v2\/product\/9076","targetHints":{"allow":["GET"]}}],"collection":[{"href":"https:\/\/gozu.zone\/index.php?rest_route=\/wp\/v2\/product"}],"about":[{"href":"https:\/\/gozu.zone\/index.php?rest_route=\/wp\/v2\/types\/product"}],"replies":[{"embeddable":true,"href":"https:\/\/gozu.zone\/index.php?rest_route=%2Fwp%2Fv2%2Fcomments&post=9076"}],"wp:featuredmedia":[{"embeddable":true,"href":"https:\/\/gozu.zone\/index.php?rest_route=\/wp\/v2\/media\/9077"}],"wp:attachment":[{"href":"https:\/\/gozu.zone\/index.php?rest_route=%2Fwp%2Fv2%2Fmedia&parent=9076"}],"wp:term":[{"taxonomy":"product_brand","embeddable":true,"href":"https:\/\/gozu.zone\/index.php?rest_route=%2Fwp%2Fv2%2Fproduct_brand&post=9076"},{"taxonomy":"product_cat","embeddable":true,"href":"https:\/\/gozu.zone\/index.php?rest_route=%2Fwp%2Fv2%2Fproduct_cat&post=9076"},{"taxonomy":"product_tag","embeddable":true,"href":"https:\/\/gozu.zone\/index.php?rest_route=%2Fwp%2Fv2%2Fproduct_tag&post=9076"}],"curies":[{"name":"wp","href":"https:\/\/api.w.org\/{rel}","templated":true}]}}