{"id":9097,"date":"2019-02-16T13:48:33","date_gmt":"2019-02-16T13:48:33","guid":{"rendered":"https:\/\/gozu.zone\/?post_type=product&#038;p=9097"},"modified":"2023-09-05T10:28:04","modified_gmt":"2023-09-05T10:28:04","slug":"meeple-circus-extension-the-wild-aerial-show","status":"publish","type":"product","link":"https:\/\/gozu.zone\/?product=meeple-circus-extension-the-wild-aerial-show","title":{"rendered":"Meeple Circus &#8211; Extension The Wild Aerial Show"},"content":{"rendered":"\n<p>\n\nQue le spectacle continue , avec The Wild Aerial Show !&nbsp;<\/p>\n\n\n\n<p>Cette premi\u00e8re extension de Meeple Circus apportera :<\/p>\n\n\n\n<ul class=\"wp-block-list\"><li>de nouveaux Go\u00fbts du Public<\/li><li>de nouveaux d\u00e9fis<\/li><li>et surtout de nouveaux Guest Stars !<\/li><\/ul>\n\n\n\n<h3 class=\"wp-block-heading\">Contenu du jeu : Meeple Circus &#8211; Extension The Wild Aerial Show<\/h3>\n\n\n<div class=\"disclaimer material\">\n<ul>\n<li>4 Nouvelles Guest Stars et leurs tuiles (Le Voltigeur et sa planche de saut, la Funambule et sa barre stabilisatrice int\u00e9gr\u00e9e, le Lion et l&rsquo;Ours)<\/li>\n<li>5 Acrobates rouges<\/li>\n<li>8 nouveaux Go\u00fbts du public<\/li>\n<li>8 nouveaux D\u00e9fis (4 Fun et 4 Technique)<\/li>\n<li>14 Autocollants<\/li>\n<li>R\u00e8gles pour les experts<\/li>\n<\/ul>\n<\/div>","protected":false},"excerpt":{"rendered":"Nouveau Spectacle ! The Wild Animal and Aerial Show arrive prochainement dans votre ville. Cette premi\u00e8re extension de Meeple Circus ajoute de nouveaux Go\u00fbts du public, de nouveaux d\u00e9fis et de nouvelles Guest Stars !\n<ul>\n<li><b>\u00e2ge :<\/b> 8 ans et  +<\/li>\n<li><b>dur\u00e9e :<\/b> 45 min<\/li>\n<li><b>nb joueurs:<\/b> 2 \u00e0 5<\/li>\n<\/ul>\n<p><span style=\"color: #ff0000;\"><b><\/b><\/span><\/p>\n","protected":false},"featured_media":9113,"comment_status":"open","ping_status":"closed","template":"","meta":{"_acf_changed":false},"product_brand":[],"product_cat":[327,323,361],"product_tag":[356,355,371,605],"class_list":{"0":"post-9097","1":"product","2":"type-product","3":"status-publish","4":"has-post-thumbnail","6":"product_cat-extensions","7":"product_cat-jeux","8":"product_cat-familiaux","9":"product_tag-ambiance","10":"product_tag-animaux","11":"product_tag-arts","12":"product_tag-dexterite","13":"product_shipping_class-livraisonstandard_colis","15":"first","16":"instock","17":"sale","18":"taxable","19":"shipping-taxable","20":"purchasable","21":"product-type-simple"},"acf":[],"yoast_head":"<!-- This site is optimized with the Yoast SEO plugin v25.3 - https:\/\/yoast.com\/wordpress\/plugins\/seo\/ -->\n<title>Acheter Meeple Circus - Extension The Wild Aerial Show - GOZU ZONE - Jeux et Accessoires<\/title>\n<meta name=\"robots\" content=\"index, follow, max-snippet:-1, max-image-preview:large, max-video-preview:-1\" \/>\n<link rel=\"canonical\" href=\"https:\/\/gozu.zone\/?product=meeple-circus-extension-the-wild-aerial-show\" \/>\n<meta property=\"og:locale\" content=\"fr_FR\" \/>\n<meta property=\"og:type\" content=\"article\" \/>\n<meta property=\"og:title\" content=\"Acheter Meeple Circus - Extension The Wild Aerial Show - GOZU ZONE - Jeux et Accessoires\" \/>\n<meta property=\"og:description\" content=\"\u00e2ge : dur\u00e9e : nb joueurs:\" \/>\n<meta property=\"og:url\" content=\"https:\/\/gozu.zone\/?product=meeple-circus-extension-the-wild-aerial-show\" \/>\n<meta property=\"og:site_name\" content=\"GOZU ZONE\" \/>\n<meta property=\"article:publisher\" content=\"https:\/\/www.facebook.com\/gozuzone\/\" \/>\n<meta property=\"article:modified_time\" content=\"2023-09-05T10:28:04+00:00\" \/>\n<meta property=\"og:image\" content=\"https:\/\/gozu.zone\/wp-content\/uploads\/2019\/02\/meeple-circus-the-wild-and-aerial-show.jpg\" \/>\n\t<meta property=\"og:image:width\" content=\"640\" \/>\n\t<meta property=\"og:image:height\" content=\"640\" \/>\n\t<meta property=\"og:image:type\" content=\"image\/jpeg\" \/>\n<meta name=\"twitter:card\" content=\"summary_large_image\" \/>\n<meta name=\"twitter:site\" content=\"@gozuzone\" \/>\n<script type=\"application\/ld+json\" class=\"yoast-schema-graph\">{\"@context\":\"https:\/\/schema.org\",\"@graph\":[{\"@type\":\"WebPage\",\"@id\":\"https:\/\/gozu.zone\/?product=meeple-circus-extension-the-wild-aerial-show\",\"url\":\"https:\/\/gozu.zone\/?product=meeple-circus-extension-the-wild-aerial-show\",\"name\":\"Acheter Meeple Circus - Extension The Wild Aerial Show - GOZU ZONE - Jeux et Accessoires\",\"isPartOf\":{\"@id\":\"https:\/\/gozu.zone\/#website\"},\"primaryImageOfPage\":{\"@id\":\"https:\/\/gozu.zone\/?product=meeple-circus-extension-the-wild-aerial-show#primaryimage\"},\"image\":{\"@id\":\"https:\/\/gozu.zone\/?product=meeple-circus-extension-the-wild-aerial-show#primaryimage\"},\"thumbnailUrl\":\"https:\/\/gozu.zone\/wp-content\/uploads\/2019\/02\/meeple-circus-the-wild-and-aerial-show.jpg\",\"datePublished\":\"2019-02-16T13:48:33+00:00\",\"dateModified\":\"2023-09-05T10:28:04+00:00\",\"breadcrumb\":{\"@id\":\"https:\/\/gozu.zone\/?product=meeple-circus-extension-the-wild-aerial-show#breadcrumb\"},\"inLanguage\":\"fr-FR\",\"potentialAction\":[{\"@type\":\"ReadAction\",\"target\":[\"https:\/\/gozu.zone\/?product=meeple-circus-extension-the-wild-aerial-show\"]}]},{\"@type\":\"ImageObject\",\"inLanguage\":\"fr-FR\",\"@id\":\"https:\/\/gozu.zone\/?product=meeple-circus-extension-the-wild-aerial-show#primaryimage\",\"url\":\"https:\/\/gozu.zone\/wp-content\/uploads\/2019\/02\/meeple-circus-the-wild-and-aerial-show.jpg\",\"contentUrl\":\"https:\/\/gozu.zone\/wp-content\/uploads\/2019\/02\/meeple-circus-the-wild-and-aerial-show.jpg\",\"width\":640,\"height\":640,\"caption\":\"meeple-circus-the-wild-and-aerial-show\"},{\"@type\":\"BreadcrumbList\",\"@id\":\"https:\/\/gozu.zone\/?product=meeple-circus-extension-the-wild-aerial-show#breadcrumb\",\"itemListElement\":[{\"@type\":\"ListItem\",\"position\":1,\"name\":\"Accueil\",\"item\":\"https:\/\/gozu.zone\/\"},{\"@type\":\"ListItem\",\"position\":2,\"name\":\"BOUTIQUE\",\"item\":\"https:\/\/gozu.zone\/?page_id=308\"},{\"@type\":\"ListItem\",\"position\":3,\"name\":\"Meeple Circus &#8211; Extension The Wild Aerial Show\"}]},{\"@type\":\"WebSite\",\"@id\":\"https:\/\/gozu.zone\/#website\",\"url\":\"https:\/\/gozu.zone\/\",\"name\":\"GOZU ZONE\",\"description\":\"Toujours plus pour vos jeux\",\"potentialAction\":[{\"@type\":\"SearchAction\",\"target\":{\"@type\":\"EntryPoint\",\"urlTemplate\":\"https:\/\/gozu.zone\/?s={search_term_string}\"},\"query-input\":{\"@type\":\"PropertyValueSpecification\",\"valueRequired\":true,\"valueName\":\"search_term_string\"}}],\"inLanguage\":\"fr-FR\"}]}<\/script>\n<!-- \/ Yoast SEO plugin. -->","yoast_head_json":{"title":"Acheter Meeple Circus - Extension The Wild Aerial Show - GOZU ZONE - Jeux et Accessoires","robots":{"index":"index","follow":"follow","max-snippet":"max-snippet:-1","max-image-preview":"max-image-preview:large","max-video-preview":"max-video-preview:-1"},"canonical":"https:\/\/gozu.zone\/?product=meeple-circus-extension-the-wild-aerial-show","og_locale":"fr_FR","og_type":"article","og_title":"Acheter Meeple Circus - Extension The Wild Aerial Show - GOZU ZONE - Jeux et Accessoires","og_description":"\u00e2ge : dur\u00e9e : nb joueurs:","og_url":"https:\/\/gozu.zone\/?product=meeple-circus-extension-the-wild-aerial-show","og_site_name":"GOZU ZONE","article_publisher":"https:\/\/www.facebook.com\/gozuzone\/","article_modified_time":"2023-09-05T10:28:04+00:00","og_image":[{"width":640,"height":640,"url":"https:\/\/gozu.zone\/wp-content\/uploads\/2019\/02\/meeple-circus-the-wild-and-aerial-show.jpg","type":"image\/jpeg"}],"twitter_card":"summary_large_image","twitter_site":"@gozuzone","schema":{"@context":"https:\/\/schema.org","@graph":[{"@type":"WebPage","@id":"https:\/\/gozu.zone\/?product=meeple-circus-extension-the-wild-aerial-show","url":"https:\/\/gozu.zone\/?product=meeple-circus-extension-the-wild-aerial-show","name":"Acheter Meeple Circus - Extension The Wild Aerial Show - GOZU ZONE - Jeux et Accessoires","isPartOf":{"@id":"https:\/\/gozu.zone\/#website"},"primaryImageOfPage":{"@id":"https:\/\/gozu.zone\/?product=meeple-circus-extension-the-wild-aerial-show#primaryimage"},"image":{"@id":"https:\/\/gozu.zone\/?product=meeple-circus-extension-the-wild-aerial-show#primaryimage"},"thumbnailUrl":"https:\/\/gozu.zone\/wp-content\/uploads\/2019\/02\/meeple-circus-the-wild-and-aerial-show.jpg","datePublished":"2019-02-16T13:48:33+00:00","dateModified":"2023-09-05T10:28:04+00:00","breadcrumb":{"@id":"https:\/\/gozu.zone\/?product=meeple-circus-extension-the-wild-aerial-show#breadcrumb"},"inLanguage":"fr-FR","potentialAction":[{"@type":"ReadAction","target":["https:\/\/gozu.zone\/?product=meeple-circus-extension-the-wild-aerial-show"]}]},{"@type":"ImageObject","inLanguage":"fr-FR","@id":"https:\/\/gozu.zone\/?product=meeple-circus-extension-the-wild-aerial-show#primaryimage","url":"https:\/\/gozu.zone\/wp-content\/uploads\/2019\/02\/meeple-circus-the-wild-and-aerial-show.jpg","contentUrl":"https:\/\/gozu.zone\/wp-content\/uploads\/2019\/02\/meeple-circus-the-wild-and-aerial-show.jpg","width":640,"height":640,"caption":"meeple-circus-the-wild-and-aerial-show"},{"@type":"BreadcrumbList","@id":"https:\/\/gozu.zone\/?product=meeple-circus-extension-the-wild-aerial-show#breadcrumb","itemListElement":[{"@type":"ListItem","position":1,"name":"Accueil","item":"https:\/\/gozu.zone\/"},{"@type":"ListItem","position":2,"name":"BOUTIQUE","item":"https:\/\/gozu.zone\/?page_id=308"},{"@type":"ListItem","position":3,"name":"Meeple Circus &#8211; Extension The Wild Aerial Show"}]},{"@type":"WebSite","@id":"https:\/\/gozu.zone\/#website","url":"https:\/\/gozu.zone\/","name":"GOZU ZONE","description":"Toujours plus pour vos jeux","potentialAction":[{"@type":"SearchAction","target":{"@type":"EntryPoint","urlTemplate":"https:\/\/gozu.zone\/?s={search_term_string}"},"query-input":{"@type":"PropertyValueSpecification","valueRequired":true,"valueName":"search_term_string"}}],"inLanguage":"fr-FR"}]}},"_links":{"self":[{"href":"https:\/\/gozu.zone\/index.php?rest_route=\/wp\/v2\/product\/9097","targetHints":{"allow":["GET"]}}],"collection":[{"href":"https:\/\/gozu.zone\/index.php?rest_route=\/wp\/v2\/product"}],"about":[{"href":"https:\/\/gozu.zone\/index.php?rest_route=\/wp\/v2\/types\/product"}],"replies":[{"embeddable":true,"href":"https:\/\/gozu.zone\/index.php?rest_route=%2Fwp%2Fv2%2Fcomments&post=9097"}],"wp:featuredmedia":[{"embeddable":true,"href":"https:\/\/gozu.zone\/index.php?rest_route=\/wp\/v2\/media\/9113"}],"wp:attachment":[{"href":"https:\/\/gozu.zone\/index.php?rest_route=%2Fwp%2Fv2%2Fmedia&parent=9097"}],"wp:term":[{"taxonomy":"product_brand","embeddable":true,"href":"https:\/\/gozu.zone\/index.php?rest_route=%2Fwp%2Fv2%2Fproduct_brand&post=9097"},{"taxonomy":"product_cat","embeddable":true,"href":"https:\/\/gozu.zone\/index.php?rest_route=%2Fwp%2Fv2%2Fproduct_cat&post=9097"},{"taxonomy":"product_tag","embeddable":true,"href":"https:\/\/gozu.zone\/index.php?rest_route=%2Fwp%2Fv2%2Fproduct_tag&post=9097"}],"curies":[{"name":"wp","href":"https:\/\/api.w.org\/{rel}","templated":true}]}}