{"id":9099,"date":"2019-02-16T13:48:35","date_gmt":"2019-02-16T13:48:35","guid":{"rendered":"https:\/\/gozu.zone\/?post_type=product&#038;p=9099"},"modified":"2019-05-30T18:20:22","modified_gmt":"2019-05-30T18:20:22","slug":"western-legends-le-bon-la-brute-et-le-charmeur","status":"publish","type":"product","link":"https:\/\/gozu.zone\/?product=western-legends-le-bon-la-brute-et-le-charmeur","title":{"rendered":"Western Legends &#8211; Le Bon, la Brute et le Charmeur"},"content":{"rendered":"\n<p>Vivez encore plus d\u2019aventures avec cette premi\u00e8re extension de Western Legends : Le Bon, La Brute et le Charmeur.&nbsp;<\/p>\n\n\n\n<p>Incarnez les 3 nouveaux personnages, que ce soit le Juge Roy Bean, Butch Cassidy ou Joaquin Murrieta ! \u00e0 l\u2019horizon, 12 nouveaux objectifs vous appellent.&nbsp;<\/p>\n\n\n\n<p>Tentez \u00e9galement de gagner les 12 nouveaux \u00e9quipements l\u00e9gendaires au travers des 16 nouvelles histoires disponibles !<\/p>\n\n\n\n<h3 class=\"wp-block-heading\">Contenu de Le Bon, la Brute et le Charmeur<\/h3>\n\n\n\n<ul class=\"wp-block-list\"><li>3 Cartes Personnages<\/li><li>12 Cartes Objectif<\/li><li>16 Cartes Histoire<\/li><li>12 Cartes Equipement l\u00e9gendaire<\/li><li>1 Livret de r\u00e8gles<\/li><\/ul>\n","protected":false},"excerpt":{"rendered":"Vivez encore plus d\u2019aventures avec cette premi\u00e8re extension de Western Legends : Le Bon, La Brute et le Charmeur\n<ul>\n<li><b>\u00e2ge :<\/b> 14 ans et +<\/li>\n<li><b>dur\u00e9e :<\/b> 90 min<\/li>\n<li><b>nb joueurs:<\/b> 2 \u00e0 6<\/li>\n<\/ul>\n<p><span style=\"color: #ff0000;\"><b><\/b><\/span><\/p>\n","protected":false},"featured_media":9123,"comment_status":"open","ping_status":"closed","template":"","meta":{"_acf_changed":false},"product_brand":[],"product_cat":[324,327,323],"product_tag":[720,686,413,412,387],"class_list":{"0":"post-9099","1":"product","2":"type-product","3":"status-publish","4":"has-post-thumbnail","6":"product_cat-experts","7":"product_cat-extensions","8":"product_cat-jeux","9":"product_tag-paris","10":"product_tag-points-daction","11":"product_tag-pouvoirs","12":"product_tag-risque","13":"product_tag-western","14":"product_shipping_class-livraisonstandard_colis","16":"first","17":"instock","18":"sale","19":"taxable","20":"shipping-taxable","21":"purchasable","22":"product-type-simple"},"acf":[],"yoast_head":"<!-- This site is optimized with the Yoast SEO plugin v25.3 - https:\/\/yoast.com\/wordpress\/plugins\/seo\/ -->\n<title>Acheter Western Legends - Le Bon, la Brute et le Charmeur - GOZU ZONE - Jeux et Accessoires<\/title>\n<meta name=\"robots\" content=\"index, follow, max-snippet:-1, max-image-preview:large, max-video-preview:-1\" \/>\n<link rel=\"canonical\" href=\"https:\/\/gozu.zone\/?product=western-legends-le-bon-la-brute-et-le-charmeur\" \/>\n<meta property=\"og:locale\" content=\"fr_FR\" \/>\n<meta property=\"og:type\" content=\"article\" \/>\n<meta property=\"og:title\" content=\"Acheter Western Legends - Le Bon, la Brute et le Charmeur - GOZU ZONE - Jeux et Accessoires\" \/>\n<meta property=\"og:description\" content=\"\u00e2ge : dur\u00e9e : nb joueurs:\" \/>\n<meta property=\"og:url\" content=\"https:\/\/gozu.zone\/?product=western-legends-le-bon-la-brute-et-le-charmeur\" \/>\n<meta property=\"og:site_name\" content=\"GOZU ZONE\" \/>\n<meta property=\"article:publisher\" content=\"https:\/\/www.facebook.com\/gozuzone\/\" \/>\n<meta property=\"article:modified_time\" content=\"2019-05-30T18:20:22+00:00\" \/>\n<meta property=\"og:image\" content=\"https:\/\/gozu.zone\/wp-content\/uploads\/2019\/02\/western-legends-le-bon-la-brute-et-le-charmeur.jpg\" \/>\n\t<meta property=\"og:image:width\" content=\"640\" \/>\n\t<meta property=\"og:image:height\" content=\"640\" \/>\n\t<meta property=\"og:image:type\" content=\"image\/jpeg\" \/>\n<meta name=\"twitter:card\" content=\"summary_large_image\" \/>\n<meta name=\"twitter:site\" content=\"@gozuzone\" \/>\n<script type=\"application\/ld+json\" class=\"yoast-schema-graph\">{\"@context\":\"https:\/\/schema.org\",\"@graph\":[{\"@type\":\"WebPage\",\"@id\":\"https:\/\/gozu.zone\/?product=western-legends-le-bon-la-brute-et-le-charmeur\",\"url\":\"https:\/\/gozu.zone\/?product=western-legends-le-bon-la-brute-et-le-charmeur\",\"name\":\"Acheter Western Legends - Le Bon, la Brute et le Charmeur - GOZU ZONE - Jeux et Accessoires\",\"isPartOf\":{\"@id\":\"https:\/\/gozu.zone\/#website\"},\"primaryImageOfPage\":{\"@id\":\"https:\/\/gozu.zone\/?product=western-legends-le-bon-la-brute-et-le-charmeur#primaryimage\"},\"image\":{\"@id\":\"https:\/\/gozu.zone\/?product=western-legends-le-bon-la-brute-et-le-charmeur#primaryimage\"},\"thumbnailUrl\":\"https:\/\/gozu.zone\/wp-content\/uploads\/2019\/02\/western-legends-le-bon-la-brute-et-le-charmeur.jpg\",\"datePublished\":\"2019-02-16T13:48:35+00:00\",\"dateModified\":\"2019-05-30T18:20:22+00:00\",\"breadcrumb\":{\"@id\":\"https:\/\/gozu.zone\/?product=western-legends-le-bon-la-brute-et-le-charmeur#breadcrumb\"},\"inLanguage\":\"fr-FR\",\"potentialAction\":[{\"@type\":\"ReadAction\",\"target\":[\"https:\/\/gozu.zone\/?product=western-legends-le-bon-la-brute-et-le-charmeur\"]}]},{\"@type\":\"ImageObject\",\"inLanguage\":\"fr-FR\",\"@id\":\"https:\/\/gozu.zone\/?product=western-legends-le-bon-la-brute-et-le-charmeur#primaryimage\",\"url\":\"https:\/\/gozu.zone\/wp-content\/uploads\/2019\/02\/western-legends-le-bon-la-brute-et-le-charmeur.jpg\",\"contentUrl\":\"https:\/\/gozu.zone\/wp-content\/uploads\/2019\/02\/western-legends-le-bon-la-brute-et-le-charmeur.jpg\",\"width\":640,\"height\":640},{\"@type\":\"BreadcrumbList\",\"@id\":\"https:\/\/gozu.zone\/?product=western-legends-le-bon-la-brute-et-le-charmeur#breadcrumb\",\"itemListElement\":[{\"@type\":\"ListItem\",\"position\":1,\"name\":\"Accueil\",\"item\":\"https:\/\/gozu.zone\/\"},{\"@type\":\"ListItem\",\"position\":2,\"name\":\"BOUTIQUE\",\"item\":\"https:\/\/gozu.zone\/?page_id=308\"},{\"@type\":\"ListItem\",\"position\":3,\"name\":\"Western Legends &#8211; Le Bon, la Brute et le Charmeur\"}]},{\"@type\":\"WebSite\",\"@id\":\"https:\/\/gozu.zone\/#website\",\"url\":\"https:\/\/gozu.zone\/\",\"name\":\"GOZU ZONE\",\"description\":\"Toujours plus pour vos jeux\",\"potentialAction\":[{\"@type\":\"SearchAction\",\"target\":{\"@type\":\"EntryPoint\",\"urlTemplate\":\"https:\/\/gozu.zone\/?s={search_term_string}\"},\"query-input\":{\"@type\":\"PropertyValueSpecification\",\"valueRequired\":true,\"valueName\":\"search_term_string\"}}],\"inLanguage\":\"fr-FR\"}]}<\/script>\n<!-- \/ Yoast SEO plugin. -->","yoast_head_json":{"title":"Acheter Western Legends - Le Bon, la Brute et le Charmeur - GOZU ZONE - Jeux et Accessoires","robots":{"index":"index","follow":"follow","max-snippet":"max-snippet:-1","max-image-preview":"max-image-preview:large","max-video-preview":"max-video-preview:-1"},"canonical":"https:\/\/gozu.zone\/?product=western-legends-le-bon-la-brute-et-le-charmeur","og_locale":"fr_FR","og_type":"article","og_title":"Acheter Western Legends - Le Bon, la Brute et le Charmeur - GOZU ZONE - Jeux et Accessoires","og_description":"\u00e2ge : dur\u00e9e : nb joueurs:","og_url":"https:\/\/gozu.zone\/?product=western-legends-le-bon-la-brute-et-le-charmeur","og_site_name":"GOZU ZONE","article_publisher":"https:\/\/www.facebook.com\/gozuzone\/","article_modified_time":"2019-05-30T18:20:22+00:00","og_image":[{"width":640,"height":640,"url":"https:\/\/gozu.zone\/wp-content\/uploads\/2019\/02\/western-legends-le-bon-la-brute-et-le-charmeur.jpg","type":"image\/jpeg"}],"twitter_card":"summary_large_image","twitter_site":"@gozuzone","schema":{"@context":"https:\/\/schema.org","@graph":[{"@type":"WebPage","@id":"https:\/\/gozu.zone\/?product=western-legends-le-bon-la-brute-et-le-charmeur","url":"https:\/\/gozu.zone\/?product=western-legends-le-bon-la-brute-et-le-charmeur","name":"Acheter Western Legends - Le Bon, la Brute et le Charmeur - GOZU ZONE - Jeux et Accessoires","isPartOf":{"@id":"https:\/\/gozu.zone\/#website"},"primaryImageOfPage":{"@id":"https:\/\/gozu.zone\/?product=western-legends-le-bon-la-brute-et-le-charmeur#primaryimage"},"image":{"@id":"https:\/\/gozu.zone\/?product=western-legends-le-bon-la-brute-et-le-charmeur#primaryimage"},"thumbnailUrl":"https:\/\/gozu.zone\/wp-content\/uploads\/2019\/02\/western-legends-le-bon-la-brute-et-le-charmeur.jpg","datePublished":"2019-02-16T13:48:35+00:00","dateModified":"2019-05-30T18:20:22+00:00","breadcrumb":{"@id":"https:\/\/gozu.zone\/?product=western-legends-le-bon-la-brute-et-le-charmeur#breadcrumb"},"inLanguage":"fr-FR","potentialAction":[{"@type":"ReadAction","target":["https:\/\/gozu.zone\/?product=western-legends-le-bon-la-brute-et-le-charmeur"]}]},{"@type":"ImageObject","inLanguage":"fr-FR","@id":"https:\/\/gozu.zone\/?product=western-legends-le-bon-la-brute-et-le-charmeur#primaryimage","url":"https:\/\/gozu.zone\/wp-content\/uploads\/2019\/02\/western-legends-le-bon-la-brute-et-le-charmeur.jpg","contentUrl":"https:\/\/gozu.zone\/wp-content\/uploads\/2019\/02\/western-legends-le-bon-la-brute-et-le-charmeur.jpg","width":640,"height":640},{"@type":"BreadcrumbList","@id":"https:\/\/gozu.zone\/?product=western-legends-le-bon-la-brute-et-le-charmeur#breadcrumb","itemListElement":[{"@type":"ListItem","position":1,"name":"Accueil","item":"https:\/\/gozu.zone\/"},{"@type":"ListItem","position":2,"name":"BOUTIQUE","item":"https:\/\/gozu.zone\/?page_id=308"},{"@type":"ListItem","position":3,"name":"Western Legends &#8211; Le Bon, la Brute et le Charmeur"}]},{"@type":"WebSite","@id":"https:\/\/gozu.zone\/#website","url":"https:\/\/gozu.zone\/","name":"GOZU ZONE","description":"Toujours plus pour vos jeux","potentialAction":[{"@type":"SearchAction","target":{"@type":"EntryPoint","urlTemplate":"https:\/\/gozu.zone\/?s={search_term_string}"},"query-input":{"@type":"PropertyValueSpecification","valueRequired":true,"valueName":"search_term_string"}}],"inLanguage":"fr-FR"}]}},"_links":{"self":[{"href":"https:\/\/gozu.zone\/index.php?rest_route=\/wp\/v2\/product\/9099","targetHints":{"allow":["GET"]}}],"collection":[{"href":"https:\/\/gozu.zone\/index.php?rest_route=\/wp\/v2\/product"}],"about":[{"href":"https:\/\/gozu.zone\/index.php?rest_route=\/wp\/v2\/types\/product"}],"replies":[{"embeddable":true,"href":"https:\/\/gozu.zone\/index.php?rest_route=%2Fwp%2Fv2%2Fcomments&post=9099"}],"wp:featuredmedia":[{"embeddable":true,"href":"https:\/\/gozu.zone\/index.php?rest_route=\/wp\/v2\/media\/9123"}],"wp:attachment":[{"href":"https:\/\/gozu.zone\/index.php?rest_route=%2Fwp%2Fv2%2Fmedia&parent=9099"}],"wp:term":[{"taxonomy":"product_brand","embeddable":true,"href":"https:\/\/gozu.zone\/index.php?rest_route=%2Fwp%2Fv2%2Fproduct_brand&post=9099"},{"taxonomy":"product_cat","embeddable":true,"href":"https:\/\/gozu.zone\/index.php?rest_route=%2Fwp%2Fv2%2Fproduct_cat&post=9099"},{"taxonomy":"product_tag","embeddable":true,"href":"https:\/\/gozu.zone\/index.php?rest_route=%2Fwp%2Fv2%2Fproduct_tag&post=9099"}],"curies":[{"name":"wp","href":"https:\/\/api.w.org\/{rel}","templated":true}]}}