{"id":9102,"date":"2019-02-16T13:48:37","date_gmt":"2019-02-16T13:48:37","guid":{"rendered":"https:\/\/gozu.zone\/?post_type=product&#038;p=9102"},"modified":"2019-07-19T12:54:03","modified_gmt":"2019-07-19T12:54:03","slug":"kemet-extension-seth","status":"publish","type":"product","link":"https:\/\/gozu.zone\/?product=kemet-extension-seth","title":{"rendered":"KEMET &#8211; Extension Seth"},"content":{"rendered":"\r\n<p>La vall\u00e9e du Nil tressaille. Au c\u0153ur du delta, une sombre lueur pourpre transperce les cieux et glace vos troupes d\u2019effroi. Une cit\u00e9 toute puissante \u00e9merge dans le delta du Nil, surplomb\u00e9e d\u2019une pyramide d\u2019am\u00e9thyste. Un ancien dieu s\u2019est r\u00e9veill\u00e9, et sa cruaut\u00e9 n\u2019a d\u2019\u00e9gale que sa fureur. Seth est de retour.<\/p>\r\n\r\n\r\n\r\n<p>Seule la communaut\u00e9 des divinit\u00e9s de Kemet peut esp\u00e9rer vaincre le courroux du dieu du chaos !<br \/>Pour prot\u00e9ger les terres noires de cette nouvelle menace, il vous faudra coordonner vos strat\u00e9gies, reconstruire les temples sacr\u00e9s enfouis depuis des temps imm\u00e9moriaux dans le d\u00e9sert, effectuer la Grande C\u00e9r\u00e9monie et invoquer l\u2019aide du puissant Osiris&#8230;<\/p>\r\n\r\n\r\n\r\n<p>Dans Kemet : Seth, incarnez le dieu tout puissant \u00e0 t\u00eate de chacal ou devenez membre d&rsquo;une force qui devra se coordonner pour sauver les terres noires !<br \/>L&rsquo;\u00e9poque des guerres fratricides est r\u00e9volue, le temps est venu de s&rsquo;unir contre l&rsquo;ennemi commun.<br \/>Qui gagnera entre L&rsquo;alliance des joueurs ou le pouvoir cruel de Seth.<\/p>\r\n\r\n\r\n\r\n<p>Kemet : Seth vous permet de jouer jusqu&rsquo;\u00e0 6 joueurs dans une version \u00ab\u00a01 contre tous\u00a0\u00bb de Kemet.<\/p>\r\n\r\n\r\n\r\n<p>Il appartiendra aux membres de la communaut\u00e9 de jouer en totale coop\u00e9ration pour arr\u00eater l&rsquo;invasion de Seth. Ils devront \u00e9galement r\u00e9sister \u00e0 leurs puissants pouvoirs de corruption.<\/p>\r\n\r\n\r\n\r\n<p>Seth b\u00e9n\u00e9ficiera de ses propres tuiles de pouvoirs, de son propre tableau, de ses propres cr\u00e9atures et de ses propres cartes d&rsquo;intervention divine.<\/p>\r\n\r\n\r\n\r\n<p>La communaut\u00e9 pourra compter sur les puissants Osiris, les temples \u00e0 construire, et de nouvelles r\u00e8gles leur permettant de mieux coop\u00e9rer en cr\u00e9ant par exemple des troupes mixtes.<\/p>\r\n\r\n\r\n\r\n<p>Kemet : Seth est compatible avec la pyramide noire, les nouvelles tuiles et les nouvelles cartes d&rsquo;intervention divine Ta-Seti.<\/p>\r\n\r\n\r\n\r\n<h3 class=\"wp-block-heading\">Contenu de Kemet: Seth<\/h3>\r\n\r\n\r\n\r\n<ul class=\"wp-block-list\">\r\n<li>1 Plateau de jeu Cit\u00e9 de Seth<\/li>\r\n<li>1 Plateau de jeu individuel Seth<\/li>\r\n<li>1 Plateau de jeu commun Osiris<\/li>\r\n<li>2 Plateaux de jeu Phase de jour recto\/verso<\/li>\r\n<li>1 D\u00e9 Pyramide violet<\/li>\r\n<li>3 Figurines cr\u00e9atures (vautour, crocodile, cobra)<\/li>\r\n<li>1 Figurine Osiris<\/li>\r\n<li>15 Figurines unit\u00e9s de Seth<\/li>\r\n<li>3 Figurines Temple niveau 1<\/li>\r\n<li>3 Figurines Temple niveau 2<\/li>\r\n<li>3 Figurines Temple niveau 3<\/li>\r\n<li>16 Tuiles Pouvoir violettes<\/li>\r\n<li>4 Tuiles Pouvoir communaut\u00e9<\/li>\r\n<li>2 nouvelles tuiles Pouvoir bleues<\/li>\r\n<li>6 Jetons Action violets<\/li>\r\n<li>2 Jetons Action dor\u00e9s<\/li>\r\n<li>1 Jeton Action gris<\/li>\r\n<li>1 Jeton Action transparent (tuile Pouvoir)<\/li>\r\n<li>1 Jeton Action transparent (ordre du tour de jeu)<\/li>\r\n<li>9 Cartes Combat Seth<\/li>\r\n<li>15 Cartes Intervention Divine Seth<\/li>\r\n<li>40 Cartes Intervention Divine Communaut\u00e9<\/li>\r\n<li>10 Cartes Cr\u00e9ature<\/li>\r\n<li>6 Jetons Pouvoir de la communaut\u00e9 (plateau Osiris)<\/li>\r\n<li>6 Jetons Pouvoir de la communaut\u00e9 recto\/verso (Temples)<\/li>\r\n<li>4 Jetons Pri\u00e8re<\/li>\r\n<li>1 Jeton Portail de Seth<\/li>\r\n<li>3 Jetons PV temporaires<\/li>\r\n<li>1 aide de jeu<\/li>\r\n<\/ul>\r\n","protected":false},"excerpt":{"rendered":"La Vall\u00e9e du Nil tressaille. Un ancien dieu s'est r\u00e9veill\u00e9 et sa cruaut\u00e9 n'a d'\u00e9gale que sa fureur\n<ul>\n<li><b>\u00e2ge :<\/b> 14 ans et +<\/li>\n<li><b>dur\u00e9e :<\/b> 90 min<\/li>\n<li><b>nb joueurs:<\/b> 3 \u00e0 6<\/li>\n<\/ul>\n<p><span style=\"color: #ff0000;\"><b><\/b><\/span><\/p>\n","protected":false},"featured_media":9125,"comment_status":"open","ping_status":"closed","template":"","meta":{"_acf_changed":false},"product_brand":[],"product_cat":[324,327,323],"product_tag":[334,368,382],"class_list":{"0":"post-9102","1":"product","2":"type-product","3":"status-publish","4":"has-post-thumbnail","6":"product_cat-experts","7":"product_cat-extensions","8":"product_cat-jeux","9":"product_tag-antiquite","10":"product_tag-conquete","11":"product_tag-cooperatif","12":"product_shipping_class-livraisonstandard_colis","14":"first","15":"instock","16":"sale","17":"taxable","18":"shipping-taxable","19":"purchasable","20":"product-type-simple"},"acf":[],"yoast_head":"<!-- This site is optimized with the Yoast SEO plugin v25.3 - https:\/\/yoast.com\/wordpress\/plugins\/seo\/ -->\n<title>Acheter KEMET - Extension Seth - GOZU ZONE - Jeux et Accessoires<\/title>\n<meta name=\"robots\" content=\"index, follow, max-snippet:-1, max-image-preview:large, max-video-preview:-1\" \/>\n<link rel=\"canonical\" href=\"https:\/\/gozu.zone\/?product=kemet-extension-seth\" \/>\n<meta property=\"og:locale\" content=\"fr_FR\" \/>\n<meta property=\"og:type\" content=\"article\" \/>\n<meta property=\"og:title\" content=\"Acheter KEMET - Extension Seth - GOZU ZONE - Jeux et Accessoires\" \/>\n<meta property=\"og:description\" content=\"\u00e2ge :  dur\u00e9e :  nb joueurs:\" \/>\n<meta property=\"og:url\" content=\"https:\/\/gozu.zone\/?product=kemet-extension-seth\" \/>\n<meta property=\"og:site_name\" content=\"GOZU ZONE\" \/>\n<meta property=\"article:publisher\" content=\"https:\/\/www.facebook.com\/gozuzone\/\" \/>\n<meta property=\"article:modified_time\" content=\"2019-07-19T12:54:03+00:00\" \/>\n<meta property=\"og:image\" content=\"https:\/\/gozu.zone\/wp-content\/uploads\/2019\/02\/kemet-seth.jpg\" \/>\n\t<meta property=\"og:image:width\" content=\"560\" \/>\n\t<meta property=\"og:image:height\" content=\"560\" \/>\n\t<meta property=\"og:image:type\" content=\"image\/jpeg\" \/>\n<meta name=\"twitter:card\" content=\"summary_large_image\" \/>\n<meta name=\"twitter:site\" content=\"@gozuzone\" \/>\n<meta name=\"twitter:label1\" content=\"Dur\u00e9e de lecture estim\u00e9e\" \/>\n\t<meta name=\"twitter:data1\" content=\"2 minutes\" \/>\n<script type=\"application\/ld+json\" class=\"yoast-schema-graph\">{\"@context\":\"https:\/\/schema.org\",\"@graph\":[{\"@type\":\"WebPage\",\"@id\":\"https:\/\/gozu.zone\/?product=kemet-extension-seth\",\"url\":\"https:\/\/gozu.zone\/?product=kemet-extension-seth\",\"name\":\"Acheter KEMET - Extension Seth - GOZU ZONE - Jeux et Accessoires\",\"isPartOf\":{\"@id\":\"https:\/\/gozu.zone\/#website\"},\"primaryImageOfPage\":{\"@id\":\"https:\/\/gozu.zone\/?product=kemet-extension-seth#primaryimage\"},\"image\":{\"@id\":\"https:\/\/gozu.zone\/?product=kemet-extension-seth#primaryimage\"},\"thumbnailUrl\":\"https:\/\/gozu.zone\/wp-content\/uploads\/2019\/02\/kemet-seth.jpg\",\"datePublished\":\"2019-02-16T13:48:37+00:00\",\"dateModified\":\"2019-07-19T12:54:03+00:00\",\"breadcrumb\":{\"@id\":\"https:\/\/gozu.zone\/?product=kemet-extension-seth#breadcrumb\"},\"inLanguage\":\"fr-FR\",\"potentialAction\":[{\"@type\":\"ReadAction\",\"target\":[\"https:\/\/gozu.zone\/?product=kemet-extension-seth\"]}]},{\"@type\":\"ImageObject\",\"inLanguage\":\"fr-FR\",\"@id\":\"https:\/\/gozu.zone\/?product=kemet-extension-seth#primaryimage\",\"url\":\"https:\/\/gozu.zone\/wp-content\/uploads\/2019\/02\/kemet-seth.jpg\",\"contentUrl\":\"https:\/\/gozu.zone\/wp-content\/uploads\/2019\/02\/kemet-seth.jpg\",\"width\":560,\"height\":560},{\"@type\":\"BreadcrumbList\",\"@id\":\"https:\/\/gozu.zone\/?product=kemet-extension-seth#breadcrumb\",\"itemListElement\":[{\"@type\":\"ListItem\",\"position\":1,\"name\":\"Accueil\",\"item\":\"https:\/\/gozu.zone\/\"},{\"@type\":\"ListItem\",\"position\":2,\"name\":\"BOUTIQUE\",\"item\":\"https:\/\/gozu.zone\/?page_id=308\"},{\"@type\":\"ListItem\",\"position\":3,\"name\":\"KEMET &#8211; Extension Seth\"}]},{\"@type\":\"WebSite\",\"@id\":\"https:\/\/gozu.zone\/#website\",\"url\":\"https:\/\/gozu.zone\/\",\"name\":\"GOZU ZONE\",\"description\":\"Toujours plus pour vos jeux\",\"potentialAction\":[{\"@type\":\"SearchAction\",\"target\":{\"@type\":\"EntryPoint\",\"urlTemplate\":\"https:\/\/gozu.zone\/?s={search_term_string}\"},\"query-input\":{\"@type\":\"PropertyValueSpecification\",\"valueRequired\":true,\"valueName\":\"search_term_string\"}}],\"inLanguage\":\"fr-FR\"}]}<\/script>\n<!-- \/ Yoast SEO plugin. -->","yoast_head_json":{"title":"Acheter KEMET - Extension Seth - GOZU ZONE - Jeux et Accessoires","robots":{"index":"index","follow":"follow","max-snippet":"max-snippet:-1","max-image-preview":"max-image-preview:large","max-video-preview":"max-video-preview:-1"},"canonical":"https:\/\/gozu.zone\/?product=kemet-extension-seth","og_locale":"fr_FR","og_type":"article","og_title":"Acheter KEMET - Extension Seth - GOZU ZONE - Jeux et Accessoires","og_description":"\u00e2ge :  dur\u00e9e :  nb joueurs:","og_url":"https:\/\/gozu.zone\/?product=kemet-extension-seth","og_site_name":"GOZU ZONE","article_publisher":"https:\/\/www.facebook.com\/gozuzone\/","article_modified_time":"2019-07-19T12:54:03+00:00","og_image":[{"width":560,"height":560,"url":"https:\/\/gozu.zone\/wp-content\/uploads\/2019\/02\/kemet-seth.jpg","type":"image\/jpeg"}],"twitter_card":"summary_large_image","twitter_site":"@gozuzone","twitter_misc":{"Dur\u00e9e de lecture estim\u00e9e":"2 minutes"},"schema":{"@context":"https:\/\/schema.org","@graph":[{"@type":"WebPage","@id":"https:\/\/gozu.zone\/?product=kemet-extension-seth","url":"https:\/\/gozu.zone\/?product=kemet-extension-seth","name":"Acheter KEMET - Extension Seth - GOZU ZONE - Jeux et Accessoires","isPartOf":{"@id":"https:\/\/gozu.zone\/#website"},"primaryImageOfPage":{"@id":"https:\/\/gozu.zone\/?product=kemet-extension-seth#primaryimage"},"image":{"@id":"https:\/\/gozu.zone\/?product=kemet-extension-seth#primaryimage"},"thumbnailUrl":"https:\/\/gozu.zone\/wp-content\/uploads\/2019\/02\/kemet-seth.jpg","datePublished":"2019-02-16T13:48:37+00:00","dateModified":"2019-07-19T12:54:03+00:00","breadcrumb":{"@id":"https:\/\/gozu.zone\/?product=kemet-extension-seth#breadcrumb"},"inLanguage":"fr-FR","potentialAction":[{"@type":"ReadAction","target":["https:\/\/gozu.zone\/?product=kemet-extension-seth"]}]},{"@type":"ImageObject","inLanguage":"fr-FR","@id":"https:\/\/gozu.zone\/?product=kemet-extension-seth#primaryimage","url":"https:\/\/gozu.zone\/wp-content\/uploads\/2019\/02\/kemet-seth.jpg","contentUrl":"https:\/\/gozu.zone\/wp-content\/uploads\/2019\/02\/kemet-seth.jpg","width":560,"height":560},{"@type":"BreadcrumbList","@id":"https:\/\/gozu.zone\/?product=kemet-extension-seth#breadcrumb","itemListElement":[{"@type":"ListItem","position":1,"name":"Accueil","item":"https:\/\/gozu.zone\/"},{"@type":"ListItem","position":2,"name":"BOUTIQUE","item":"https:\/\/gozu.zone\/?page_id=308"},{"@type":"ListItem","position":3,"name":"KEMET &#8211; Extension Seth"}]},{"@type":"WebSite","@id":"https:\/\/gozu.zone\/#website","url":"https:\/\/gozu.zone\/","name":"GOZU ZONE","description":"Toujours plus pour vos jeux","potentialAction":[{"@type":"SearchAction","target":{"@type":"EntryPoint","urlTemplate":"https:\/\/gozu.zone\/?s={search_term_string}"},"query-input":{"@type":"PropertyValueSpecification","valueRequired":true,"valueName":"search_term_string"}}],"inLanguage":"fr-FR"}]}},"_links":{"self":[{"href":"https:\/\/gozu.zone\/index.php?rest_route=\/wp\/v2\/product\/9102","targetHints":{"allow":["GET"]}}],"collection":[{"href":"https:\/\/gozu.zone\/index.php?rest_route=\/wp\/v2\/product"}],"about":[{"href":"https:\/\/gozu.zone\/index.php?rest_route=\/wp\/v2\/types\/product"}],"replies":[{"embeddable":true,"href":"https:\/\/gozu.zone\/index.php?rest_route=%2Fwp%2Fv2%2Fcomments&post=9102"}],"wp:featuredmedia":[{"embeddable":true,"href":"https:\/\/gozu.zone\/index.php?rest_route=\/wp\/v2\/media\/9125"}],"wp:attachment":[{"href":"https:\/\/gozu.zone\/index.php?rest_route=%2Fwp%2Fv2%2Fmedia&parent=9102"}],"wp:term":[{"taxonomy":"product_brand","embeddable":true,"href":"https:\/\/gozu.zone\/index.php?rest_route=%2Fwp%2Fv2%2Fproduct_brand&post=9102"},{"taxonomy":"product_cat","embeddable":true,"href":"https:\/\/gozu.zone\/index.php?rest_route=%2Fwp%2Fv2%2Fproduct_cat&post=9102"},{"taxonomy":"product_tag","embeddable":true,"href":"https:\/\/gozu.zone\/index.php?rest_route=%2Fwp%2Fv2%2Fproduct_tag&post=9102"}],"curies":[{"name":"wp","href":"https:\/\/api.w.org\/{rel}","templated":true}]}}