{"id":9143,"date":"2019-02-17T17:50:55","date_gmt":"2019-02-17T17:50:55","guid":{"rendered":"https:\/\/gozu.zone\/?post_type=product&#038;p=9143"},"modified":"2024-05-14T16:45:24","modified_gmt":"2024-05-14T16:45:24","slug":"sagrada","status":"publish","type":"product","link":"https:\/\/gozu.zone\/?product=sagrada","title":{"rendered":"Sagrada"},"content":{"rendered":"\n<h2 class=\"wp-block-heading\">Sagrada, un jeu \u00e0 la fibre artistique<\/h2>\n\n\n\n<p>Dans Sagrada, vous incarnez un artiste en charge de cr\u00e9er le plus beau vitrail de la Sagrada Familia. Simple, non ? Oui et non, car vous n\u2019\u00eates pas le seul \u00e0 vouloir \u00eatre pr\u00e9sent sur les fa\u00e7ades de ce lieu mythique. Vous serez en comp\u00e9tition avec d\u2019autres artistes aussi talentueux que vous. Constituez un vitrail splendide et votre pr\u00e9sence sera assur\u00e9e !<br><\/p>\n\n\n\n<h2 class=\"wp-block-heading\">Sagrada, un jeu de draft de d\u00e9s en 10 manches&nbsp;<\/h2>\n\n\n\n<p>Votre but est de constituer le plus beau vitrail de la Sagrada Familia. Vos morceaux de vitrail sont repr\u00e9sent\u00e9s par des d\u00e9s, qui ont une couleur et une nuance.&nbsp;Lors de chaque manche, choisissez des d\u00e9s dans la pioche, et placez-les sur votre vitrail, en respectant le sch\u00e9ma repr\u00e9sent\u00e9. Mais attention, vous devez placer correctement vos d\u00e9s en tenant compte des contraintes de couleurs et de valeurs du vitrail, et ne jamais avoir de d\u00e9s adjacents ayant la m\u00eame valeur ou couleur.&nbsp;Les joueurs ont 10 manches pour constituer le plus beau des vitraux.<br><\/p>\n\n\n\n<h2 class=\"wp-block-heading\">Sagrada, un jeu qui r\u00e9compense le meilleur ouvrier<\/h2>\n\n\n\n<p>Le jeu se termine \u00e0 la fin de la 10\u00e8me manche. Les joueurs comptent alors leurs points de la mani\u00e8re suivante :&nbsp;<\/p>\n\n\n\n<ul class=\"wp-block-list\"><li><strong>Carte Objectif public<\/strong>&nbsp;: vous gagnez des points de chaque carte plusieurs fois. Les objectifs bas\u00e9s sur les lignes et\/ou colonnes ne sont compt\u00e9s que si elles sont enti\u00e8rement compl\u00e9t\u00e9es.<br><\/li><li><strong>Carte Objectif priv\u00e9<\/strong>&nbsp;: vous scorer des points en additionnant la somme des valeurs des d\u00e9s de la couleur sp\u00e9cifi\u00e9e sur la carte.<br><\/li><li><strong>Jetons Faveur<\/strong>&nbsp;: vous marquez un point pour chaque jeton non utilis\u00e9<\/li><\/ul>\n\n\n\n<p>Attention ! Dans Sagrada, il existe aussi un syst\u00e8me de point n\u00e9gatif. Ainsi, pour chaque emplacement vide dans votre vitrail, vous perdez un point.&nbsp;<\/p>\n\n\n\n<h2 class=\"wp-block-heading\">Sagrada, un jeu strat\u00e9gique<\/h2>\n\n\n\n<p>Le jeu n&rsquo;est pas d\u00e9muni d&rsquo;une certaine dose de strat\u00e9gie. Le joueur avec le plus de points de victoire remporte la partie. Pour gagner, vous devrez chercher les combinaisons les plus efficaces tout en essayant de contrer les tactiques de vos adversaires. Dans Sagrada, il existe des nombreuses contraintes et fa\u00e7ons de marquer. Le joueur qui parviendra le mieux \u00e0 jongler avec ces difficult\u00e9s deviendra le meilleur artiste de Barcelone.\n\n<\/p>\n\n\n\n<h2 class=\"wp-block-heading\">Aper\u00e7u de Sagrada<\/h2>\n\n\n\n<figure class=\"wp-block-embed-youtube wp-block-embed is-type-video is-provider-youtube wp-embed-aspect-16-9 wp-has-aspect-ratio\"><div class=\"wp-block-embed__wrapper\">\n<iframe loading=\"lazy\" title=\"LudoChrono - Sagrada\" width=\"1020\" height=\"574\" src=\"https:\/\/www.youtube.com\/embed\/8jAJlRqL9Pk?feature=oembed\" frameborder=\"0\" allow=\"accelerometer; autoplay; clipboard-write; encrypted-media; gyroscope; picture-in-picture; web-share\" referrerpolicy=\"strict-origin-when-cross-origin\" allowfullscreen><\/iframe>\n<\/div><\/figure>\n\n\n\n<h2 class=\"wp-block-heading\">Contenu de Sagrada<\/h2>\n\n\n\n<ul class=\"wp-block-list\"><li>4&nbsp;plateaux joueur \u00ab\u00a0Cadre de vitrail\u00a0\u00bb<\/li><li>1&nbsp;piste de manche\/piste de score<\/li><li>4&nbsp;marqueurs de score<\/li><li>12&nbsp;cartes \u00ab\u00a0motif de vitrail\u00a0\u00bb<\/li><li>12&nbsp;cartes objectif<\/li><li>10&nbsp;cartes objectif public<\/li><li>5&nbsp;cartes objectif priv\u00e9<\/li><li>24&nbsp;jetons faveur<\/li><li>1&nbsp;sac de d\u00e9s<\/li><li>90&nbsp;d\u00e9s (18&#215;5 colors &#8211; rouge, jaune, vert, bleu, violet)<\/li><\/ul>\n","protected":false},"excerpt":{"rendered":"Dans Sagrada, affrontez les meilleurs artistes de Barcelone en constituant le plus beau vitrail de la Sagrada Familia. Gr\u00e2ce \u00e0 un syst\u00e8me de draft de d\u00e9s ing\u00e9nieux assemblez votre vitrail en marquant le plus de points.\n<ul>\n<li><b>\u00e2ge :<\/b> 14 ans et +<\/li>\n<li><b>dur\u00e9e :<\/b> 40 min<\/li>\n<li><b>nb joueurs:<\/b> 1 \u00e0 4<\/li>\n<\/ul>\n<p><span style=\"color: #ff0000;\"><b><\/b><\/span><\/p>\n","protected":false},"featured_media":9165,"comment_status":"open","ping_status":"closed","template":"","meta":{"_acf_changed":false},"product_brand":[],"product_cat":[324,323],"product_tag":[371,177,399,436,516],"class_list":{"0":"post-9143","1":"product","2":"type-product","3":"status-publish","4":"has-post-thumbnail","6":"product_cat-experts","7":"product_cat-jeux","8":"product_tag-arts","9":"product_tag-cartes","10":"product_tag-collection","11":"product_tag-des","12":"product_tag-draft","13":"product_shipping_class-livraisonstandard_colis","15":"first","16":"instock","17":"sale","18":"taxable","19":"shipping-taxable","20":"purchasable","21":"product-type-simple"},"acf":[],"yoast_head":"<!-- This site is optimized with the Yoast SEO plugin v25.3 - https:\/\/yoast.com\/wordpress\/plugins\/seo\/ -->\n<title>Acheter Sagrada - GOZU ZONE - Jeux et Accessoires<\/title>\n<meta name=\"robots\" content=\"index, follow, max-snippet:-1, max-image-preview:large, max-video-preview:-1\" \/>\n<link rel=\"canonical\" href=\"https:\/\/gozu.zone\/?product=sagrada\" \/>\n<meta property=\"og:locale\" content=\"fr_FR\" \/>\n<meta property=\"og:type\" content=\"article\" \/>\n<meta property=\"og:title\" content=\"Acheter Sagrada - GOZU ZONE - Jeux et Accessoires\" \/>\n<meta property=\"og:description\" content=\"\u00e2ge : dur\u00e9e : nb joueurs:\" \/>\n<meta property=\"og:url\" content=\"https:\/\/gozu.zone\/?product=sagrada\" \/>\n<meta property=\"og:site_name\" content=\"GOZU ZONE\" \/>\n<meta property=\"article:publisher\" content=\"https:\/\/www.facebook.com\/gozuzone\/\" \/>\n<meta property=\"article:modified_time\" content=\"2024-05-14T16:45:24+00:00\" \/>\n<meta property=\"og:image\" content=\"https:\/\/gozu.zone\/wp-content\/uploads\/2019\/02\/Sagrada.jpg\" \/>\n\t<meta property=\"og:image:width\" content=\"640\" \/>\n\t<meta property=\"og:image:height\" content=\"640\" \/>\n\t<meta property=\"og:image:type\" content=\"image\/jpeg\" \/>\n<meta name=\"twitter:card\" content=\"summary_large_image\" \/>\n<meta name=\"twitter:site\" content=\"@gozuzone\" \/>\n<meta name=\"twitter:label1\" content=\"Dur\u00e9e de lecture estim\u00e9e\" \/>\n\t<meta name=\"twitter:data1\" content=\"2 minutes\" \/>\n<script type=\"application\/ld+json\" class=\"yoast-schema-graph\">{\"@context\":\"https:\/\/schema.org\",\"@graph\":[{\"@type\":\"WebPage\",\"@id\":\"https:\/\/gozu.zone\/?product=sagrada\",\"url\":\"https:\/\/gozu.zone\/?product=sagrada\",\"name\":\"Acheter Sagrada - GOZU ZONE - Jeux et Accessoires\",\"isPartOf\":{\"@id\":\"https:\/\/gozu.zone\/#website\"},\"primaryImageOfPage\":{\"@id\":\"https:\/\/gozu.zone\/?product=sagrada#primaryimage\"},\"image\":{\"@id\":\"https:\/\/gozu.zone\/?product=sagrada#primaryimage\"},\"thumbnailUrl\":\"https:\/\/gozu.zone\/wp-content\/uploads\/2019\/02\/Sagrada.jpg\",\"datePublished\":\"2019-02-17T17:50:55+00:00\",\"dateModified\":\"2024-05-14T16:45:24+00:00\",\"breadcrumb\":{\"@id\":\"https:\/\/gozu.zone\/?product=sagrada#breadcrumb\"},\"inLanguage\":\"fr-FR\",\"potentialAction\":[{\"@type\":\"ReadAction\",\"target\":[\"https:\/\/gozu.zone\/?product=sagrada\"]}]},{\"@type\":\"ImageObject\",\"inLanguage\":\"fr-FR\",\"@id\":\"https:\/\/gozu.zone\/?product=sagrada#primaryimage\",\"url\":\"https:\/\/gozu.zone\/wp-content\/uploads\/2019\/02\/Sagrada.jpg\",\"contentUrl\":\"https:\/\/gozu.zone\/wp-content\/uploads\/2019\/02\/Sagrada.jpg\",\"width\":640,\"height\":640},{\"@type\":\"BreadcrumbList\",\"@id\":\"https:\/\/gozu.zone\/?product=sagrada#breadcrumb\",\"itemListElement\":[{\"@type\":\"ListItem\",\"position\":1,\"name\":\"Accueil\",\"item\":\"https:\/\/gozu.zone\/\"},{\"@type\":\"ListItem\",\"position\":2,\"name\":\"BOUTIQUE\",\"item\":\"https:\/\/gozu.zone\/?page_id=308\"},{\"@type\":\"ListItem\",\"position\":3,\"name\":\"Sagrada\"}]},{\"@type\":\"WebSite\",\"@id\":\"https:\/\/gozu.zone\/#website\",\"url\":\"https:\/\/gozu.zone\/\",\"name\":\"GOZU ZONE\",\"description\":\"Toujours plus pour vos jeux\",\"potentialAction\":[{\"@type\":\"SearchAction\",\"target\":{\"@type\":\"EntryPoint\",\"urlTemplate\":\"https:\/\/gozu.zone\/?s={search_term_string}\"},\"query-input\":{\"@type\":\"PropertyValueSpecification\",\"valueRequired\":true,\"valueName\":\"search_term_string\"}}],\"inLanguage\":\"fr-FR\"}]}<\/script>\n<!-- \/ Yoast SEO plugin. -->","yoast_head_json":{"title":"Acheter Sagrada - GOZU ZONE - Jeux et Accessoires","robots":{"index":"index","follow":"follow","max-snippet":"max-snippet:-1","max-image-preview":"max-image-preview:large","max-video-preview":"max-video-preview:-1"},"canonical":"https:\/\/gozu.zone\/?product=sagrada","og_locale":"fr_FR","og_type":"article","og_title":"Acheter Sagrada - GOZU ZONE - Jeux et Accessoires","og_description":"\u00e2ge : dur\u00e9e : nb joueurs:","og_url":"https:\/\/gozu.zone\/?product=sagrada","og_site_name":"GOZU ZONE","article_publisher":"https:\/\/www.facebook.com\/gozuzone\/","article_modified_time":"2024-05-14T16:45:24+00:00","og_image":[{"width":640,"height":640,"url":"https:\/\/gozu.zone\/wp-content\/uploads\/2019\/02\/Sagrada.jpg","type":"image\/jpeg"}],"twitter_card":"summary_large_image","twitter_site":"@gozuzone","twitter_misc":{"Dur\u00e9e de lecture estim\u00e9e":"2 minutes"},"schema":{"@context":"https:\/\/schema.org","@graph":[{"@type":"WebPage","@id":"https:\/\/gozu.zone\/?product=sagrada","url":"https:\/\/gozu.zone\/?product=sagrada","name":"Acheter Sagrada - GOZU ZONE - Jeux et Accessoires","isPartOf":{"@id":"https:\/\/gozu.zone\/#website"},"primaryImageOfPage":{"@id":"https:\/\/gozu.zone\/?product=sagrada#primaryimage"},"image":{"@id":"https:\/\/gozu.zone\/?product=sagrada#primaryimage"},"thumbnailUrl":"https:\/\/gozu.zone\/wp-content\/uploads\/2019\/02\/Sagrada.jpg","datePublished":"2019-02-17T17:50:55+00:00","dateModified":"2024-05-14T16:45:24+00:00","breadcrumb":{"@id":"https:\/\/gozu.zone\/?product=sagrada#breadcrumb"},"inLanguage":"fr-FR","potentialAction":[{"@type":"ReadAction","target":["https:\/\/gozu.zone\/?product=sagrada"]}]},{"@type":"ImageObject","inLanguage":"fr-FR","@id":"https:\/\/gozu.zone\/?product=sagrada#primaryimage","url":"https:\/\/gozu.zone\/wp-content\/uploads\/2019\/02\/Sagrada.jpg","contentUrl":"https:\/\/gozu.zone\/wp-content\/uploads\/2019\/02\/Sagrada.jpg","width":640,"height":640},{"@type":"BreadcrumbList","@id":"https:\/\/gozu.zone\/?product=sagrada#breadcrumb","itemListElement":[{"@type":"ListItem","position":1,"name":"Accueil","item":"https:\/\/gozu.zone\/"},{"@type":"ListItem","position":2,"name":"BOUTIQUE","item":"https:\/\/gozu.zone\/?page_id=308"},{"@type":"ListItem","position":3,"name":"Sagrada"}]},{"@type":"WebSite","@id":"https:\/\/gozu.zone\/#website","url":"https:\/\/gozu.zone\/","name":"GOZU ZONE","description":"Toujours plus pour vos jeux","potentialAction":[{"@type":"SearchAction","target":{"@type":"EntryPoint","urlTemplate":"https:\/\/gozu.zone\/?s={search_term_string}"},"query-input":{"@type":"PropertyValueSpecification","valueRequired":true,"valueName":"search_term_string"}}],"inLanguage":"fr-FR"}]}},"_links":{"self":[{"href":"https:\/\/gozu.zone\/index.php?rest_route=\/wp\/v2\/product\/9143","targetHints":{"allow":["GET"]}}],"collection":[{"href":"https:\/\/gozu.zone\/index.php?rest_route=\/wp\/v2\/product"}],"about":[{"href":"https:\/\/gozu.zone\/index.php?rest_route=\/wp\/v2\/types\/product"}],"replies":[{"embeddable":true,"href":"https:\/\/gozu.zone\/index.php?rest_route=%2Fwp%2Fv2%2Fcomments&post=9143"}],"wp:featuredmedia":[{"embeddable":true,"href":"https:\/\/gozu.zone\/index.php?rest_route=\/wp\/v2\/media\/9165"}],"wp:attachment":[{"href":"https:\/\/gozu.zone\/index.php?rest_route=%2Fwp%2Fv2%2Fmedia&parent=9143"}],"wp:term":[{"taxonomy":"product_brand","embeddable":true,"href":"https:\/\/gozu.zone\/index.php?rest_route=%2Fwp%2Fv2%2Fproduct_brand&post=9143"},{"taxonomy":"product_cat","embeddable":true,"href":"https:\/\/gozu.zone\/index.php?rest_route=%2Fwp%2Fv2%2Fproduct_cat&post=9143"},{"taxonomy":"product_tag","embeddable":true,"href":"https:\/\/gozu.zone\/index.php?rest_route=%2Fwp%2Fv2%2Fproduct_tag&post=9143"}],"curies":[{"name":"wp","href":"https:\/\/api.w.org\/{rel}","templated":true}]}}