{"id":9251,"date":"2019-03-01T22:04:54","date_gmt":"2019-03-01T22:04:54","guid":{"rendered":"https:\/\/gozu.zone\/?post_type=product&#038;p=9251"},"modified":"2019-05-30T18:12:45","modified_gmt":"2019-05-30T18:12:45","slug":"sonar-family","status":"publish","type":"product","link":"https:\/\/gozu.zone\/?product=sonar-family","title":{"rendered":"Sonar Family"},"content":{"rendered":"\n<p>\n\nDans les profondeurs sombres de l&rsquo;oc\u00e9an, un sonar s&rsquo;active &#8211; l&rsquo;ennemi est proche.<\/p>\n\n\n\n<p>Tout le monde \u00e0 vos postes de combat !Soyez attentif aux mouvements des adversaires et choisissez le bon moment pour passer \u00e0 l&rsquo;attaque.<\/p>\n\n\n\n<p>Un seul sous-marin remontera \u00e0 la surface !<\/p>\n\n\n\n<p>Sonar Family est un jeu de combat sous-marin passionnant dans lequel deux \u00e9quipes contr\u00f4lent un sous-marin diff\u00e9rent.<br>Chaque joueur joue un membre d&rsquo;\u00e9quipage : le capitaine ou l&rsquo;op\u00e9rateur radio.<br>Le r\u00f4le du capitaine est de d\u00e9placer le sous-marin et d&rsquo;activer ses syst\u00e8mes.<br>Le r\u00f4le de l&rsquo;op\u00e9rateur radio est de trouver le sous-marin ennemi pour le d\u00e9truire.<br>La premi\u00e8re \u00e9quipe \u00e0 infliger 2 dommages \u00e0 l&rsquo;autre \u00e9quipe gagne la partie. <\/p>\n\n\n\n<h2 class=\"wp-block-heading\">Aper\u00e7u de Sonar Family<\/h2>\n\n\n\n<figure class=\"wp-block-embed-youtube wp-block-embed is-type-video is-provider-youtube wp-embed-aspect-16-9 wp-has-aspect-ratio\"><div class=\"wp-block-embed__wrapper\">\n<iframe loading=\"lazy\" title=\"LudoChrono - Sonar Family\" width=\"1020\" height=\"574\" src=\"https:\/\/www.youtube.com\/embed\/djr6Rj0hiJM?feature=oembed\" frameborder=\"0\" allow=\"accelerometer; autoplay; clipboard-write; encrypted-media; gyroscope; picture-in-picture; web-share\" referrerpolicy=\"strict-origin-when-cross-origin\" allowfullscreen><\/iframe>\n<\/div><\/figure>\n\n\n\n<h3 class=\"wp-block-heading\">Contenu de Sonar Family<\/h3>\n\n\n\n<ul class=\"wp-block-list\"><li>4 Fiches recto-verso du Capitaine<\/li><li>4 Fiches recto-verso de l&rsquo;Op\u00e9rateur Radio<\/li><li>2 Feuillets transparents pour l&rsquo;Op\u00e9rateur Radio<\/li><li>4 Marqueurs effa\u00e7ables<\/li><li>1 Paravent<\/li><li>1 Livret de R\u00e8gles<\/li><\/ul>\n\n\n\n<p><\/p>\n","protected":false},"excerpt":{"rendered":"Affrontez vous, en famille, \u00e0 bord de vos sous-marins ! \n<ul>\n<li><b>\u00e2ge :<\/b> 8 ans et +<\/li>\n<li><b>dur\u00e9e :<\/b> 30 \u00e0 60 min<\/li>\n<li><b>nb joueurs:<\/b> 2 \u00e0 4<\/li>\n<\/ul>\n<p><span style=\"color: #ff0000;\"><b><\/b><\/span><\/p>\n","protected":false},"featured_media":9259,"comment_status":"open","ping_status":"closed","template":"","meta":{"_acf_changed":false},"product_brand":[],"product_cat":[323,361],"product_tag":[336,382,380,369,557],"class_list":{"0":"post-9251","1":"product","2":"type-product","3":"status-publish","4":"has-post-thumbnail","6":"product_cat-jeux","7":"product_cat-familiaux","8":"product_tag-affrontement","9":"product_tag-cooperatif","10":"product_tag-exploration","11":"product_tag-ocean","12":"product_tag-transports","13":"product_shipping_class-livraisonstandard_colis","15":"first","16":"instock","17":"sale","18":"taxable","19":"shipping-taxable","20":"purchasable","21":"product-type-simple"},"acf":[],"yoast_head":"<!-- This site is optimized with the Yoast SEO plugin v25.3 - https:\/\/yoast.com\/wordpress\/plugins\/seo\/ -->\n<title>Acheter Sonar Family - GOZU ZONE - Jeux et Accessoires<\/title>\n<meta name=\"robots\" content=\"index, follow, max-snippet:-1, max-image-preview:large, max-video-preview:-1\" \/>\n<link rel=\"canonical\" href=\"https:\/\/gozu.zone\/?product=sonar-family\" \/>\n<meta property=\"og:locale\" content=\"fr_FR\" \/>\n<meta property=\"og:type\" content=\"article\" \/>\n<meta property=\"og:title\" content=\"Acheter Sonar Family - GOZU ZONE - Jeux et Accessoires\" \/>\n<meta property=\"og:description\" content=\"\u00e2ge :  dur\u00e9e :  nb joueurs:\" \/>\n<meta property=\"og:url\" content=\"https:\/\/gozu.zone\/?product=sonar-family\" \/>\n<meta property=\"og:site_name\" content=\"GOZU ZONE\" \/>\n<meta property=\"article:publisher\" content=\"https:\/\/www.facebook.com\/gozuzone\/\" \/>\n<meta property=\"article:modified_time\" content=\"2019-05-30T18:12:45+00:00\" \/>\n<meta property=\"og:image\" content=\"https:\/\/gozu.zone\/wp-content\/uploads\/2019\/03\/sonar-family.jpg\" \/>\n\t<meta property=\"og:image:width\" content=\"640\" \/>\n\t<meta property=\"og:image:height\" content=\"640\" \/>\n\t<meta property=\"og:image:type\" content=\"image\/jpeg\" \/>\n<meta name=\"twitter:card\" content=\"summary_large_image\" \/>\n<meta name=\"twitter:site\" content=\"@gozuzone\" \/>\n<meta name=\"twitter:label1\" content=\"Dur\u00e9e de lecture estim\u00e9e\" \/>\n\t<meta name=\"twitter:data1\" content=\"1 minute\" \/>\n<script type=\"application\/ld+json\" class=\"yoast-schema-graph\">{\"@context\":\"https:\/\/schema.org\",\"@graph\":[{\"@type\":\"WebPage\",\"@id\":\"https:\/\/gozu.zone\/?product=sonar-family\",\"url\":\"https:\/\/gozu.zone\/?product=sonar-family\",\"name\":\"Acheter Sonar Family - GOZU ZONE - Jeux et Accessoires\",\"isPartOf\":{\"@id\":\"https:\/\/gozu.zone\/#website\"},\"primaryImageOfPage\":{\"@id\":\"https:\/\/gozu.zone\/?product=sonar-family#primaryimage\"},\"image\":{\"@id\":\"https:\/\/gozu.zone\/?product=sonar-family#primaryimage\"},\"thumbnailUrl\":\"https:\/\/gozu.zone\/wp-content\/uploads\/2019\/03\/sonar-family.jpg\",\"datePublished\":\"2019-03-01T22:04:54+00:00\",\"dateModified\":\"2019-05-30T18:12:45+00:00\",\"breadcrumb\":{\"@id\":\"https:\/\/gozu.zone\/?product=sonar-family#breadcrumb\"},\"inLanguage\":\"fr-FR\",\"potentialAction\":[{\"@type\":\"ReadAction\",\"target\":[\"https:\/\/gozu.zone\/?product=sonar-family\"]}]},{\"@type\":\"ImageObject\",\"inLanguage\":\"fr-FR\",\"@id\":\"https:\/\/gozu.zone\/?product=sonar-family#primaryimage\",\"url\":\"https:\/\/gozu.zone\/wp-content\/uploads\/2019\/03\/sonar-family.jpg\",\"contentUrl\":\"https:\/\/gozu.zone\/wp-content\/uploads\/2019\/03\/sonar-family.jpg\",\"width\":640,\"height\":640},{\"@type\":\"BreadcrumbList\",\"@id\":\"https:\/\/gozu.zone\/?product=sonar-family#breadcrumb\",\"itemListElement\":[{\"@type\":\"ListItem\",\"position\":1,\"name\":\"Accueil\",\"item\":\"https:\/\/gozu.zone\/\"},{\"@type\":\"ListItem\",\"position\":2,\"name\":\"BOUTIQUE\",\"item\":\"https:\/\/gozu.zone\/?page_id=308\"},{\"@type\":\"ListItem\",\"position\":3,\"name\":\"Sonar Family\"}]},{\"@type\":\"WebSite\",\"@id\":\"https:\/\/gozu.zone\/#website\",\"url\":\"https:\/\/gozu.zone\/\",\"name\":\"GOZU ZONE\",\"description\":\"Toujours plus pour vos jeux\",\"potentialAction\":[{\"@type\":\"SearchAction\",\"target\":{\"@type\":\"EntryPoint\",\"urlTemplate\":\"https:\/\/gozu.zone\/?s={search_term_string}\"},\"query-input\":{\"@type\":\"PropertyValueSpecification\",\"valueRequired\":true,\"valueName\":\"search_term_string\"}}],\"inLanguage\":\"fr-FR\"}]}<\/script>\n<!-- \/ Yoast SEO plugin. -->","yoast_head_json":{"title":"Acheter Sonar Family - GOZU ZONE - Jeux et Accessoires","robots":{"index":"index","follow":"follow","max-snippet":"max-snippet:-1","max-image-preview":"max-image-preview:large","max-video-preview":"max-video-preview:-1"},"canonical":"https:\/\/gozu.zone\/?product=sonar-family","og_locale":"fr_FR","og_type":"article","og_title":"Acheter Sonar Family - GOZU ZONE - Jeux et Accessoires","og_description":"\u00e2ge :  dur\u00e9e :  nb joueurs:","og_url":"https:\/\/gozu.zone\/?product=sonar-family","og_site_name":"GOZU ZONE","article_publisher":"https:\/\/www.facebook.com\/gozuzone\/","article_modified_time":"2019-05-30T18:12:45+00:00","og_image":[{"width":640,"height":640,"url":"https:\/\/gozu.zone\/wp-content\/uploads\/2019\/03\/sonar-family.jpg","type":"image\/jpeg"}],"twitter_card":"summary_large_image","twitter_site":"@gozuzone","twitter_misc":{"Dur\u00e9e de lecture estim\u00e9e":"1 minute"},"schema":{"@context":"https:\/\/schema.org","@graph":[{"@type":"WebPage","@id":"https:\/\/gozu.zone\/?product=sonar-family","url":"https:\/\/gozu.zone\/?product=sonar-family","name":"Acheter Sonar Family - GOZU ZONE - Jeux et Accessoires","isPartOf":{"@id":"https:\/\/gozu.zone\/#website"},"primaryImageOfPage":{"@id":"https:\/\/gozu.zone\/?product=sonar-family#primaryimage"},"image":{"@id":"https:\/\/gozu.zone\/?product=sonar-family#primaryimage"},"thumbnailUrl":"https:\/\/gozu.zone\/wp-content\/uploads\/2019\/03\/sonar-family.jpg","datePublished":"2019-03-01T22:04:54+00:00","dateModified":"2019-05-30T18:12:45+00:00","breadcrumb":{"@id":"https:\/\/gozu.zone\/?product=sonar-family#breadcrumb"},"inLanguage":"fr-FR","potentialAction":[{"@type":"ReadAction","target":["https:\/\/gozu.zone\/?product=sonar-family"]}]},{"@type":"ImageObject","inLanguage":"fr-FR","@id":"https:\/\/gozu.zone\/?product=sonar-family#primaryimage","url":"https:\/\/gozu.zone\/wp-content\/uploads\/2019\/03\/sonar-family.jpg","contentUrl":"https:\/\/gozu.zone\/wp-content\/uploads\/2019\/03\/sonar-family.jpg","width":640,"height":640},{"@type":"BreadcrumbList","@id":"https:\/\/gozu.zone\/?product=sonar-family#breadcrumb","itemListElement":[{"@type":"ListItem","position":1,"name":"Accueil","item":"https:\/\/gozu.zone\/"},{"@type":"ListItem","position":2,"name":"BOUTIQUE","item":"https:\/\/gozu.zone\/?page_id=308"},{"@type":"ListItem","position":3,"name":"Sonar Family"}]},{"@type":"WebSite","@id":"https:\/\/gozu.zone\/#website","url":"https:\/\/gozu.zone\/","name":"GOZU ZONE","description":"Toujours plus pour vos jeux","potentialAction":[{"@type":"SearchAction","target":{"@type":"EntryPoint","urlTemplate":"https:\/\/gozu.zone\/?s={search_term_string}"},"query-input":{"@type":"PropertyValueSpecification","valueRequired":true,"valueName":"search_term_string"}}],"inLanguage":"fr-FR"}]}},"_links":{"self":[{"href":"https:\/\/gozu.zone\/index.php?rest_route=\/wp\/v2\/product\/9251","targetHints":{"allow":["GET"]}}],"collection":[{"href":"https:\/\/gozu.zone\/index.php?rest_route=\/wp\/v2\/product"}],"about":[{"href":"https:\/\/gozu.zone\/index.php?rest_route=\/wp\/v2\/types\/product"}],"replies":[{"embeddable":true,"href":"https:\/\/gozu.zone\/index.php?rest_route=%2Fwp%2Fv2%2Fcomments&post=9251"}],"wp:featuredmedia":[{"embeddable":true,"href":"https:\/\/gozu.zone\/index.php?rest_route=\/wp\/v2\/media\/9259"}],"wp:attachment":[{"href":"https:\/\/gozu.zone\/index.php?rest_route=%2Fwp%2Fv2%2Fmedia&parent=9251"}],"wp:term":[{"taxonomy":"product_brand","embeddable":true,"href":"https:\/\/gozu.zone\/index.php?rest_route=%2Fwp%2Fv2%2Fproduct_brand&post=9251"},{"taxonomy":"product_cat","embeddable":true,"href":"https:\/\/gozu.zone\/index.php?rest_route=%2Fwp%2Fv2%2Fproduct_cat&post=9251"},{"taxonomy":"product_tag","embeddable":true,"href":"https:\/\/gozu.zone\/index.php?rest_route=%2Fwp%2Fv2%2Fproduct_tag&post=9251"}],"curies":[{"name":"wp","href":"https:\/\/api.w.org\/{rel}","templated":true}]}}