{"id":9255,"date":"2019-03-01T22:04:57","date_gmt":"2019-03-01T22:04:57","guid":{"rendered":"https:\/\/gozu.zone\/?post_type=product&#038;p=9255"},"modified":"2019-05-30T18:12:45","modified_gmt":"2019-05-30T18:12:45","slug":"dice-town-pour-une-poignee-de-cartes","status":"publish","type":"product","link":"https:\/\/gozu.zone\/?product=dice-town-pour-une-poignee-de-cartes","title":{"rendered":"Dice Town\u00a0: Pour une poign\u00e9e de cartes"},"content":{"rendered":"\n<p> La ville de Dice Town est en pleine effervescence, les premiers derricks font leur apparition aux alentours de la ville.&nbsp;Serez-vous pr\u00eat pour cette nouvelle aventure, les titres d\u2019exploitation sont rares et seul le plus malin ou chanceux, deviendra le nouveau Baron de l\u2019or noir de Dice Town.<br>Cette mini extension sous forme de booster, propose une nouvelle m\u00e9canique autour des titres de propri\u00e9t\u00e9. Seul le joueur en possession du plus grand nombre de derricks pourra revendiquer le titre de Baron de l\u2019or noir. <\/p>\n\n\n\n<p>\n\nCette extension c&rsquo;est :<\/p>\n\n\n\n<ul class=\"wp-block-list\"><li>Une mini extension qui boost toutes les autres<br><\/li><li>Une nouvelle m\u00e9canique : les Derricks<\/li><\/ul>\n\n\n\n<h2 class=\"wp-block-heading\">Contenu de Dice Town : Pour une poign\u00e9e de cartes<\/h2>\n\n\n\n<ul class=\"wp-block-list\"><li>10 cartes composant une extension exclusive : Baron de l\u2019or noir.<\/li><li>3 cartes pour le jeu de base<\/li><li>3 cartes pour l\u2019extension Wild West<\/li><li>3 cartes pour l\u2019extension Cowboys<\/li><li>7 cartes \u00c9lixir pour ceux qui&nbsp;ont la premi\u00e8re version de Dice Town.<\/li><\/ul>\n","protected":false},"excerpt":{"rendered":"La ville de Dice Town est en pleine effervescence, les premiers derricks font leur apparition aux alentours de la ville.\n<ul>\n<li><b>\u00e2ge :<\/b> 10 ans et +<\/li>\n<li><b>dur\u00e9e :<\/b> 45 min<\/li>\n<li><b>nb joueurs:<\/b> 2 \u00e0 6<\/li>\n<\/ul>\n<p><span style=\"color: #ff0000;\"><b><\/b><\/span><\/p>\n","protected":false},"featured_media":9269,"comment_status":"open","ping_status":"closed","template":"","meta":{"_acf_changed":false},"product_brand":[],"product_cat":[327,323,361],"product_tag":[436,387],"class_list":{"0":"post-9255","1":"product","2":"type-product","3":"status-publish","4":"has-post-thumbnail","6":"product_cat-extensions","7":"product_cat-jeux","8":"product_cat-familiaux","9":"product_tag-des","10":"product_tag-western","11":"product_shipping_class-livraisonstandard_colis","13":"first","14":"instock","15":"sale","16":"taxable","17":"shipping-taxable","18":"purchasable","19":"product-type-simple"},"acf":[],"yoast_head":"<!-- This site is optimized with the Yoast SEO plugin v25.3 - https:\/\/yoast.com\/wordpress\/plugins\/seo\/ -->\n<title>Acheter Dice Town\u00a0: Pour une poign\u00e9e de cartes - GOZU ZONE - Jeux et Accessoires<\/title>\n<meta name=\"robots\" content=\"index, follow, max-snippet:-1, max-image-preview:large, max-video-preview:-1\" \/>\n<link rel=\"canonical\" href=\"https:\/\/gozu.zone\/?product=dice-town-pour-une-poignee-de-cartes\" \/>\n<meta property=\"og:locale\" content=\"fr_FR\" \/>\n<meta property=\"og:type\" content=\"article\" \/>\n<meta property=\"og:title\" content=\"Acheter Dice Town\u00a0: Pour une poign\u00e9e de cartes - GOZU ZONE - Jeux et Accessoires\" \/>\n<meta property=\"og:description\" content=\"\u00e2ge :  dur\u00e9e :  nb joueurs:\" \/>\n<meta property=\"og:url\" content=\"https:\/\/gozu.zone\/?product=dice-town-pour-une-poignee-de-cartes\" \/>\n<meta property=\"og:site_name\" content=\"GOZU ZONE\" \/>\n<meta property=\"article:publisher\" content=\"https:\/\/www.facebook.com\/gozuzone\/\" \/>\n<meta property=\"article:modified_time\" content=\"2019-05-30T18:12:45+00:00\" \/>\n<meta property=\"og:image\" content=\"https:\/\/gozu.zone\/wp-content\/uploads\/2019\/03\/dice-town-pour-une-poignee-de-cartes.jpg\" \/>\n\t<meta property=\"og:image:width\" content=\"360\" \/>\n\t<meta property=\"og:image:height\" content=\"360\" \/>\n\t<meta property=\"og:image:type\" content=\"image\/jpeg\" \/>\n<meta name=\"twitter:card\" content=\"summary_large_image\" \/>\n<meta name=\"twitter:site\" content=\"@gozuzone\" \/>\n<meta name=\"twitter:label1\" content=\"Dur\u00e9e de lecture estim\u00e9e\" \/>\n\t<meta name=\"twitter:data1\" content=\"1 minute\" \/>\n<script type=\"application\/ld+json\" class=\"yoast-schema-graph\">{\"@context\":\"https:\/\/schema.org\",\"@graph\":[{\"@type\":\"WebPage\",\"@id\":\"https:\/\/gozu.zone\/?product=dice-town-pour-une-poignee-de-cartes\",\"url\":\"https:\/\/gozu.zone\/?product=dice-town-pour-une-poignee-de-cartes\",\"name\":\"Acheter Dice Town\u00a0: Pour une poign\u00e9e de cartes - GOZU ZONE - Jeux et Accessoires\",\"isPartOf\":{\"@id\":\"https:\/\/gozu.zone\/#website\"},\"primaryImageOfPage\":{\"@id\":\"https:\/\/gozu.zone\/?product=dice-town-pour-une-poignee-de-cartes#primaryimage\"},\"image\":{\"@id\":\"https:\/\/gozu.zone\/?product=dice-town-pour-une-poignee-de-cartes#primaryimage\"},\"thumbnailUrl\":\"https:\/\/gozu.zone\/wp-content\/uploads\/2019\/03\/dice-town-pour-une-poignee-de-cartes.jpg\",\"datePublished\":\"2019-03-01T22:04:57+00:00\",\"dateModified\":\"2019-05-30T18:12:45+00:00\",\"breadcrumb\":{\"@id\":\"https:\/\/gozu.zone\/?product=dice-town-pour-une-poignee-de-cartes#breadcrumb\"},\"inLanguage\":\"fr-FR\",\"potentialAction\":[{\"@type\":\"ReadAction\",\"target\":[\"https:\/\/gozu.zone\/?product=dice-town-pour-une-poignee-de-cartes\"]}]},{\"@type\":\"ImageObject\",\"inLanguage\":\"fr-FR\",\"@id\":\"https:\/\/gozu.zone\/?product=dice-town-pour-une-poignee-de-cartes#primaryimage\",\"url\":\"https:\/\/gozu.zone\/wp-content\/uploads\/2019\/03\/dice-town-pour-une-poignee-de-cartes.jpg\",\"contentUrl\":\"https:\/\/gozu.zone\/wp-content\/uploads\/2019\/03\/dice-town-pour-une-poignee-de-cartes.jpg\",\"width\":360,\"height\":360},{\"@type\":\"BreadcrumbList\",\"@id\":\"https:\/\/gozu.zone\/?product=dice-town-pour-une-poignee-de-cartes#breadcrumb\",\"itemListElement\":[{\"@type\":\"ListItem\",\"position\":1,\"name\":\"Accueil\",\"item\":\"https:\/\/gozu.zone\/\"},{\"@type\":\"ListItem\",\"position\":2,\"name\":\"BOUTIQUE\",\"item\":\"https:\/\/gozu.zone\/?page_id=308\"},{\"@type\":\"ListItem\",\"position\":3,\"name\":\"Dice Town\u00a0: Pour une poign\u00e9e de cartes\"}]},{\"@type\":\"WebSite\",\"@id\":\"https:\/\/gozu.zone\/#website\",\"url\":\"https:\/\/gozu.zone\/\",\"name\":\"GOZU ZONE\",\"description\":\"Toujours plus pour vos jeux\",\"potentialAction\":[{\"@type\":\"SearchAction\",\"target\":{\"@type\":\"EntryPoint\",\"urlTemplate\":\"https:\/\/gozu.zone\/?s={search_term_string}\"},\"query-input\":{\"@type\":\"PropertyValueSpecification\",\"valueRequired\":true,\"valueName\":\"search_term_string\"}}],\"inLanguage\":\"fr-FR\"}]}<\/script>\n<!-- \/ Yoast SEO plugin. -->","yoast_head_json":{"title":"Acheter Dice Town\u00a0: Pour une poign\u00e9e de cartes - GOZU ZONE - Jeux et Accessoires","robots":{"index":"index","follow":"follow","max-snippet":"max-snippet:-1","max-image-preview":"max-image-preview:large","max-video-preview":"max-video-preview:-1"},"canonical":"https:\/\/gozu.zone\/?product=dice-town-pour-une-poignee-de-cartes","og_locale":"fr_FR","og_type":"article","og_title":"Acheter Dice Town\u00a0: Pour une poign\u00e9e de cartes - GOZU ZONE - Jeux et Accessoires","og_description":"\u00e2ge :  dur\u00e9e :  nb joueurs:","og_url":"https:\/\/gozu.zone\/?product=dice-town-pour-une-poignee-de-cartes","og_site_name":"GOZU ZONE","article_publisher":"https:\/\/www.facebook.com\/gozuzone\/","article_modified_time":"2019-05-30T18:12:45+00:00","og_image":[{"width":360,"height":360,"url":"https:\/\/gozu.zone\/wp-content\/uploads\/2019\/03\/dice-town-pour-une-poignee-de-cartes.jpg","type":"image\/jpeg"}],"twitter_card":"summary_large_image","twitter_site":"@gozuzone","twitter_misc":{"Dur\u00e9e de lecture estim\u00e9e":"1 minute"},"schema":{"@context":"https:\/\/schema.org","@graph":[{"@type":"WebPage","@id":"https:\/\/gozu.zone\/?product=dice-town-pour-une-poignee-de-cartes","url":"https:\/\/gozu.zone\/?product=dice-town-pour-une-poignee-de-cartes","name":"Acheter Dice Town\u00a0: Pour une poign\u00e9e de cartes - GOZU ZONE - Jeux et Accessoires","isPartOf":{"@id":"https:\/\/gozu.zone\/#website"},"primaryImageOfPage":{"@id":"https:\/\/gozu.zone\/?product=dice-town-pour-une-poignee-de-cartes#primaryimage"},"image":{"@id":"https:\/\/gozu.zone\/?product=dice-town-pour-une-poignee-de-cartes#primaryimage"},"thumbnailUrl":"https:\/\/gozu.zone\/wp-content\/uploads\/2019\/03\/dice-town-pour-une-poignee-de-cartes.jpg","datePublished":"2019-03-01T22:04:57+00:00","dateModified":"2019-05-30T18:12:45+00:00","breadcrumb":{"@id":"https:\/\/gozu.zone\/?product=dice-town-pour-une-poignee-de-cartes#breadcrumb"},"inLanguage":"fr-FR","potentialAction":[{"@type":"ReadAction","target":["https:\/\/gozu.zone\/?product=dice-town-pour-une-poignee-de-cartes"]}]},{"@type":"ImageObject","inLanguage":"fr-FR","@id":"https:\/\/gozu.zone\/?product=dice-town-pour-une-poignee-de-cartes#primaryimage","url":"https:\/\/gozu.zone\/wp-content\/uploads\/2019\/03\/dice-town-pour-une-poignee-de-cartes.jpg","contentUrl":"https:\/\/gozu.zone\/wp-content\/uploads\/2019\/03\/dice-town-pour-une-poignee-de-cartes.jpg","width":360,"height":360},{"@type":"BreadcrumbList","@id":"https:\/\/gozu.zone\/?product=dice-town-pour-une-poignee-de-cartes#breadcrumb","itemListElement":[{"@type":"ListItem","position":1,"name":"Accueil","item":"https:\/\/gozu.zone\/"},{"@type":"ListItem","position":2,"name":"BOUTIQUE","item":"https:\/\/gozu.zone\/?page_id=308"},{"@type":"ListItem","position":3,"name":"Dice Town\u00a0: Pour une poign\u00e9e de cartes"}]},{"@type":"WebSite","@id":"https:\/\/gozu.zone\/#website","url":"https:\/\/gozu.zone\/","name":"GOZU ZONE","description":"Toujours plus pour vos jeux","potentialAction":[{"@type":"SearchAction","target":{"@type":"EntryPoint","urlTemplate":"https:\/\/gozu.zone\/?s={search_term_string}"},"query-input":{"@type":"PropertyValueSpecification","valueRequired":true,"valueName":"search_term_string"}}],"inLanguage":"fr-FR"}]}},"_links":{"self":[{"href":"https:\/\/gozu.zone\/index.php?rest_route=\/wp\/v2\/product\/9255","targetHints":{"allow":["GET"]}}],"collection":[{"href":"https:\/\/gozu.zone\/index.php?rest_route=\/wp\/v2\/product"}],"about":[{"href":"https:\/\/gozu.zone\/index.php?rest_route=\/wp\/v2\/types\/product"}],"replies":[{"embeddable":true,"href":"https:\/\/gozu.zone\/index.php?rest_route=%2Fwp%2Fv2%2Fcomments&post=9255"}],"wp:featuredmedia":[{"embeddable":true,"href":"https:\/\/gozu.zone\/index.php?rest_route=\/wp\/v2\/media\/9269"}],"wp:attachment":[{"href":"https:\/\/gozu.zone\/index.php?rest_route=%2Fwp%2Fv2%2Fmedia&parent=9255"}],"wp:term":[{"taxonomy":"product_brand","embeddable":true,"href":"https:\/\/gozu.zone\/index.php?rest_route=%2Fwp%2Fv2%2Fproduct_brand&post=9255"},{"taxonomy":"product_cat","embeddable":true,"href":"https:\/\/gozu.zone\/index.php?rest_route=%2Fwp%2Fv2%2Fproduct_cat&post=9255"},{"taxonomy":"product_tag","embeddable":true,"href":"https:\/\/gozu.zone\/index.php?rest_route=%2Fwp%2Fv2%2Fproduct_tag&post=9255"}],"curies":[{"name":"wp","href":"https:\/\/api.w.org\/{rel}","templated":true}]}}