{"id":9311,"date":"2019-03-11T19:55:59","date_gmt":"2019-03-11T19:55:59","guid":{"rendered":"https:\/\/gozu.zone\/?post_type=product&#038;p=9311"},"modified":"2019-03-16T16:04:23","modified_gmt":"2019-03-16T16:04:23","slug":"star-trek-adventures-livre-de-regles","status":"publish","type":"product","link":"https:\/\/gozu.zone\/?product=star-trek-adventures-livre-de-regles","title":{"rendered":"STAR TREK ADVENTURES &#8211; Livre de r\u00e8gles"},"content":{"rendered":"\n<hr class=\"wp-block-separator\"\/>\n\n\n\n<p>Un nouveau danger se profile dans le quadrant Gamma: le commandeur Sisko et son \u00e9quipage confirment que le Dominion, dirig\u00e9 par les Fondateurs, repr\u00e9sente une menace s\u00e9rieuse pour le quadrant Alpha. Dans la r\u00e9gion de Bajor et de Deep Space 9, la situation reste tendue, alors que le Maquis poursuit ses activit\u00e9s au m\u00e9pris du trait\u00e9 de paix \u00e9tabli entre les Cardassiens et la F\u00e9d\u00e9ration, for\u00e7ant le capitaine Janeway et l\u2019\u00e9quipage de l\u2019U.S.S. Voyager a p\u00e9n\u00e9trer dans les Terres-Br\u00fbl\u00e9es. C\u2019est une \u00e9poque dangereuse pour la F\u00e9d\u00e9ration et la demande en \u00e9quipages courageux n\u2019a jamais \u00e9t\u00e9 aussi forte.<\/p>\n\n\n\n<p><\/p>\n\n\n\n<p>Cr\u00e9ez vos propres aventures dans l\u2019univers de Star Trek et explorez les fronti\u00e8res de l\u2019infini.<\/p>\n\n\n\n<p><\/p>\n\n\n\n<p>D\u00e9couvrez le syst\u00e8me 2d20 adapt\u00e9 \u00e0 Star Trek Adventures.Explorez la F\u00e9d\u00e9ration des Plan\u00e8tes Unies et son voisinage galactique au sein des quadrants Alpha, B\u00eata et Gamma.<\/p>\n\n\n\n<p><\/p>\n\n\n\n<p>Exploitez les conseils destin\u00e9s aux Meneurs de jeu pour faire vivre d\u2019exaltantes aventures \u00e0 vos \u00e9quipages de la F\u00e9d\u00e9ration.Consultez le descriptif complet des extraterrestres et des adversaires: Klingons, Romuliens, Cardassiens, Borgs, ainsi que le Dominion.<\/p>\n\n\n\n<p><\/p>\n\n\n\n<p>Des journaux personnels et des messages intercept\u00e9s par les services de s\u00e9curit\u00e9 de la F\u00e9d\u00e9ration donnent une nouvelle interpr\u00e9tation des \u00e9v\u00e9nements de l\u2019univers de Star Trek.<\/p>\n\n\n\n<p><\/p>\n\n\n\n<p>Star Trek Adventures a \u00e9t\u00e9 d\u00e9velopp\u00e9 par une \u00e9quipe d\u2019experts de l\u2019univers cr\u00e9\u00e9 par Gene Roddenberry, dont des auteurs des pr\u00e9c\u00e9dentes \u00e9ditions am\u00e9ricaines.<\/p>\n\n\n\n<h2 class=\"wp-block-heading\">Aper\u00e7u de STAR TREK ADVENTURES<\/h2>\n\n\n\n<figure class=\"wp-block-embed-youtube wp-block-embed is-type-video is-provider-youtube wp-embed-aspect-16-9 wp-has-aspect-ratio\"><div class=\"wp-block-embed__wrapper\">\n<iframe loading=\"lazy\" title=\"Ouverture Critique - Star Trek Adventures\" width=\"1020\" height=\"574\" src=\"https:\/\/www.youtube.com\/embed\/nyWE6L8krFY?start=13&#038;feature=oembed\" frameborder=\"0\" allow=\"accelerometer; autoplay; clipboard-write; encrypted-media; gyroscope; picture-in-picture; web-share\" referrerpolicy=\"strict-origin-when-cross-origin\" allowfullscreen><\/iframe>\n<\/div><\/figure>\n","protected":false},"excerpt":{"rendered":"<p>Cr\u00e9ez vos propres aventures dans l\u2019univers de Star Trek et explorez les fronti\u00e8res de l\u2019infini.<\/p>\n","protected":false},"featured_media":9330,"comment_status":"open","ping_status":"closed","template":"","meta":{"_acf_changed":false},"product_brand":[],"product_cat":[730,323,724,733],"product_tag":[],"class_list":{"0":"post-9311","1":"product","2":"type-product","3":"status-publish","4":"has-post-thumbnail","6":"product_cat-futuriste-et-space-opera","7":"product_cat-jeux","8":"product_cat-jeux-de-role","9":"product_cat-star-trek-adventures","10":"product_shipping_class-livraisonstandard_colis","12":"first","13":"instock","14":"taxable","15":"shipping-taxable","16":"purchasable","17":"product-type-simple"},"acf":[],"yoast_head":"<!-- This site is optimized with the Yoast SEO plugin v25.3 - https:\/\/yoast.com\/wordpress\/plugins\/seo\/ -->\n<title>Acheter STAR TREK ADVENTURES - Livre de r\u00e8gles - GOZU ZONE - Jeux et Accessoires<\/title>\n<meta name=\"robots\" content=\"index, follow, max-snippet:-1, max-image-preview:large, max-video-preview:-1\" \/>\n<link rel=\"canonical\" href=\"https:\/\/gozu.zone\/?product=star-trek-adventures-livre-de-regles\" \/>\n<meta property=\"og:locale\" content=\"fr_FR\" \/>\n<meta property=\"og:type\" content=\"article\" \/>\n<meta property=\"og:title\" content=\"Acheter STAR TREK ADVENTURES - Livre de r\u00e8gles - GOZU ZONE - Jeux et Accessoires\" \/>\n<meta property=\"og:description\" content=\"Cr\u00e9ez vos propres aventures dans l\u2019univers de Star Trek et explorez les fronti\u00e8res de l\u2019infini.\" \/>\n<meta property=\"og:url\" content=\"https:\/\/gozu.zone\/?product=star-trek-adventures-livre-de-regles\" \/>\n<meta property=\"og:site_name\" content=\"GOZU ZONE\" \/>\n<meta property=\"article:publisher\" content=\"https:\/\/www.facebook.com\/gozuzone\/\" \/>\n<meta property=\"article:modified_time\" content=\"2019-03-16T16:04:23+00:00\" \/>\n<meta property=\"og:image\" content=\"https:\/\/gozu.zone\/wp-content\/uploads\/2019\/03\/star-trek-adventures-livre-de-regles.jpg\" \/>\n\t<meta property=\"og:image:width\" content=\"640\" \/>\n\t<meta property=\"og:image:height\" content=\"640\" \/>\n\t<meta property=\"og:image:type\" content=\"image\/jpeg\" \/>\n<meta name=\"twitter:card\" content=\"summary_large_image\" \/>\n<meta name=\"twitter:site\" content=\"@gozuzone\" \/>\n<meta name=\"twitter:label1\" content=\"Dur\u00e9e de lecture estim\u00e9e\" \/>\n\t<meta name=\"twitter:data1\" content=\"1 minute\" \/>\n<script type=\"application\/ld+json\" class=\"yoast-schema-graph\">{\"@context\":\"https:\/\/schema.org\",\"@graph\":[{\"@type\":\"WebPage\",\"@id\":\"https:\/\/gozu.zone\/?product=star-trek-adventures-livre-de-regles\",\"url\":\"https:\/\/gozu.zone\/?product=star-trek-adventures-livre-de-regles\",\"name\":\"Acheter STAR TREK ADVENTURES - Livre de r\u00e8gles - GOZU ZONE - Jeux et Accessoires\",\"isPartOf\":{\"@id\":\"https:\/\/gozu.zone\/#website\"},\"primaryImageOfPage\":{\"@id\":\"https:\/\/gozu.zone\/?product=star-trek-adventures-livre-de-regles#primaryimage\"},\"image\":{\"@id\":\"https:\/\/gozu.zone\/?product=star-trek-adventures-livre-de-regles#primaryimage\"},\"thumbnailUrl\":\"https:\/\/gozu.zone\/wp-content\/uploads\/2019\/03\/star-trek-adventures-livre-de-regles.jpg\",\"datePublished\":\"2019-03-11T19:55:59+00:00\",\"dateModified\":\"2019-03-16T16:04:23+00:00\",\"breadcrumb\":{\"@id\":\"https:\/\/gozu.zone\/?product=star-trek-adventures-livre-de-regles#breadcrumb\"},\"inLanguage\":\"fr-FR\",\"potentialAction\":[{\"@type\":\"ReadAction\",\"target\":[\"https:\/\/gozu.zone\/?product=star-trek-adventures-livre-de-regles\"]}]},{\"@type\":\"ImageObject\",\"inLanguage\":\"fr-FR\",\"@id\":\"https:\/\/gozu.zone\/?product=star-trek-adventures-livre-de-regles#primaryimage\",\"url\":\"https:\/\/gozu.zone\/wp-content\/uploads\/2019\/03\/star-trek-adventures-livre-de-regles.jpg\",\"contentUrl\":\"https:\/\/gozu.zone\/wp-content\/uploads\/2019\/03\/star-trek-adventures-livre-de-regles.jpg\",\"width\":640,\"height\":640},{\"@type\":\"BreadcrumbList\",\"@id\":\"https:\/\/gozu.zone\/?product=star-trek-adventures-livre-de-regles#breadcrumb\",\"itemListElement\":[{\"@type\":\"ListItem\",\"position\":1,\"name\":\"Accueil\",\"item\":\"https:\/\/gozu.zone\/\"},{\"@type\":\"ListItem\",\"position\":2,\"name\":\"BOUTIQUE\",\"item\":\"https:\/\/gozu.zone\/?page_id=308\"},{\"@type\":\"ListItem\",\"position\":3,\"name\":\"STAR TREK ADVENTURES &#8211; Livre de r\u00e8gles\"}]},{\"@type\":\"WebSite\",\"@id\":\"https:\/\/gozu.zone\/#website\",\"url\":\"https:\/\/gozu.zone\/\",\"name\":\"GOZU ZONE\",\"description\":\"Toujours plus pour vos jeux\",\"potentialAction\":[{\"@type\":\"SearchAction\",\"target\":{\"@type\":\"EntryPoint\",\"urlTemplate\":\"https:\/\/gozu.zone\/?s={search_term_string}\"},\"query-input\":{\"@type\":\"PropertyValueSpecification\",\"valueRequired\":true,\"valueName\":\"search_term_string\"}}],\"inLanguage\":\"fr-FR\"}]}<\/script>\n<!-- \/ Yoast SEO plugin. -->","yoast_head_json":{"title":"Acheter STAR TREK ADVENTURES - Livre de r\u00e8gles - GOZU ZONE - Jeux et Accessoires","robots":{"index":"index","follow":"follow","max-snippet":"max-snippet:-1","max-image-preview":"max-image-preview:large","max-video-preview":"max-video-preview:-1"},"canonical":"https:\/\/gozu.zone\/?product=star-trek-adventures-livre-de-regles","og_locale":"fr_FR","og_type":"article","og_title":"Acheter STAR TREK ADVENTURES - Livre de r\u00e8gles - GOZU ZONE - Jeux et Accessoires","og_description":"Cr\u00e9ez vos propres aventures dans l\u2019univers de Star Trek et explorez les fronti\u00e8res de l\u2019infini.","og_url":"https:\/\/gozu.zone\/?product=star-trek-adventures-livre-de-regles","og_site_name":"GOZU ZONE","article_publisher":"https:\/\/www.facebook.com\/gozuzone\/","article_modified_time":"2019-03-16T16:04:23+00:00","og_image":[{"width":640,"height":640,"url":"https:\/\/gozu.zone\/wp-content\/uploads\/2019\/03\/star-trek-adventures-livre-de-regles.jpg","type":"image\/jpeg"}],"twitter_card":"summary_large_image","twitter_site":"@gozuzone","twitter_misc":{"Dur\u00e9e de lecture estim\u00e9e":"1 minute"},"schema":{"@context":"https:\/\/schema.org","@graph":[{"@type":"WebPage","@id":"https:\/\/gozu.zone\/?product=star-trek-adventures-livre-de-regles","url":"https:\/\/gozu.zone\/?product=star-trek-adventures-livre-de-regles","name":"Acheter STAR TREK ADVENTURES - Livre de r\u00e8gles - GOZU ZONE - Jeux et Accessoires","isPartOf":{"@id":"https:\/\/gozu.zone\/#website"},"primaryImageOfPage":{"@id":"https:\/\/gozu.zone\/?product=star-trek-adventures-livre-de-regles#primaryimage"},"image":{"@id":"https:\/\/gozu.zone\/?product=star-trek-adventures-livre-de-regles#primaryimage"},"thumbnailUrl":"https:\/\/gozu.zone\/wp-content\/uploads\/2019\/03\/star-trek-adventures-livre-de-regles.jpg","datePublished":"2019-03-11T19:55:59+00:00","dateModified":"2019-03-16T16:04:23+00:00","breadcrumb":{"@id":"https:\/\/gozu.zone\/?product=star-trek-adventures-livre-de-regles#breadcrumb"},"inLanguage":"fr-FR","potentialAction":[{"@type":"ReadAction","target":["https:\/\/gozu.zone\/?product=star-trek-adventures-livre-de-regles"]}]},{"@type":"ImageObject","inLanguage":"fr-FR","@id":"https:\/\/gozu.zone\/?product=star-trek-adventures-livre-de-regles#primaryimage","url":"https:\/\/gozu.zone\/wp-content\/uploads\/2019\/03\/star-trek-adventures-livre-de-regles.jpg","contentUrl":"https:\/\/gozu.zone\/wp-content\/uploads\/2019\/03\/star-trek-adventures-livre-de-regles.jpg","width":640,"height":640},{"@type":"BreadcrumbList","@id":"https:\/\/gozu.zone\/?product=star-trek-adventures-livre-de-regles#breadcrumb","itemListElement":[{"@type":"ListItem","position":1,"name":"Accueil","item":"https:\/\/gozu.zone\/"},{"@type":"ListItem","position":2,"name":"BOUTIQUE","item":"https:\/\/gozu.zone\/?page_id=308"},{"@type":"ListItem","position":3,"name":"STAR TREK ADVENTURES &#8211; Livre de r\u00e8gles"}]},{"@type":"WebSite","@id":"https:\/\/gozu.zone\/#website","url":"https:\/\/gozu.zone\/","name":"GOZU ZONE","description":"Toujours plus pour vos jeux","potentialAction":[{"@type":"SearchAction","target":{"@type":"EntryPoint","urlTemplate":"https:\/\/gozu.zone\/?s={search_term_string}"},"query-input":{"@type":"PropertyValueSpecification","valueRequired":true,"valueName":"search_term_string"}}],"inLanguage":"fr-FR"}]}},"_links":{"self":[{"href":"https:\/\/gozu.zone\/index.php?rest_route=\/wp\/v2\/product\/9311","targetHints":{"allow":["GET"]}}],"collection":[{"href":"https:\/\/gozu.zone\/index.php?rest_route=\/wp\/v2\/product"}],"about":[{"href":"https:\/\/gozu.zone\/index.php?rest_route=\/wp\/v2\/types\/product"}],"replies":[{"embeddable":true,"href":"https:\/\/gozu.zone\/index.php?rest_route=%2Fwp%2Fv2%2Fcomments&post=9311"}],"wp:featuredmedia":[{"embeddable":true,"href":"https:\/\/gozu.zone\/index.php?rest_route=\/wp\/v2\/media\/9330"}],"wp:attachment":[{"href":"https:\/\/gozu.zone\/index.php?rest_route=%2Fwp%2Fv2%2Fmedia&parent=9311"}],"wp:term":[{"taxonomy":"product_brand","embeddable":true,"href":"https:\/\/gozu.zone\/index.php?rest_route=%2Fwp%2Fv2%2Fproduct_brand&post=9311"},{"taxonomy":"product_cat","embeddable":true,"href":"https:\/\/gozu.zone\/index.php?rest_route=%2Fwp%2Fv2%2Fproduct_cat&post=9311"},{"taxonomy":"product_tag","embeddable":true,"href":"https:\/\/gozu.zone\/index.php?rest_route=%2Fwp%2Fv2%2Fproduct_tag&post=9311"}],"curies":[{"name":"wp","href":"https:\/\/api.w.org\/{rel}","templated":true}]}}