{"id":9334,"date":"2019-03-15T20:12:48","date_gmt":"2019-03-15T20:12:48","guid":{"rendered":"https:\/\/gozu.zone\/?post_type=product&#038;p=9334"},"modified":"2019-03-16T16:05:25","modified_gmt":"2019-03-16T16:05:25","slug":"star-trek-adventures-ecran-du-meneur","status":"publish","type":"product","link":"https:\/\/gozu.zone\/?product=star-trek-adventures-ecran-du-meneur","title":{"rendered":"STAR TREK ADVENTURES &#8211; \u00c9cran du Meneur"},"content":{"rendered":"\n<hr class=\"wp-block-separator\"\/>\n\n\n\n<p> L\u2019\u00e9cran officiel Star Trek Adventures est en trois panneaux rigides dot\u00e9 d\u2019une superbe illustration pr\u00e9sentant un vaisseau de Starfleet ainsi qu\u2019un croiseur Romulien. L\u2019int\u00e9rieur contient toutes les infos utiles, r\u00e8gles, r\u00e9f\u00e9rences etc\u2026 pour le meneur du jeu afin que l\u2019essentiel du 2D20 syst\u00e8me soit \u00e0 porter de main.&nbsp;<\/p>\n\n\n\n<p><br>L\u2019\u00e9cran est \u00e9galement accompagn\u00e9 de 6 feuilles de r\u00e9f\u00e9rence recto-verso ainsi que d&rsquo;un poster recto-verso des quadrants Alpha et Beta ainsi que la nouvelle extention Shackleton cr\u00e9\u00e9e pour la campagne. <\/p>\n","protected":false},"excerpt":{"rendered":"<p>L\u2019\u00e9cran officiel Star Trek Adventures est en trois panneaux rigides dot\u00e9 d\u2019une superbe illustration pr\u00e9sentant un vaisseau de Starfleet ainsi qu\u2019un croiseur Romulien.<\/p>\n","protected":false},"featured_media":9335,"comment_status":"open","ping_status":"closed","template":"","meta":{"_acf_changed":false},"product_brand":[],"product_cat":[730,323,724,733],"product_tag":[],"class_list":{"0":"post-9334","1":"product","2":"type-product","3":"status-publish","4":"has-post-thumbnail","6":"product_cat-futuriste-et-space-opera","7":"product_cat-jeux","8":"product_cat-jeux-de-role","9":"product_cat-star-trek-adventures","10":"product_shipping_class-livraisonstandard_colis","12":"first","13":"instock","14":"taxable","15":"shipping-taxable","16":"purchasable","17":"product-type-simple"},"acf":[],"yoast_head":"<!-- This site is optimized with the Yoast SEO plugin v25.3 - https:\/\/yoast.com\/wordpress\/plugins\/seo\/ -->\n<title>Acheter STAR TREK ADVENTURES - \u00c9cran du Meneur - GOZU ZONE - Jeux et Accessoires<\/title>\n<meta name=\"robots\" content=\"index, follow, max-snippet:-1, max-image-preview:large, max-video-preview:-1\" \/>\n<link rel=\"canonical\" href=\"https:\/\/gozu.zone\/?product=star-trek-adventures-ecran-du-meneur\" \/>\n<meta property=\"og:locale\" content=\"fr_FR\" \/>\n<meta property=\"og:type\" content=\"article\" \/>\n<meta property=\"og:title\" content=\"Acheter STAR TREK ADVENTURES - \u00c9cran du Meneur - GOZU ZONE - Jeux et Accessoires\" \/>\n<meta property=\"og:description\" content=\"L\u2019\u00e9cran officiel Star Trek Adventures est en trois panneaux rigides dot\u00e9 d\u2019une superbe illustration pr\u00e9sentant un vaisseau de Starfleet ainsi qu\u2019un croiseur Romulien.\" \/>\n<meta property=\"og:url\" content=\"https:\/\/gozu.zone\/?product=star-trek-adventures-ecran-du-meneur\" \/>\n<meta property=\"og:site_name\" content=\"GOZU ZONE\" \/>\n<meta property=\"article:publisher\" content=\"https:\/\/www.facebook.com\/gozuzone\/\" \/>\n<meta property=\"article:modified_time\" content=\"2019-03-16T16:05:25+00:00\" \/>\n<meta property=\"og:image\" content=\"https:\/\/gozu.zone\/wp-content\/uploads\/2019\/03\/star-trek-adventures-ecran-star-trek.jpg\" \/>\n\t<meta property=\"og:image:width\" content=\"640\" \/>\n\t<meta property=\"og:image:height\" content=\"640\" \/>\n\t<meta property=\"og:image:type\" content=\"image\/jpeg\" \/>\n<meta name=\"twitter:card\" content=\"summary_large_image\" \/>\n<meta name=\"twitter:site\" content=\"@gozuzone\" \/>\n<script type=\"application\/ld+json\" class=\"yoast-schema-graph\">{\"@context\":\"https:\/\/schema.org\",\"@graph\":[{\"@type\":\"WebPage\",\"@id\":\"https:\/\/gozu.zone\/?product=star-trek-adventures-ecran-du-meneur\",\"url\":\"https:\/\/gozu.zone\/?product=star-trek-adventures-ecran-du-meneur\",\"name\":\"Acheter STAR TREK ADVENTURES - \u00c9cran du Meneur - GOZU ZONE - Jeux et Accessoires\",\"isPartOf\":{\"@id\":\"https:\/\/gozu.zone\/#website\"},\"primaryImageOfPage\":{\"@id\":\"https:\/\/gozu.zone\/?product=star-trek-adventures-ecran-du-meneur#primaryimage\"},\"image\":{\"@id\":\"https:\/\/gozu.zone\/?product=star-trek-adventures-ecran-du-meneur#primaryimage\"},\"thumbnailUrl\":\"https:\/\/gozu.zone\/wp-content\/uploads\/2019\/03\/star-trek-adventures-ecran-star-trek.jpg\",\"datePublished\":\"2019-03-15T20:12:48+00:00\",\"dateModified\":\"2019-03-16T16:05:25+00:00\",\"breadcrumb\":{\"@id\":\"https:\/\/gozu.zone\/?product=star-trek-adventures-ecran-du-meneur#breadcrumb\"},\"inLanguage\":\"fr-FR\",\"potentialAction\":[{\"@type\":\"ReadAction\",\"target\":[\"https:\/\/gozu.zone\/?product=star-trek-adventures-ecran-du-meneur\"]}]},{\"@type\":\"ImageObject\",\"inLanguage\":\"fr-FR\",\"@id\":\"https:\/\/gozu.zone\/?product=star-trek-adventures-ecran-du-meneur#primaryimage\",\"url\":\"https:\/\/gozu.zone\/wp-content\/uploads\/2019\/03\/star-trek-adventures-ecran-star-trek.jpg\",\"contentUrl\":\"https:\/\/gozu.zone\/wp-content\/uploads\/2019\/03\/star-trek-adventures-ecran-star-trek.jpg\",\"width\":640,\"height\":640},{\"@type\":\"BreadcrumbList\",\"@id\":\"https:\/\/gozu.zone\/?product=star-trek-adventures-ecran-du-meneur#breadcrumb\",\"itemListElement\":[{\"@type\":\"ListItem\",\"position\":1,\"name\":\"Accueil\",\"item\":\"https:\/\/gozu.zone\/\"},{\"@type\":\"ListItem\",\"position\":2,\"name\":\"BOUTIQUE\",\"item\":\"https:\/\/gozu.zone\/?page_id=308\"},{\"@type\":\"ListItem\",\"position\":3,\"name\":\"STAR TREK ADVENTURES &#8211; \u00c9cran du Meneur\"}]},{\"@type\":\"WebSite\",\"@id\":\"https:\/\/gozu.zone\/#website\",\"url\":\"https:\/\/gozu.zone\/\",\"name\":\"GOZU ZONE\",\"description\":\"Toujours plus pour vos jeux\",\"potentialAction\":[{\"@type\":\"SearchAction\",\"target\":{\"@type\":\"EntryPoint\",\"urlTemplate\":\"https:\/\/gozu.zone\/?s={search_term_string}\"},\"query-input\":{\"@type\":\"PropertyValueSpecification\",\"valueRequired\":true,\"valueName\":\"search_term_string\"}}],\"inLanguage\":\"fr-FR\"}]}<\/script>\n<!-- \/ Yoast SEO plugin. -->","yoast_head_json":{"title":"Acheter STAR TREK ADVENTURES - \u00c9cran du Meneur - GOZU ZONE - Jeux et Accessoires","robots":{"index":"index","follow":"follow","max-snippet":"max-snippet:-1","max-image-preview":"max-image-preview:large","max-video-preview":"max-video-preview:-1"},"canonical":"https:\/\/gozu.zone\/?product=star-trek-adventures-ecran-du-meneur","og_locale":"fr_FR","og_type":"article","og_title":"Acheter STAR TREK ADVENTURES - \u00c9cran du Meneur - GOZU ZONE - Jeux et Accessoires","og_description":"L\u2019\u00e9cran officiel Star Trek Adventures est en trois panneaux rigides dot\u00e9 d\u2019une superbe illustration pr\u00e9sentant un vaisseau de Starfleet ainsi qu\u2019un croiseur Romulien.","og_url":"https:\/\/gozu.zone\/?product=star-trek-adventures-ecran-du-meneur","og_site_name":"GOZU ZONE","article_publisher":"https:\/\/www.facebook.com\/gozuzone\/","article_modified_time":"2019-03-16T16:05:25+00:00","og_image":[{"width":640,"height":640,"url":"https:\/\/gozu.zone\/wp-content\/uploads\/2019\/03\/star-trek-adventures-ecran-star-trek.jpg","type":"image\/jpeg"}],"twitter_card":"summary_large_image","twitter_site":"@gozuzone","schema":{"@context":"https:\/\/schema.org","@graph":[{"@type":"WebPage","@id":"https:\/\/gozu.zone\/?product=star-trek-adventures-ecran-du-meneur","url":"https:\/\/gozu.zone\/?product=star-trek-adventures-ecran-du-meneur","name":"Acheter STAR TREK ADVENTURES - \u00c9cran du Meneur - GOZU ZONE - Jeux et Accessoires","isPartOf":{"@id":"https:\/\/gozu.zone\/#website"},"primaryImageOfPage":{"@id":"https:\/\/gozu.zone\/?product=star-trek-adventures-ecran-du-meneur#primaryimage"},"image":{"@id":"https:\/\/gozu.zone\/?product=star-trek-adventures-ecran-du-meneur#primaryimage"},"thumbnailUrl":"https:\/\/gozu.zone\/wp-content\/uploads\/2019\/03\/star-trek-adventures-ecran-star-trek.jpg","datePublished":"2019-03-15T20:12:48+00:00","dateModified":"2019-03-16T16:05:25+00:00","breadcrumb":{"@id":"https:\/\/gozu.zone\/?product=star-trek-adventures-ecran-du-meneur#breadcrumb"},"inLanguage":"fr-FR","potentialAction":[{"@type":"ReadAction","target":["https:\/\/gozu.zone\/?product=star-trek-adventures-ecran-du-meneur"]}]},{"@type":"ImageObject","inLanguage":"fr-FR","@id":"https:\/\/gozu.zone\/?product=star-trek-adventures-ecran-du-meneur#primaryimage","url":"https:\/\/gozu.zone\/wp-content\/uploads\/2019\/03\/star-trek-adventures-ecran-star-trek.jpg","contentUrl":"https:\/\/gozu.zone\/wp-content\/uploads\/2019\/03\/star-trek-adventures-ecran-star-trek.jpg","width":640,"height":640},{"@type":"BreadcrumbList","@id":"https:\/\/gozu.zone\/?product=star-trek-adventures-ecran-du-meneur#breadcrumb","itemListElement":[{"@type":"ListItem","position":1,"name":"Accueil","item":"https:\/\/gozu.zone\/"},{"@type":"ListItem","position":2,"name":"BOUTIQUE","item":"https:\/\/gozu.zone\/?page_id=308"},{"@type":"ListItem","position":3,"name":"STAR TREK ADVENTURES &#8211; \u00c9cran du Meneur"}]},{"@type":"WebSite","@id":"https:\/\/gozu.zone\/#website","url":"https:\/\/gozu.zone\/","name":"GOZU ZONE","description":"Toujours plus pour vos jeux","potentialAction":[{"@type":"SearchAction","target":{"@type":"EntryPoint","urlTemplate":"https:\/\/gozu.zone\/?s={search_term_string}"},"query-input":{"@type":"PropertyValueSpecification","valueRequired":true,"valueName":"search_term_string"}}],"inLanguage":"fr-FR"}]}},"_links":{"self":[{"href":"https:\/\/gozu.zone\/index.php?rest_route=\/wp\/v2\/product\/9334","targetHints":{"allow":["GET"]}}],"collection":[{"href":"https:\/\/gozu.zone\/index.php?rest_route=\/wp\/v2\/product"}],"about":[{"href":"https:\/\/gozu.zone\/index.php?rest_route=\/wp\/v2\/types\/product"}],"replies":[{"embeddable":true,"href":"https:\/\/gozu.zone\/index.php?rest_route=%2Fwp%2Fv2%2Fcomments&post=9334"}],"wp:featuredmedia":[{"embeddable":true,"href":"https:\/\/gozu.zone\/index.php?rest_route=\/wp\/v2\/media\/9335"}],"wp:attachment":[{"href":"https:\/\/gozu.zone\/index.php?rest_route=%2Fwp%2Fv2%2Fmedia&parent=9334"}],"wp:term":[{"taxonomy":"product_brand","embeddable":true,"href":"https:\/\/gozu.zone\/index.php?rest_route=%2Fwp%2Fv2%2Fproduct_brand&post=9334"},{"taxonomy":"product_cat","embeddable":true,"href":"https:\/\/gozu.zone\/index.php?rest_route=%2Fwp%2Fv2%2Fproduct_cat&post=9334"},{"taxonomy":"product_tag","embeddable":true,"href":"https:\/\/gozu.zone\/index.php?rest_route=%2Fwp%2Fv2%2Fproduct_tag&post=9334"}],"curies":[{"name":"wp","href":"https:\/\/api.w.org\/{rel}","templated":true}]}}