{"id":9373,"date":"2019-03-17T15:49:19","date_gmt":"2019-03-17T15:49:19","guid":{"rendered":"https:\/\/gozu.zone\/?post_type=product&#038;p=9373"},"modified":"2019-12-06T11:56:18","modified_gmt":"2019-12-06T11:56:18","slug":"chronicles-of-crime-welcome-to-redview-vf","status":"publish","type":"product","link":"https:\/\/gozu.zone\/?product=chronicles-of-crime-welcome-to-redview-vf","title":{"rendered":"Chronicles of Crime &#8211; Welcome To Redview &#8211; VF"},"content":{"rendered":"<p><a href=\"http:\/\/pro.gozu.zone\/wp-content\/uploads\/2018\/10\/logo_coc.png\"><img loading=\"lazy\" decoding=\"async\" class=\"aligncenter wp-image-8564 size-medium\" src=\"http:\/\/pro.gozu.zone\/wp-content\/uploads\/2018\/10\/logo_coc-300x150.png\" alt=\"\" width=\"300\" height=\"150\" srcset=\"https:\/\/gozu.zone\/wp-content\/uploads\/2018\/10\/logo_coc-300x150.png 300w, https:\/\/gozu.zone\/wp-content\/uploads\/2018\/10\/logo_coc-510x255.png 510w, https:\/\/gozu.zone\/wp-content\/uploads\/2018\/10\/logo_coc-570x285.png 570w, https:\/\/gozu.zone\/wp-content\/uploads\/2018\/10\/logo_coc.png 686w\" sizes=\"auto, (max-width: 300px) 100vw, 300px\" \/><\/a><\/p>\n<div>\n<div>\n<div>Redview : En apparence, une petite ville am\u00e9ricaine calme et sans histoire. Mais dans la chaleur de l\u2019\u00e9t\u00e9 1985, des choses bizarres commencent \u00e0 s\u2019y produire. Votre groupe de lyc\u00e9ens d\u00e9tectives veut comprendre ce qui se passe. Pour le Gang des Myst\u00e8res, les vacances sont termin\u00e9es, l\u2019enqu\u00eate d\u00e9bute !<\/div>\n<div>\n<div><\/div>\n<div>Seconde extension de Chronicles Of Crime, Welcome to Redview propose un nouvel univers, une bande d\u2019ados des ann\u00e9es 80 dans l\u2019Am\u00e9rique profonde, 4 nouveaux sc\u00e9narios et de nouvelles m\u00e9caniques de capacit\u00e9s et de r\u00e9ussites !<\/div>\n<\/div>\n<\/div>\n<\/div>\n","protected":false},"excerpt":{"rendered":"Seconde extension de Chronicles Of Crime, Welcome to Redview propose un nouvel univers, une bande d\u2019ados des ann\u00e9es 80 dans l\u2019Am\u00e9rique profonde, 4 nouveaux sc\u00e9narios et de nouvelles m\u00e9caniques de capacit\u00e9s et de r\u00e9ussites !\n<ul>\n<li><b>\u00e2ge :<\/b> 12 ans et +<\/li>\n<li><b>dur\u00e9e :<\/b> 60 \u00e0 90 min<\/li>\n<li><b>nb joueurs:<\/b> 1 \u00e0 4<\/li>\n<\/ul>\n<p><span style=\"color: #ff0000;\"><b><\/b><\/span><\/p>\n","protected":false},"featured_media":9374,"comment_status":"open","ping_status":"closed","template":"","meta":{"_acf_changed":false},"product_brand":[],"product_cat":[327,323,494,361,333],"product_tag":[382,444],"class_list":{"0":"post-9373","1":"product","2":"type-product","3":"status-publish","4":"has-post-thumbnail","6":"product_cat-extensions","7":"product_cat-jeux","8":"product_cat-jeux-de-societe","9":"product_cat-familiaux","10":"product_cat-par-types","11":"product_tag-cooperatif","12":"product_tag-enquete","13":"product_shipping_class-livraisonstandard_colis","15":"first","16":"instock","17":"sale","18":"taxable","19":"shipping-taxable","20":"purchasable","21":"product-type-simple"},"acf":[],"yoast_head":"<!-- This site is optimized with the Yoast SEO plugin v25.3 - https:\/\/yoast.com\/wordpress\/plugins\/seo\/ -->\n<title>Acheter Chronicles of Crime - Welcome To Redview - VF - GOZU ZONE - Jeux et Accessoires<\/title>\n<meta name=\"robots\" content=\"index, follow, max-snippet:-1, max-image-preview:large, max-video-preview:-1\" \/>\n<link rel=\"canonical\" href=\"https:\/\/gozu.zone\/?product=chronicles-of-crime-welcome-to-redview-vf\" \/>\n<meta property=\"og:locale\" content=\"fr_FR\" \/>\n<meta property=\"og:type\" content=\"article\" \/>\n<meta property=\"og:title\" content=\"Acheter Chronicles of Crime - Welcome To Redview - VF - GOZU ZONE - Jeux et Accessoires\" \/>\n<meta property=\"og:description\" content=\"\u00e2ge :   dur\u00e9e :   nb joueurs:\" \/>\n<meta property=\"og:url\" content=\"https:\/\/gozu.zone\/?product=chronicles-of-crime-welcome-to-redview-vf\" \/>\n<meta property=\"og:site_name\" content=\"GOZU ZONE\" \/>\n<meta property=\"article:publisher\" content=\"https:\/\/www.facebook.com\/gozuzone\/\" \/>\n<meta property=\"article:modified_time\" content=\"2019-12-06T11:56:18+00:00\" \/>\n<meta property=\"og:image\" content=\"https:\/\/gozu.zone\/wp-content\/uploads\/2019\/03\/chronicles-of-crime-welcome-to-redview.jpg\" \/>\n\t<meta property=\"og:image:width\" content=\"640\" \/>\n\t<meta property=\"og:image:height\" content=\"640\" \/>\n\t<meta property=\"og:image:type\" content=\"image\/jpeg\" \/>\n<meta name=\"twitter:card\" content=\"summary_large_image\" \/>\n<meta name=\"twitter:site\" content=\"@gozuzone\" \/>\n<script type=\"application\/ld+json\" class=\"yoast-schema-graph\">{\"@context\":\"https:\/\/schema.org\",\"@graph\":[{\"@type\":\"WebPage\",\"@id\":\"https:\/\/gozu.zone\/?product=chronicles-of-crime-welcome-to-redview-vf\",\"url\":\"https:\/\/gozu.zone\/?product=chronicles-of-crime-welcome-to-redview-vf\",\"name\":\"Acheter Chronicles of Crime - Welcome To Redview - VF - GOZU ZONE - Jeux et Accessoires\",\"isPartOf\":{\"@id\":\"https:\/\/gozu.zone\/#website\"},\"primaryImageOfPage\":{\"@id\":\"https:\/\/gozu.zone\/?product=chronicles-of-crime-welcome-to-redview-vf#primaryimage\"},\"image\":{\"@id\":\"https:\/\/gozu.zone\/?product=chronicles-of-crime-welcome-to-redview-vf#primaryimage\"},\"thumbnailUrl\":\"https:\/\/gozu.zone\/wp-content\/uploads\/2019\/03\/chronicles-of-crime-welcome-to-redview.jpg\",\"datePublished\":\"2019-03-17T15:49:19+00:00\",\"dateModified\":\"2019-12-06T11:56:18+00:00\",\"breadcrumb\":{\"@id\":\"https:\/\/gozu.zone\/?product=chronicles-of-crime-welcome-to-redview-vf#breadcrumb\"},\"inLanguage\":\"fr-FR\",\"potentialAction\":[{\"@type\":\"ReadAction\",\"target\":[\"https:\/\/gozu.zone\/?product=chronicles-of-crime-welcome-to-redview-vf\"]}]},{\"@type\":\"ImageObject\",\"inLanguage\":\"fr-FR\",\"@id\":\"https:\/\/gozu.zone\/?product=chronicles-of-crime-welcome-to-redview-vf#primaryimage\",\"url\":\"https:\/\/gozu.zone\/wp-content\/uploads\/2019\/03\/chronicles-of-crime-welcome-to-redview.jpg\",\"contentUrl\":\"https:\/\/gozu.zone\/wp-content\/uploads\/2019\/03\/chronicles-of-crime-welcome-to-redview.jpg\",\"width\":640,\"height\":640},{\"@type\":\"BreadcrumbList\",\"@id\":\"https:\/\/gozu.zone\/?product=chronicles-of-crime-welcome-to-redview-vf#breadcrumb\",\"itemListElement\":[{\"@type\":\"ListItem\",\"position\":1,\"name\":\"Accueil\",\"item\":\"https:\/\/gozu.zone\/\"},{\"@type\":\"ListItem\",\"position\":2,\"name\":\"BOUTIQUE\",\"item\":\"https:\/\/gozu.zone\/?page_id=308\"},{\"@type\":\"ListItem\",\"position\":3,\"name\":\"Chronicles of Crime &#8211; Welcome To Redview &#8211; VF\"}]},{\"@type\":\"WebSite\",\"@id\":\"https:\/\/gozu.zone\/#website\",\"url\":\"https:\/\/gozu.zone\/\",\"name\":\"GOZU ZONE\",\"description\":\"Toujours plus pour vos jeux\",\"potentialAction\":[{\"@type\":\"SearchAction\",\"target\":{\"@type\":\"EntryPoint\",\"urlTemplate\":\"https:\/\/gozu.zone\/?s={search_term_string}\"},\"query-input\":{\"@type\":\"PropertyValueSpecification\",\"valueRequired\":true,\"valueName\":\"search_term_string\"}}],\"inLanguage\":\"fr-FR\"}]}<\/script>\n<!-- \/ Yoast SEO plugin. -->","yoast_head_json":{"title":"Acheter Chronicles of Crime - Welcome To Redview - VF - GOZU ZONE - Jeux et Accessoires","robots":{"index":"index","follow":"follow","max-snippet":"max-snippet:-1","max-image-preview":"max-image-preview:large","max-video-preview":"max-video-preview:-1"},"canonical":"https:\/\/gozu.zone\/?product=chronicles-of-crime-welcome-to-redview-vf","og_locale":"fr_FR","og_type":"article","og_title":"Acheter Chronicles of Crime - Welcome To Redview - VF - GOZU ZONE - Jeux et Accessoires","og_description":"\u00e2ge :   dur\u00e9e :   nb joueurs:","og_url":"https:\/\/gozu.zone\/?product=chronicles-of-crime-welcome-to-redview-vf","og_site_name":"GOZU ZONE","article_publisher":"https:\/\/www.facebook.com\/gozuzone\/","article_modified_time":"2019-12-06T11:56:18+00:00","og_image":[{"width":640,"height":640,"url":"https:\/\/gozu.zone\/wp-content\/uploads\/2019\/03\/chronicles-of-crime-welcome-to-redview.jpg","type":"image\/jpeg"}],"twitter_card":"summary_large_image","twitter_site":"@gozuzone","schema":{"@context":"https:\/\/schema.org","@graph":[{"@type":"WebPage","@id":"https:\/\/gozu.zone\/?product=chronicles-of-crime-welcome-to-redview-vf","url":"https:\/\/gozu.zone\/?product=chronicles-of-crime-welcome-to-redview-vf","name":"Acheter Chronicles of Crime - Welcome To Redview - VF - GOZU ZONE - Jeux et Accessoires","isPartOf":{"@id":"https:\/\/gozu.zone\/#website"},"primaryImageOfPage":{"@id":"https:\/\/gozu.zone\/?product=chronicles-of-crime-welcome-to-redview-vf#primaryimage"},"image":{"@id":"https:\/\/gozu.zone\/?product=chronicles-of-crime-welcome-to-redview-vf#primaryimage"},"thumbnailUrl":"https:\/\/gozu.zone\/wp-content\/uploads\/2019\/03\/chronicles-of-crime-welcome-to-redview.jpg","datePublished":"2019-03-17T15:49:19+00:00","dateModified":"2019-12-06T11:56:18+00:00","breadcrumb":{"@id":"https:\/\/gozu.zone\/?product=chronicles-of-crime-welcome-to-redview-vf#breadcrumb"},"inLanguage":"fr-FR","potentialAction":[{"@type":"ReadAction","target":["https:\/\/gozu.zone\/?product=chronicles-of-crime-welcome-to-redview-vf"]}]},{"@type":"ImageObject","inLanguage":"fr-FR","@id":"https:\/\/gozu.zone\/?product=chronicles-of-crime-welcome-to-redview-vf#primaryimage","url":"https:\/\/gozu.zone\/wp-content\/uploads\/2019\/03\/chronicles-of-crime-welcome-to-redview.jpg","contentUrl":"https:\/\/gozu.zone\/wp-content\/uploads\/2019\/03\/chronicles-of-crime-welcome-to-redview.jpg","width":640,"height":640},{"@type":"BreadcrumbList","@id":"https:\/\/gozu.zone\/?product=chronicles-of-crime-welcome-to-redview-vf#breadcrumb","itemListElement":[{"@type":"ListItem","position":1,"name":"Accueil","item":"https:\/\/gozu.zone\/"},{"@type":"ListItem","position":2,"name":"BOUTIQUE","item":"https:\/\/gozu.zone\/?page_id=308"},{"@type":"ListItem","position":3,"name":"Chronicles of Crime &#8211; Welcome To Redview &#8211; VF"}]},{"@type":"WebSite","@id":"https:\/\/gozu.zone\/#website","url":"https:\/\/gozu.zone\/","name":"GOZU ZONE","description":"Toujours plus pour vos jeux","potentialAction":[{"@type":"SearchAction","target":{"@type":"EntryPoint","urlTemplate":"https:\/\/gozu.zone\/?s={search_term_string}"},"query-input":{"@type":"PropertyValueSpecification","valueRequired":true,"valueName":"search_term_string"}}],"inLanguage":"fr-FR"}]}},"_links":{"self":[{"href":"https:\/\/gozu.zone\/index.php?rest_route=\/wp\/v2\/product\/9373","targetHints":{"allow":["GET"]}}],"collection":[{"href":"https:\/\/gozu.zone\/index.php?rest_route=\/wp\/v2\/product"}],"about":[{"href":"https:\/\/gozu.zone\/index.php?rest_route=\/wp\/v2\/types\/product"}],"replies":[{"embeddable":true,"href":"https:\/\/gozu.zone\/index.php?rest_route=%2Fwp%2Fv2%2Fcomments&post=9373"}],"wp:featuredmedia":[{"embeddable":true,"href":"https:\/\/gozu.zone\/index.php?rest_route=\/wp\/v2\/media\/9374"}],"wp:attachment":[{"href":"https:\/\/gozu.zone\/index.php?rest_route=%2Fwp%2Fv2%2Fmedia&parent=9373"}],"wp:term":[{"taxonomy":"product_brand","embeddable":true,"href":"https:\/\/gozu.zone\/index.php?rest_route=%2Fwp%2Fv2%2Fproduct_brand&post=9373"},{"taxonomy":"product_cat","embeddable":true,"href":"https:\/\/gozu.zone\/index.php?rest_route=%2Fwp%2Fv2%2Fproduct_cat&post=9373"},{"taxonomy":"product_tag","embeddable":true,"href":"https:\/\/gozu.zone\/index.php?rest_route=%2Fwp%2Fv2%2Fproduct_tag&post=9373"}],"curies":[{"name":"wp","href":"https:\/\/api.w.org\/{rel}","templated":true}]}}