{"id":9385,"date":"2019-03-17T19:22:03","date_gmt":"2019-03-17T19:22:03","guid":{"rendered":"https:\/\/gozu.zone\/?post_type=product&#038;p=9385"},"modified":"2026-03-20T17:57:47","modified_gmt":"2026-03-20T17:57:47","slug":"ecryme-coffret-de-base","status":"publish","type":"product","link":"https:\/\/gozu.zone\/?product=ecryme-coffret-de-base","title":{"rendered":"\u00c9CRYME &#8211; Coffret de base"},"content":{"rendered":"<hr class=\"wp-block-separator\" \/>\r\n\r\n\r\n<figure class=\"wp-block-image\"><img loading=\"lazy\" decoding=\"async\" width=\"640\" height=\"363\" class=\"wp-image-9386\" src=\"http:\/\/pro.gozu.zone\/wp-content\/uploads\/2019\/03\/Ecryme_Logo.jpg\" alt=\"\" srcset=\"https:\/\/gozu.zone\/wp-content\/uploads\/2019\/03\/Ecryme_Logo.jpg 640w, https:\/\/gozu.zone\/wp-content\/uploads\/2019\/03\/Ecryme_Logo-510x289.jpg 510w, https:\/\/gozu.zone\/wp-content\/uploads\/2019\/03\/Ecryme_Logo-300x170.jpg 300w, https:\/\/gozu.zone\/wp-content\/uploads\/2019\/03\/Ecryme_Logo-570x323.jpg 570w\" sizes=\"auto, (max-width: 640px) 100vw, 640px\" \/><\/figure>\r\n\r\n\r\n\r\n<p>Les quelques \u00eelots de civilisation qui en \u00e9mergent encore se sont tant bien que mal adapt\u00e9s,<\/p>\r\n\r\n\r\n\r\n<p>utilisant les quelques ressources que l\u2019\u00e9cryme avait \u00e9pargn\u00e9es pour fonder une soci\u00e9t\u00e9 o\u00f9 seuls<\/p>\r\n\r\n\r\n\r\n<p>permettent encore de voyager les dirigeables et les traverses, gigantesques ponts qui relient les<\/p>\r\n\r\n\r\n\r\n<p>diff\u00e9rentes cit\u00e9s.<\/p>\r\n\r\n\r\n\r\n<p>Que vous soyez artiste sans-le-sou, agent de propagande, ouvrier r\u00e9volutionnaire ou riche<\/p>\r\n\r\n\r\n\r\n<p>h\u00e9ritier marchand, le monde d\u2019\u00c9cryme vous promet d\u2019incomparables aventures inspir\u00e9es de<\/p>\r\n\r\n\r\n\r\n<p>l\u2019univers du romancier Mathieu Gaborit !<\/p>\r\n\r\n\r\n\r\n<figure class=\"wp-block-embed-vimeo wp-block-embed is-type-video is-provider-vimeo wp-embed-aspect-16-9 wp-has-aspect-ratio\">\r\n<div class=\"wp-block-embed__wrapper\">https:\/\/vimeo.com\/160251878<\/div>\r\n<\/figure>\r\n\r\n\r\n\r\n<h2 class=\"wp-block-heading\">Contenu de \u00c9CRYME &#8211; Coffret de base<\/h2>\r\n\r\n\r\n\r\n<ul class=\"wp-block-list\">\r\n<li>Manuel des joueurs (Ballade Traversi\u00e8re)<\/li>\r\n<li>Livre des r\u00e8gles (Rouages &amp; Engrenages)<\/li>\r\n<li>Manuel du Meneur (Effluves de l\u2019 \u00c9cryme)<\/li>\r\n<\/ul>\r\n","protected":false},"excerpt":{"rendered":"<p>\u00c9cryme est un jeu de r\u00f4le Steampunk dystopique o\u00f9 le monde a \u00e9t\u00e9 submerg\u00e9 par un liquide corrosif appel\u00e9 l&rsquo;\u00e9cryme.<\/p>\n","protected":false},"featured_media":9389,"comment_status":"open","ping_status":"closed","template":"","meta":{"_acf_changed":false},"product_brand":[],"product_cat":[323,724,728,735],"product_tag":[],"class_list":{"0":"post-9385","1":"product","2":"type-product","3":"status-publish","4":"has-post-thumbnail","6":"product_cat-jeux","7":"product_cat-jeux-de-role","8":"product_cat-victorien-et-contemporain","9":"product_cat-ecryme","10":"product_shipping_class-livraisonstandard_colis","12":"first","13":"outofstock","14":"taxable","15":"shipping-taxable","16":"purchasable","17":"product-type-simple"},"acf":[],"yoast_head":"<!-- This site is optimized with the Yoast SEO plugin v25.3 - https:\/\/yoast.com\/wordpress\/plugins\/seo\/ -->\n<title>Acheter \u00c9CRYME - Coffret de base - GOZU ZONE - Jeux et Accessoires<\/title>\n<meta name=\"robots\" content=\"index, follow, max-snippet:-1, max-image-preview:large, max-video-preview:-1\" \/>\n<link rel=\"canonical\" href=\"https:\/\/gozu.zone\/?product=ecryme-coffret-de-base\" \/>\n<meta property=\"og:locale\" content=\"fr_FR\" \/>\n<meta property=\"og:type\" content=\"article\" \/>\n<meta property=\"og:title\" content=\"Acheter \u00c9CRYME - Coffret de base - GOZU ZONE - Jeux et Accessoires\" \/>\n<meta property=\"og:description\" content=\"\u00c9cryme est un jeu de r\u00f4le Steampunk dystopique o\u00f9 le monde a \u00e9t\u00e9 submerg\u00e9 par un liquide corrosif appel\u00e9 l&#039;\u00e9cryme.\" \/>\n<meta property=\"og:url\" content=\"https:\/\/gozu.zone\/?product=ecryme-coffret-de-base\" \/>\n<meta property=\"og:site_name\" content=\"GOZU ZONE\" \/>\n<meta property=\"article:publisher\" content=\"https:\/\/www.facebook.com\/gozuzone\/\" \/>\n<meta property=\"article:modified_time\" content=\"2026-03-20T17:57:47+00:00\" \/>\n<meta property=\"og:image\" content=\"https:\/\/gozu.zone\/wp-content\/uploads\/2019\/03\/ecryme-coffret-de-base.jpg\" \/>\n\t<meta property=\"og:image:width\" content=\"640\" \/>\n\t<meta property=\"og:image:height\" content=\"640\" \/>\n\t<meta property=\"og:image:type\" content=\"image\/jpeg\" \/>\n<meta name=\"twitter:card\" content=\"summary_large_image\" \/>\n<meta name=\"twitter:site\" content=\"@gozuzone\" \/>\n<meta name=\"twitter:label1\" content=\"Dur\u00e9e de lecture estim\u00e9e\" \/>\n\t<meta name=\"twitter:data1\" content=\"1 minute\" \/>\n<script type=\"application\/ld+json\" class=\"yoast-schema-graph\">{\"@context\":\"https:\/\/schema.org\",\"@graph\":[{\"@type\":\"WebPage\",\"@id\":\"https:\/\/gozu.zone\/?product=ecryme-coffret-de-base\",\"url\":\"https:\/\/gozu.zone\/?product=ecryme-coffret-de-base\",\"name\":\"Acheter \u00c9CRYME - Coffret de base - GOZU ZONE - Jeux et Accessoires\",\"isPartOf\":{\"@id\":\"https:\/\/gozu.zone\/#website\"},\"primaryImageOfPage\":{\"@id\":\"https:\/\/gozu.zone\/?product=ecryme-coffret-de-base#primaryimage\"},\"image\":{\"@id\":\"https:\/\/gozu.zone\/?product=ecryme-coffret-de-base#primaryimage\"},\"thumbnailUrl\":\"https:\/\/gozu.zone\/wp-content\/uploads\/2019\/03\/ecryme-coffret-de-base.jpg\",\"datePublished\":\"2019-03-17T19:22:03+00:00\",\"dateModified\":\"2026-03-20T17:57:47+00:00\",\"breadcrumb\":{\"@id\":\"https:\/\/gozu.zone\/?product=ecryme-coffret-de-base#breadcrumb\"},\"inLanguage\":\"fr-FR\",\"potentialAction\":[{\"@type\":\"ReadAction\",\"target\":[\"https:\/\/gozu.zone\/?product=ecryme-coffret-de-base\"]}]},{\"@type\":\"ImageObject\",\"inLanguage\":\"fr-FR\",\"@id\":\"https:\/\/gozu.zone\/?product=ecryme-coffret-de-base#primaryimage\",\"url\":\"https:\/\/gozu.zone\/wp-content\/uploads\/2019\/03\/ecryme-coffret-de-base.jpg\",\"contentUrl\":\"https:\/\/gozu.zone\/wp-content\/uploads\/2019\/03\/ecryme-coffret-de-base.jpg\",\"width\":640,\"height\":640},{\"@type\":\"BreadcrumbList\",\"@id\":\"https:\/\/gozu.zone\/?product=ecryme-coffret-de-base#breadcrumb\",\"itemListElement\":[{\"@type\":\"ListItem\",\"position\":1,\"name\":\"Accueil\",\"item\":\"https:\/\/gozu.zone\/\"},{\"@type\":\"ListItem\",\"position\":2,\"name\":\"BOUTIQUE\",\"item\":\"https:\/\/gozu.zone\/?page_id=308\"},{\"@type\":\"ListItem\",\"position\":3,\"name\":\"\u00c9CRYME &#8211; Coffret de base\"}]},{\"@type\":\"WebSite\",\"@id\":\"https:\/\/gozu.zone\/#website\",\"url\":\"https:\/\/gozu.zone\/\",\"name\":\"GOZU ZONE\",\"description\":\"Toujours plus pour vos jeux\",\"potentialAction\":[{\"@type\":\"SearchAction\",\"target\":{\"@type\":\"EntryPoint\",\"urlTemplate\":\"https:\/\/gozu.zone\/?s={search_term_string}\"},\"query-input\":{\"@type\":\"PropertyValueSpecification\",\"valueRequired\":true,\"valueName\":\"search_term_string\"}}],\"inLanguage\":\"fr-FR\"}]}<\/script>\n<!-- \/ Yoast SEO plugin. -->","yoast_head_json":{"title":"Acheter \u00c9CRYME - Coffret de base - GOZU ZONE - Jeux et Accessoires","robots":{"index":"index","follow":"follow","max-snippet":"max-snippet:-1","max-image-preview":"max-image-preview:large","max-video-preview":"max-video-preview:-1"},"canonical":"https:\/\/gozu.zone\/?product=ecryme-coffret-de-base","og_locale":"fr_FR","og_type":"article","og_title":"Acheter \u00c9CRYME - Coffret de base - GOZU ZONE - Jeux et Accessoires","og_description":"\u00c9cryme est un jeu de r\u00f4le Steampunk dystopique o\u00f9 le monde a \u00e9t\u00e9 submerg\u00e9 par un liquide corrosif appel\u00e9 l'\u00e9cryme.","og_url":"https:\/\/gozu.zone\/?product=ecryme-coffret-de-base","og_site_name":"GOZU ZONE","article_publisher":"https:\/\/www.facebook.com\/gozuzone\/","article_modified_time":"2026-03-20T17:57:47+00:00","og_image":[{"width":640,"height":640,"url":"https:\/\/gozu.zone\/wp-content\/uploads\/2019\/03\/ecryme-coffret-de-base.jpg","type":"image\/jpeg"}],"twitter_card":"summary_large_image","twitter_site":"@gozuzone","twitter_misc":{"Dur\u00e9e de lecture estim\u00e9e":"1 minute"},"schema":{"@context":"https:\/\/schema.org","@graph":[{"@type":"WebPage","@id":"https:\/\/gozu.zone\/?product=ecryme-coffret-de-base","url":"https:\/\/gozu.zone\/?product=ecryme-coffret-de-base","name":"Acheter \u00c9CRYME - Coffret de base - GOZU ZONE - Jeux et Accessoires","isPartOf":{"@id":"https:\/\/gozu.zone\/#website"},"primaryImageOfPage":{"@id":"https:\/\/gozu.zone\/?product=ecryme-coffret-de-base#primaryimage"},"image":{"@id":"https:\/\/gozu.zone\/?product=ecryme-coffret-de-base#primaryimage"},"thumbnailUrl":"https:\/\/gozu.zone\/wp-content\/uploads\/2019\/03\/ecryme-coffret-de-base.jpg","datePublished":"2019-03-17T19:22:03+00:00","dateModified":"2026-03-20T17:57:47+00:00","breadcrumb":{"@id":"https:\/\/gozu.zone\/?product=ecryme-coffret-de-base#breadcrumb"},"inLanguage":"fr-FR","potentialAction":[{"@type":"ReadAction","target":["https:\/\/gozu.zone\/?product=ecryme-coffret-de-base"]}]},{"@type":"ImageObject","inLanguage":"fr-FR","@id":"https:\/\/gozu.zone\/?product=ecryme-coffret-de-base#primaryimage","url":"https:\/\/gozu.zone\/wp-content\/uploads\/2019\/03\/ecryme-coffret-de-base.jpg","contentUrl":"https:\/\/gozu.zone\/wp-content\/uploads\/2019\/03\/ecryme-coffret-de-base.jpg","width":640,"height":640},{"@type":"BreadcrumbList","@id":"https:\/\/gozu.zone\/?product=ecryme-coffret-de-base#breadcrumb","itemListElement":[{"@type":"ListItem","position":1,"name":"Accueil","item":"https:\/\/gozu.zone\/"},{"@type":"ListItem","position":2,"name":"BOUTIQUE","item":"https:\/\/gozu.zone\/?page_id=308"},{"@type":"ListItem","position":3,"name":"\u00c9CRYME &#8211; Coffret de base"}]},{"@type":"WebSite","@id":"https:\/\/gozu.zone\/#website","url":"https:\/\/gozu.zone\/","name":"GOZU ZONE","description":"Toujours plus pour vos jeux","potentialAction":[{"@type":"SearchAction","target":{"@type":"EntryPoint","urlTemplate":"https:\/\/gozu.zone\/?s={search_term_string}"},"query-input":{"@type":"PropertyValueSpecification","valueRequired":true,"valueName":"search_term_string"}}],"inLanguage":"fr-FR"}]}},"_links":{"self":[{"href":"https:\/\/gozu.zone\/index.php?rest_route=\/wp\/v2\/product\/9385","targetHints":{"allow":["GET"]}}],"collection":[{"href":"https:\/\/gozu.zone\/index.php?rest_route=\/wp\/v2\/product"}],"about":[{"href":"https:\/\/gozu.zone\/index.php?rest_route=\/wp\/v2\/types\/product"}],"replies":[{"embeddable":true,"href":"https:\/\/gozu.zone\/index.php?rest_route=%2Fwp%2Fv2%2Fcomments&post=9385"}],"wp:featuredmedia":[{"embeddable":true,"href":"https:\/\/gozu.zone\/index.php?rest_route=\/wp\/v2\/media\/9389"}],"wp:attachment":[{"href":"https:\/\/gozu.zone\/index.php?rest_route=%2Fwp%2Fv2%2Fmedia&parent=9385"}],"wp:term":[{"taxonomy":"product_brand","embeddable":true,"href":"https:\/\/gozu.zone\/index.php?rest_route=%2Fwp%2Fv2%2Fproduct_brand&post=9385"},{"taxonomy":"product_cat","embeddable":true,"href":"https:\/\/gozu.zone\/index.php?rest_route=%2Fwp%2Fv2%2Fproduct_cat&post=9385"},{"taxonomy":"product_tag","embeddable":true,"href":"https:\/\/gozu.zone\/index.php?rest_route=%2Fwp%2Fv2%2Fproduct_tag&post=9385"}],"curies":[{"name":"wp","href":"https:\/\/api.w.org\/{rel}","templated":true}]}}