{"id":9392,"date":"2019-03-17T20:07:27","date_gmt":"2019-03-17T20:07:27","guid":{"rendered":"https:\/\/gozu.zone\/?post_type=product&#038;p=9392"},"modified":"2019-04-12T19:27:53","modified_gmt":"2019-04-12T19:27:53","slug":"ecryme-premiere-trame","status":"publish","type":"product","link":"https:\/\/gozu.zone\/?product=ecryme-premiere-trame","title":{"rendered":"\u00c9CRYME &#8211; Premi\u00e8re Trame"},"content":{"rendered":"\n<hr class=\"wp-block-separator\"\/>\n\n\n\n<figure class=\"wp-block-image\"><img loading=\"lazy\" decoding=\"async\" width=\"640\" height=\"363\" src=\"http:\/\/pro.gozu.zone\/wp-content\/uploads\/2019\/03\/Ecryme_Logo.jpg\" alt=\"\" class=\"wp-image-9386\" srcset=\"https:\/\/gozu.zone\/wp-content\/uploads\/2019\/03\/Ecryme_Logo.jpg 640w, https:\/\/gozu.zone\/wp-content\/uploads\/2019\/03\/Ecryme_Logo-510x289.jpg 510w, https:\/\/gozu.zone\/wp-content\/uploads\/2019\/03\/Ecryme_Logo-300x170.jpg 300w, https:\/\/gozu.zone\/wp-content\/uploads\/2019\/03\/Ecryme_Logo-570x323.jpg 570w\" sizes=\"auto, (max-width: 640px) 100vw, 640px\" \/><\/figure>\n\n\n\n<p>Dans ce monde de p\u00e9nurie et de d\u00e9cadence, les traverses de la premi\u00e8re trame ont su perdurer.<\/p>\n\n\n\n<p>Dans ce suppl\u00e9ment (2), vous trouverez conseils, aides de jeu additionnelles et sc\u00e9narios dont :<\/p>\n\n\n\n<ul class=\"wp-block-list\"><li>Sonate Venicienne met en sc\u00e8ne une m\u00e9lodie ent\u00eatante dans la cit\u00e9 des Doges<\/li><li>Pavane pour un Lys Noir est une aventures d&rsquo;action et d&rsquo;enqu\u00eate dans le monde trasversier<\/li><li>Vandalisme lunaire qui propose Syndrome Kafka o\u00f9 se d\u00e9veloppe les m\u00e9andres de l&rsquo;administration citoyenne.<\/li><\/ul>\n\n\n\n<h2 class=\"wp-block-heading\">Contenu de \u00c9CRYME &#8211; Premi\u00e8re Trame<\/h2>\n\n\n\n<ul class=\"wp-block-list\"><li>5 aventures compl\u00e8tes, d\u00e9taill\u00e9es et riches, offrant une grande vari\u00e8t\u00e9 d&rsquo;intrigues et d&rsquo;ambiances.<\/li><li>Les portraits truculents de l&rsquo;ensemble des seconds r\u00f4les.<\/li><li>Des conseils de mise en sc\u00e8ne.<\/li><li>Des aides de jeu dont la description compl\u00e8te du quartier des Serres d&rsquo;\u00c9ole. <\/li><li>Manuel des joueurs (Ballade Traversi\u00e8re)<\/li><\/ul>\n","protected":false},"excerpt":{"rendered":"<p>Le Suppl\u00e9ment\u00a0 \u00ab\u00a0Premi\u00e8re Trame\u00a0\u00bb , vous propose des conseils, aides de jeu additionnelles et sc\u00e9narios pour le jeu de r\u00f4le \u00c9cryme.<\/p>\n","protected":false},"featured_media":9489,"comment_status":"open","ping_status":"closed","template":"","meta":{"_acf_changed":false},"product_brand":[],"product_cat":[735,323,724,728],"product_tag":[],"class_list":{"0":"post-9392","1":"product","2":"type-product","3":"status-publish","4":"has-post-thumbnail","6":"product_cat-ecryme","7":"product_cat-jeux","8":"product_cat-jeux-de-role","9":"product_cat-victorien-et-contemporain","10":"product_shipping_class-livraisonstandard_colis","12":"first","13":"instock","14":"taxable","15":"shipping-taxable","16":"purchasable","17":"product-type-simple"},"acf":[],"yoast_head":"<!-- This site is optimized with the Yoast SEO plugin v25.3 - https:\/\/yoast.com\/wordpress\/plugins\/seo\/ -->\n<title>Acheter \u00c9CRYME - Premi\u00e8re Trame - GOZU ZONE - Jeux et Accessoires<\/title>\n<meta name=\"robots\" content=\"index, follow, max-snippet:-1, max-image-preview:large, max-video-preview:-1\" \/>\n<link rel=\"canonical\" href=\"https:\/\/gozu.zone\/?product=ecryme-premiere-trame\" \/>\n<meta property=\"og:locale\" content=\"fr_FR\" \/>\n<meta property=\"og:type\" content=\"article\" \/>\n<meta property=\"og:title\" content=\"Acheter \u00c9CRYME - Premi\u00e8re Trame - GOZU ZONE - Jeux et Accessoires\" \/>\n<meta property=\"og:description\" content=\"Le Suppl\u00e9ment\u00a0 &quot;Premi\u00e8re Trame&quot; , vous propose des conseils, aides de jeu additionnelles et sc\u00e9narios pour le jeu de r\u00f4le \u00c9cryme.\" \/>\n<meta property=\"og:url\" content=\"https:\/\/gozu.zone\/?product=ecryme-premiere-trame\" \/>\n<meta property=\"og:site_name\" content=\"GOZU ZONE\" \/>\n<meta property=\"article:publisher\" content=\"https:\/\/www.facebook.com\/gozuzone\/\" \/>\n<meta property=\"article:modified_time\" content=\"2019-04-12T19:27:53+00:00\" \/>\n<meta property=\"og:image\" content=\"https:\/\/gozu.zone\/wp-content\/uploads\/2019\/03\/ecryme-premiere-trame-1.jpg\" \/>\n\t<meta property=\"og:image:width\" content=\"450\" \/>\n\t<meta property=\"og:image:height\" content=\"450\" \/>\n\t<meta property=\"og:image:type\" content=\"image\/jpeg\" \/>\n<meta name=\"twitter:card\" content=\"summary_large_image\" \/>\n<meta name=\"twitter:site\" content=\"@gozuzone\" \/>\n<meta name=\"twitter:label1\" content=\"Dur\u00e9e de lecture estim\u00e9e\" \/>\n\t<meta name=\"twitter:data1\" content=\"1 minute\" \/>\n<script type=\"application\/ld+json\" class=\"yoast-schema-graph\">{\"@context\":\"https:\/\/schema.org\",\"@graph\":[{\"@type\":\"WebPage\",\"@id\":\"https:\/\/gozu.zone\/?product=ecryme-premiere-trame\",\"url\":\"https:\/\/gozu.zone\/?product=ecryme-premiere-trame\",\"name\":\"Acheter \u00c9CRYME - Premi\u00e8re Trame - GOZU ZONE - Jeux et Accessoires\",\"isPartOf\":{\"@id\":\"https:\/\/gozu.zone\/#website\"},\"primaryImageOfPage\":{\"@id\":\"https:\/\/gozu.zone\/?product=ecryme-premiere-trame#primaryimage\"},\"image\":{\"@id\":\"https:\/\/gozu.zone\/?product=ecryme-premiere-trame#primaryimage\"},\"thumbnailUrl\":\"https:\/\/gozu.zone\/wp-content\/uploads\/2019\/03\/ecryme-premiere-trame-1.jpg\",\"datePublished\":\"2019-03-17T20:07:27+00:00\",\"dateModified\":\"2019-04-12T19:27:53+00:00\",\"breadcrumb\":{\"@id\":\"https:\/\/gozu.zone\/?product=ecryme-premiere-trame#breadcrumb\"},\"inLanguage\":\"fr-FR\",\"potentialAction\":[{\"@type\":\"ReadAction\",\"target\":[\"https:\/\/gozu.zone\/?product=ecryme-premiere-trame\"]}]},{\"@type\":\"ImageObject\",\"inLanguage\":\"fr-FR\",\"@id\":\"https:\/\/gozu.zone\/?product=ecryme-premiere-trame#primaryimage\",\"url\":\"https:\/\/gozu.zone\/wp-content\/uploads\/2019\/03\/ecryme-premiere-trame-1.jpg\",\"contentUrl\":\"https:\/\/gozu.zone\/wp-content\/uploads\/2019\/03\/ecryme-premiere-trame-1.jpg\",\"width\":450,\"height\":450},{\"@type\":\"BreadcrumbList\",\"@id\":\"https:\/\/gozu.zone\/?product=ecryme-premiere-trame#breadcrumb\",\"itemListElement\":[{\"@type\":\"ListItem\",\"position\":1,\"name\":\"Accueil\",\"item\":\"https:\/\/gozu.zone\/\"},{\"@type\":\"ListItem\",\"position\":2,\"name\":\"BOUTIQUE\",\"item\":\"https:\/\/gozu.zone\/?page_id=308\"},{\"@type\":\"ListItem\",\"position\":3,\"name\":\"\u00c9CRYME &#8211; Premi\u00e8re Trame\"}]},{\"@type\":\"WebSite\",\"@id\":\"https:\/\/gozu.zone\/#website\",\"url\":\"https:\/\/gozu.zone\/\",\"name\":\"GOZU ZONE\",\"description\":\"Toujours plus pour vos jeux\",\"potentialAction\":[{\"@type\":\"SearchAction\",\"target\":{\"@type\":\"EntryPoint\",\"urlTemplate\":\"https:\/\/gozu.zone\/?s={search_term_string}\"},\"query-input\":{\"@type\":\"PropertyValueSpecification\",\"valueRequired\":true,\"valueName\":\"search_term_string\"}}],\"inLanguage\":\"fr-FR\"}]}<\/script>\n<!-- \/ Yoast SEO plugin. -->","yoast_head_json":{"title":"Acheter \u00c9CRYME - Premi\u00e8re Trame - GOZU ZONE - Jeux et Accessoires","robots":{"index":"index","follow":"follow","max-snippet":"max-snippet:-1","max-image-preview":"max-image-preview:large","max-video-preview":"max-video-preview:-1"},"canonical":"https:\/\/gozu.zone\/?product=ecryme-premiere-trame","og_locale":"fr_FR","og_type":"article","og_title":"Acheter \u00c9CRYME - Premi\u00e8re Trame - GOZU ZONE - Jeux et Accessoires","og_description":"Le Suppl\u00e9ment\u00a0 \"Premi\u00e8re Trame\" , vous propose des conseils, aides de jeu additionnelles et sc\u00e9narios pour le jeu de r\u00f4le \u00c9cryme.","og_url":"https:\/\/gozu.zone\/?product=ecryme-premiere-trame","og_site_name":"GOZU ZONE","article_publisher":"https:\/\/www.facebook.com\/gozuzone\/","article_modified_time":"2019-04-12T19:27:53+00:00","og_image":[{"width":450,"height":450,"url":"https:\/\/gozu.zone\/wp-content\/uploads\/2019\/03\/ecryme-premiere-trame-1.jpg","type":"image\/jpeg"}],"twitter_card":"summary_large_image","twitter_site":"@gozuzone","twitter_misc":{"Dur\u00e9e de lecture estim\u00e9e":"1 minute"},"schema":{"@context":"https:\/\/schema.org","@graph":[{"@type":"WebPage","@id":"https:\/\/gozu.zone\/?product=ecryme-premiere-trame","url":"https:\/\/gozu.zone\/?product=ecryme-premiere-trame","name":"Acheter \u00c9CRYME - Premi\u00e8re Trame - GOZU ZONE - Jeux et Accessoires","isPartOf":{"@id":"https:\/\/gozu.zone\/#website"},"primaryImageOfPage":{"@id":"https:\/\/gozu.zone\/?product=ecryme-premiere-trame#primaryimage"},"image":{"@id":"https:\/\/gozu.zone\/?product=ecryme-premiere-trame#primaryimage"},"thumbnailUrl":"https:\/\/gozu.zone\/wp-content\/uploads\/2019\/03\/ecryme-premiere-trame-1.jpg","datePublished":"2019-03-17T20:07:27+00:00","dateModified":"2019-04-12T19:27:53+00:00","breadcrumb":{"@id":"https:\/\/gozu.zone\/?product=ecryme-premiere-trame#breadcrumb"},"inLanguage":"fr-FR","potentialAction":[{"@type":"ReadAction","target":["https:\/\/gozu.zone\/?product=ecryme-premiere-trame"]}]},{"@type":"ImageObject","inLanguage":"fr-FR","@id":"https:\/\/gozu.zone\/?product=ecryme-premiere-trame#primaryimage","url":"https:\/\/gozu.zone\/wp-content\/uploads\/2019\/03\/ecryme-premiere-trame-1.jpg","contentUrl":"https:\/\/gozu.zone\/wp-content\/uploads\/2019\/03\/ecryme-premiere-trame-1.jpg","width":450,"height":450},{"@type":"BreadcrumbList","@id":"https:\/\/gozu.zone\/?product=ecryme-premiere-trame#breadcrumb","itemListElement":[{"@type":"ListItem","position":1,"name":"Accueil","item":"https:\/\/gozu.zone\/"},{"@type":"ListItem","position":2,"name":"BOUTIQUE","item":"https:\/\/gozu.zone\/?page_id=308"},{"@type":"ListItem","position":3,"name":"\u00c9CRYME &#8211; Premi\u00e8re Trame"}]},{"@type":"WebSite","@id":"https:\/\/gozu.zone\/#website","url":"https:\/\/gozu.zone\/","name":"GOZU ZONE","description":"Toujours plus pour vos jeux","potentialAction":[{"@type":"SearchAction","target":{"@type":"EntryPoint","urlTemplate":"https:\/\/gozu.zone\/?s={search_term_string}"},"query-input":{"@type":"PropertyValueSpecification","valueRequired":true,"valueName":"search_term_string"}}],"inLanguage":"fr-FR"}]}},"_links":{"self":[{"href":"https:\/\/gozu.zone\/index.php?rest_route=\/wp\/v2\/product\/9392","targetHints":{"allow":["GET"]}}],"collection":[{"href":"https:\/\/gozu.zone\/index.php?rest_route=\/wp\/v2\/product"}],"about":[{"href":"https:\/\/gozu.zone\/index.php?rest_route=\/wp\/v2\/types\/product"}],"replies":[{"embeddable":true,"href":"https:\/\/gozu.zone\/index.php?rest_route=%2Fwp%2Fv2%2Fcomments&post=9392"}],"wp:featuredmedia":[{"embeddable":true,"href":"https:\/\/gozu.zone\/index.php?rest_route=\/wp\/v2\/media\/9489"}],"wp:attachment":[{"href":"https:\/\/gozu.zone\/index.php?rest_route=%2Fwp%2Fv2%2Fmedia&parent=9392"}],"wp:term":[{"taxonomy":"product_brand","embeddable":true,"href":"https:\/\/gozu.zone\/index.php?rest_route=%2Fwp%2Fv2%2Fproduct_brand&post=9392"},{"taxonomy":"product_cat","embeddable":true,"href":"https:\/\/gozu.zone\/index.php?rest_route=%2Fwp%2Fv2%2Fproduct_cat&post=9392"},{"taxonomy":"product_tag","embeddable":true,"href":"https:\/\/gozu.zone\/index.php?rest_route=%2Fwp%2Fv2%2Fproduct_tag&post=9392"}],"curies":[{"name":"wp","href":"https:\/\/api.w.org\/{rel}","templated":true}]}}