{"id":9486,"date":"2019-04-12T19:13:12","date_gmt":"2019-04-12T19:13:12","guid":{"rendered":"https:\/\/gozu.zone\/?post_type=product&#038;p=9486"},"modified":"2019-04-12T19:21:02","modified_gmt":"2019-04-12T19:21:02","slug":"ecryme-la-balade-du-troubadour-muet","status":"publish","type":"product","link":"https:\/\/gozu.zone\/?product=ecryme-la-balade-du-troubadour-muet","title":{"rendered":"\u00c9CRYME &#8211; La Balade du troubadour muet"},"content":{"rendered":"\n<hr class=\"wp-block-separator\"\/>\n\n\n\n<figure class=\"wp-block-image\"><img loading=\"lazy\" decoding=\"async\" width=\"640\" height=\"363\" src=\"http:\/\/pro.gozu.zone\/wp-content\/uploads\/2019\/03\/Ecryme_Logo.jpg\" alt=\"\" class=\"wp-image-9386\" srcset=\"https:\/\/gozu.zone\/wp-content\/uploads\/2019\/03\/Ecryme_Logo.jpg 640w, https:\/\/gozu.zone\/wp-content\/uploads\/2019\/03\/Ecryme_Logo-510x289.jpg 510w, https:\/\/gozu.zone\/wp-content\/uploads\/2019\/03\/Ecryme_Logo-300x170.jpg 300w, https:\/\/gozu.zone\/wp-content\/uploads\/2019\/03\/Ecryme_Logo-570x323.jpg 570w\" sizes=\"auto, (max-width: 640px) 100vw, 640px\" \/><\/figure>\n\n\n\n<p>Campagne de 6 sc\u00e9narios au bord du c\u00e9l\u00e8bre Trans\u00e9cryme.<\/p>\n\n\n\n<p>Quel est le point commun entre une traverse oubli\u00e9e, une fillette instable, des scientistes ren\u00e9gats, des meurtres rituels, les d\u00e9ments d&rsquo;un asile si ce n&rsquo;est une chanson sans parole ?<\/p>\n\n\n\n<p>Cette campagne de 6 sc\u00e9narios permettra \u00e0 vos joueurs de d\u00e9couvrir les premiers secrets de l&rsquo;univers.<\/p>\n\n\n\n<h2 class=\"wp-block-heading\">Contenu de \u00c9CRYME &#8211; La Balade du troubadour muet<\/h2>\n\n\n\n<ul class=\"wp-block-list\"><li>Escale \u00e0 Sablerybe d\u00e9crit une seigneurie traversi\u00e8re et ses sombres secrets.<\/li><li>Au-del\u00e0 des r\u00eaves est une interlude onirique.<\/li><li>Des chrysanth\u00e8mes pour le lys noir oppose les personnages \u00e0 des terroristes traversiers.<\/li><li>Le pas chaloup\u00e9 du M\u00e9tronome d\u00e9voile un \u00e9trange tueur en s\u00e9rie.<\/li><li>Le retour de l&rsquo;\u00e9quarisseur vise \u00e0 traquer un imitateur.<\/li><li>Du sang dans les canaux de Venice marque la fin de la campagne.<\/li><li> + plan d\u00e9taill\u00e9 du Trans\u00e9cryme et itin\u00e9raire de voyage. <\/li><\/ul>\n\n\n\n<ul class=\"wp-block-list\"><li><\/li><\/ul>\n","protected":false},"excerpt":{"rendered":"<p>Cette campagne de 6 sc\u00e9narios permettra \u00e0 vos joueurs de d\u00e9couvrir les premiers secrets de l&rsquo;univers.<\/p>\n","protected":false},"featured_media":9487,"comment_status":"open","ping_status":"closed","template":"","meta":{"_acf_changed":false},"product_brand":[],"product_cat":[735,323,724,728],"product_tag":[],"class_list":{"0":"post-9486","1":"product","2":"type-product","3":"status-publish","4":"has-post-thumbnail","6":"product_cat-ecryme","7":"product_cat-jeux","8":"product_cat-jeux-de-role","9":"product_cat-victorien-et-contemporain","10":"product_shipping_class-livraisonstandard_colis","12":"first","13":"instock","14":"taxable","15":"shipping-taxable","16":"purchasable","17":"product-type-simple"},"acf":[],"yoast_head":"<!-- This site is optimized with the Yoast SEO plugin v25.3 - https:\/\/yoast.com\/wordpress\/plugins\/seo\/ -->\n<title>Acheter \u00c9CRYME - La Balade du troubadour muet - GOZU ZONE - Jeux et Accessoires<\/title>\n<meta name=\"robots\" content=\"index, follow, max-snippet:-1, max-image-preview:large, max-video-preview:-1\" \/>\n<link rel=\"canonical\" href=\"https:\/\/gozu.zone\/?product=ecryme-la-balade-du-troubadour-muet\" \/>\n<meta property=\"og:locale\" content=\"fr_FR\" \/>\n<meta property=\"og:type\" content=\"article\" \/>\n<meta property=\"og:title\" content=\"Acheter \u00c9CRYME - La Balade du troubadour muet - GOZU ZONE - Jeux et Accessoires\" \/>\n<meta property=\"og:description\" content=\"Cette campagne de 6 sc\u00e9narios permettra \u00e0 vos joueurs de d\u00e9couvrir les premiers secrets de l&#039;univers.\" \/>\n<meta property=\"og:url\" content=\"https:\/\/gozu.zone\/?product=ecryme-la-balade-du-troubadour-muet\" \/>\n<meta property=\"og:site_name\" content=\"GOZU ZONE\" \/>\n<meta property=\"article:publisher\" content=\"https:\/\/www.facebook.com\/gozuzone\/\" \/>\n<meta property=\"article:modified_time\" content=\"2019-04-12T19:21:02+00:00\" \/>\n<meta property=\"og:image\" content=\"https:\/\/gozu.zone\/wp-content\/uploads\/2019\/04\/ecryme-la-balade-du-troubadour-muet.jpg\" \/>\n\t<meta property=\"og:image:width\" content=\"450\" \/>\n\t<meta property=\"og:image:height\" content=\"450\" \/>\n\t<meta property=\"og:image:type\" content=\"image\/jpeg\" \/>\n<meta name=\"twitter:card\" content=\"summary_large_image\" \/>\n<meta name=\"twitter:site\" content=\"@gozuzone\" \/>\n<meta name=\"twitter:label1\" content=\"Dur\u00e9e de lecture estim\u00e9e\" \/>\n\t<meta name=\"twitter:data1\" content=\"1 minute\" \/>\n<script type=\"application\/ld+json\" class=\"yoast-schema-graph\">{\"@context\":\"https:\/\/schema.org\",\"@graph\":[{\"@type\":\"WebPage\",\"@id\":\"https:\/\/gozu.zone\/?product=ecryme-la-balade-du-troubadour-muet\",\"url\":\"https:\/\/gozu.zone\/?product=ecryme-la-balade-du-troubadour-muet\",\"name\":\"Acheter \u00c9CRYME - La Balade du troubadour muet - GOZU ZONE - Jeux et Accessoires\",\"isPartOf\":{\"@id\":\"https:\/\/gozu.zone\/#website\"},\"primaryImageOfPage\":{\"@id\":\"https:\/\/gozu.zone\/?product=ecryme-la-balade-du-troubadour-muet#primaryimage\"},\"image\":{\"@id\":\"https:\/\/gozu.zone\/?product=ecryme-la-balade-du-troubadour-muet#primaryimage\"},\"thumbnailUrl\":\"https:\/\/gozu.zone\/wp-content\/uploads\/2019\/04\/ecryme-la-balade-du-troubadour-muet.jpg\",\"datePublished\":\"2019-04-12T19:13:12+00:00\",\"dateModified\":\"2019-04-12T19:21:02+00:00\",\"breadcrumb\":{\"@id\":\"https:\/\/gozu.zone\/?product=ecryme-la-balade-du-troubadour-muet#breadcrumb\"},\"inLanguage\":\"fr-FR\",\"potentialAction\":[{\"@type\":\"ReadAction\",\"target\":[\"https:\/\/gozu.zone\/?product=ecryme-la-balade-du-troubadour-muet\"]}]},{\"@type\":\"ImageObject\",\"inLanguage\":\"fr-FR\",\"@id\":\"https:\/\/gozu.zone\/?product=ecryme-la-balade-du-troubadour-muet#primaryimage\",\"url\":\"https:\/\/gozu.zone\/wp-content\/uploads\/2019\/04\/ecryme-la-balade-du-troubadour-muet.jpg\",\"contentUrl\":\"https:\/\/gozu.zone\/wp-content\/uploads\/2019\/04\/ecryme-la-balade-du-troubadour-muet.jpg\",\"width\":450,\"height\":450},{\"@type\":\"BreadcrumbList\",\"@id\":\"https:\/\/gozu.zone\/?product=ecryme-la-balade-du-troubadour-muet#breadcrumb\",\"itemListElement\":[{\"@type\":\"ListItem\",\"position\":1,\"name\":\"Accueil\",\"item\":\"https:\/\/gozu.zone\/\"},{\"@type\":\"ListItem\",\"position\":2,\"name\":\"BOUTIQUE\",\"item\":\"https:\/\/gozu.zone\/?page_id=308\"},{\"@type\":\"ListItem\",\"position\":3,\"name\":\"\u00c9CRYME &#8211; La Balade du troubadour muet\"}]},{\"@type\":\"WebSite\",\"@id\":\"https:\/\/gozu.zone\/#website\",\"url\":\"https:\/\/gozu.zone\/\",\"name\":\"GOZU ZONE\",\"description\":\"Toujours plus pour vos jeux\",\"potentialAction\":[{\"@type\":\"SearchAction\",\"target\":{\"@type\":\"EntryPoint\",\"urlTemplate\":\"https:\/\/gozu.zone\/?s={search_term_string}\"},\"query-input\":{\"@type\":\"PropertyValueSpecification\",\"valueRequired\":true,\"valueName\":\"search_term_string\"}}],\"inLanguage\":\"fr-FR\"}]}<\/script>\n<!-- \/ Yoast SEO plugin. -->","yoast_head_json":{"title":"Acheter \u00c9CRYME - La Balade du troubadour muet - GOZU ZONE - Jeux et Accessoires","robots":{"index":"index","follow":"follow","max-snippet":"max-snippet:-1","max-image-preview":"max-image-preview:large","max-video-preview":"max-video-preview:-1"},"canonical":"https:\/\/gozu.zone\/?product=ecryme-la-balade-du-troubadour-muet","og_locale":"fr_FR","og_type":"article","og_title":"Acheter \u00c9CRYME - La Balade du troubadour muet - GOZU ZONE - Jeux et Accessoires","og_description":"Cette campagne de 6 sc\u00e9narios permettra \u00e0 vos joueurs de d\u00e9couvrir les premiers secrets de l'univers.","og_url":"https:\/\/gozu.zone\/?product=ecryme-la-balade-du-troubadour-muet","og_site_name":"GOZU ZONE","article_publisher":"https:\/\/www.facebook.com\/gozuzone\/","article_modified_time":"2019-04-12T19:21:02+00:00","og_image":[{"width":450,"height":450,"url":"https:\/\/gozu.zone\/wp-content\/uploads\/2019\/04\/ecryme-la-balade-du-troubadour-muet.jpg","type":"image\/jpeg"}],"twitter_card":"summary_large_image","twitter_site":"@gozuzone","twitter_misc":{"Dur\u00e9e de lecture estim\u00e9e":"1 minute"},"schema":{"@context":"https:\/\/schema.org","@graph":[{"@type":"WebPage","@id":"https:\/\/gozu.zone\/?product=ecryme-la-balade-du-troubadour-muet","url":"https:\/\/gozu.zone\/?product=ecryme-la-balade-du-troubadour-muet","name":"Acheter \u00c9CRYME - La Balade du troubadour muet - GOZU ZONE - Jeux et Accessoires","isPartOf":{"@id":"https:\/\/gozu.zone\/#website"},"primaryImageOfPage":{"@id":"https:\/\/gozu.zone\/?product=ecryme-la-balade-du-troubadour-muet#primaryimage"},"image":{"@id":"https:\/\/gozu.zone\/?product=ecryme-la-balade-du-troubadour-muet#primaryimage"},"thumbnailUrl":"https:\/\/gozu.zone\/wp-content\/uploads\/2019\/04\/ecryme-la-balade-du-troubadour-muet.jpg","datePublished":"2019-04-12T19:13:12+00:00","dateModified":"2019-04-12T19:21:02+00:00","breadcrumb":{"@id":"https:\/\/gozu.zone\/?product=ecryme-la-balade-du-troubadour-muet#breadcrumb"},"inLanguage":"fr-FR","potentialAction":[{"@type":"ReadAction","target":["https:\/\/gozu.zone\/?product=ecryme-la-balade-du-troubadour-muet"]}]},{"@type":"ImageObject","inLanguage":"fr-FR","@id":"https:\/\/gozu.zone\/?product=ecryme-la-balade-du-troubadour-muet#primaryimage","url":"https:\/\/gozu.zone\/wp-content\/uploads\/2019\/04\/ecryme-la-balade-du-troubadour-muet.jpg","contentUrl":"https:\/\/gozu.zone\/wp-content\/uploads\/2019\/04\/ecryme-la-balade-du-troubadour-muet.jpg","width":450,"height":450},{"@type":"BreadcrumbList","@id":"https:\/\/gozu.zone\/?product=ecryme-la-balade-du-troubadour-muet#breadcrumb","itemListElement":[{"@type":"ListItem","position":1,"name":"Accueil","item":"https:\/\/gozu.zone\/"},{"@type":"ListItem","position":2,"name":"BOUTIQUE","item":"https:\/\/gozu.zone\/?page_id=308"},{"@type":"ListItem","position":3,"name":"\u00c9CRYME &#8211; La Balade du troubadour muet"}]},{"@type":"WebSite","@id":"https:\/\/gozu.zone\/#website","url":"https:\/\/gozu.zone\/","name":"GOZU ZONE","description":"Toujours plus pour vos jeux","potentialAction":[{"@type":"SearchAction","target":{"@type":"EntryPoint","urlTemplate":"https:\/\/gozu.zone\/?s={search_term_string}"},"query-input":{"@type":"PropertyValueSpecification","valueRequired":true,"valueName":"search_term_string"}}],"inLanguage":"fr-FR"}]}},"_links":{"self":[{"href":"https:\/\/gozu.zone\/index.php?rest_route=\/wp\/v2\/product\/9486","targetHints":{"allow":["GET"]}}],"collection":[{"href":"https:\/\/gozu.zone\/index.php?rest_route=\/wp\/v2\/product"}],"about":[{"href":"https:\/\/gozu.zone\/index.php?rest_route=\/wp\/v2\/types\/product"}],"replies":[{"embeddable":true,"href":"https:\/\/gozu.zone\/index.php?rest_route=%2Fwp%2Fv2%2Fcomments&post=9486"}],"wp:featuredmedia":[{"embeddable":true,"href":"https:\/\/gozu.zone\/index.php?rest_route=\/wp\/v2\/media\/9487"}],"wp:attachment":[{"href":"https:\/\/gozu.zone\/index.php?rest_route=%2Fwp%2Fv2%2Fmedia&parent=9486"}],"wp:term":[{"taxonomy":"product_brand","embeddable":true,"href":"https:\/\/gozu.zone\/index.php?rest_route=%2Fwp%2Fv2%2Fproduct_brand&post=9486"},{"taxonomy":"product_cat","embeddable":true,"href":"https:\/\/gozu.zone\/index.php?rest_route=%2Fwp%2Fv2%2Fproduct_cat&post=9486"},{"taxonomy":"product_tag","embeddable":true,"href":"https:\/\/gozu.zone\/index.php?rest_route=%2Fwp%2Fv2%2Fproduct_tag&post=9486"}],"curies":[{"name":"wp","href":"https:\/\/api.w.org\/{rel}","templated":true}]}}