{"id":9495,"date":"2019-04-13T08:15:39","date_gmt":"2019-04-13T08:15:39","guid":{"rendered":"https:\/\/gozu.zone\/?post_type=product&#038;p=9495"},"modified":"2019-04-13T09:30:52","modified_gmt":"2019-04-13T09:30:52","slug":"cendres-livre-de-base","status":"publish","type":"product","link":"https:\/\/gozu.zone\/?product=cendres-livre-de-base","title":{"rendered":"Cendres &#8211; Livre de base"},"content":{"rendered":"\n<p>Qu\u2019ils soient flingueurs professionnels ou marchands d\u2019antiquit\u00e9s, artistes ambulants ou loups de mer, pr\u00eatres ou m\u00e9canos, ce sont des voyageurs qui n\u2019h\u00e9sitent pas \u00e0 braver les dangers de la route&#8230; Des aventuriers.<\/p>\n\n\n\n<p>Outre les r\u00e8gles, le livre des base comprend toutes les informations pour commencer \u00e0 jouer : vie quotidienne, religions, puissances politiques et militaires, villes importantes&#8230;<\/p>\n\n\n\n<p>Par ailleurs une r\u00e9gion, la Bretagne, est d\u00e9taill\u00e9e avec plus de pr\u00e9cision pour servir de d\u00e9cor aux premi\u00e8res parties.<\/p>\n\n\n\n<ul class=\"wp-block-list\"><li>Plus de 150 illustrations et visuels, dont un grand nombre en couleurs.<\/li><li>Plus de 60 armes et munitions pr\u00e9sent\u00e9es sous forme de cartes, simples et pratiques \u00e0 utiliser.<\/li><li>Un glossaire d\u00e9taill\u00e9 de l\u2019univers.<\/li><li>Deux sc\u00e9narios complets.<\/li><\/ul>\n\n\n\n<p><\/p>\n","protected":false},"excerpt":{"rendered":"<p>Qu\u2019ils soient flingueurs professionnels ou marchands d\u2019antiquit\u00e9s, artistes ambulants ou loups de mer, pr\u00eatres ou m\u00e9canos, ce sont des voyageurs qui n\u2019h\u00e9sitent pas \u00e0 braver les dangers de la route&#8230; Des aventuriers.<\/p>\n","protected":false},"featured_media":9499,"comment_status":"open","ping_status":"closed","template":"","meta":{"_acf_changed":false},"product_brand":[],"product_cat":[738,730,323,724],"product_tag":[],"class_list":{"0":"post-9495","1":"product","2":"type-product","3":"status-publish","4":"has-post-thumbnail","6":"product_cat-cendres","7":"product_cat-futuriste-et-space-opera","8":"product_cat-jeux","9":"product_cat-jeux-de-role","10":"product_shipping_class-livraisonstandard_colis","12":"first","13":"instock","14":"taxable","15":"shipping-taxable","16":"purchasable","17":"product-type-simple"},"acf":[],"yoast_head":"<!-- This site is optimized with the Yoast SEO plugin v25.3 - https:\/\/yoast.com\/wordpress\/plugins\/seo\/ -->\n<title>Acheter Cendres - Livre de base - GOZU ZONE - Jeux et Accessoires<\/title>\n<meta name=\"robots\" content=\"index, follow, max-snippet:-1, max-image-preview:large, max-video-preview:-1\" \/>\n<link rel=\"canonical\" href=\"https:\/\/gozu.zone\/?product=cendres-livre-de-base\" \/>\n<meta property=\"og:locale\" content=\"fr_FR\" \/>\n<meta property=\"og:type\" content=\"article\" \/>\n<meta property=\"og:title\" content=\"Acheter Cendres - Livre de base - GOZU ZONE - Jeux et Accessoires\" \/>\n<meta property=\"og:description\" content=\"Qu\u2019ils soient flingueurs professionnels ou marchands d\u2019antiquit\u00e9s, artistes ambulants ou loups de mer, pr\u00eatres ou m\u00e9canos, ce sont des voyageurs qui n\u2019h\u00e9sitent pas \u00e0 braver les dangers de la route... Des aventuriers.\" \/>\n<meta property=\"og:url\" content=\"https:\/\/gozu.zone\/?product=cendres-livre-de-base\" \/>\n<meta property=\"og:site_name\" content=\"GOZU ZONE\" \/>\n<meta property=\"article:publisher\" content=\"https:\/\/www.facebook.com\/gozuzone\/\" \/>\n<meta property=\"article:modified_time\" content=\"2019-04-13T09:30:52+00:00\" \/>\n<meta property=\"og:image\" content=\"https:\/\/gozu.zone\/wp-content\/uploads\/2019\/04\/cendres-livre-de-base-gz.jpg\" \/>\n\t<meta property=\"og:image:width\" content=\"640\" \/>\n\t<meta property=\"og:image:height\" content=\"640\" \/>\n\t<meta property=\"og:image:type\" content=\"image\/jpeg\" \/>\n<meta name=\"twitter:card\" content=\"summary_large_image\" \/>\n<meta name=\"twitter:site\" content=\"@gozuzone\" \/>\n<meta name=\"twitter:label1\" content=\"Dur\u00e9e de lecture estim\u00e9e\" \/>\n\t<meta name=\"twitter:data1\" content=\"1 minute\" \/>\n<script type=\"application\/ld+json\" class=\"yoast-schema-graph\">{\"@context\":\"https:\/\/schema.org\",\"@graph\":[{\"@type\":\"WebPage\",\"@id\":\"https:\/\/gozu.zone\/?product=cendres-livre-de-base\",\"url\":\"https:\/\/gozu.zone\/?product=cendres-livre-de-base\",\"name\":\"Acheter Cendres - Livre de base - GOZU ZONE - Jeux et Accessoires\",\"isPartOf\":{\"@id\":\"https:\/\/gozu.zone\/#website\"},\"primaryImageOfPage\":{\"@id\":\"https:\/\/gozu.zone\/?product=cendres-livre-de-base#primaryimage\"},\"image\":{\"@id\":\"https:\/\/gozu.zone\/?product=cendres-livre-de-base#primaryimage\"},\"thumbnailUrl\":\"https:\/\/gozu.zone\/wp-content\/uploads\/2019\/04\/cendres-livre-de-base-gz.jpg\",\"datePublished\":\"2019-04-13T08:15:39+00:00\",\"dateModified\":\"2019-04-13T09:30:52+00:00\",\"breadcrumb\":{\"@id\":\"https:\/\/gozu.zone\/?product=cendres-livre-de-base#breadcrumb\"},\"inLanguage\":\"fr-FR\",\"potentialAction\":[{\"@type\":\"ReadAction\",\"target\":[\"https:\/\/gozu.zone\/?product=cendres-livre-de-base\"]}]},{\"@type\":\"ImageObject\",\"inLanguage\":\"fr-FR\",\"@id\":\"https:\/\/gozu.zone\/?product=cendres-livre-de-base#primaryimage\",\"url\":\"https:\/\/gozu.zone\/wp-content\/uploads\/2019\/04\/cendres-livre-de-base-gz.jpg\",\"contentUrl\":\"https:\/\/gozu.zone\/wp-content\/uploads\/2019\/04\/cendres-livre-de-base-gz.jpg\",\"width\":640,\"height\":640},{\"@type\":\"BreadcrumbList\",\"@id\":\"https:\/\/gozu.zone\/?product=cendres-livre-de-base#breadcrumb\",\"itemListElement\":[{\"@type\":\"ListItem\",\"position\":1,\"name\":\"Accueil\",\"item\":\"https:\/\/gozu.zone\/\"},{\"@type\":\"ListItem\",\"position\":2,\"name\":\"BOUTIQUE\",\"item\":\"https:\/\/gozu.zone\/?page_id=308\"},{\"@type\":\"ListItem\",\"position\":3,\"name\":\"Cendres &#8211; Livre de base\"}]},{\"@type\":\"WebSite\",\"@id\":\"https:\/\/gozu.zone\/#website\",\"url\":\"https:\/\/gozu.zone\/\",\"name\":\"GOZU ZONE\",\"description\":\"Toujours plus pour vos jeux\",\"potentialAction\":[{\"@type\":\"SearchAction\",\"target\":{\"@type\":\"EntryPoint\",\"urlTemplate\":\"https:\/\/gozu.zone\/?s={search_term_string}\"},\"query-input\":{\"@type\":\"PropertyValueSpecification\",\"valueRequired\":true,\"valueName\":\"search_term_string\"}}],\"inLanguage\":\"fr-FR\"}]}<\/script>\n<!-- \/ Yoast SEO plugin. -->","yoast_head_json":{"title":"Acheter Cendres - Livre de base - GOZU ZONE - Jeux et Accessoires","robots":{"index":"index","follow":"follow","max-snippet":"max-snippet:-1","max-image-preview":"max-image-preview:large","max-video-preview":"max-video-preview:-1"},"canonical":"https:\/\/gozu.zone\/?product=cendres-livre-de-base","og_locale":"fr_FR","og_type":"article","og_title":"Acheter Cendres - Livre de base - GOZU ZONE - Jeux et Accessoires","og_description":"Qu\u2019ils soient flingueurs professionnels ou marchands d\u2019antiquit\u00e9s, artistes ambulants ou loups de mer, pr\u00eatres ou m\u00e9canos, ce sont des voyageurs qui n\u2019h\u00e9sitent pas \u00e0 braver les dangers de la route... Des aventuriers.","og_url":"https:\/\/gozu.zone\/?product=cendres-livre-de-base","og_site_name":"GOZU ZONE","article_publisher":"https:\/\/www.facebook.com\/gozuzone\/","article_modified_time":"2019-04-13T09:30:52+00:00","og_image":[{"width":640,"height":640,"url":"https:\/\/gozu.zone\/wp-content\/uploads\/2019\/04\/cendres-livre-de-base-gz.jpg","type":"image\/jpeg"}],"twitter_card":"summary_large_image","twitter_site":"@gozuzone","twitter_misc":{"Dur\u00e9e de lecture estim\u00e9e":"1 minute"},"schema":{"@context":"https:\/\/schema.org","@graph":[{"@type":"WebPage","@id":"https:\/\/gozu.zone\/?product=cendres-livre-de-base","url":"https:\/\/gozu.zone\/?product=cendres-livre-de-base","name":"Acheter Cendres - Livre de base - GOZU ZONE - Jeux et Accessoires","isPartOf":{"@id":"https:\/\/gozu.zone\/#website"},"primaryImageOfPage":{"@id":"https:\/\/gozu.zone\/?product=cendres-livre-de-base#primaryimage"},"image":{"@id":"https:\/\/gozu.zone\/?product=cendres-livre-de-base#primaryimage"},"thumbnailUrl":"https:\/\/gozu.zone\/wp-content\/uploads\/2019\/04\/cendres-livre-de-base-gz.jpg","datePublished":"2019-04-13T08:15:39+00:00","dateModified":"2019-04-13T09:30:52+00:00","breadcrumb":{"@id":"https:\/\/gozu.zone\/?product=cendres-livre-de-base#breadcrumb"},"inLanguage":"fr-FR","potentialAction":[{"@type":"ReadAction","target":["https:\/\/gozu.zone\/?product=cendres-livre-de-base"]}]},{"@type":"ImageObject","inLanguage":"fr-FR","@id":"https:\/\/gozu.zone\/?product=cendres-livre-de-base#primaryimage","url":"https:\/\/gozu.zone\/wp-content\/uploads\/2019\/04\/cendres-livre-de-base-gz.jpg","contentUrl":"https:\/\/gozu.zone\/wp-content\/uploads\/2019\/04\/cendres-livre-de-base-gz.jpg","width":640,"height":640},{"@type":"BreadcrumbList","@id":"https:\/\/gozu.zone\/?product=cendres-livre-de-base#breadcrumb","itemListElement":[{"@type":"ListItem","position":1,"name":"Accueil","item":"https:\/\/gozu.zone\/"},{"@type":"ListItem","position":2,"name":"BOUTIQUE","item":"https:\/\/gozu.zone\/?page_id=308"},{"@type":"ListItem","position":3,"name":"Cendres &#8211; Livre de base"}]},{"@type":"WebSite","@id":"https:\/\/gozu.zone\/#website","url":"https:\/\/gozu.zone\/","name":"GOZU ZONE","description":"Toujours plus pour vos jeux","potentialAction":[{"@type":"SearchAction","target":{"@type":"EntryPoint","urlTemplate":"https:\/\/gozu.zone\/?s={search_term_string}"},"query-input":{"@type":"PropertyValueSpecification","valueRequired":true,"valueName":"search_term_string"}}],"inLanguage":"fr-FR"}]}},"_links":{"self":[{"href":"https:\/\/gozu.zone\/index.php?rest_route=\/wp\/v2\/product\/9495","targetHints":{"allow":["GET"]}}],"collection":[{"href":"https:\/\/gozu.zone\/index.php?rest_route=\/wp\/v2\/product"}],"about":[{"href":"https:\/\/gozu.zone\/index.php?rest_route=\/wp\/v2\/types\/product"}],"replies":[{"embeddable":true,"href":"https:\/\/gozu.zone\/index.php?rest_route=%2Fwp%2Fv2%2Fcomments&post=9495"}],"wp:featuredmedia":[{"embeddable":true,"href":"https:\/\/gozu.zone\/index.php?rest_route=\/wp\/v2\/media\/9499"}],"wp:attachment":[{"href":"https:\/\/gozu.zone\/index.php?rest_route=%2Fwp%2Fv2%2Fmedia&parent=9495"}],"wp:term":[{"taxonomy":"product_brand","embeddable":true,"href":"https:\/\/gozu.zone\/index.php?rest_route=%2Fwp%2Fv2%2Fproduct_brand&post=9495"},{"taxonomy":"product_cat","embeddable":true,"href":"https:\/\/gozu.zone\/index.php?rest_route=%2Fwp%2Fv2%2Fproduct_cat&post=9495"},{"taxonomy":"product_tag","embeddable":true,"href":"https:\/\/gozu.zone\/index.php?rest_route=%2Fwp%2Fv2%2Fproduct_tag&post=9495"}],"curies":[{"name":"wp","href":"https:\/\/api.w.org\/{rel}","templated":true}]}}