{"id":9501,"date":"2019-04-13T09:11:01","date_gmt":"2019-04-13T09:11:01","guid":{"rendered":"https:\/\/gozu.zone\/?post_type=product&#038;p=9501"},"modified":"2019-04-13T09:29:49","modified_gmt":"2019-04-13T09:29:49","slug":"pestilence-loeil-du-prophete","status":"publish","type":"product","link":"https:\/\/gozu.zone\/?product=pestilence-loeil-du-prophete","title":{"rendered":"Pestilence  &#8211; T.1 &#8211;  L&rsquo;Oeil du proph\u00e8te"},"content":{"rendered":"\n<p> Depuis la verdoyante Valmyr jusqu\u2019au d\u00e9sert de Sel Rouge d\u2019Ahmrat, les personnages rentrent de plein pied dans l\u2019aventure. Confront\u00e9s \u00e0 des forces qui les d\u00e9passent, ils doivent, tour \u00e0 tour, lutter contre les hordes de pestif\u00e9r\u00e9s qui menacent leur terre natale, d\u00e9m\u00ealer des intrigues de cour et se pr\u00e9parer \u00e0 la guerre&#8230; <\/p>\n\n\n\n<p><strong>L\u2019Oeil du proph\u00e8te<\/strong>&nbsp;contient :<\/p>\n\n\n\n<ul class=\"wp-block-list\"><li>Les quatre premiers chapitres de la campagne<\/li><li>Deux continents d\u00e9crits<\/li><li>De nouvelles races<\/li><li>Quatre classes de prestige<\/li><li>Un bestiaire<\/li><li>De nouvelles r\u00e8gles<\/li><\/ul>\n","protected":false},"excerpt":{"rendered":"<p><em>Pestilence &#8211; L&rsquo;Oeil du Proph\u00e8te, livre premier<\/em>. Livre de 136 pages \u00e0 couverture souple &#8211;\u00a0N&amp;B<\/p>\n","protected":false},"featured_media":9505,"comment_status":"open","ping_status":"closed","template":"","meta":{"_acf_changed":false},"product_brand":[],"product_cat":[323,724,726,739],"product_tag":[],"class_list":{"0":"post-9501","1":"product","2":"type-product","3":"status-publish","4":"has-post-thumbnail","6":"product_cat-jeux","7":"product_cat-jeux-de-role","8":"product_cat-medieval-et-fantastique","9":"product_cat-pestilence","10":"product_shipping_class-livraisonstandard_colis","12":"first","13":"instock","14":"taxable","15":"shipping-taxable","16":"purchasable","17":"product-type-simple"},"acf":[],"yoast_head":"<!-- This site is optimized with the Yoast SEO plugin v25.3 - https:\/\/yoast.com\/wordpress\/plugins\/seo\/ -->\n<title>Acheter Pestilence - T.1 - L&#039;Oeil du proph\u00e8te - GOZU ZONE - Jeux et Accessoires<\/title>\n<meta name=\"robots\" content=\"index, follow, max-snippet:-1, max-image-preview:large, max-video-preview:-1\" \/>\n<link rel=\"canonical\" href=\"https:\/\/gozu.zone\/?product=pestilence-loeil-du-prophete\" \/>\n<meta property=\"og:locale\" content=\"fr_FR\" \/>\n<meta property=\"og:type\" content=\"article\" \/>\n<meta property=\"og:title\" content=\"Acheter Pestilence - T.1 - L&#039;Oeil du proph\u00e8te - GOZU ZONE - Jeux et Accessoires\" \/>\n<meta property=\"og:description\" content=\"Pestilence - L&#039;Oeil du Proph\u00e8te, livre premier. Livre de 136 pages \u00e0 couverture souple -\u00a0N&amp;B\" \/>\n<meta property=\"og:url\" content=\"https:\/\/gozu.zone\/?product=pestilence-loeil-du-prophete\" \/>\n<meta property=\"og:site_name\" content=\"GOZU ZONE\" \/>\n<meta property=\"article:publisher\" content=\"https:\/\/www.facebook.com\/gozuzone\/\" \/>\n<meta property=\"article:modified_time\" content=\"2019-04-13T09:29:49+00:00\" \/>\n<meta property=\"og:image\" content=\"https:\/\/gozu.zone\/wp-content\/uploads\/2019\/04\/pestilence-l-oeil-du-prophete.jpg\" \/>\n\t<meta property=\"og:image:width\" content=\"480\" \/>\n\t<meta property=\"og:image:height\" content=\"480\" \/>\n\t<meta property=\"og:image:type\" content=\"image\/jpeg\" \/>\n<meta name=\"twitter:card\" content=\"summary_large_image\" \/>\n<meta name=\"twitter:site\" content=\"@gozuzone\" \/>\n<script type=\"application\/ld+json\" class=\"yoast-schema-graph\">{\"@context\":\"https:\/\/schema.org\",\"@graph\":[{\"@type\":\"WebPage\",\"@id\":\"https:\/\/gozu.zone\/?product=pestilence-loeil-du-prophete\",\"url\":\"https:\/\/gozu.zone\/?product=pestilence-loeil-du-prophete\",\"name\":\"Acheter Pestilence - T.1 - L'Oeil du proph\u00e8te - GOZU ZONE - Jeux et Accessoires\",\"isPartOf\":{\"@id\":\"https:\/\/gozu.zone\/#website\"},\"primaryImageOfPage\":{\"@id\":\"https:\/\/gozu.zone\/?product=pestilence-loeil-du-prophete#primaryimage\"},\"image\":{\"@id\":\"https:\/\/gozu.zone\/?product=pestilence-loeil-du-prophete#primaryimage\"},\"thumbnailUrl\":\"https:\/\/gozu.zone\/wp-content\/uploads\/2019\/04\/pestilence-l-oeil-du-prophete.jpg\",\"datePublished\":\"2019-04-13T09:11:01+00:00\",\"dateModified\":\"2019-04-13T09:29:49+00:00\",\"breadcrumb\":{\"@id\":\"https:\/\/gozu.zone\/?product=pestilence-loeil-du-prophete#breadcrumb\"},\"inLanguage\":\"fr-FR\",\"potentialAction\":[{\"@type\":\"ReadAction\",\"target\":[\"https:\/\/gozu.zone\/?product=pestilence-loeil-du-prophete\"]}]},{\"@type\":\"ImageObject\",\"inLanguage\":\"fr-FR\",\"@id\":\"https:\/\/gozu.zone\/?product=pestilence-loeil-du-prophete#primaryimage\",\"url\":\"https:\/\/gozu.zone\/wp-content\/uploads\/2019\/04\/pestilence-l-oeil-du-prophete.jpg\",\"contentUrl\":\"https:\/\/gozu.zone\/wp-content\/uploads\/2019\/04\/pestilence-l-oeil-du-prophete.jpg\",\"width\":480,\"height\":480},{\"@type\":\"BreadcrumbList\",\"@id\":\"https:\/\/gozu.zone\/?product=pestilence-loeil-du-prophete#breadcrumb\",\"itemListElement\":[{\"@type\":\"ListItem\",\"position\":1,\"name\":\"Accueil\",\"item\":\"https:\/\/gozu.zone\/\"},{\"@type\":\"ListItem\",\"position\":2,\"name\":\"BOUTIQUE\",\"item\":\"https:\/\/gozu.zone\/?page_id=308\"},{\"@type\":\"ListItem\",\"position\":3,\"name\":\"Pestilence &#8211; T.1 &#8211; L&rsquo;Oeil du proph\u00e8te\"}]},{\"@type\":\"WebSite\",\"@id\":\"https:\/\/gozu.zone\/#website\",\"url\":\"https:\/\/gozu.zone\/\",\"name\":\"GOZU ZONE\",\"description\":\"Toujours plus pour vos jeux\",\"potentialAction\":[{\"@type\":\"SearchAction\",\"target\":{\"@type\":\"EntryPoint\",\"urlTemplate\":\"https:\/\/gozu.zone\/?s={search_term_string}\"},\"query-input\":{\"@type\":\"PropertyValueSpecification\",\"valueRequired\":true,\"valueName\":\"search_term_string\"}}],\"inLanguage\":\"fr-FR\"}]}<\/script>\n<!-- \/ Yoast SEO plugin. -->","yoast_head_json":{"title":"Acheter Pestilence - T.1 - L'Oeil du proph\u00e8te - GOZU ZONE - Jeux et Accessoires","robots":{"index":"index","follow":"follow","max-snippet":"max-snippet:-1","max-image-preview":"max-image-preview:large","max-video-preview":"max-video-preview:-1"},"canonical":"https:\/\/gozu.zone\/?product=pestilence-loeil-du-prophete","og_locale":"fr_FR","og_type":"article","og_title":"Acheter Pestilence - T.1 - L'Oeil du proph\u00e8te - GOZU ZONE - Jeux et Accessoires","og_description":"Pestilence - L'Oeil du Proph\u00e8te, livre premier. Livre de 136 pages \u00e0 couverture souple -\u00a0N&amp;B","og_url":"https:\/\/gozu.zone\/?product=pestilence-loeil-du-prophete","og_site_name":"GOZU ZONE","article_publisher":"https:\/\/www.facebook.com\/gozuzone\/","article_modified_time":"2019-04-13T09:29:49+00:00","og_image":[{"width":480,"height":480,"url":"https:\/\/gozu.zone\/wp-content\/uploads\/2019\/04\/pestilence-l-oeil-du-prophete.jpg","type":"image\/jpeg"}],"twitter_card":"summary_large_image","twitter_site":"@gozuzone","schema":{"@context":"https:\/\/schema.org","@graph":[{"@type":"WebPage","@id":"https:\/\/gozu.zone\/?product=pestilence-loeil-du-prophete","url":"https:\/\/gozu.zone\/?product=pestilence-loeil-du-prophete","name":"Acheter Pestilence - T.1 - L'Oeil du proph\u00e8te - GOZU ZONE - Jeux et Accessoires","isPartOf":{"@id":"https:\/\/gozu.zone\/#website"},"primaryImageOfPage":{"@id":"https:\/\/gozu.zone\/?product=pestilence-loeil-du-prophete#primaryimage"},"image":{"@id":"https:\/\/gozu.zone\/?product=pestilence-loeil-du-prophete#primaryimage"},"thumbnailUrl":"https:\/\/gozu.zone\/wp-content\/uploads\/2019\/04\/pestilence-l-oeil-du-prophete.jpg","datePublished":"2019-04-13T09:11:01+00:00","dateModified":"2019-04-13T09:29:49+00:00","breadcrumb":{"@id":"https:\/\/gozu.zone\/?product=pestilence-loeil-du-prophete#breadcrumb"},"inLanguage":"fr-FR","potentialAction":[{"@type":"ReadAction","target":["https:\/\/gozu.zone\/?product=pestilence-loeil-du-prophete"]}]},{"@type":"ImageObject","inLanguage":"fr-FR","@id":"https:\/\/gozu.zone\/?product=pestilence-loeil-du-prophete#primaryimage","url":"https:\/\/gozu.zone\/wp-content\/uploads\/2019\/04\/pestilence-l-oeil-du-prophete.jpg","contentUrl":"https:\/\/gozu.zone\/wp-content\/uploads\/2019\/04\/pestilence-l-oeil-du-prophete.jpg","width":480,"height":480},{"@type":"BreadcrumbList","@id":"https:\/\/gozu.zone\/?product=pestilence-loeil-du-prophete#breadcrumb","itemListElement":[{"@type":"ListItem","position":1,"name":"Accueil","item":"https:\/\/gozu.zone\/"},{"@type":"ListItem","position":2,"name":"BOUTIQUE","item":"https:\/\/gozu.zone\/?page_id=308"},{"@type":"ListItem","position":3,"name":"Pestilence &#8211; T.1 &#8211; L&rsquo;Oeil du proph\u00e8te"}]},{"@type":"WebSite","@id":"https:\/\/gozu.zone\/#website","url":"https:\/\/gozu.zone\/","name":"GOZU ZONE","description":"Toujours plus pour vos jeux","potentialAction":[{"@type":"SearchAction","target":{"@type":"EntryPoint","urlTemplate":"https:\/\/gozu.zone\/?s={search_term_string}"},"query-input":{"@type":"PropertyValueSpecification","valueRequired":true,"valueName":"search_term_string"}}],"inLanguage":"fr-FR"}]}},"_links":{"self":[{"href":"https:\/\/gozu.zone\/index.php?rest_route=\/wp\/v2\/product\/9501","targetHints":{"allow":["GET"]}}],"collection":[{"href":"https:\/\/gozu.zone\/index.php?rest_route=\/wp\/v2\/product"}],"about":[{"href":"https:\/\/gozu.zone\/index.php?rest_route=\/wp\/v2\/types\/product"}],"replies":[{"embeddable":true,"href":"https:\/\/gozu.zone\/index.php?rest_route=%2Fwp%2Fv2%2Fcomments&post=9501"}],"wp:featuredmedia":[{"embeddable":true,"href":"https:\/\/gozu.zone\/index.php?rest_route=\/wp\/v2\/media\/9505"}],"wp:attachment":[{"href":"https:\/\/gozu.zone\/index.php?rest_route=%2Fwp%2Fv2%2Fmedia&parent=9501"}],"wp:term":[{"taxonomy":"product_brand","embeddable":true,"href":"https:\/\/gozu.zone\/index.php?rest_route=%2Fwp%2Fv2%2Fproduct_brand&post=9501"},{"taxonomy":"product_cat","embeddable":true,"href":"https:\/\/gozu.zone\/index.php?rest_route=%2Fwp%2Fv2%2Fproduct_cat&post=9501"},{"taxonomy":"product_tag","embeddable":true,"href":"https:\/\/gozu.zone\/index.php?rest_route=%2Fwp%2Fv2%2Fproduct_tag&post=9501"}],"curies":[{"name":"wp","href":"https:\/\/api.w.org\/{rel}","templated":true}]}}