{"id":9514,"date":"2019-04-14T18:19:17","date_gmt":"2019-04-14T18:19:17","guid":{"rendered":"https:\/\/gozu.zone\/?post_type=product&#038;p=9514"},"modified":"2025-03-23T15:45:39","modified_gmt":"2025-03-23T15:45:39","slug":"brains-avec-le-sourire","status":"publish","type":"product","link":"https:\/\/gozu.zone\/?product=brains-avec-le-sourire","title":{"rendered":"BRAINS &#8211; Avec le sourire"},"content":{"rendered":"\n<p> Retrouvez l\u2019esprit des casse-t\u00eates de Brains dans l\u2019univers d\u00e9jant\u00e9 des \u00e9motic\u00f4nes avec des r\u00e8gles renouvel\u00e9es ! Seule une seule combinaison permet de faire sourire tous les visages ! Seul ou \u00e0 plusieurs, r\u00e9solvez ces \u00e9nigmes sur 5 niveaux de difficult\u00e9 et trouvez l\u2019agencement parfait pour rendre le sourire \u00e0 tous les smileys tristes ! <\/p>\n\n\n\n<h2 class=\"wp-block-heading\"> Aper\u00e7u de la gamme Brains <\/h2>\n\n\n\n<figure class=\"wp-block-embed-youtube wp-block-embed is-type-video is-provider-youtube wp-embed-aspect-16-9 wp-has-aspect-ratio\"><div class=\"wp-block-embed__wrapper\">\n<iframe loading=\"lazy\" title=\"LudoChrono - Brains\" width=\"1020\" height=\"574\" src=\"https:\/\/www.youtube.com\/embed\/ZFiLpYwckNg?feature=oembed\" frameborder=\"0\" allow=\"accelerometer; autoplay; clipboard-write; encrypted-media; gyroscope; picture-in-picture; web-share\" referrerpolicy=\"strict-origin-when-cross-origin\" allowfullscreen><\/iframe>\n<\/div><\/figure>\n\n\n\n<p><strong>Contenu du jeu&nbsp;:<\/strong><\/p>\n\n\n\n<ul class=\"wp-block-list\"><li>25 Supports de jeu Recto Verso<\/li><li>28 Jetons (20 smileys heureux, 8 smileys tristes) <\/li><li>6 Pions <\/li><li>1 Livret de r\u00e8gles et indices<\/li><li> 1 Livret de solutions <\/li><\/ul>\n\n\n\n<p><\/p>\n","protected":false},"excerpt":{"rendered":"Retrouvez l\u2019esprit des casse-t\u00eates de Brains dans l\u2019univers d\u00e9jant\u00e9 des \u00e9motic\u00f4nes avec des r\u00e8gles renouvel\u00e9es\n<ul>\n<li><b>\u00e2ge :<\/b> 10 ans et +<\/li>\n<li><b>dur\u00e9e :<\/b> 5 - 20 min<\/li>\n<li><b>nb joueurs:<\/b> 1<\/li>\n<\/ul>\n<p><span style=\"color: #ff0000;\"><b><\/b><\/span><\/p>\n","protected":false},"featured_media":9515,"comment_status":"open","ping_status":"closed","template":"","meta":{"_acf_changed":false},"product_brand":[],"product_cat":[323],"product_tag":[741],"class_list":{"0":"post-9514","1":"product","2":"type-product","3":"status-publish","4":"has-post-thumbnail","6":"product_cat-jeux","7":"product_tag-casse-tete","8":"product_shipping_class-livraisonstandard_colis","10":"first","11":"instock","12":"taxable","13":"shipping-taxable","14":"purchasable","15":"product-type-simple"},"acf":[],"yoast_head":"<!-- This site is optimized with the Yoast SEO plugin v25.3 - https:\/\/yoast.com\/wordpress\/plugins\/seo\/ -->\n<title>Acheter BRAINS - Avec le sourire - GOZU ZONE - Jeux et Accessoires<\/title>\n<meta name=\"robots\" content=\"index, follow, max-snippet:-1, max-image-preview:large, max-video-preview:-1\" \/>\n<link rel=\"canonical\" href=\"https:\/\/gozu.zone\/?product=brains-avec-le-sourire\" \/>\n<meta property=\"og:locale\" content=\"fr_FR\" \/>\n<meta property=\"og:type\" content=\"article\" \/>\n<meta property=\"og:title\" content=\"Acheter BRAINS - Avec le sourire - GOZU ZONE - Jeux et Accessoires\" \/>\n<meta property=\"og:description\" content=\"\u00e2ge :  dur\u00e9e :  nb joueurs:\" \/>\n<meta property=\"og:url\" content=\"https:\/\/gozu.zone\/?product=brains-avec-le-sourire\" \/>\n<meta property=\"og:site_name\" content=\"GOZU ZONE\" \/>\n<meta property=\"article:publisher\" content=\"https:\/\/www.facebook.com\/gozuzone\/\" \/>\n<meta property=\"article:modified_time\" content=\"2025-03-23T15:45:39+00:00\" \/>\n<meta property=\"og:image\" content=\"https:\/\/gozu.zone\/wp-content\/uploads\/2019\/04\/brains-avec-le-sourire.jpg\" \/>\n\t<meta property=\"og:image:width\" content=\"620\" \/>\n\t<meta property=\"og:image:height\" content=\"620\" \/>\n\t<meta property=\"og:image:type\" content=\"image\/jpeg\" \/>\n<meta name=\"twitter:card\" content=\"summary_large_image\" \/>\n<meta name=\"twitter:site\" content=\"@gozuzone\" \/>\n<script type=\"application\/ld+json\" class=\"yoast-schema-graph\">{\"@context\":\"https:\/\/schema.org\",\"@graph\":[{\"@type\":\"WebPage\",\"@id\":\"https:\/\/gozu.zone\/?product=brains-avec-le-sourire\",\"url\":\"https:\/\/gozu.zone\/?product=brains-avec-le-sourire\",\"name\":\"Acheter BRAINS - Avec le sourire - GOZU ZONE - Jeux et Accessoires\",\"isPartOf\":{\"@id\":\"https:\/\/gozu.zone\/#website\"},\"primaryImageOfPage\":{\"@id\":\"https:\/\/gozu.zone\/?product=brains-avec-le-sourire#primaryimage\"},\"image\":{\"@id\":\"https:\/\/gozu.zone\/?product=brains-avec-le-sourire#primaryimage\"},\"thumbnailUrl\":\"https:\/\/gozu.zone\/wp-content\/uploads\/2019\/04\/brains-avec-le-sourire.jpg\",\"datePublished\":\"2019-04-14T18:19:17+00:00\",\"dateModified\":\"2025-03-23T15:45:39+00:00\",\"breadcrumb\":{\"@id\":\"https:\/\/gozu.zone\/?product=brains-avec-le-sourire#breadcrumb\"},\"inLanguage\":\"fr-FR\",\"potentialAction\":[{\"@type\":\"ReadAction\",\"target\":[\"https:\/\/gozu.zone\/?product=brains-avec-le-sourire\"]}]},{\"@type\":\"ImageObject\",\"inLanguage\":\"fr-FR\",\"@id\":\"https:\/\/gozu.zone\/?product=brains-avec-le-sourire#primaryimage\",\"url\":\"https:\/\/gozu.zone\/wp-content\/uploads\/2019\/04\/brains-avec-le-sourire.jpg\",\"contentUrl\":\"https:\/\/gozu.zone\/wp-content\/uploads\/2019\/04\/brains-avec-le-sourire.jpg\",\"width\":620,\"height\":620},{\"@type\":\"BreadcrumbList\",\"@id\":\"https:\/\/gozu.zone\/?product=brains-avec-le-sourire#breadcrumb\",\"itemListElement\":[{\"@type\":\"ListItem\",\"position\":1,\"name\":\"Accueil\",\"item\":\"https:\/\/gozu.zone\/\"},{\"@type\":\"ListItem\",\"position\":2,\"name\":\"BOUTIQUE\",\"item\":\"https:\/\/gozu.zone\/?page_id=308\"},{\"@type\":\"ListItem\",\"position\":3,\"name\":\"BRAINS &#8211; Avec le sourire\"}]},{\"@type\":\"WebSite\",\"@id\":\"https:\/\/gozu.zone\/#website\",\"url\":\"https:\/\/gozu.zone\/\",\"name\":\"GOZU ZONE\",\"description\":\"Toujours plus pour vos jeux\",\"potentialAction\":[{\"@type\":\"SearchAction\",\"target\":{\"@type\":\"EntryPoint\",\"urlTemplate\":\"https:\/\/gozu.zone\/?s={search_term_string}\"},\"query-input\":{\"@type\":\"PropertyValueSpecification\",\"valueRequired\":true,\"valueName\":\"search_term_string\"}}],\"inLanguage\":\"fr-FR\"}]}<\/script>\n<!-- \/ Yoast SEO plugin. -->","yoast_head_json":{"title":"Acheter BRAINS - Avec le sourire - GOZU ZONE - Jeux et Accessoires","robots":{"index":"index","follow":"follow","max-snippet":"max-snippet:-1","max-image-preview":"max-image-preview:large","max-video-preview":"max-video-preview:-1"},"canonical":"https:\/\/gozu.zone\/?product=brains-avec-le-sourire","og_locale":"fr_FR","og_type":"article","og_title":"Acheter BRAINS - Avec le sourire - GOZU ZONE - Jeux et Accessoires","og_description":"\u00e2ge :  dur\u00e9e :  nb joueurs:","og_url":"https:\/\/gozu.zone\/?product=brains-avec-le-sourire","og_site_name":"GOZU ZONE","article_publisher":"https:\/\/www.facebook.com\/gozuzone\/","article_modified_time":"2025-03-23T15:45:39+00:00","og_image":[{"width":620,"height":620,"url":"https:\/\/gozu.zone\/wp-content\/uploads\/2019\/04\/brains-avec-le-sourire.jpg","type":"image\/jpeg"}],"twitter_card":"summary_large_image","twitter_site":"@gozuzone","schema":{"@context":"https:\/\/schema.org","@graph":[{"@type":"WebPage","@id":"https:\/\/gozu.zone\/?product=brains-avec-le-sourire","url":"https:\/\/gozu.zone\/?product=brains-avec-le-sourire","name":"Acheter BRAINS - Avec le sourire - GOZU ZONE - Jeux et Accessoires","isPartOf":{"@id":"https:\/\/gozu.zone\/#website"},"primaryImageOfPage":{"@id":"https:\/\/gozu.zone\/?product=brains-avec-le-sourire#primaryimage"},"image":{"@id":"https:\/\/gozu.zone\/?product=brains-avec-le-sourire#primaryimage"},"thumbnailUrl":"https:\/\/gozu.zone\/wp-content\/uploads\/2019\/04\/brains-avec-le-sourire.jpg","datePublished":"2019-04-14T18:19:17+00:00","dateModified":"2025-03-23T15:45:39+00:00","breadcrumb":{"@id":"https:\/\/gozu.zone\/?product=brains-avec-le-sourire#breadcrumb"},"inLanguage":"fr-FR","potentialAction":[{"@type":"ReadAction","target":["https:\/\/gozu.zone\/?product=brains-avec-le-sourire"]}]},{"@type":"ImageObject","inLanguage":"fr-FR","@id":"https:\/\/gozu.zone\/?product=brains-avec-le-sourire#primaryimage","url":"https:\/\/gozu.zone\/wp-content\/uploads\/2019\/04\/brains-avec-le-sourire.jpg","contentUrl":"https:\/\/gozu.zone\/wp-content\/uploads\/2019\/04\/brains-avec-le-sourire.jpg","width":620,"height":620},{"@type":"BreadcrumbList","@id":"https:\/\/gozu.zone\/?product=brains-avec-le-sourire#breadcrumb","itemListElement":[{"@type":"ListItem","position":1,"name":"Accueil","item":"https:\/\/gozu.zone\/"},{"@type":"ListItem","position":2,"name":"BOUTIQUE","item":"https:\/\/gozu.zone\/?page_id=308"},{"@type":"ListItem","position":3,"name":"BRAINS &#8211; Avec le sourire"}]},{"@type":"WebSite","@id":"https:\/\/gozu.zone\/#website","url":"https:\/\/gozu.zone\/","name":"GOZU ZONE","description":"Toujours plus pour vos jeux","potentialAction":[{"@type":"SearchAction","target":{"@type":"EntryPoint","urlTemplate":"https:\/\/gozu.zone\/?s={search_term_string}"},"query-input":{"@type":"PropertyValueSpecification","valueRequired":true,"valueName":"search_term_string"}}],"inLanguage":"fr-FR"}]}},"_links":{"self":[{"href":"https:\/\/gozu.zone\/index.php?rest_route=\/wp\/v2\/product\/9514","targetHints":{"allow":["GET"]}}],"collection":[{"href":"https:\/\/gozu.zone\/index.php?rest_route=\/wp\/v2\/product"}],"about":[{"href":"https:\/\/gozu.zone\/index.php?rest_route=\/wp\/v2\/types\/product"}],"replies":[{"embeddable":true,"href":"https:\/\/gozu.zone\/index.php?rest_route=%2Fwp%2Fv2%2Fcomments&post=9514"}],"wp:featuredmedia":[{"embeddable":true,"href":"https:\/\/gozu.zone\/index.php?rest_route=\/wp\/v2\/media\/9515"}],"wp:attachment":[{"href":"https:\/\/gozu.zone\/index.php?rest_route=%2Fwp%2Fv2%2Fmedia&parent=9514"}],"wp:term":[{"taxonomy":"product_brand","embeddable":true,"href":"https:\/\/gozu.zone\/index.php?rest_route=%2Fwp%2Fv2%2Fproduct_brand&post=9514"},{"taxonomy":"product_cat","embeddable":true,"href":"https:\/\/gozu.zone\/index.php?rest_route=%2Fwp%2Fv2%2Fproduct_cat&post=9514"},{"taxonomy":"product_tag","embeddable":true,"href":"https:\/\/gozu.zone\/index.php?rest_route=%2Fwp%2Fv2%2Fproduct_tag&post=9514"}],"curies":[{"name":"wp","href":"https:\/\/api.w.org\/{rel}","templated":true}]}}