{"id":9559,"date":"2019-04-25T18:56:47","date_gmt":"2019-04-25T18:56:47","guid":{"rendered":"https:\/\/gozu.zone\/?post_type=product&#038;p=9559"},"modified":"2019-04-25T19:08:19","modified_gmt":"2019-04-25T19:08:19","slug":"mega-5e-paradigme-livre-de-base","status":"publish","type":"product","link":"https:\/\/gozu.zone\/?product=mega-5e-paradigme-livre-de-base","title":{"rendered":"MEGA 5E PARADIGME &#8211; Livre De Base"},"content":{"rendered":"\n<p> Jeu de r\u00f4le embl\u00e9matique de toute une g\u00e9n\u00e9ration, <strong>MEGA <\/strong>propose, avec cette 5e \u00e9dition, des r\u00e8gles revisit\u00e9es et un background d\u00e9velopp\u00e9 et approfondi.&nbsp;L\u2019occasion pour les nostalgiques ou les nouveaux joueurs, d\u2019incarner des <strong>ME<\/strong>ssagers <strong>GA<\/strong>lactiques, dot\u00e9s capacit\u00e9s hors normes leur permettant de se d\u00e9placer d\u2019un univers \u00e0 un autre. <\/p>\n\n\n\n<p>N\u00e9 en 1984, suivi d\u2019une v2 en 1986 et d\u2019une v3 en 1992, en vacances depuis 2004 sous la forme d\u2019une version amateur en v4, MEGA revient dans son 5e paradigme, un titre de version qui traduit des bouleversements importants dans l\u2019univers du jeu\u2026<\/p>\n\n\n\n<p>Les r\u00e8gles, elles, conservent leurs caract\u00e9ristiques de type \u00ab simulationniste \u00bb. Le personnage est d\u00e9fini par des Traits et des Talents chiffr\u00e9s, mais aussi par ses comportements \u00ab fondamentaux \u00bb plus narratifs. Le syst\u00e8me fait d\u00e9sormais appel \u00e0 des d\u00e9s polyh\u00e9draux de 4 \u00e0 12 faces, pour une raison qui a du sens avec Mega\u2009: plus fascinants \u00e0 lancer et suscitant plus la curiosit\u00e9 que les d\u00e9s \u00e0 6 faces, ils participent \u00e0 la vocation s\u00e9culaire de MEGA : attirer l\u2019attention sur la table de JdR lors de d\u00e9mos, initiations et autres \u00e9v\u00e8nements publics hors du milieu r\u00f4liste\u2009!Au sommaire du livre de base :&nbsp;<\/p>\n\n\n\n<ul class=\"wp-block-list\"><li>Introduction au JdR et sc\u00e9nario tutoriel<\/li><li>Syst\u00e8me de R\u00e8gles<\/li><li>Background<\/li><li>Guide du MJ<\/li><li>Sc\u00e9narios<\/li><li>Aides de jeu et fiches de personnage<\/li><\/ul>\n","protected":false},"excerpt":{"rendered":"<p>Jeu de r\u00f4le embl\u00e9matique de toute une g\u00e9n\u00e9ration, MEGA propose, avec cette 5e \u00e9dition, des r\u00e8gles revisit\u00e9es et un background d\u00e9velopp\u00e9 et approfondi.<\/p>\n","protected":false},"featured_media":9560,"comment_status":"open","ping_status":"closed","template":"","meta":{"_acf_changed":false},"product_brand":[],"product_cat":[730,323,724,740],"product_tag":[],"class_list":{"0":"post-9559","1":"product","2":"type-product","3":"status-publish","4":"has-post-thumbnail","6":"product_cat-futuriste-et-space-opera","7":"product_cat-jeux","8":"product_cat-jeux-de-role","9":"product_cat-mega-5e-paradigme","10":"product_shipping_class-livraisonstandard_colis","12":"first","13":"instock","14":"taxable","15":"shipping-taxable","16":"purchasable","17":"product-type-simple"},"acf":[],"yoast_head":"<!-- This site is optimized with the Yoast SEO plugin v25.3 - https:\/\/yoast.com\/wordpress\/plugins\/seo\/ -->\n<title>Acheter MEGA 5E PARADIGME - Livre De Base - GOZU ZONE - Jeux et Accessoires<\/title>\n<meta name=\"robots\" content=\"index, follow, max-snippet:-1, max-image-preview:large, max-video-preview:-1\" \/>\n<link rel=\"canonical\" href=\"https:\/\/gozu.zone\/?product=mega-5e-paradigme-livre-de-base\" \/>\n<meta property=\"og:locale\" content=\"fr_FR\" \/>\n<meta property=\"og:type\" content=\"article\" \/>\n<meta property=\"og:title\" content=\"Acheter MEGA 5E PARADIGME - Livre De Base - GOZU ZONE - Jeux et Accessoires\" \/>\n<meta property=\"og:description\" content=\"Jeu de r\u00f4le embl\u00e9matique de toute une g\u00e9n\u00e9ration, MEGA propose, avec cette 5e \u00e9dition, des r\u00e8gles revisit\u00e9es et un background d\u00e9velopp\u00e9 et approfondi.\" \/>\n<meta property=\"og:url\" content=\"https:\/\/gozu.zone\/?product=mega-5e-paradigme-livre-de-base\" \/>\n<meta property=\"og:site_name\" content=\"GOZU ZONE\" \/>\n<meta property=\"article:publisher\" content=\"https:\/\/www.facebook.com\/gozuzone\/\" \/>\n<meta property=\"article:modified_time\" content=\"2019-04-25T19:08:19+00:00\" \/>\n<meta property=\"og:image\" content=\"https:\/\/gozu.zone\/wp-content\/uploads\/2019\/04\/mega-5e-paradigme-livre-de-base.jpg\" \/>\n\t<meta property=\"og:image:width\" content=\"640\" \/>\n\t<meta property=\"og:image:height\" content=\"640\" \/>\n\t<meta property=\"og:image:type\" content=\"image\/jpeg\" \/>\n<meta name=\"twitter:card\" content=\"summary_large_image\" \/>\n<meta name=\"twitter:site\" content=\"@gozuzone\" \/>\n<meta name=\"twitter:label1\" content=\"Dur\u00e9e de lecture estim\u00e9e\" \/>\n\t<meta name=\"twitter:data1\" content=\"1 minute\" \/>\n<script type=\"application\/ld+json\" class=\"yoast-schema-graph\">{\"@context\":\"https:\/\/schema.org\",\"@graph\":[{\"@type\":\"WebPage\",\"@id\":\"https:\/\/gozu.zone\/?product=mega-5e-paradigme-livre-de-base\",\"url\":\"https:\/\/gozu.zone\/?product=mega-5e-paradigme-livre-de-base\",\"name\":\"Acheter MEGA 5E PARADIGME - Livre De Base - GOZU ZONE - Jeux et Accessoires\",\"isPartOf\":{\"@id\":\"https:\/\/gozu.zone\/#website\"},\"primaryImageOfPage\":{\"@id\":\"https:\/\/gozu.zone\/?product=mega-5e-paradigme-livre-de-base#primaryimage\"},\"image\":{\"@id\":\"https:\/\/gozu.zone\/?product=mega-5e-paradigme-livre-de-base#primaryimage\"},\"thumbnailUrl\":\"https:\/\/gozu.zone\/wp-content\/uploads\/2019\/04\/mega-5e-paradigme-livre-de-base.jpg\",\"datePublished\":\"2019-04-25T18:56:47+00:00\",\"dateModified\":\"2019-04-25T19:08:19+00:00\",\"breadcrumb\":{\"@id\":\"https:\/\/gozu.zone\/?product=mega-5e-paradigme-livre-de-base#breadcrumb\"},\"inLanguage\":\"fr-FR\",\"potentialAction\":[{\"@type\":\"ReadAction\",\"target\":[\"https:\/\/gozu.zone\/?product=mega-5e-paradigme-livre-de-base\"]}]},{\"@type\":\"ImageObject\",\"inLanguage\":\"fr-FR\",\"@id\":\"https:\/\/gozu.zone\/?product=mega-5e-paradigme-livre-de-base#primaryimage\",\"url\":\"https:\/\/gozu.zone\/wp-content\/uploads\/2019\/04\/mega-5e-paradigme-livre-de-base.jpg\",\"contentUrl\":\"https:\/\/gozu.zone\/wp-content\/uploads\/2019\/04\/mega-5e-paradigme-livre-de-base.jpg\",\"width\":640,\"height\":640},{\"@type\":\"BreadcrumbList\",\"@id\":\"https:\/\/gozu.zone\/?product=mega-5e-paradigme-livre-de-base#breadcrumb\",\"itemListElement\":[{\"@type\":\"ListItem\",\"position\":1,\"name\":\"Accueil\",\"item\":\"https:\/\/gozu.zone\/\"},{\"@type\":\"ListItem\",\"position\":2,\"name\":\"BOUTIQUE\",\"item\":\"https:\/\/gozu.zone\/?page_id=308\"},{\"@type\":\"ListItem\",\"position\":3,\"name\":\"MEGA 5E PARADIGME &#8211; Livre De Base\"}]},{\"@type\":\"WebSite\",\"@id\":\"https:\/\/gozu.zone\/#website\",\"url\":\"https:\/\/gozu.zone\/\",\"name\":\"GOZU ZONE\",\"description\":\"Toujours plus pour vos jeux\",\"potentialAction\":[{\"@type\":\"SearchAction\",\"target\":{\"@type\":\"EntryPoint\",\"urlTemplate\":\"https:\/\/gozu.zone\/?s={search_term_string}\"},\"query-input\":{\"@type\":\"PropertyValueSpecification\",\"valueRequired\":true,\"valueName\":\"search_term_string\"}}],\"inLanguage\":\"fr-FR\"}]}<\/script>\n<!-- \/ Yoast SEO plugin. -->","yoast_head_json":{"title":"Acheter MEGA 5E PARADIGME - Livre De Base - GOZU ZONE - Jeux et Accessoires","robots":{"index":"index","follow":"follow","max-snippet":"max-snippet:-1","max-image-preview":"max-image-preview:large","max-video-preview":"max-video-preview:-1"},"canonical":"https:\/\/gozu.zone\/?product=mega-5e-paradigme-livre-de-base","og_locale":"fr_FR","og_type":"article","og_title":"Acheter MEGA 5E PARADIGME - Livre De Base - GOZU ZONE - Jeux et Accessoires","og_description":"Jeu de r\u00f4le embl\u00e9matique de toute une g\u00e9n\u00e9ration, MEGA propose, avec cette 5e \u00e9dition, des r\u00e8gles revisit\u00e9es et un background d\u00e9velopp\u00e9 et approfondi.","og_url":"https:\/\/gozu.zone\/?product=mega-5e-paradigme-livre-de-base","og_site_name":"GOZU ZONE","article_publisher":"https:\/\/www.facebook.com\/gozuzone\/","article_modified_time":"2019-04-25T19:08:19+00:00","og_image":[{"width":640,"height":640,"url":"https:\/\/gozu.zone\/wp-content\/uploads\/2019\/04\/mega-5e-paradigme-livre-de-base.jpg","type":"image\/jpeg"}],"twitter_card":"summary_large_image","twitter_site":"@gozuzone","twitter_misc":{"Dur\u00e9e de lecture estim\u00e9e":"1 minute"},"schema":{"@context":"https:\/\/schema.org","@graph":[{"@type":"WebPage","@id":"https:\/\/gozu.zone\/?product=mega-5e-paradigme-livre-de-base","url":"https:\/\/gozu.zone\/?product=mega-5e-paradigme-livre-de-base","name":"Acheter MEGA 5E PARADIGME - Livre De Base - GOZU ZONE - Jeux et Accessoires","isPartOf":{"@id":"https:\/\/gozu.zone\/#website"},"primaryImageOfPage":{"@id":"https:\/\/gozu.zone\/?product=mega-5e-paradigme-livre-de-base#primaryimage"},"image":{"@id":"https:\/\/gozu.zone\/?product=mega-5e-paradigme-livre-de-base#primaryimage"},"thumbnailUrl":"https:\/\/gozu.zone\/wp-content\/uploads\/2019\/04\/mega-5e-paradigme-livre-de-base.jpg","datePublished":"2019-04-25T18:56:47+00:00","dateModified":"2019-04-25T19:08:19+00:00","breadcrumb":{"@id":"https:\/\/gozu.zone\/?product=mega-5e-paradigme-livre-de-base#breadcrumb"},"inLanguage":"fr-FR","potentialAction":[{"@type":"ReadAction","target":["https:\/\/gozu.zone\/?product=mega-5e-paradigme-livre-de-base"]}]},{"@type":"ImageObject","inLanguage":"fr-FR","@id":"https:\/\/gozu.zone\/?product=mega-5e-paradigme-livre-de-base#primaryimage","url":"https:\/\/gozu.zone\/wp-content\/uploads\/2019\/04\/mega-5e-paradigme-livre-de-base.jpg","contentUrl":"https:\/\/gozu.zone\/wp-content\/uploads\/2019\/04\/mega-5e-paradigme-livre-de-base.jpg","width":640,"height":640},{"@type":"BreadcrumbList","@id":"https:\/\/gozu.zone\/?product=mega-5e-paradigme-livre-de-base#breadcrumb","itemListElement":[{"@type":"ListItem","position":1,"name":"Accueil","item":"https:\/\/gozu.zone\/"},{"@type":"ListItem","position":2,"name":"BOUTIQUE","item":"https:\/\/gozu.zone\/?page_id=308"},{"@type":"ListItem","position":3,"name":"MEGA 5E PARADIGME &#8211; Livre De Base"}]},{"@type":"WebSite","@id":"https:\/\/gozu.zone\/#website","url":"https:\/\/gozu.zone\/","name":"GOZU ZONE","description":"Toujours plus pour vos jeux","potentialAction":[{"@type":"SearchAction","target":{"@type":"EntryPoint","urlTemplate":"https:\/\/gozu.zone\/?s={search_term_string}"},"query-input":{"@type":"PropertyValueSpecification","valueRequired":true,"valueName":"search_term_string"}}],"inLanguage":"fr-FR"}]}},"_links":{"self":[{"href":"https:\/\/gozu.zone\/index.php?rest_route=\/wp\/v2\/product\/9559","targetHints":{"allow":["GET"]}}],"collection":[{"href":"https:\/\/gozu.zone\/index.php?rest_route=\/wp\/v2\/product"}],"about":[{"href":"https:\/\/gozu.zone\/index.php?rest_route=\/wp\/v2\/types\/product"}],"replies":[{"embeddable":true,"href":"https:\/\/gozu.zone\/index.php?rest_route=%2Fwp%2Fv2%2Fcomments&post=9559"}],"wp:featuredmedia":[{"embeddable":true,"href":"https:\/\/gozu.zone\/index.php?rest_route=\/wp\/v2\/media\/9560"}],"wp:attachment":[{"href":"https:\/\/gozu.zone\/index.php?rest_route=%2Fwp%2Fv2%2Fmedia&parent=9559"}],"wp:term":[{"taxonomy":"product_brand","embeddable":true,"href":"https:\/\/gozu.zone\/index.php?rest_route=%2Fwp%2Fv2%2Fproduct_brand&post=9559"},{"taxonomy":"product_cat","embeddable":true,"href":"https:\/\/gozu.zone\/index.php?rest_route=%2Fwp%2Fv2%2Fproduct_cat&post=9559"},{"taxonomy":"product_tag","embeddable":true,"href":"https:\/\/gozu.zone\/index.php?rest_route=%2Fwp%2Fv2%2Fproduct_tag&post=9559"}],"curies":[{"name":"wp","href":"https:\/\/api.w.org\/{rel}","templated":true}]}}