{"id":9561,"date":"2019-04-25T19:04:58","date_gmt":"2019-04-25T19:04:58","guid":{"rendered":"https:\/\/gozu.zone\/?post_type=product&#038;p=9561"},"modified":"2019-04-25T19:07:59","modified_gmt":"2019-04-25T19:07:59","slug":"mega-5e-paradigme-ecran-et-scenario","status":"publish","type":"product","link":"https:\/\/gozu.zone\/?product=mega-5e-paradigme-ecran-et-scenario","title":{"rendered":"MEGA 5E PARADIGME &#8211; Ecran et Sc\u00e9nario"},"content":{"rendered":"\n<p> Accessoire traditionnel du meneur de jeu, l\u2019\u00e9cran 4 volets permettra \u00e0 celui-ci d\u2019avoir un acc\u00e8s direct \u00e0 des tables de r\u00e9solution et aides m\u00e9moire pour animer la partie et cacher les intrigues aux yeux des joueurs. Il est accompagn\u00e9 d\u2019un livret de sc\u00e9narios <\/p>\n","protected":false},"excerpt":{"rendered":"<p>Accessoire traditionnel du meneur de jeu, l\u2019\u00e9cran 4 volets permettra \u00e0 celui-ci d\u2019avoir un acc\u00e8s direct \u00e0 des tables de r\u00e9solution &#8230;<\/p>\n","protected":false},"featured_media":9562,"comment_status":"open","ping_status":"closed","template":"","meta":{"_acf_changed":false},"product_brand":[],"product_cat":[730,323,724,740],"product_tag":[],"class_list":{"0":"post-9561","1":"product","2":"type-product","3":"status-publish","4":"has-post-thumbnail","6":"product_cat-futuriste-et-space-opera","7":"product_cat-jeux","8":"product_cat-jeux-de-role","9":"product_cat-mega-5e-paradigme","10":"product_shipping_class-livraisonstandard_colis","12":"first","13":"instock","14":"taxable","15":"shipping-taxable","16":"purchasable","17":"product-type-simple"},"acf":[],"yoast_head":"<!-- This site is optimized with the Yoast SEO plugin v25.3 - https:\/\/yoast.com\/wordpress\/plugins\/seo\/ -->\n<title>Acheter MEGA 5E PARADIGME - Ecran et Sc\u00e9nario - GOZU ZONE - Jeux et Accessoires<\/title>\n<meta name=\"robots\" content=\"index, follow, max-snippet:-1, max-image-preview:large, max-video-preview:-1\" \/>\n<link rel=\"canonical\" href=\"https:\/\/gozu.zone\/?product=mega-5e-paradigme-ecran-et-scenario\" \/>\n<meta property=\"og:locale\" content=\"fr_FR\" \/>\n<meta property=\"og:type\" content=\"article\" \/>\n<meta property=\"og:title\" content=\"Acheter MEGA 5E PARADIGME - Ecran et Sc\u00e9nario - GOZU ZONE - Jeux et Accessoires\" \/>\n<meta property=\"og:description\" content=\"Accessoire traditionnel du meneur de jeu, l\u2019\u00e9cran 4 volets permettra \u00e0 celui-ci d\u2019avoir un acc\u00e8s direct \u00e0 des tables de r\u00e9solution ...\" \/>\n<meta property=\"og:url\" content=\"https:\/\/gozu.zone\/?product=mega-5e-paradigme-ecran-et-scenario\" \/>\n<meta property=\"og:site_name\" content=\"GOZU ZONE\" \/>\n<meta property=\"article:publisher\" content=\"https:\/\/www.facebook.com\/gozuzone\/\" \/>\n<meta property=\"article:modified_time\" content=\"2019-04-25T19:07:59+00:00\" \/>\n<meta property=\"og:image\" content=\"https:\/\/gozu.zone\/wp-content\/uploads\/2019\/04\/mega-5e-paradigme-ecranscenario.jpg\" \/>\n\t<meta property=\"og:image:width\" content=\"640\" \/>\n\t<meta property=\"og:image:height\" content=\"640\" \/>\n\t<meta property=\"og:image:type\" content=\"image\/jpeg\" \/>\n<meta name=\"twitter:card\" content=\"summary_large_image\" \/>\n<meta name=\"twitter:site\" content=\"@gozuzone\" \/>\n<script type=\"application\/ld+json\" class=\"yoast-schema-graph\">{\"@context\":\"https:\/\/schema.org\",\"@graph\":[{\"@type\":\"WebPage\",\"@id\":\"https:\/\/gozu.zone\/?product=mega-5e-paradigme-ecran-et-scenario\",\"url\":\"https:\/\/gozu.zone\/?product=mega-5e-paradigme-ecran-et-scenario\",\"name\":\"Acheter MEGA 5E PARADIGME - Ecran et Sc\u00e9nario - GOZU ZONE - Jeux et Accessoires\",\"isPartOf\":{\"@id\":\"https:\/\/gozu.zone\/#website\"},\"primaryImageOfPage\":{\"@id\":\"https:\/\/gozu.zone\/?product=mega-5e-paradigme-ecran-et-scenario#primaryimage\"},\"image\":{\"@id\":\"https:\/\/gozu.zone\/?product=mega-5e-paradigme-ecran-et-scenario#primaryimage\"},\"thumbnailUrl\":\"https:\/\/gozu.zone\/wp-content\/uploads\/2019\/04\/mega-5e-paradigme-ecranscenario.jpg\",\"datePublished\":\"2019-04-25T19:04:58+00:00\",\"dateModified\":\"2019-04-25T19:07:59+00:00\",\"breadcrumb\":{\"@id\":\"https:\/\/gozu.zone\/?product=mega-5e-paradigme-ecran-et-scenario#breadcrumb\"},\"inLanguage\":\"fr-FR\",\"potentialAction\":[{\"@type\":\"ReadAction\",\"target\":[\"https:\/\/gozu.zone\/?product=mega-5e-paradigme-ecran-et-scenario\"]}]},{\"@type\":\"ImageObject\",\"inLanguage\":\"fr-FR\",\"@id\":\"https:\/\/gozu.zone\/?product=mega-5e-paradigme-ecran-et-scenario#primaryimage\",\"url\":\"https:\/\/gozu.zone\/wp-content\/uploads\/2019\/04\/mega-5e-paradigme-ecranscenario.jpg\",\"contentUrl\":\"https:\/\/gozu.zone\/wp-content\/uploads\/2019\/04\/mega-5e-paradigme-ecranscenario.jpg\",\"width\":640,\"height\":640},{\"@type\":\"BreadcrumbList\",\"@id\":\"https:\/\/gozu.zone\/?product=mega-5e-paradigme-ecran-et-scenario#breadcrumb\",\"itemListElement\":[{\"@type\":\"ListItem\",\"position\":1,\"name\":\"Accueil\",\"item\":\"https:\/\/gozu.zone\/\"},{\"@type\":\"ListItem\",\"position\":2,\"name\":\"BOUTIQUE\",\"item\":\"https:\/\/gozu.zone\/?page_id=308\"},{\"@type\":\"ListItem\",\"position\":3,\"name\":\"MEGA 5E PARADIGME &#8211; Ecran et Sc\u00e9nario\"}]},{\"@type\":\"WebSite\",\"@id\":\"https:\/\/gozu.zone\/#website\",\"url\":\"https:\/\/gozu.zone\/\",\"name\":\"GOZU ZONE\",\"description\":\"Toujours plus pour vos jeux\",\"potentialAction\":[{\"@type\":\"SearchAction\",\"target\":{\"@type\":\"EntryPoint\",\"urlTemplate\":\"https:\/\/gozu.zone\/?s={search_term_string}\"},\"query-input\":{\"@type\":\"PropertyValueSpecification\",\"valueRequired\":true,\"valueName\":\"search_term_string\"}}],\"inLanguage\":\"fr-FR\"}]}<\/script>\n<!-- \/ Yoast SEO plugin. -->","yoast_head_json":{"title":"Acheter MEGA 5E PARADIGME - Ecran et Sc\u00e9nario - GOZU ZONE - Jeux et Accessoires","robots":{"index":"index","follow":"follow","max-snippet":"max-snippet:-1","max-image-preview":"max-image-preview:large","max-video-preview":"max-video-preview:-1"},"canonical":"https:\/\/gozu.zone\/?product=mega-5e-paradigme-ecran-et-scenario","og_locale":"fr_FR","og_type":"article","og_title":"Acheter MEGA 5E PARADIGME - Ecran et Sc\u00e9nario - GOZU ZONE - Jeux et Accessoires","og_description":"Accessoire traditionnel du meneur de jeu, l\u2019\u00e9cran 4 volets permettra \u00e0 celui-ci d\u2019avoir un acc\u00e8s direct \u00e0 des tables de r\u00e9solution ...","og_url":"https:\/\/gozu.zone\/?product=mega-5e-paradigme-ecran-et-scenario","og_site_name":"GOZU ZONE","article_publisher":"https:\/\/www.facebook.com\/gozuzone\/","article_modified_time":"2019-04-25T19:07:59+00:00","og_image":[{"width":640,"height":640,"url":"https:\/\/gozu.zone\/wp-content\/uploads\/2019\/04\/mega-5e-paradigme-ecranscenario.jpg","type":"image\/jpeg"}],"twitter_card":"summary_large_image","twitter_site":"@gozuzone","schema":{"@context":"https:\/\/schema.org","@graph":[{"@type":"WebPage","@id":"https:\/\/gozu.zone\/?product=mega-5e-paradigme-ecran-et-scenario","url":"https:\/\/gozu.zone\/?product=mega-5e-paradigme-ecran-et-scenario","name":"Acheter MEGA 5E PARADIGME - Ecran et Sc\u00e9nario - GOZU ZONE - Jeux et Accessoires","isPartOf":{"@id":"https:\/\/gozu.zone\/#website"},"primaryImageOfPage":{"@id":"https:\/\/gozu.zone\/?product=mega-5e-paradigme-ecran-et-scenario#primaryimage"},"image":{"@id":"https:\/\/gozu.zone\/?product=mega-5e-paradigme-ecran-et-scenario#primaryimage"},"thumbnailUrl":"https:\/\/gozu.zone\/wp-content\/uploads\/2019\/04\/mega-5e-paradigme-ecranscenario.jpg","datePublished":"2019-04-25T19:04:58+00:00","dateModified":"2019-04-25T19:07:59+00:00","breadcrumb":{"@id":"https:\/\/gozu.zone\/?product=mega-5e-paradigme-ecran-et-scenario#breadcrumb"},"inLanguage":"fr-FR","potentialAction":[{"@type":"ReadAction","target":["https:\/\/gozu.zone\/?product=mega-5e-paradigme-ecran-et-scenario"]}]},{"@type":"ImageObject","inLanguage":"fr-FR","@id":"https:\/\/gozu.zone\/?product=mega-5e-paradigme-ecran-et-scenario#primaryimage","url":"https:\/\/gozu.zone\/wp-content\/uploads\/2019\/04\/mega-5e-paradigme-ecranscenario.jpg","contentUrl":"https:\/\/gozu.zone\/wp-content\/uploads\/2019\/04\/mega-5e-paradigme-ecranscenario.jpg","width":640,"height":640},{"@type":"BreadcrumbList","@id":"https:\/\/gozu.zone\/?product=mega-5e-paradigme-ecran-et-scenario#breadcrumb","itemListElement":[{"@type":"ListItem","position":1,"name":"Accueil","item":"https:\/\/gozu.zone\/"},{"@type":"ListItem","position":2,"name":"BOUTIQUE","item":"https:\/\/gozu.zone\/?page_id=308"},{"@type":"ListItem","position":3,"name":"MEGA 5E PARADIGME &#8211; Ecran et Sc\u00e9nario"}]},{"@type":"WebSite","@id":"https:\/\/gozu.zone\/#website","url":"https:\/\/gozu.zone\/","name":"GOZU ZONE","description":"Toujours plus pour vos jeux","potentialAction":[{"@type":"SearchAction","target":{"@type":"EntryPoint","urlTemplate":"https:\/\/gozu.zone\/?s={search_term_string}"},"query-input":{"@type":"PropertyValueSpecification","valueRequired":true,"valueName":"search_term_string"}}],"inLanguage":"fr-FR"}]}},"_links":{"self":[{"href":"https:\/\/gozu.zone\/index.php?rest_route=\/wp\/v2\/product\/9561","targetHints":{"allow":["GET"]}}],"collection":[{"href":"https:\/\/gozu.zone\/index.php?rest_route=\/wp\/v2\/product"}],"about":[{"href":"https:\/\/gozu.zone\/index.php?rest_route=\/wp\/v2\/types\/product"}],"replies":[{"embeddable":true,"href":"https:\/\/gozu.zone\/index.php?rest_route=%2Fwp%2Fv2%2Fcomments&post=9561"}],"wp:featuredmedia":[{"embeddable":true,"href":"https:\/\/gozu.zone\/index.php?rest_route=\/wp\/v2\/media\/9562"}],"wp:attachment":[{"href":"https:\/\/gozu.zone\/index.php?rest_route=%2Fwp%2Fv2%2Fmedia&parent=9561"}],"wp:term":[{"taxonomy":"product_brand","embeddable":true,"href":"https:\/\/gozu.zone\/index.php?rest_route=%2Fwp%2Fv2%2Fproduct_brand&post=9561"},{"taxonomy":"product_cat","embeddable":true,"href":"https:\/\/gozu.zone\/index.php?rest_route=%2Fwp%2Fv2%2Fproduct_cat&post=9561"},{"taxonomy":"product_tag","embeddable":true,"href":"https:\/\/gozu.zone\/index.php?rest_route=%2Fwp%2Fv2%2Fproduct_tag&post=9561"}],"curies":[{"name":"wp","href":"https:\/\/api.w.org\/{rel}","templated":true}]}}