{"id":9599,"date":"2019-04-27T17:04:43","date_gmt":"2019-04-27T17:04:43","guid":{"rendered":"https:\/\/gozu.zone\/?product=import-placeholder-for-ffgswz30"},"modified":"2025-05-16T12:18:54","modified_gmt":"2025-05-16T12:18:54","slug":"x-wing-2-0-infiltrateur-sith","status":"publish","type":"product","link":"https:\/\/gozu.zone\/?product=x-wing-2-0-infiltrateur-sith","title":{"rendered":"X-Wing 2.0 &#8211; Infiltrateur Sith"},"content":{"rendered":"<p>Renouvelez et intensifiez vos parties de\u00a0<strong><em>Star Wars : X-Wing<\/em><\/strong>\u00a0!<\/p>\n<p>L\u2019<strong>Infiltrateur Sith<\/strong> projette une ombre mena\u00e7ante lorsqu\u2019il fend les cieux. Il emporte avec lui les agents de l\u2019inf\u00e2me Dark Sidious et gr\u00e2ce \u00e0 son syst\u00e8me exp\u00e9rimental d\u2019occultation, \u00e0 sa puissance de feu d\u00e9vastatrice et \u00e0 sa technologie avanc\u00e9e, il peut r\u00e9aliser de terribles frappes chirurgicales avant de dispara\u00eetre dans les t\u00e9n\u00e8bres du vide intersid\u00e9ral.<\/p>\n<p>Ce paquet inclut tout ce dont vous avez besoin pour ajouter 1 vaisseau <strong>Infiltrateur Sith<\/strong> \u00e0 vos parties.<\/p>\n<div><\/div>\n<h3 class=\"color_grey_medium capitalize bold\">CONTENU<\/h3>\n<ul>\n<li>26 cartes<\/li>\n<li>39 marqueurs<\/li>\n<li>1 cadran de man\u0153uvres<\/li>\n<li>1 vaisseau en plastique peint avec socle et fixations.<\/li>\n<\/ul>\n","protected":false},"excerpt":{"rendered":"Renouvelez et intensifiez vos parties de Star Wars : X-Wing !\n<ul>\n<li><b>\u00e2ge :<\/b> 10 ans et +<\/li>\n<li><b>dur\u00e9e :<\/b> 30 \u00e0  60min<\/li>\n<li><b>nb joueurs:<\/b> 2<\/li>\n<\/ul>\n<p><span style=\"color: #ff0000;\"><b><\/b><\/span><\/p>\n","protected":false},"featured_media":9622,"comment_status":"open","ping_status":"closed","template":"","meta":{"_acf_changed":false},"product_brand":[],"product_cat":[324,327,323,495,494,333,701],"product_tag":[544,602,566],"class_list":{"0":"post-9599","1":"product","2":"type-product","3":"status-publish","4":"has-post-thumbnail","6":"product_cat-experts","7":"product_cat-extensions","8":"product_cat-jeux","9":"product_cat-jeux-de-figurines","10":"product_cat-jeux-de-societe","11":"product_cat-par-types","12":"product_cat-star-wars-x-wing-v2","13":"product_tag-figurines","14":"product_tag-programmation","15":"product_tag-science-fiction","16":"product_shipping_class-livraisonstandard_colis","18":"first","19":"outofstock","20":"sale","21":"taxable","22":"shipping-taxable","23":"purchasable","24":"product-type-simple"},"acf":[],"yoast_head":"<!-- This site is optimized with the Yoast SEO plugin v25.3 - https:\/\/yoast.com\/wordpress\/plugins\/seo\/ -->\n<title>Acheter X-Wing 2.0 - Infiltrateur Sith - GOZU ZONE - Jeux et Accessoires<\/title>\n<meta name=\"robots\" content=\"index, follow, max-snippet:-1, max-image-preview:large, max-video-preview:-1\" \/>\n<link rel=\"canonical\" href=\"https:\/\/gozu.zone\/?product=x-wing-2-0-infiltrateur-sith\" \/>\n<meta property=\"og:locale\" content=\"fr_FR\" \/>\n<meta property=\"og:type\" content=\"article\" \/>\n<meta property=\"og:title\" content=\"Acheter X-Wing 2.0 - Infiltrateur Sith - GOZU ZONE - Jeux et Accessoires\" \/>\n<meta property=\"og:description\" content=\"\u00e2ge :   dur\u00e9e :   nb joueurs:\" \/>\n<meta property=\"og:url\" content=\"https:\/\/gozu.zone\/?product=x-wing-2-0-infiltrateur-sith\" \/>\n<meta property=\"og:site_name\" content=\"GOZU ZONE\" \/>\n<meta property=\"article:publisher\" content=\"https:\/\/www.facebook.com\/gozuzone\/\" \/>\n<meta property=\"article:modified_time\" content=\"2025-05-16T12:18:54+00:00\" \/>\n<meta property=\"og:image\" content=\"https:\/\/gozu.zone\/wp-content\/uploads\/2019\/04\/FFGSWZ30.jpg\" \/>\n\t<meta property=\"og:image:width\" content=\"640\" \/>\n\t<meta property=\"og:image:height\" content=\"640\" \/>\n\t<meta property=\"og:image:type\" content=\"image\/jpeg\" \/>\n<meta name=\"twitter:card\" content=\"summary_large_image\" \/>\n<meta name=\"twitter:site\" content=\"@gozuzone\" \/>\n<meta name=\"twitter:label1\" content=\"Dur\u00e9e de lecture estim\u00e9e\" \/>\n\t<meta name=\"twitter:data1\" content=\"1 minute\" \/>\n<script type=\"application\/ld+json\" class=\"yoast-schema-graph\">{\"@context\":\"https:\/\/schema.org\",\"@graph\":[{\"@type\":\"WebPage\",\"@id\":\"https:\/\/gozu.zone\/?product=x-wing-2-0-infiltrateur-sith\",\"url\":\"https:\/\/gozu.zone\/?product=x-wing-2-0-infiltrateur-sith\",\"name\":\"Acheter X-Wing 2.0 - Infiltrateur Sith - GOZU ZONE - Jeux et Accessoires\",\"isPartOf\":{\"@id\":\"https:\/\/gozu.zone\/#website\"},\"primaryImageOfPage\":{\"@id\":\"https:\/\/gozu.zone\/?product=x-wing-2-0-infiltrateur-sith#primaryimage\"},\"image\":{\"@id\":\"https:\/\/gozu.zone\/?product=x-wing-2-0-infiltrateur-sith#primaryimage\"},\"thumbnailUrl\":\"https:\/\/gozu.zone\/wp-content\/uploads\/2019\/04\/FFGSWZ30.jpg\",\"datePublished\":\"2019-04-27T17:04:43+00:00\",\"dateModified\":\"2025-05-16T12:18:54+00:00\",\"breadcrumb\":{\"@id\":\"https:\/\/gozu.zone\/?product=x-wing-2-0-infiltrateur-sith#breadcrumb\"},\"inLanguage\":\"fr-FR\",\"potentialAction\":[{\"@type\":\"ReadAction\",\"target\":[\"https:\/\/gozu.zone\/?product=x-wing-2-0-infiltrateur-sith\"]}]},{\"@type\":\"ImageObject\",\"inLanguage\":\"fr-FR\",\"@id\":\"https:\/\/gozu.zone\/?product=x-wing-2-0-infiltrateur-sith#primaryimage\",\"url\":\"https:\/\/gozu.zone\/wp-content\/uploads\/2019\/04\/FFGSWZ30.jpg\",\"contentUrl\":\"https:\/\/gozu.zone\/wp-content\/uploads\/2019\/04\/FFGSWZ30.jpg\",\"width\":640,\"height\":640},{\"@type\":\"BreadcrumbList\",\"@id\":\"https:\/\/gozu.zone\/?product=x-wing-2-0-infiltrateur-sith#breadcrumb\",\"itemListElement\":[{\"@type\":\"ListItem\",\"position\":1,\"name\":\"Accueil\",\"item\":\"https:\/\/gozu.zone\/\"},{\"@type\":\"ListItem\",\"position\":2,\"name\":\"BOUTIQUE\",\"item\":\"https:\/\/gozu.zone\/?page_id=308\"},{\"@type\":\"ListItem\",\"position\":3,\"name\":\"X-Wing 2.0 &#8211; Infiltrateur Sith\"}]},{\"@type\":\"WebSite\",\"@id\":\"https:\/\/gozu.zone\/#website\",\"url\":\"https:\/\/gozu.zone\/\",\"name\":\"GOZU ZONE\",\"description\":\"Toujours plus pour vos jeux\",\"potentialAction\":[{\"@type\":\"SearchAction\",\"target\":{\"@type\":\"EntryPoint\",\"urlTemplate\":\"https:\/\/gozu.zone\/?s={search_term_string}\"},\"query-input\":{\"@type\":\"PropertyValueSpecification\",\"valueRequired\":true,\"valueName\":\"search_term_string\"}}],\"inLanguage\":\"fr-FR\"}]}<\/script>\n<!-- \/ Yoast SEO plugin. -->","yoast_head_json":{"title":"Acheter X-Wing 2.0 - Infiltrateur Sith - GOZU ZONE - Jeux et Accessoires","robots":{"index":"index","follow":"follow","max-snippet":"max-snippet:-1","max-image-preview":"max-image-preview:large","max-video-preview":"max-video-preview:-1"},"canonical":"https:\/\/gozu.zone\/?product=x-wing-2-0-infiltrateur-sith","og_locale":"fr_FR","og_type":"article","og_title":"Acheter X-Wing 2.0 - Infiltrateur Sith - GOZU ZONE - Jeux et Accessoires","og_description":"\u00e2ge :   dur\u00e9e :   nb joueurs:","og_url":"https:\/\/gozu.zone\/?product=x-wing-2-0-infiltrateur-sith","og_site_name":"GOZU ZONE","article_publisher":"https:\/\/www.facebook.com\/gozuzone\/","article_modified_time":"2025-05-16T12:18:54+00:00","og_image":[{"width":640,"height":640,"url":"https:\/\/gozu.zone\/wp-content\/uploads\/2019\/04\/FFGSWZ30.jpg","type":"image\/jpeg"}],"twitter_card":"summary_large_image","twitter_site":"@gozuzone","twitter_misc":{"Dur\u00e9e de lecture estim\u00e9e":"1 minute"},"schema":{"@context":"https:\/\/schema.org","@graph":[{"@type":"WebPage","@id":"https:\/\/gozu.zone\/?product=x-wing-2-0-infiltrateur-sith","url":"https:\/\/gozu.zone\/?product=x-wing-2-0-infiltrateur-sith","name":"Acheter X-Wing 2.0 - Infiltrateur Sith - GOZU ZONE - Jeux et Accessoires","isPartOf":{"@id":"https:\/\/gozu.zone\/#website"},"primaryImageOfPage":{"@id":"https:\/\/gozu.zone\/?product=x-wing-2-0-infiltrateur-sith#primaryimage"},"image":{"@id":"https:\/\/gozu.zone\/?product=x-wing-2-0-infiltrateur-sith#primaryimage"},"thumbnailUrl":"https:\/\/gozu.zone\/wp-content\/uploads\/2019\/04\/FFGSWZ30.jpg","datePublished":"2019-04-27T17:04:43+00:00","dateModified":"2025-05-16T12:18:54+00:00","breadcrumb":{"@id":"https:\/\/gozu.zone\/?product=x-wing-2-0-infiltrateur-sith#breadcrumb"},"inLanguage":"fr-FR","potentialAction":[{"@type":"ReadAction","target":["https:\/\/gozu.zone\/?product=x-wing-2-0-infiltrateur-sith"]}]},{"@type":"ImageObject","inLanguage":"fr-FR","@id":"https:\/\/gozu.zone\/?product=x-wing-2-0-infiltrateur-sith#primaryimage","url":"https:\/\/gozu.zone\/wp-content\/uploads\/2019\/04\/FFGSWZ30.jpg","contentUrl":"https:\/\/gozu.zone\/wp-content\/uploads\/2019\/04\/FFGSWZ30.jpg","width":640,"height":640},{"@type":"BreadcrumbList","@id":"https:\/\/gozu.zone\/?product=x-wing-2-0-infiltrateur-sith#breadcrumb","itemListElement":[{"@type":"ListItem","position":1,"name":"Accueil","item":"https:\/\/gozu.zone\/"},{"@type":"ListItem","position":2,"name":"BOUTIQUE","item":"https:\/\/gozu.zone\/?page_id=308"},{"@type":"ListItem","position":3,"name":"X-Wing 2.0 &#8211; Infiltrateur Sith"}]},{"@type":"WebSite","@id":"https:\/\/gozu.zone\/#website","url":"https:\/\/gozu.zone\/","name":"GOZU ZONE","description":"Toujours plus pour vos jeux","potentialAction":[{"@type":"SearchAction","target":{"@type":"EntryPoint","urlTemplate":"https:\/\/gozu.zone\/?s={search_term_string}"},"query-input":{"@type":"PropertyValueSpecification","valueRequired":true,"valueName":"search_term_string"}}],"inLanguage":"fr-FR"}]}},"_links":{"self":[{"href":"https:\/\/gozu.zone\/index.php?rest_route=\/wp\/v2\/product\/9599","targetHints":{"allow":["GET"]}}],"collection":[{"href":"https:\/\/gozu.zone\/index.php?rest_route=\/wp\/v2\/product"}],"about":[{"href":"https:\/\/gozu.zone\/index.php?rest_route=\/wp\/v2\/types\/product"}],"replies":[{"embeddable":true,"href":"https:\/\/gozu.zone\/index.php?rest_route=%2Fwp%2Fv2%2Fcomments&post=9599"}],"wp:featuredmedia":[{"embeddable":true,"href":"https:\/\/gozu.zone\/index.php?rest_route=\/wp\/v2\/media\/9622"}],"wp:attachment":[{"href":"https:\/\/gozu.zone\/index.php?rest_route=%2Fwp%2Fv2%2Fmedia&parent=9599"}],"wp:term":[{"taxonomy":"product_brand","embeddable":true,"href":"https:\/\/gozu.zone\/index.php?rest_route=%2Fwp%2Fv2%2Fproduct_brand&post=9599"},{"taxonomy":"product_cat","embeddable":true,"href":"https:\/\/gozu.zone\/index.php?rest_route=%2Fwp%2Fv2%2Fproduct_cat&post=9599"},{"taxonomy":"product_tag","embeddable":true,"href":"https:\/\/gozu.zone\/index.php?rest_route=%2Fwp%2Fv2%2Fproduct_tag&post=9599"}],"curies":[{"name":"wp","href":"https:\/\/api.w.org\/{rel}","templated":true}]}}