{"id":9615,"date":"2019-04-27T17:04:53","date_gmt":"2019-04-27T17:04:53","guid":{"rendered":"https:\/\/gozu.zone\/?product=vikings-gone-wild-masters-of-elements-vf"},"modified":"2019-04-27T19:19:19","modified_gmt":"2019-04-27T19:19:19","slug":"vikings-gone-wild-masters-of-elements-vf","status":"publish","type":"product","link":"https:\/\/gozu.zone\/?product=vikings-gone-wild-masters-of-elements-vf","title":{"rendered":"VIKINGS GONE WILD &#8211; Masters of Elements \u2013 VF"},"content":{"rendered":"<div>Au pays des Vikings, un nouveau type de guerrier a fait surface : Le druide !<\/div>\n<div>Ces individus myst\u00e9rieux sont capables de manipulations puissantes.<\/div>\n<div>Basant leur force sur des artefacts sacr\u00e9s, ils peuvent invoquer des cr\u00e9atures terrifiantes et les amener \u00e0 travailler pour eux.<\/div>\n<p>Cette extension am\u00e8ne un nouveau type de ressources, les \u00e9l\u00e9ments, ainsi que les cartes artefacts et se voit renforc\u00e9e de nouvelles cartes Unit\u00e9s et Voie d&rsquo; Odin.<\/p>\n<p>Elle offre un d\u00e9part asym\u00e9trique gr\u00e2ce un artefact choisi par Draft en d\u00e9but de partie, permettant d&rsquo;orienter sa strat\u00e9gie d\u00e8s le d\u00e9but du jeu.<\/p>\n<h3>CONTENU de\u00a0VIKINGS GONE WILD &#8211; Masters of Elements<\/h3>\n<ul>\n<li>160 Cartes<\/li>\n<li>66 Jetons<\/li>\n<li>5 Plateaux de jeu<\/li>\n<\/ul>\n","protected":false},"excerpt":{"rendered":"Au pays des Vikings, un nouveau type de guerrier a fait surface : Le druide !\n<ul>\n<li><b>\u00e2ge :<\/b> 10 ans et +<\/li>\n<li><b>dur\u00e9e :<\/b> 1 \u00e0 2h<\/li>\n<li><b>nb joueurs:<\/b> 2 \u00e0 4<\/li>\n<\/ul>\n<p><span style=\"color: #ff0000;\"><b><\/b><\/span><\/p>\n","protected":false},"featured_media":9636,"comment_status":"open","ping_status":"closed","template":"","meta":{"_acf_changed":false},"product_brand":[],"product_cat":[324,327,494,333],"product_tag":[485,486],"class_list":{"0":"post-9615","1":"product","2":"type-product","3":"status-publish","4":"has-post-thumbnail","6":"product_cat-experts","7":"product_cat-extensions","8":"product_cat-jeux-de-societe","9":"product_cat-par-types","10":"product_tag-deckbuilding","11":"product_tag-vikings","12":"product_shipping_class-livraisonstandard_colis","14":"first","15":"instock","16":"sale","17":"taxable","18":"shipping-taxable","19":"purchasable","20":"product-type-simple"},"acf":[],"yoast_head":"<!-- This site is optimized with the Yoast SEO plugin v25.3 - https:\/\/yoast.com\/wordpress\/plugins\/seo\/ -->\n<title>Acheter VIKINGS GONE WILD - Masters of Elements \u2013 VF - GOZU ZONE - Jeux et Accessoires<\/title>\n<meta name=\"robots\" content=\"index, follow, max-snippet:-1, max-image-preview:large, max-video-preview:-1\" \/>\n<link rel=\"canonical\" href=\"https:\/\/gozu.zone\/?product=vikings-gone-wild-masters-of-elements-vf\" \/>\n<meta property=\"og:locale\" content=\"fr_FR\" \/>\n<meta property=\"og:type\" content=\"article\" \/>\n<meta property=\"og:title\" content=\"Acheter VIKINGS GONE WILD - Masters of Elements \u2013 VF - GOZU ZONE - Jeux et Accessoires\" \/>\n<meta property=\"og:description\" content=\"\u00e2ge :   dur\u00e9e :   nb joueurs:\" \/>\n<meta property=\"og:url\" content=\"https:\/\/gozu.zone\/?product=vikings-gone-wild-masters-of-elements-vf\" \/>\n<meta property=\"og:site_name\" content=\"GOZU ZONE\" \/>\n<meta property=\"article:publisher\" content=\"https:\/\/www.facebook.com\/gozuzone\/\" \/>\n<meta property=\"article:modified_time\" content=\"2019-04-27T19:19:19+00:00\" \/>\n<meta property=\"og:image\" content=\"https:\/\/gozu.zone\/wp-content\/uploads\/2019\/04\/vikings-gone-wild-vf-masters-of-elements.jpg\" \/>\n\t<meta property=\"og:image:width\" content=\"640\" \/>\n\t<meta property=\"og:image:height\" content=\"640\" \/>\n\t<meta property=\"og:image:type\" content=\"image\/jpeg\" \/>\n<meta name=\"twitter:card\" content=\"summary_large_image\" \/>\n<meta name=\"twitter:site\" content=\"@gozuzone\" \/>\n<meta name=\"twitter:label1\" content=\"Dur\u00e9e de lecture estim\u00e9e\" \/>\n\t<meta name=\"twitter:data1\" content=\"1 minute\" \/>\n<script type=\"application\/ld+json\" class=\"yoast-schema-graph\">{\"@context\":\"https:\/\/schema.org\",\"@graph\":[{\"@type\":\"WebPage\",\"@id\":\"https:\/\/gozu.zone\/?product=vikings-gone-wild-masters-of-elements-vf\",\"url\":\"https:\/\/gozu.zone\/?product=vikings-gone-wild-masters-of-elements-vf\",\"name\":\"Acheter VIKINGS GONE WILD - Masters of Elements \u2013 VF - GOZU ZONE - Jeux et Accessoires\",\"isPartOf\":{\"@id\":\"https:\/\/gozu.zone\/#website\"},\"primaryImageOfPage\":{\"@id\":\"https:\/\/gozu.zone\/?product=vikings-gone-wild-masters-of-elements-vf#primaryimage\"},\"image\":{\"@id\":\"https:\/\/gozu.zone\/?product=vikings-gone-wild-masters-of-elements-vf#primaryimage\"},\"thumbnailUrl\":\"https:\/\/gozu.zone\/wp-content\/uploads\/2019\/04\/vikings-gone-wild-vf-masters-of-elements.jpg\",\"datePublished\":\"2019-04-27T17:04:53+00:00\",\"dateModified\":\"2019-04-27T19:19:19+00:00\",\"breadcrumb\":{\"@id\":\"https:\/\/gozu.zone\/?product=vikings-gone-wild-masters-of-elements-vf#breadcrumb\"},\"inLanguage\":\"fr-FR\",\"potentialAction\":[{\"@type\":\"ReadAction\",\"target\":[\"https:\/\/gozu.zone\/?product=vikings-gone-wild-masters-of-elements-vf\"]}]},{\"@type\":\"ImageObject\",\"inLanguage\":\"fr-FR\",\"@id\":\"https:\/\/gozu.zone\/?product=vikings-gone-wild-masters-of-elements-vf#primaryimage\",\"url\":\"https:\/\/gozu.zone\/wp-content\/uploads\/2019\/04\/vikings-gone-wild-vf-masters-of-elements.jpg\",\"contentUrl\":\"https:\/\/gozu.zone\/wp-content\/uploads\/2019\/04\/vikings-gone-wild-vf-masters-of-elements.jpg\",\"width\":640,\"height\":640},{\"@type\":\"BreadcrumbList\",\"@id\":\"https:\/\/gozu.zone\/?product=vikings-gone-wild-masters-of-elements-vf#breadcrumb\",\"itemListElement\":[{\"@type\":\"ListItem\",\"position\":1,\"name\":\"Accueil\",\"item\":\"https:\/\/gozu.zone\/\"},{\"@type\":\"ListItem\",\"position\":2,\"name\":\"BOUTIQUE\",\"item\":\"https:\/\/gozu.zone\/?page_id=308\"},{\"@type\":\"ListItem\",\"position\":3,\"name\":\"VIKINGS GONE WILD &#8211; Masters of Elements \u2013 VF\"}]},{\"@type\":\"WebSite\",\"@id\":\"https:\/\/gozu.zone\/#website\",\"url\":\"https:\/\/gozu.zone\/\",\"name\":\"GOZU ZONE\",\"description\":\"Toujours plus pour vos jeux\",\"potentialAction\":[{\"@type\":\"SearchAction\",\"target\":{\"@type\":\"EntryPoint\",\"urlTemplate\":\"https:\/\/gozu.zone\/?s={search_term_string}\"},\"query-input\":{\"@type\":\"PropertyValueSpecification\",\"valueRequired\":true,\"valueName\":\"search_term_string\"}}],\"inLanguage\":\"fr-FR\"}]}<\/script>\n<!-- \/ Yoast SEO plugin. -->","yoast_head_json":{"title":"Acheter VIKINGS GONE WILD - Masters of Elements \u2013 VF - GOZU ZONE - Jeux et Accessoires","robots":{"index":"index","follow":"follow","max-snippet":"max-snippet:-1","max-image-preview":"max-image-preview:large","max-video-preview":"max-video-preview:-1"},"canonical":"https:\/\/gozu.zone\/?product=vikings-gone-wild-masters-of-elements-vf","og_locale":"fr_FR","og_type":"article","og_title":"Acheter VIKINGS GONE WILD - Masters of Elements \u2013 VF - GOZU ZONE - Jeux et Accessoires","og_description":"\u00e2ge :   dur\u00e9e :   nb joueurs:","og_url":"https:\/\/gozu.zone\/?product=vikings-gone-wild-masters-of-elements-vf","og_site_name":"GOZU ZONE","article_publisher":"https:\/\/www.facebook.com\/gozuzone\/","article_modified_time":"2019-04-27T19:19:19+00:00","og_image":[{"width":640,"height":640,"url":"https:\/\/gozu.zone\/wp-content\/uploads\/2019\/04\/vikings-gone-wild-vf-masters-of-elements.jpg","type":"image\/jpeg"}],"twitter_card":"summary_large_image","twitter_site":"@gozuzone","twitter_misc":{"Dur\u00e9e de lecture estim\u00e9e":"1 minute"},"schema":{"@context":"https:\/\/schema.org","@graph":[{"@type":"WebPage","@id":"https:\/\/gozu.zone\/?product=vikings-gone-wild-masters-of-elements-vf","url":"https:\/\/gozu.zone\/?product=vikings-gone-wild-masters-of-elements-vf","name":"Acheter VIKINGS GONE WILD - Masters of Elements \u2013 VF - GOZU ZONE - Jeux et Accessoires","isPartOf":{"@id":"https:\/\/gozu.zone\/#website"},"primaryImageOfPage":{"@id":"https:\/\/gozu.zone\/?product=vikings-gone-wild-masters-of-elements-vf#primaryimage"},"image":{"@id":"https:\/\/gozu.zone\/?product=vikings-gone-wild-masters-of-elements-vf#primaryimage"},"thumbnailUrl":"https:\/\/gozu.zone\/wp-content\/uploads\/2019\/04\/vikings-gone-wild-vf-masters-of-elements.jpg","datePublished":"2019-04-27T17:04:53+00:00","dateModified":"2019-04-27T19:19:19+00:00","breadcrumb":{"@id":"https:\/\/gozu.zone\/?product=vikings-gone-wild-masters-of-elements-vf#breadcrumb"},"inLanguage":"fr-FR","potentialAction":[{"@type":"ReadAction","target":["https:\/\/gozu.zone\/?product=vikings-gone-wild-masters-of-elements-vf"]}]},{"@type":"ImageObject","inLanguage":"fr-FR","@id":"https:\/\/gozu.zone\/?product=vikings-gone-wild-masters-of-elements-vf#primaryimage","url":"https:\/\/gozu.zone\/wp-content\/uploads\/2019\/04\/vikings-gone-wild-vf-masters-of-elements.jpg","contentUrl":"https:\/\/gozu.zone\/wp-content\/uploads\/2019\/04\/vikings-gone-wild-vf-masters-of-elements.jpg","width":640,"height":640},{"@type":"BreadcrumbList","@id":"https:\/\/gozu.zone\/?product=vikings-gone-wild-masters-of-elements-vf#breadcrumb","itemListElement":[{"@type":"ListItem","position":1,"name":"Accueil","item":"https:\/\/gozu.zone\/"},{"@type":"ListItem","position":2,"name":"BOUTIQUE","item":"https:\/\/gozu.zone\/?page_id=308"},{"@type":"ListItem","position":3,"name":"VIKINGS GONE WILD &#8211; Masters of Elements \u2013 VF"}]},{"@type":"WebSite","@id":"https:\/\/gozu.zone\/#website","url":"https:\/\/gozu.zone\/","name":"GOZU ZONE","description":"Toujours plus pour vos jeux","potentialAction":[{"@type":"SearchAction","target":{"@type":"EntryPoint","urlTemplate":"https:\/\/gozu.zone\/?s={search_term_string}"},"query-input":{"@type":"PropertyValueSpecification","valueRequired":true,"valueName":"search_term_string"}}],"inLanguage":"fr-FR"}]}},"_links":{"self":[{"href":"https:\/\/gozu.zone\/index.php?rest_route=\/wp\/v2\/product\/9615","targetHints":{"allow":["GET"]}}],"collection":[{"href":"https:\/\/gozu.zone\/index.php?rest_route=\/wp\/v2\/product"}],"about":[{"href":"https:\/\/gozu.zone\/index.php?rest_route=\/wp\/v2\/types\/product"}],"replies":[{"embeddable":true,"href":"https:\/\/gozu.zone\/index.php?rest_route=%2Fwp%2Fv2%2Fcomments&post=9615"}],"wp:featuredmedia":[{"embeddable":true,"href":"https:\/\/gozu.zone\/index.php?rest_route=\/wp\/v2\/media\/9636"}],"wp:attachment":[{"href":"https:\/\/gozu.zone\/index.php?rest_route=%2Fwp%2Fv2%2Fmedia&parent=9615"}],"wp:term":[{"taxonomy":"product_brand","embeddable":true,"href":"https:\/\/gozu.zone\/index.php?rest_route=%2Fwp%2Fv2%2Fproduct_brand&post=9615"},{"taxonomy":"product_cat","embeddable":true,"href":"https:\/\/gozu.zone\/index.php?rest_route=%2Fwp%2Fv2%2Fproduct_cat&post=9615"},{"taxonomy":"product_tag","embeddable":true,"href":"https:\/\/gozu.zone\/index.php?rest_route=%2Fwp%2Fv2%2Fproduct_tag&post=9615"}],"curies":[{"name":"wp","href":"https:\/\/api.w.org\/{rel}","templated":true}]}}