{"id":9807,"date":"2019-06-02T14:45:02","date_gmt":"2019-06-02T14:45:02","guid":{"rendered":"https:\/\/gozu.zone\/?post_type=product&#038;p=9807"},"modified":"2025-03-26T08:51:33","modified_gmt":"2025-03-26T08:51:33","slug":"rangement-terraforming-mars","status":"publish","type":"product","link":"https:\/\/gozu.zone\/?product=rangement-terraforming-mars","title":{"rendered":"Rangement &#8211; Terraforming Mars \u2122"},"content":{"rendered":"<p>Voici un rangement sp\u00e9cialement con\u00e7u pour accueillir le mat\u00e9riel des extensions de Terraforming Mars !<\/p>\r\n<hr class=\"wp-block-separator\" \/>\r\n<p>Ce rangement vous permettra de ranger, <strong>dans la bo\u00eete du jeu de\u00a0base :<\/strong><\/p>\r\n<!-- \/wp:post-content -->\r\n<ul>\r\n<li>\u00a0<strong>Terraforming Mars \u2122<\/strong><\/li>\r\n<li>Venus Next\u2122<\/li>\r\n<li>Prelude\u2122<\/li>\r\n<li>Colonies\u2122<\/li>\r\n<li>Hellas &amp; Elysium\u2122<\/li>\r\n<\/ul>\r\n<p><strong>Attention<\/strong> : Ce rangement a \u00e9t\u00e9 con\u00e7u avant la sortie de l&rsquo;extension Turmoil\u2122. Cependant de nombreux clients indiquent que celui-ci est compatible avec Turmoil\u2122.<\/p>\r\n<!-- wp:separator --><hr class=\"wp-block-separator\" \/>\r\n<h3>Contenu de l\u2019insert\u00a0 Terraforming Mars<strong> :<\/strong><\/h3>\r\n<ul>\r\n<li><strong>2 modules amovibles<\/strong>\u00a0pour les cartes utilisable en partie.<\/li>\r\n<li><strong>1 module <\/strong>\u00e0 trois emplacements pour stocker les cartes.<\/li>\r\n<li><strong>5 modules amovibles + couvercle<\/strong>\u00a0pour les pions de chaque joueur.<\/li>\r\n<li><strong>3 modules amovibles +\u00a0<\/strong><b>couvercle<\/b>\u00a0pour les ressources, utilisable en partie.<\/li>\r\n<li><strong>1 module amovible<\/strong>\u00a0pour les tuiles hexagonales ( for\u00eat, oc\u00e9an) utilisable en partie.<\/li>\r\n<li><strong>1 module\u00a0<\/strong>pour les autres tuiles hexagonales et autres marqueurs.<\/li>\r\n<li><strong>1 module amovible<\/strong>\u00a0pour les marqueurs blancs de colonies.<\/li>\r\n<\/ul>\r\n<!-- wp:separator --><hr class=\"wp-block-separator\" \/><!-- \/wp:separator -->\r\n<div class=\"sketchfab-embed-wrapper\"><iframe loading=\"lazy\" src=\"https:\/\/sketchfab.com\/models\/44ed48f5213b48ab974627e33ed7e678\/embed\" width=\"640\" height=\"480\" frameborder=\"0\"><\/iframe>\r\n<p style=\"font-size: 13px; font-weight: normal; margin: 5px; color: #4a4a4a;\"><a style=\"font-weight: bold; color: #1caad9;\" href=\"https:\/\/sketchfab.com\/3d-models\/rangement-terraforming-mars-44ed48f5213b48ab974627e33ed7e678?utm_medium=embed&amp;utm_source=website&amp;utm_campaign=share-popup\" target=\"_blank\" rel=\"noopener noreferrer\">Rangement &#8211; Terraforming Mars<\/a> by <a style=\"font-weight: bold; color: #1caad9;\" href=\"https:\/\/sketchfab.com\/gozu_zone?utm_medium=embed&amp;utm_source=website&amp;utm_campaign=share-popup\" target=\"_blank\" rel=\"noopener noreferrer\">gozu_zone<\/a> on <a style=\"font-weight: bold; color: #1caad9;\" href=\"https:\/\/sketchfab.com?utm_medium=embed&amp;utm_source=website&amp;utm_campaign=share-popup\" target=\"_blank\" rel=\"noopener noreferrer\">Sketchfab<\/a><\/p>\r\n<\/div>\r\n<!-- wp:separator --><hr class=\"wp-block-separator\" \/><!-- \/wp:separator -->\r\n\r\n<!-- wp:paragraph -->\r\n<h3><strong>REMARQUES sur l&rsquo;organiseur Terraforming Mars :<\/strong><\/h3>\r\n<ul>\r\n<li>Compatible avec ou sans pochettes<em>. <\/em>\r\n<ul>\r\n<li><em>Les cartes ont \u00e9t\u00e9 prot\u00e9g\u00e9es avec des pochettes Ultra-Pro.<\/em><\/li>\r\n<li>compatible <a href=\"https:\/\/gozu.zone\/?product_cat=format-standard\">Format Standard<\/a><\/li>\r\n<\/ul>\r\n<\/li>\r\n<li>Possibilit\u00e9 de ranger le jeu sur la tranche sans que rien ne bouge<\/li>\r\n<li>Pas de sur-\u00e9paisseur de la boite<\/li>\r\n<\/ul>\r\n<!-- \/wp:paragraph -->\r\n\r\n<!-- wp:separator --><hr class=\"wp-block-separator\" \/>\r\n<p class=\"disclaimer\"><span class=\"st\"><strong>Terraforming Mars\u00a0<\/strong>\u2122 <\/span> est un jeu \u00e9dit\u00e9 par Intrafin Games. Gozu Zone propose de sa propre initiative des rangements compatibles avec ce jeu et ses extensions, qui demeurent la propri\u00e9t\u00e9 de l&rsquo;\u00e9diteur. Ce dernier n&rsquo;assume aucune responsabilit\u00e9 quant \u00e0 nos produits.<\/p>\r\n<p class=\"disclaimer\"><b>Changement de couleur<\/b>: Ce rangement est propos\u00e9 en couleur\u00a0<strong>noire\u00a0<\/strong>par d\u00e9faut. Si vous souhaitez un coloris personnalis\u00e9, merci de contacter l&rsquo;\u00e9quipe via le chat en bas \u00e0 droite ! Nous nous ferons un plaisir d&rsquo;\u00e9tudier votre demande et nous vous r\u00e9pondrons\u00a0dans les plus brefs d\u00e9lais.<\/p>\r\n<p>Ce produit est <strong>fabriqu\u00e9 en France<\/strong>. Si vous souhaitez en savoir un peu plus sur notre proc\u00e9d\u00e9 de fabrication, nous sommes dispos\u00e9s \u00e0 r\u00e9pondre \u00e0 toutes vos questions !<\/p><!-- \/wp:separator --><!-- \/wp:separator -->\r\n\r\n<!-- wp:list -->\r\n<ul>\r\n<li>\u00a0<strong>Terraforming Mars \u2122<\/strong><\/li>\r\n<li>Venus Next\u2122<\/li>\r\n<li>Prelude\u2122<\/li>\r\n<li>Colonies\u2122<\/li>\r\n<li>Hellas &amp; Elysium\u2122<\/li>\r\n<\/ul>\r\n<p><strong>Attention<\/strong> : Ce rangement a \u00e9t\u00e9 con\u00e7u avant la sortie de l&rsquo;extension Turmoil\u2122. Cependant de nombreux clients indiquent que celui-ci est compatible avec Turmoil\u2122.<\/p>\r\n<!-- wp:separator --><hr class=\"wp-block-separator\" \/>\r\n<h3>Contenu de l\u2019insert\u00a0 Terraforming Mars<strong> :<\/strong><\/h3>\r\n<ul>\r\n<li><strong>2 modules amovibles<\/strong>\u00a0pour les cartes utilisable en partie.<\/li>\r\n<li><strong>1 module <\/strong>\u00e0 trois emplacements pour stocker les cartes.<\/li>\r\n<li><strong>5 modules amovibles + couvercle<\/strong>\u00a0pour les pions de chaque joueur.<\/li>\r\n<li><strong>3 modules amovibles +\u00a0<\/strong><b>couvercle<\/b>\u00a0pour les ressources, utilisable en partie.<\/li>\r\n<li><strong>1 module amovible<\/strong>\u00a0pour les tuiles hexagonales ( for\u00eat, oc\u00e9an) utilisable en partie.<\/li>\r\n<li><strong>1 module\u00a0<\/strong>pour les autres tuiles hexagonales et autres marqueurs.<\/li>\r\n<li><strong>1 module amovible<\/strong>\u00a0pour les marqueurs blancs de colonies.<\/li>\r\n<\/ul>\r\n<!-- wp:separator --><hr class=\"wp-block-separator\" \/><!-- \/wp:separator -->\r\n<div class=\"sketchfab-embed-wrapper\"><iframe loading=\"lazy\" src=\"https:\/\/sketchfab.com\/models\/44ed48f5213b48ab974627e33ed7e678\/embed\" width=\"640\" height=\"480\" frameborder=\"0\"><\/iframe>\r\n<p style=\"font-size: 13px; font-weight: normal; margin: 5px; color: #4a4a4a;\"><a style=\"font-weight: bold; color: #1caad9;\" href=\"https:\/\/sketchfab.com\/3d-models\/rangement-terraforming-mars-44ed48f5213b48ab974627e33ed7e678?utm_medium=embed&amp;utm_source=website&amp;utm_campaign=share-popup\" target=\"_blank\" rel=\"noopener noreferrer\">Rangement &#8211; Terraforming Mars<\/a> by <a style=\"font-weight: bold; color: #1caad9;\" href=\"https:\/\/sketchfab.com\/gozu_zone?utm_medium=embed&amp;utm_source=website&amp;utm_campaign=share-popup\" target=\"_blank\" rel=\"noopener noreferrer\">gozu_zone<\/a> on <a style=\"font-weight: bold; color: #1caad9;\" href=\"https:\/\/sketchfab.com?utm_medium=embed&amp;utm_source=website&amp;utm_campaign=share-popup\" target=\"_blank\" rel=\"noopener noreferrer\">Sketchfab<\/a><\/p>\r\n<\/div>\r\n<!-- wp:separator --><hr class=\"wp-block-separator\" \/><!-- \/wp:separator -->\r\n\r\n<!-- wp:paragraph -->\r\n<h3><strong>REMARQUES sur l&rsquo;organiseur Terraforming Mars :<\/strong><\/h3>\r\n<ul>\r\n<li>Compatible avec ou sans pochettes<em>. <\/em>\r\n<ul>\r\n<li><em>Les cartes ont \u00e9t\u00e9 prot\u00e9g\u00e9es avec des pochettes Ultra-Pro.<\/em><\/li>\r\n<li>compatible <a href=\"https:\/\/gozu.zone\/?product_cat=format-standard\">Format Standard<\/a><\/li>\r\n<\/ul>\r\n<\/li>\r\n<li>Possibilit\u00e9 de ranger le jeu sur la tranche sans que rien ne bouge<\/li>\r\n<li>Pas de sur-\u00e9paisseur de la boite<\/li>\r\n<\/ul>\r\n<!-- \/wp:paragraph -->\r\n\r\n<!-- wp:separator --><hr class=\"wp-block-separator\" \/>\r\n<p class=\"disclaimer\"><span class=\"st\"><strong>Terraforming Mars\u00a0<\/strong>\u2122 <\/span> est un jeu \u00e9dit\u00e9 par Intrafin Games. Gozu Zone propose de sa propre initiative des rangements compatibles avec ce jeu et ses extensions, qui demeurent la propri\u00e9t\u00e9 de l&rsquo;\u00e9diteur. Ce dernier n&rsquo;assume aucune responsabilit\u00e9 quant \u00e0 nos produits.<\/p>\r\n<p class=\"disclaimer\"><b>Changement de couleur<\/b>: Ce rangement est propos\u00e9 en couleur\u00a0<strong>noire\u00a0<\/strong>par d\u00e9faut. Si vous souhaitez un coloris personnalis\u00e9, merci de contacter l&rsquo;\u00e9quipe via le chat en bas \u00e0 droite ! Nous nous ferons un plaisir d&rsquo;\u00e9tudier votre demande et nous vous r\u00e9pondrons\u00a0dans les plus brefs d\u00e9lais.<\/p>\r\n<p>Ce produit est <strong>fabriqu\u00e9 en France<\/strong>. Si vous souhaitez en savoir un peu plus sur notre proc\u00e9d\u00e9 de fabrication, nous sommes dispos\u00e9s \u00e0 r\u00e9pondre \u00e0 toutes vos questions !<\/p><!-- \/wp:post-content -->","protected":false},"excerpt":{"rendered":"<p>Pour ranger Terraforming Mars<strong>\u00a0<\/strong>\u2122 et ses extensions dans la boite de base<\/p>\n","protected":false},"featured_media":18547,"comment_status":"open","ping_status":"closed","template":"","meta":{"_acf_changed":false},"product_brand":[],"product_cat":[311],"product_tag":[294,259],"class_list":{"0":"post-9807","1":"product","2":"type-product","3":"status-publish","4":"has-post-thumbnail","6":"product_cat-organiseurs","7":"product_tag-organiseur","8":"product_tag-rangements","9":"product_shipping_class-livraisonstandard_colis","11":"first","12":"instock","13":"featured","14":"taxable","15":"shipping-taxable","16":"purchasable","17":"product-type-simple"},"acf":[],"yoast_head":"<!-- This site is optimized with the Yoast SEO plugin v25.3 - https:\/\/yoast.com\/wordpress\/plugins\/seo\/ -->\n<title>Acheter Rangement - Terraforming Mars \u2122 - GOZU ZONE - Jeux et Accessoires<\/title>\n<meta name=\"description\" content=\"Pour ranger Terraforming Mars\u00a0\u2122 et ses extensions dans la boite de base et ainsi prot\u00e9ger votre jeu favoris et gagner du temps lors de l&#039;installation\" \/>\n<meta name=\"robots\" content=\"index, follow, max-snippet:-1, max-image-preview:large, max-video-preview:-1\" \/>\n<link rel=\"canonical\" href=\"http:\/\/pro.gozu.zone\/?product=rangement-terraforming-mars\" \/>\n<meta property=\"og:locale\" content=\"fr_FR\" \/>\n<meta property=\"og:type\" content=\"article\" \/>\n<meta property=\"og:title\" content=\"Acheter Rangement - Terraforming Mars \u2122 - GOZU ZONE - Jeux et Accessoires\" \/>\n<meta property=\"og:description\" content=\"Pour ranger Terraforming Mars\u00a0\u2122 et ses extensions dans la boite de base et ainsi prot\u00e9ger votre jeu favoris et gagner du temps lors de l&#039;installation\" \/>\n<meta property=\"og:url\" content=\"http:\/\/pro.gozu.zone\/?product=rangement-terraforming-mars\" \/>\n<meta property=\"og:site_name\" content=\"GOZU ZONE\" \/>\n<meta property=\"article:publisher\" content=\"https:\/\/www.facebook.com\/gozuzone\/\" \/>\n<meta property=\"article:modified_time\" content=\"2025-03-26T08:51:33+00:00\" \/>\n<meta property=\"og:image\" content=\"https:\/\/gozu.zone\/wp-content\/uploads\/2019\/06\/1-b-Terraforming-Mars-Gozu-Zone.png\" \/>\n\t<meta property=\"og:image:width\" content=\"1367\" \/>\n\t<meta property=\"og:image:height\" content=\"1367\" \/>\n\t<meta property=\"og:image:type\" content=\"image\/png\" \/>\n<meta name=\"twitter:card\" content=\"summary_large_image\" \/>\n<meta name=\"twitter:site\" content=\"@gozuzone\" \/>\n<meta name=\"twitter:label1\" content=\"Dur\u00e9e de lecture estim\u00e9e\" \/>\n\t<meta name=\"twitter:data1\" content=\"2 minutes\" \/>\n<script type=\"application\/ld+json\" class=\"yoast-schema-graph\">{\"@context\":\"https:\/\/schema.org\",\"@graph\":[{\"@type\":\"WebPage\",\"@id\":\"https:\/\/gozu.zone\/?product=rangement-terraforming-mars\",\"url\":\"http:\/\/pro.gozu.zone\/?product=rangement-terraforming-mars\",\"name\":\"Acheter Rangement - Terraforming Mars \u2122 - GOZU ZONE - Jeux et Accessoires\",\"isPartOf\":{\"@id\":\"https:\/\/gozu.zone\/#website\"},\"primaryImageOfPage\":{\"@id\":\"http:\/\/pro.gozu.zone\/?product=rangement-terraforming-mars#primaryimage\"},\"image\":{\"@id\":\"http:\/\/pro.gozu.zone\/?product=rangement-terraforming-mars#primaryimage\"},\"thumbnailUrl\":\"https:\/\/gozu.zone\/wp-content\/uploads\/2019\/06\/1-b-Terraforming-Mars-Gozu-Zone.png\",\"datePublished\":\"2019-06-02T14:45:02+00:00\",\"dateModified\":\"2025-03-26T08:51:33+00:00\",\"description\":\"Pour ranger Terraforming Mars\u00a0\u2122 et ses extensions dans la boite de base et ainsi prot\u00e9ger votre jeu favoris et gagner du temps lors de l'installation\",\"breadcrumb\":{\"@id\":\"http:\/\/pro.gozu.zone\/?product=rangement-terraforming-mars#breadcrumb\"},\"inLanguage\":\"fr-FR\",\"potentialAction\":[{\"@type\":\"ReadAction\",\"target\":[\"http:\/\/pro.gozu.zone\/?product=rangement-terraforming-mars\"]}]},{\"@type\":\"ImageObject\",\"inLanguage\":\"fr-FR\",\"@id\":\"http:\/\/pro.gozu.zone\/?product=rangement-terraforming-mars#primaryimage\",\"url\":\"https:\/\/gozu.zone\/wp-content\/uploads\/2019\/06\/1-b-Terraforming-Mars-Gozu-Zone.png\",\"contentUrl\":\"https:\/\/gozu.zone\/wp-content\/uploads\/2019\/06\/1-b-Terraforming-Mars-Gozu-Zone.png\",\"width\":1367,\"height\":1367},{\"@type\":\"BreadcrumbList\",\"@id\":\"http:\/\/pro.gozu.zone\/?product=rangement-terraforming-mars#breadcrumb\",\"itemListElement\":[{\"@type\":\"ListItem\",\"position\":1,\"name\":\"Accueil\",\"item\":\"https:\/\/gozu.zone\/\"},{\"@type\":\"ListItem\",\"position\":2,\"name\":\"BOUTIQUE\",\"item\":\"https:\/\/gozu.zone\/?page_id=308\"},{\"@type\":\"ListItem\",\"position\":3,\"name\":\"Rangement &#8211; Terraforming Mars \u2122\"}]},{\"@type\":\"WebSite\",\"@id\":\"https:\/\/gozu.zone\/#website\",\"url\":\"https:\/\/gozu.zone\/\",\"name\":\"GOZU ZONE\",\"description\":\"Toujours plus pour vos jeux\",\"potentialAction\":[{\"@type\":\"SearchAction\",\"target\":{\"@type\":\"EntryPoint\",\"urlTemplate\":\"https:\/\/gozu.zone\/?s={search_term_string}\"},\"query-input\":{\"@type\":\"PropertyValueSpecification\",\"valueRequired\":true,\"valueName\":\"search_term_string\"}}],\"inLanguage\":\"fr-FR\"}]}<\/script>\n<!-- \/ Yoast SEO plugin. -->","yoast_head_json":{"title":"Acheter Rangement - Terraforming Mars \u2122 - GOZU ZONE - Jeux et Accessoires","description":"Pour ranger Terraforming Mars\u00a0\u2122 et ses extensions dans la boite de base et ainsi prot\u00e9ger votre jeu favoris et gagner du temps lors de l'installation","robots":{"index":"index","follow":"follow","max-snippet":"max-snippet:-1","max-image-preview":"max-image-preview:large","max-video-preview":"max-video-preview:-1"},"canonical":"http:\/\/pro.gozu.zone\/?product=rangement-terraforming-mars","og_locale":"fr_FR","og_type":"article","og_title":"Acheter Rangement - Terraforming Mars \u2122 - GOZU ZONE - Jeux et Accessoires","og_description":"Pour ranger Terraforming Mars\u00a0\u2122 et ses extensions dans la boite de base et ainsi prot\u00e9ger votre jeu favoris et gagner du temps lors de l'installation","og_url":"http:\/\/pro.gozu.zone\/?product=rangement-terraforming-mars","og_site_name":"GOZU ZONE","article_publisher":"https:\/\/www.facebook.com\/gozuzone\/","article_modified_time":"2025-03-26T08:51:33+00:00","og_image":[{"width":1367,"height":1367,"url":"https:\/\/gozu.zone\/wp-content\/uploads\/2019\/06\/1-b-Terraforming-Mars-Gozu-Zone.png","type":"image\/png"}],"twitter_card":"summary_large_image","twitter_site":"@gozuzone","twitter_misc":{"Dur\u00e9e de lecture estim\u00e9e":"2 minutes"},"schema":{"@context":"https:\/\/schema.org","@graph":[{"@type":"WebPage","@id":"https:\/\/gozu.zone\/?product=rangement-terraforming-mars","url":"http:\/\/pro.gozu.zone\/?product=rangement-terraforming-mars","name":"Acheter Rangement - Terraforming Mars \u2122 - GOZU ZONE - Jeux et Accessoires","isPartOf":{"@id":"https:\/\/gozu.zone\/#website"},"primaryImageOfPage":{"@id":"http:\/\/pro.gozu.zone\/?product=rangement-terraforming-mars#primaryimage"},"image":{"@id":"http:\/\/pro.gozu.zone\/?product=rangement-terraforming-mars#primaryimage"},"thumbnailUrl":"https:\/\/gozu.zone\/wp-content\/uploads\/2019\/06\/1-b-Terraforming-Mars-Gozu-Zone.png","datePublished":"2019-06-02T14:45:02+00:00","dateModified":"2025-03-26T08:51:33+00:00","description":"Pour ranger Terraforming Mars\u00a0\u2122 et ses extensions dans la boite de base et ainsi prot\u00e9ger votre jeu favoris et gagner du temps lors de l'installation","breadcrumb":{"@id":"http:\/\/pro.gozu.zone\/?product=rangement-terraforming-mars#breadcrumb"},"inLanguage":"fr-FR","potentialAction":[{"@type":"ReadAction","target":["http:\/\/pro.gozu.zone\/?product=rangement-terraforming-mars"]}]},{"@type":"ImageObject","inLanguage":"fr-FR","@id":"http:\/\/pro.gozu.zone\/?product=rangement-terraforming-mars#primaryimage","url":"https:\/\/gozu.zone\/wp-content\/uploads\/2019\/06\/1-b-Terraforming-Mars-Gozu-Zone.png","contentUrl":"https:\/\/gozu.zone\/wp-content\/uploads\/2019\/06\/1-b-Terraforming-Mars-Gozu-Zone.png","width":1367,"height":1367},{"@type":"BreadcrumbList","@id":"http:\/\/pro.gozu.zone\/?product=rangement-terraforming-mars#breadcrumb","itemListElement":[{"@type":"ListItem","position":1,"name":"Accueil","item":"https:\/\/gozu.zone\/"},{"@type":"ListItem","position":2,"name":"BOUTIQUE","item":"https:\/\/gozu.zone\/?page_id=308"},{"@type":"ListItem","position":3,"name":"Rangement &#8211; Terraforming Mars \u2122"}]},{"@type":"WebSite","@id":"https:\/\/gozu.zone\/#website","url":"https:\/\/gozu.zone\/","name":"GOZU ZONE","description":"Toujours plus pour vos jeux","potentialAction":[{"@type":"SearchAction","target":{"@type":"EntryPoint","urlTemplate":"https:\/\/gozu.zone\/?s={search_term_string}"},"query-input":{"@type":"PropertyValueSpecification","valueRequired":true,"valueName":"search_term_string"}}],"inLanguage":"fr-FR"}]}},"_links":{"self":[{"href":"https:\/\/gozu.zone\/index.php?rest_route=\/wp\/v2\/product\/9807","targetHints":{"allow":["GET"]}}],"collection":[{"href":"https:\/\/gozu.zone\/index.php?rest_route=\/wp\/v2\/product"}],"about":[{"href":"https:\/\/gozu.zone\/index.php?rest_route=\/wp\/v2\/types\/product"}],"replies":[{"embeddable":true,"href":"https:\/\/gozu.zone\/index.php?rest_route=%2Fwp%2Fv2%2Fcomments&post=9807"}],"wp:featuredmedia":[{"embeddable":true,"href":"https:\/\/gozu.zone\/index.php?rest_route=\/wp\/v2\/media\/18547"}],"wp:attachment":[{"href":"https:\/\/gozu.zone\/index.php?rest_route=%2Fwp%2Fv2%2Fmedia&parent=9807"}],"wp:term":[{"taxonomy":"product_brand","embeddable":true,"href":"https:\/\/gozu.zone\/index.php?rest_route=%2Fwp%2Fv2%2Fproduct_brand&post=9807"},{"taxonomy":"product_cat","embeddable":true,"href":"https:\/\/gozu.zone\/index.php?rest_route=%2Fwp%2Fv2%2Fproduct_cat&post=9807"},{"taxonomy":"product_tag","embeddable":true,"href":"https:\/\/gozu.zone\/index.php?rest_route=%2Fwp%2Fv2%2Fproduct_tag&post=9807"}],"curies":[{"name":"wp","href":"https:\/\/api.w.org\/{rel}","templated":true}]}}